{"id":21429,"date":"2015-07-22T16:47:14","date_gmt":"2015-07-22T16:47:14","guid":{"rendered":"https:\/\/elite2you.com\/nasi-modeli\/"},"modified":"2025-08-23T14:56:06","modified_gmt":"2025-08-23T14:56:06","slug":"modeli","status":"publish","type":"page","link":"https:\/\/elite2you.com\/hr\/modeli\/","title":{"rendered":"Modeli"},"content":{"rendered":"<div class=\"wpb-content-wrapper\"><p>[vc_row][vc_column][vc_column_text]<\/p>\n<p style=\"text-align: center;\">Drago nam je \u0161to vam mo\u017eemo predstaviti na\u0161e modele na na\u0161oj web stranici!<\/p>\n<p style=\"text-align: center;\">Svaki od na\u0161ih modela je jedinstven i poseban, i ponosni smo \u0161to radimo s njima. Pregledajte njihove profile kako biste saznali vi\u0161e o njihovim pri\u010dama, strastima i najnovijem sadr\u017eaju. Svaki model predstavljen ovdje negdje je zapo\u010deo, a na\u0161a agencija im je pomogla da dosegnu vrh industrije modelinga. Istra\u017euju\u0107i njihove pri\u010de, vidjet \u0107ete da izvla\u010dimo ono najbolje iz svakoga tko to zaista \u017eeli. Pogledajte na\u0161e istaknute modele, upoznajte njihove favorite i inspirirajte se njihovim radom!<\/p>\n<p style=\"text-align: center;\">Na\u0161 je cilj pru\u017eiti najbolji izgled svim na\u0161im modelima i pomo\u0107i im da se pove\u017eu sa svojim obo\u017eavateljima i publikom.<\/p>\n<p style=\"text-align: center;\">Kliknite na profile i otkrijte za\u0161to ih toliko ljudi bira!<\/p>\n<p>[\/vc_column_text][\/vc_column][\/vc_row][vc_row][vc_column]<div class=\"woocommerce columns-4 \"><div id=\"content-loop\"><ul class=\"products columns-4\"><li class=\"product type-product post-21784 status-publish first instock product_cat-zene product_tag-bijela product_tag-latinski product_tag-mlad product_tag-smeda product_tag-zena has-post-thumbnail featured shipping-taxable product-type-simple\">\n\t<a href=\"https:\/\/elite2you.com\/hr\/proizvod\/colleen-rose\/\" class=\"woocommerce-LoopProduct-link woocommerce-loop-product__link\"><img loading=\"lazy\" decoding=\"async\" width=\"360\" height=\"480\" src=\"https:\/\/elite2you.com\/wp-content\/uploads\/2016\/06\/female14a-360x480.jpg\" class=\"attachment-woocommerce_thumbnail size-woocommerce_thumbnail\" alt=\"Elite2You Model Agency\" srcset=\"https:\/\/elite2you.com\/wp-content\/uploads\/2016\/06\/female14a-360x480.jpg 360w, https:\/\/elite2you.com\/wp-content\/uploads\/2016\/06\/female14a-225x300.jpg 225w, https:\/\/elite2you.com\/wp-content\/uploads\/2016\/06\/female14a-768x1024.jpg 768w, https:\/\/elite2you.com\/wp-content\/uploads\/2016\/06\/female14a.jpg 900w\" sizes=\"auto, (max-width: 360px) 100vw, 360px\" \/><\/a><a href=\"https:\/\/elite2you.com\/hr\/proizvod\/colleen-rose\/\"><h2 class=\"woocommerce-loop-product__title\">Colleen Rose<\/h2><\/a><\/li>\n<li class=\"product type-product post-21800 status-publish instock product_cat-zene product_tag-azijski product_tag-bijela product_tag-crna-kosa product_tag-mlad product_tag-zena has-post-thumbnail featured shipping-taxable product-type-simple\">\n\t<a href=\"https:\/\/elite2you.com\/hr\/proizvod\/dean-ora\/\" class=\"woocommerce-LoopProduct-link woocommerce-loop-product__link\"><img loading=\"lazy\" decoding=\"async\" width=\"360\" height=\"480\" src=\"https:\/\/elite2you.com\/wp-content\/uploads\/2016\/04\/female04-360x480.jpg\" class=\"attachment-woocommerce_thumbnail size-woocommerce_thumbnail\" alt=\"Elite2You Model Agency\" srcset=\"https:\/\/elite2you.com\/wp-content\/uploads\/2016\/04\/female04-360x480.jpg 360w, https:\/\/elite2you.com\/wp-content\/uploads\/2016\/04\/female04-225x300.jpg 225w, https:\/\/elite2you.com\/wp-content\/uploads\/2016\/04\/female04-768x1024.jpg 768w, https:\/\/elite2you.com\/wp-content\/uploads\/2016\/04\/female04.jpg 900w\" sizes=\"auto, (max-width: 360px) 100vw, 360px\" \/><\/a><a href=\"https:\/\/elite2you.com\/hr\/proizvod\/dean-ora\/\"><h2 class=\"woocommerce-loop-product__title\">Dean Ora<\/h2><\/a><\/li>\n<li class=\"product type-product post-21794 status-publish instock product_cat-zene product_tag-africki product_tag-crna product_tag-crna-kosa product_tag-mlad product_tag-zena has-post-thumbnail featured shipping-taxable product-type-simple\">\n\t<a href=\"https:\/\/elite2you.com\/hr\/proizvod\/ethel-cole\/\" class=\"woocommerce-LoopProduct-link woocommerce-loop-product__link\"><img loading=\"lazy\" decoding=\"async\" width=\"360\" height=\"480\" src=\"https:\/\/elite2you.com\/wp-content\/uploads\/2016\/06\/female15a-360x480.jpg\" class=\"attachment-woocommerce_thumbnail size-woocommerce_thumbnail\" alt=\"Elite2You Model Agency\" srcset=\"https:\/\/elite2you.com\/wp-content\/uploads\/2016\/06\/female15a-360x480.jpg 360w, https:\/\/elite2you.com\/wp-content\/uploads\/2016\/06\/female15a-225x300.jpg 225w, https:\/\/elite2you.com\/wp-content\/uploads\/2016\/06\/female15a-768x1024.jpg 768w, https:\/\/elite2you.com\/wp-content\/uploads\/2016\/06\/female15a.jpg 900w\" sizes=\"auto, (max-width: 360px) 100vw, 360px\" \/><\/a><a href=\"https:\/\/elite2you.com\/hr\/proizvod\/ethel-cole\/\"><h2 class=\"woocommerce-loop-product__title\">Ethel Cole<\/h2><\/a><\/li>\n<li class=\"product type-product post-21792 status-publish last instock product_cat-zene product_tag-azijski product_tag-bijela product_tag-crna-kosa product_tag-mlad product_tag-zena has-post-thumbnail featured shipping-taxable product-type-simple\">\n\t<a href=\"https:\/\/elite2you.com\/hr\/proizvod\/evelyn-foster\/\" class=\"woocommerce-LoopProduct-link woocommerce-loop-product__link\"><img loading=\"lazy\" decoding=\"async\" width=\"360\" height=\"480\" src=\"https:\/\/elite2you.com\/wp-content\/uploads\/2016\/04\/female02-360x480.jpg\" class=\"attachment-woocommerce_thumbnail size-woocommerce_thumbnail\" alt=\"Elite2You Model Agency\" srcset=\"https:\/\/elite2you.com\/wp-content\/uploads\/2016\/04\/female02-360x480.jpg 360w, https:\/\/elite2you.com\/wp-content\/uploads\/2016\/04\/female02-225x300.jpg 225w, https:\/\/elite2you.com\/wp-content\/uploads\/2016\/04\/female02-768x1024.jpg 768w, https:\/\/elite2you.com\/wp-content\/uploads\/2016\/04\/female02.jpg 900w\" sizes=\"auto, (max-width: 360px) 100vw, 360px\" \/><\/a><a href=\"https:\/\/elite2you.com\/hr\/proizvod\/evelyn-foster\/\"><h2 class=\"woocommerce-loop-product__title\">Evelyn Foster<\/h2><\/a><\/li>\n<li class=\"product type-product post-21790 status-publish first instock product_cat-zene product_tag-bijela product_tag-bijele-rase product_tag-crna-kosa product_tag-mlad product_tag-zena has-post-thumbnail featured shipping-taxable product-type-simple\">\n\t<a href=\"https:\/\/elite2you.com\/hr\/proizvod\/janis-harper\/\" class=\"woocommerce-LoopProduct-link woocommerce-loop-product__link\"><img loading=\"lazy\" decoding=\"async\" width=\"360\" height=\"480\" src=\"https:\/\/elite2you.com\/wp-content\/uploads\/2016\/06\/female10a-360x480.jpg\" class=\"attachment-woocommerce_thumbnail size-woocommerce_thumbnail\" alt=\"Elite2You Model Agency\" srcset=\"https:\/\/elite2you.com\/wp-content\/uploads\/2016\/06\/female10a-360x480.jpg 360w, https:\/\/elite2you.com\/wp-content\/uploads\/2016\/06\/female10a-225x300.jpg 225w, https:\/\/elite2you.com\/wp-content\/uploads\/2016\/06\/female10a-768x1024.jpg 768w, https:\/\/elite2you.com\/wp-content\/uploads\/2016\/06\/female10a.jpg 900w\" sizes=\"auto, (max-width: 360px) 100vw, 360px\" \/><\/a><a href=\"https:\/\/elite2you.com\/hr\/proizvod\/janis-harper\/\"><h2 class=\"woocommerce-loop-product__title\">Janis Harper<\/h2><\/a><\/li>\n<li class=\"product type-product post-21787 status-publish instock product_cat-zene product_tag-bijela product_tag-bijele-rase product_tag-mlad product_tag-plavusa product_tag-zena has-post-thumbnail featured shipping-taxable product-type-simple\">\n\t<a href=\"https:\/\/elite2you.com\/hr\/proizvod\/june-cruz\/\" class=\"woocommerce-LoopProduct-link woocommerce-loop-product__link\"><img loading=\"lazy\" decoding=\"async\" width=\"360\" height=\"480\" src=\"https:\/\/elite2you.com\/wp-content\/uploads\/2016\/06\/female13a-360x480.jpg\" class=\"attachment-woocommerce_thumbnail size-woocommerce_thumbnail\" alt=\"Elite2You - Agencija za modele\" srcset=\"https:\/\/elite2you.com\/wp-content\/uploads\/2016\/06\/female13a-360x480.jpg 360w, https:\/\/elite2you.com\/wp-content\/uploads\/2016\/06\/female13a-225x300.jpg 225w, https:\/\/elite2you.com\/wp-content\/uploads\/2016\/06\/female13a-768x1024.jpg 768w, https:\/\/elite2you.com\/wp-content\/uploads\/2016\/06\/female13a.jpg 900w\" sizes=\"auto, (max-width: 360px) 100vw, 360px\" \/><\/a><a href=\"https:\/\/elite2you.com\/hr\/proizvod\/june-cruz\/\"><h2 class=\"woocommerce-loop-product__title\">June Cruz<\/h2><\/a><\/li>\n<li class=\"product type-product post-21797 status-publish instock product_cat-zene product_tag-azijski product_tag-bijela product_tag-crna-kosa product_tag-mlad product_tag-zena has-post-thumbnail featured shipping-taxable product-type-simple\">\n\t<a href=\"https:\/\/elite2you.com\/hr\/proizvod\/katrina-douglas\/\" class=\"woocommerce-LoopProduct-link woocommerce-loop-product__link\"><img loading=\"lazy\" decoding=\"async\" width=\"360\" height=\"480\" src=\"https:\/\/elite2you.com\/wp-content\/uploads\/2016\/04\/female03-360x480.jpg\" class=\"attachment-woocommerce_thumbnail size-woocommerce_thumbnail\" alt=\"Elite2You Model Agency\" srcset=\"https:\/\/elite2you.com\/wp-content\/uploads\/2016\/04\/female03-360x480.jpg 360w, https:\/\/elite2you.com\/wp-content\/uploads\/2016\/04\/female03-225x300.jpg 225w, https:\/\/elite2you.com\/wp-content\/uploads\/2016\/04\/female03-768x1024.jpg 768w, https:\/\/elite2you.com\/wp-content\/uploads\/2016\/04\/female03.jpg 900w\" sizes=\"auto, (max-width: 360px) 100vw, 360px\" \/><\/a><a href=\"https:\/\/elite2you.com\/hr\/proizvod\/katrina-douglas\/\"><h2 class=\"woocommerce-loop-product__title\">Katrina Douglas<\/h2><\/a><\/li>\n<li class=\"product type-product post-21808 status-publish last instock product_cat-zene product_tag-bijela product_tag-bijele-rase product_tag-crna-kosa product_tag-mlad product_tag-zena has-post-thumbnail featured shipping-taxable product-type-simple\">\n\t<a href=\"https:\/\/elite2you.com\/hr\/proizvod\/katrina-harrington\/\" class=\"woocommerce-LoopProduct-link woocommerce-loop-product__link\"><img loading=\"lazy\" decoding=\"async\" width=\"360\" height=\"480\" src=\"https:\/\/elite2you.com\/wp-content\/uploads\/2016\/04\/female06-360x480.jpg\" class=\"attachment-woocommerce_thumbnail size-woocommerce_thumbnail\" alt=\"Agencija za modele Elite2You\" srcset=\"https:\/\/elite2you.com\/wp-content\/uploads\/2016\/04\/female06-360x480.jpg 360w, https:\/\/elite2you.com\/wp-content\/uploads\/2016\/04\/female06-225x300.jpg 225w, https:\/\/elite2you.com\/wp-content\/uploads\/2016\/04\/female06-768x1024.jpg 768w, https:\/\/elite2you.com\/wp-content\/uploads\/2016\/04\/female06.jpg 900w\" sizes=\"auto, (max-width: 360px) 100vw, 360px\" \/><\/a><a href=\"https:\/\/elite2you.com\/hr\/proizvod\/katrina-harrington\/\"><h2 class=\"woocommerce-loop-product__title\">Katrina Harrington<\/h2><\/a><\/li>\n<li class=\"product type-product post-21804 status-publish first instock product_cat-zene product_tag-bijela product_tag-bijele-rase product_tag-crna-kosa product_tag-mlad product_tag-zena has-post-thumbnail featured shipping-taxable product-type-simple\">\n\t<a href=\"https:\/\/elite2you.com\/hr\/proizvod\/kerry-lawson\/\" class=\"woocommerce-LoopProduct-link woocommerce-loop-product__link\"><img loading=\"lazy\" decoding=\"async\" width=\"360\" height=\"480\" src=\"https:\/\/elite2you.com\/wp-content\/uploads\/2016\/04\/female05-360x480.jpg\" class=\"attachment-woocommerce_thumbnail size-woocommerce_thumbnail\" alt=\"Agencija za modele Elite2You\" srcset=\"https:\/\/elite2you.com\/wp-content\/uploads\/2016\/04\/female05-360x480.jpg 360w, https:\/\/elite2you.com\/wp-content\/uploads\/2016\/04\/female05-225x300.jpg 225w, https:\/\/elite2you.com\/wp-content\/uploads\/2016\/04\/female05-768x1024.jpg 768w, https:\/\/elite2you.com\/wp-content\/uploads\/2016\/04\/female05.jpg 900w\" sizes=\"auto, (max-width: 360px) 100vw, 360px\" \/><\/a><a href=\"https:\/\/elite2you.com\/hr\/proizvod\/kerry-lawson\/\"><h2 class=\"woocommerce-loop-product__title\">Kerry Lawson<\/h2><\/a><\/li>\n<li class=\"product type-product post-22797 status-publish instock product_cat-zene product_tag-djevojka product_tag-mlada product_tag-model has-post-thumbnail featured shipping-taxable product-type-simple\">\n\t<a href=\"https:\/\/elite2you.com\/hr\/proizvod\/lera-nyxee\/\" class=\"woocommerce-LoopProduct-link woocommerce-loop-product__link\"><img loading=\"lazy\" decoding=\"async\" width=\"360\" height=\"480\" src=\"https:\/\/elite2you.com\/wp-content\/uploads\/2025\/11\/Lera-3-360x480.jpeg\" class=\"attachment-woocommerce_thumbnail size-woocommerce_thumbnail\" alt=\"Lera Nyxee artistic portrait with red hair and black top, modern dark feminine style\" srcset=\"https:\/\/elite2you.com\/wp-content\/uploads\/2025\/11\/Lera-3-360x480.jpeg 360w, https:\/\/elite2you.com\/wp-content\/uploads\/2025\/11\/Lera-3-225x300.jpeg 225w, https:\/\/elite2you.com\/wp-content\/uploads\/2025\/11\/Lera-3-768x1024.jpeg 768w, https:\/\/elite2you.com\/wp-content\/uploads\/2025\/11\/Lera-3-1152x1536.jpeg 1152w, https:\/\/elite2you.com\/wp-content\/uploads\/2025\/11\/Lera-3-1536x2048.jpeg 1536w, https:\/\/elite2you.com\/wp-content\/uploads\/2025\/11\/Lera-3-1320x1760.jpeg 1320w, https:\/\/elite2you.com\/wp-content\/uploads\/2025\/11\/Lera-3-scaled.jpeg 1920w\" sizes=\"auto, (max-width: 360px) 100vw, 360px\" \/><\/a><a href=\"https:\/\/elite2you.com\/hr\/proizvod\/lera-nyxee\/\"><h2 class=\"woocommerce-loop-product__title\">Lera Nyxee<\/h2><\/a><\/li>\n<li class=\"product type-product post-21783 status-publish instock product_cat-zene product_tag-bijela product_tag-bijele-rase product_tag-mlad product_tag-plavusa product_tag-zena has-post-thumbnail featured shipping-taxable product-type-simple\">\n\t<a href=\"https:\/\/elite2you.com\/hr\/proizvod\/marilyn-jacobs\/\" class=\"woocommerce-LoopProduct-link woocommerce-loop-product__link\"><img loading=\"lazy\" decoding=\"async\" width=\"360\" height=\"480\" src=\"https:\/\/elite2you.com\/wp-content\/uploads\/2016\/06\/female12a-360x480.jpg\" class=\"attachment-woocommerce_thumbnail size-woocommerce_thumbnail\" alt=\"Elite2You - Model Agency\" srcset=\"https:\/\/elite2you.com\/wp-content\/uploads\/2016\/06\/female12a-360x480.jpg 360w, https:\/\/elite2you.com\/wp-content\/uploads\/2016\/06\/female12a-225x300.jpg 225w, https:\/\/elite2you.com\/wp-content\/uploads\/2016\/06\/female12a-768x1024.jpg 768w, https:\/\/elite2you.com\/wp-content\/uploads\/2016\/06\/female12a.jpg 900w\" sizes=\"auto, (max-width: 360px) 100vw, 360px\" \/><\/a><a href=\"https:\/\/elite2you.com\/hr\/proizvod\/marilyn-jacobs\/\"><h2 class=\"woocommerce-loop-product__title\">Marilyn Jacobs<\/h2><\/a><\/li>\n<li class=\"product type-product post-21788 status-publish last instock product_cat-zene product_tag-bijela product_tag-bijele-rase product_tag-mlad product_tag-plavusa product_tag-zena has-post-thumbnail featured shipping-taxable product-type-simple\">\n\t<a href=\"https:\/\/elite2you.com\/hr\/proizvod\/martha-wallace\/\" class=\"woocommerce-LoopProduct-link woocommerce-loop-product__link\"><img loading=\"lazy\" decoding=\"async\" width=\"360\" height=\"480\" src=\"https:\/\/elite2you.com\/wp-content\/uploads\/2016\/06\/female11a-360x480.jpg\" class=\"attachment-woocommerce_thumbnail size-woocommerce_thumbnail\" alt=\"Elite2You - Agencija za modele\" srcset=\"https:\/\/elite2you.com\/wp-content\/uploads\/2016\/06\/female11a-360x480.jpg 360w, https:\/\/elite2you.com\/wp-content\/uploads\/2016\/06\/female11a-225x300.jpg 225w, https:\/\/elite2you.com\/wp-content\/uploads\/2016\/06\/female11a-768x1024.jpg 768w, https:\/\/elite2you.com\/wp-content\/uploads\/2016\/06\/female11a.jpg 900w\" sizes=\"auto, (max-width: 360px) 100vw, 360px\" \/><\/a><a href=\"https:\/\/elite2you.com\/hr\/proizvod\/martha-wallace\/\"><h2 class=\"woocommerce-loop-product__title\">Martha Wallace<\/h2><\/a><\/li>\n<li class=\"product type-product post-21811 status-publish first instock product_cat-zene product_tag-bijela product_tag-bijele-rase product_tag-mlad product_tag-plavusa product_tag-zena has-post-thumbnail featured shipping-taxable product-type-simple\">\n\t<a href=\"https:\/\/elite2you.com\/hr\/proizvod\/michelle-lloyd\/\" class=\"woocommerce-LoopProduct-link woocommerce-loop-product__link\"><img loading=\"lazy\" decoding=\"async\" width=\"360\" height=\"480\" src=\"https:\/\/elite2you.com\/wp-content\/uploads\/2016\/04\/female09a-360x480.jpg\" class=\"attachment-woocommerce_thumbnail size-woocommerce_thumbnail\" alt=\"Agencija za modele Elite2You\" srcset=\"https:\/\/elite2you.com\/wp-content\/uploads\/2016\/04\/female09a-360x480.jpg 360w, https:\/\/elite2you.com\/wp-content\/uploads\/2016\/04\/female09a-225x300.jpg 225w, https:\/\/elite2you.com\/wp-content\/uploads\/2016\/04\/female09a-768x1024.jpg 768w, https:\/\/elite2you.com\/wp-content\/uploads\/2016\/04\/female09a.jpg 900w\" sizes=\"auto, (max-width: 360px) 100vw, 360px\" \/><\/a><a href=\"https:\/\/elite2you.com\/hr\/proizvod\/michelle-lloyd\/\"><h2 class=\"woocommerce-loop-product__title\">Michelle Lloyd<\/h2><\/a><\/li>\n<li class=\"product type-product post-22792 status-publish instock product_cat-zene product_tag-mlad has-post-thumbnail featured shipping-taxable product-type-simple\">\n\t<a href=\"https:\/\/elite2you.com\/hr\/proizvod\/mira-vera\/\" class=\"woocommerce-LoopProduct-link woocommerce-loop-product__link\"><img loading=\"lazy\" decoding=\"async\" width=\"360\" height=\"480\" src=\"https:\/\/elite2you.com\/wp-content\/uploads\/2025\/11\/Mira-Vera-3-360x480.jpg\" class=\"attachment-woocommerce_thumbnail size-woocommerce_thumbnail\" alt=\"Mira Vera fantasy model with blue hair in a snowy forest, artistic winter portrait\" srcset=\"https:\/\/elite2you.com\/wp-content\/uploads\/2025\/11\/Mira-Vera-3-360x480.jpg 360w, https:\/\/elite2you.com\/wp-content\/uploads\/2025\/11\/Mira-Vera-3-225x300.jpg 225w, https:\/\/elite2you.com\/wp-content\/uploads\/2025\/11\/Mira-Vera-3-768x1024.jpg 768w, https:\/\/elite2you.com\/wp-content\/uploads\/2025\/11\/Mira-Vera-3.jpg 960w\" sizes=\"auto, (max-width: 360px) 100vw, 360px\" \/><\/a><a href=\"https:\/\/elite2you.com\/hr\/proizvod\/mira-vera\/\"><h2 class=\"woocommerce-loop-product__title\">Mira Vera<\/h2><\/a><\/li>\n<li class=\"product type-product post-21803 status-publish instock product_cat-zene product_tag-bijela product_tag-bijele-rase product_tag-crveno product_tag-mlad product_tag-zena has-post-thumbnail featured shipping-taxable product-type-simple\">\n\t<a href=\"https:\/\/elite2you.com\/hr\/proizvod\/olivia-vasquez\/\" class=\"woocommerce-LoopProduct-link woocommerce-loop-product__link\"><img loading=\"lazy\" decoding=\"async\" width=\"360\" height=\"480\" src=\"https:\/\/elite2you.com\/wp-content\/uploads\/2016\/04\/female07-360x480.jpg\" class=\"attachment-woocommerce_thumbnail size-woocommerce_thumbnail\" alt=\"Elite2You Model Agency\" srcset=\"https:\/\/elite2you.com\/wp-content\/uploads\/2016\/04\/female07-360x480.jpg 360w, https:\/\/elite2you.com\/wp-content\/uploads\/2016\/04\/female07-225x300.jpg 225w, https:\/\/elite2you.com\/wp-content\/uploads\/2016\/04\/female07-768x1024.jpg 768w, https:\/\/elite2you.com\/wp-content\/uploads\/2016\/04\/female07.jpg 900w\" sizes=\"auto, (max-width: 360px) 100vw, 360px\" \/><\/a><a href=\"https:\/\/elite2you.com\/hr\/proizvod\/olivia-vasquez\/\"><h2 class=\"woocommerce-loop-product__title\">Olivia Vasquez<\/h2><\/a><\/li>\n<li class=\"product type-product post-21780 status-publish last instock product_cat-zene product_tag-latinski product_tag-mlad product_tag-smeda product_tag-zena has-post-thumbnail featured shipping-taxable product-type-simple\">\n\t<a href=\"https:\/\/elite2you.com\/hr\/proizvod\/regina-vega\/\" class=\"woocommerce-LoopProduct-link woocommerce-loop-product__link\"><img loading=\"lazy\" decoding=\"async\" width=\"360\" height=\"480\" src=\"https:\/\/elite2you.com\/wp-content\/uploads\/2016\/06\/female16a-360x480.jpg\" class=\"attachment-woocommerce_thumbnail size-woocommerce_thumbnail\" alt=\"Elite2You - Agencija za modele\" srcset=\"https:\/\/elite2you.com\/wp-content\/uploads\/2016\/06\/female16a-360x480.jpg 360w, https:\/\/elite2you.com\/wp-content\/uploads\/2016\/06\/female16a-225x300.jpg 225w, https:\/\/elite2you.com\/wp-content\/uploads\/2016\/06\/female16a-768x1024.jpg 768w, https:\/\/elite2you.com\/wp-content\/uploads\/2016\/06\/female16a.jpg 900w\" sizes=\"auto, (max-width: 360px) 100vw, 360px\" \/><\/a><a href=\"https:\/\/elite2you.com\/hr\/proizvod\/regina-vega\/\"><h2 class=\"woocommerce-loop-product__title\">Regina Vega<\/h2><\/a><\/li>\n<li class=\"product type-product post-21798 status-publish first instock product_cat-zene product_tag-azijski product_tag-bijela product_tag-crna-kosa product_tag-mlad product_tag-zena has-post-thumbnail featured shipping-taxable product-type-simple\">\n\t<a href=\"https:\/\/elite2you.com\/hr\/proizvod\/zenevski-parkovi\/\" class=\"woocommerce-LoopProduct-link woocommerce-loop-product__link\"><img loading=\"lazy\" decoding=\"async\" width=\"360\" height=\"480\" src=\"https:\/\/elite2you.com\/wp-content\/uploads\/2016\/04\/female01-360x480.jpg\" class=\"attachment-woocommerce_thumbnail size-woocommerce_thumbnail\" alt=\"Elite2You Model Agency\" srcset=\"https:\/\/elite2you.com\/wp-content\/uploads\/2016\/04\/female01-360x480.jpg 360w, https:\/\/elite2you.com\/wp-content\/uploads\/2016\/04\/female01-225x300.jpg 225w, https:\/\/elite2you.com\/wp-content\/uploads\/2016\/04\/female01-768x1024.jpg 768w, https:\/\/elite2you.com\/wp-content\/uploads\/2016\/04\/female01.jpg 900w\" sizes=\"auto, (max-width: 360px) 100vw, 360px\" \/><\/a><a href=\"https:\/\/elite2you.com\/hr\/proizvod\/zenevski-parkovi\/\"><h2 class=\"woocommerce-loop-product__title\">\u017denevski parkovi<\/h2><\/a><\/li>\n<\/ul><\/div><\/div>[\/vc_column][\/vc_row]<\/p>\n<\/div>","protected":false},"excerpt":{"rendered":"<p>[vc_row][vc_column][vc_column_text] Drago nam je \u0161to vam mo\u017eemo predstaviti na\u0161e modele na na\u0161oj web stranici! Svaki od na\u0161ih modela je jedinstven &hellip; <a href=\"https:\/\/elite2you.com\/hr\/modeli\/\" class=\"more-link\">Continue reading <span class=\"screen-reader-text\">Modeli<\/span><\/a><\/p>\n","protected":false},"author":5,"featured_media":0,"parent":0,"menu_order":0,"comment_status":"closed","ping_status":"open","template":"","meta":{"_monsterinsights_skip_tracking":false,"_monsterinsights_sitenote_active":false,"_monsterinsights_sitenote_note":"","_monsterinsights_sitenote_category":0,"footnotes":""},"class_list":["post-21429","page","type-page","status-publish","hentry"],"_links":{"self":[{"href":"https:\/\/elite2you.com\/hr\/wp-json\/wp\/v2\/pages\/21429","targetHints":{"allow":["GET"]}}],"collection":[{"href":"https:\/\/elite2you.com\/hr\/wp-json\/wp\/v2\/pages"}],"about":[{"href":"https:\/\/elite2you.com\/hr\/wp-json\/wp\/v2\/types\/page"}],"author":[{"embeddable":true,"href":"https:\/\/elite2you.com\/hr\/wp-json\/wp\/v2\/users\/5"}],"replies":[{"embeddable":true,"href":"https:\/\/elite2you.com\/hr\/wp-json\/wp\/v2\/comments?post=21429"}],"version-history":[{"count":4,"href":"https:\/\/elite2you.com\/hr\/wp-json\/wp\/v2\/pages\/21429\/revisions"}],"predecessor-version":[{"id":22368,"href":"https:\/\/elite2you.com\/hr\/wp-json\/wp\/v2\/pages\/21429\/revisions\/22368"}],"wp:attachment":[{"href":"https:\/\/elite2you.com\/hr\/wp-json\/wp\/v2\/media?parent=21429"}],"curies":[{"name":"wp","href":"https:\/\/api.w.org\/{rel}","templated":true}]}}