{"id":21440,"date":"2025-03-20T17:26:07","date_gmt":"2025-03-20T17:26:07","guid":{"rendered":"https:\/\/elite2you.com\/izjava-o-dmca-u-i-autorskim-pravima\/"},"modified":"2025-03-20T17:26:07","modified_gmt":"2025-03-20T17:26:07","slug":"izjava-o-dmca-u-i-autorskim-pravima","status":"publish","type":"page","link":"https:\/\/elite2you.com\/hr\/izjava-o-dmca-u-i-autorskim-pravima\/","title":{"rendered":"Izjava o DMCA-u i autorskim pravima"},"content":{"rendered":"<p data-pm-slice=\"1 3 []\"><strong>DMCA i pravila o autorskim pravima<\/strong><\/p>\n<p>Elite2You po\u0161tuje autorska prava i obvezuje se sprje\u010davati kr\u0161enje. Ako smatrate da je sadr\u017eaj objavljen na web stranici prekr\u0161io va\u0161a autorska prava, kontaktirajte nas na <a><strong>info@elite2you.com<\/strong><\/a> . <\/p>\n<p>Obavijest mora sadr\u017eavati:<\/p>\n<ul data-spread=\"false\">\n<li>To\u010dna lokacija sadr\u017eaja koji kr\u0161i autorska prava na web stranici.<\/li>\n<li>Ime i kontaktni podaci nositelja autorskih prava.<\/li>\n<li>Dokumentacija ili dokazi koji dokazuju kr\u0161enje.<\/li>\n<\/ul>\n","protected":false},"excerpt":{"rendered":"<p>DMCA i pravila o autorskim pravima Elite2You po\u0161tuje autorska prava i obvezuje se sprje\u010davati kr\u0161enje. Ako smatrate da je sadr\u017eaj &hellip; <a href=\"https:\/\/elite2you.com\/hr\/izjava-o-dmca-u-i-autorskim-pravima\/\" class=\"more-link\">Continue reading <span class=\"screen-reader-text\">Izjava o DMCA-u i autorskim pravima<\/span><\/a><\/p>\n","protected":false},"author":5,"featured_media":0,"parent":0,"menu_order":0,"comment_status":"closed","ping_status":"closed","template":"","meta":{"_monsterinsights_skip_tracking":false,"_monsterinsights_sitenote_active":false,"_monsterinsights_sitenote_note":"","_monsterinsights_sitenote_category":0,"footnotes":""},"class_list":["post-21440","page","type-page","status-publish","hentry"],"_links":{"self":[{"href":"https:\/\/elite2you.com\/hr\/wp-json\/wp\/v2\/pages\/21440","targetHints":{"allow":["GET"]}}],"collection":[{"href":"https:\/\/elite2you.com\/hr\/wp-json\/wp\/v2\/pages"}],"about":[{"href":"https:\/\/elite2you.com\/hr\/wp-json\/wp\/v2\/types\/page"}],"author":[{"embeddable":true,"href":"https:\/\/elite2you.com\/hr\/wp-json\/wp\/v2\/users\/5"}],"replies":[{"embeddable":true,"href":"https:\/\/elite2you.com\/hr\/wp-json\/wp\/v2\/comments?post=21440"}],"version-history":[{"count":0,"href":"https:\/\/elite2you.com\/hr\/wp-json\/wp\/v2\/pages\/21440\/revisions"}],"wp:attachment":[{"href":"https:\/\/elite2you.com\/hr\/wp-json\/wp\/v2\/media?parent=21440"}],"curies":[{"name":"wp","href":"https:\/\/api.w.org\/{rel}","templated":true}]}}