{"id":21444,"date":"2025-03-20T17:16:21","date_gmt":"2025-03-20T17:16:21","guid":{"rendered":"https:\/\/elite2you.com\/kodeks-ponasanja-korisnika\/"},"modified":"2025-03-20T17:16:21","modified_gmt":"2025-03-20T17:16:21","slug":"kodeks-ponasanja-korisnika","status":"publish","type":"page","link":"https:\/\/elite2you.com\/hr\/kodeks-ponasanja-korisnika\/","title":{"rendered":"Kodeks pona\u0161anja korisnika"},"content":{"rendered":"<p data-pm-slice=\"1 1 []\"><strong>  Kodeks pona\u0161anja korisnika<\/strong><\/p>\n<p>Elite2You se obvezuje odr\u017eavati sigurno i po\u0161tovano online okru\u017eenje. Svi korisnici moraju se pridr\u017eavati sljede\u0107ih pravila: <\/p>\n<ul data-spread=\"false\">\n<li>Zabranjeno je objavljivanje uvredljivog, mr\u017enjom ispunjenog, klevetni\u010dkog ili ilegalnog sadr\u017eaja.<\/li>\n<li>Nije dozvoljeno otkrivanje ili neovla\u0161teno kori\u0161tenje osobnih podataka drugih osoba.<\/li>\n<li>Zabranjeno je slanje ne\u017eeljene po\u0161te, objavljivanje oglasa ili drugog ne\u017eeljenog promotivnog sadr\u017eaja.<\/li>\n<li>Svako uvredljivo ili manipulativno pona\u0161anje je zabranjeno.<\/li>\n<\/ul>\n<p>Agencija za digitalne modele Elite2You zadr\u017eava pravo brisanja ra\u010duna i sadr\u017eaja koji kr\u0161e ova pravila.<\/p>\n","protected":false},"excerpt":{"rendered":"<p>Kodeks pona\u0161anja korisnika Elite2You se obvezuje odr\u017eavati sigurno i po\u0161tovano online okru\u017eenje. Svi korisnici moraju se pridr\u017eavati sljede\u0107ih pravila: Zabranjeno &hellip; <a href=\"https:\/\/elite2you.com\/hr\/kodeks-ponasanja-korisnika\/\" class=\"more-link\">Continue reading <span class=\"screen-reader-text\">Kodeks pona\u0161anja korisnika<\/span><\/a><\/p>\n","protected":false},"author":5,"featured_media":0,"parent":0,"menu_order":0,"comment_status":"closed","ping_status":"closed","template":"","meta":{"_monsterinsights_skip_tracking":false,"_monsterinsights_sitenote_active":false,"_monsterinsights_sitenote_note":"","_monsterinsights_sitenote_category":0,"footnotes":""},"class_list":["post-21444","page","type-page","status-publish","hentry"],"_links":{"self":[{"href":"https:\/\/elite2you.com\/hr\/wp-json\/wp\/v2\/pages\/21444","targetHints":{"allow":["GET"]}}],"collection":[{"href":"https:\/\/elite2you.com\/hr\/wp-json\/wp\/v2\/pages"}],"about":[{"href":"https:\/\/elite2you.com\/hr\/wp-json\/wp\/v2\/types\/page"}],"author":[{"embeddable":true,"href":"https:\/\/elite2you.com\/hr\/wp-json\/wp\/v2\/users\/5"}],"replies":[{"embeddable":true,"href":"https:\/\/elite2you.com\/hr\/wp-json\/wp\/v2\/comments?post=21444"}],"version-history":[{"count":0,"href":"https:\/\/elite2you.com\/hr\/wp-json\/wp\/v2\/pages\/21444\/revisions"}],"wp:attachment":[{"href":"https:\/\/elite2you.com\/hr\/wp-json\/wp\/v2\/media?parent=21444"}],"curies":[{"name":"wp","href":"https:\/\/api.w.org\/{rel}","templated":true}]}}