{"id":21446,"date":"2025-03-20T16:57:41","date_gmt":"2025-03-20T16:57:41","guid":{"rendered":"https:\/\/elite2you.com\/otisak\/"},"modified":"2025-11-08T19:02:41","modified_gmt":"2025-11-08T19:02:41","slug":"otisak","status":"publish","type":"page","link":"https:\/\/elite2you.com\/hr\/otisak\/","title":{"rendered":"Otisak"},"content":{"rendered":"<div class=\"wpb-content-wrapper\"><p>[vc_row][vc_column][vc_column_text css=\"\"]<\/p>\n<p data-pm-slice=\"1 1 []\"><strong>Pravna napomena \/ Impresum<\/strong><\/p>\n<p>U nastavku \u0107ete prona\u0107i slu\u017ebene pravne podatke i kontakt informacije agencije Elite2You Digital Model:<\/p>\n<p><strong>Naziv tvrtke:<\/strong> Elite2You Digital Model Agency<br \/>\n<strong>Aktivnosti tvrtke:<\/strong> Upravljanje prisutno\u0161\u0107u na dru\u0161tvenim mre\u017eama za online modele, kreatore sadr\u017eaja, influencere, YouTubere, kao i tvrtke i samostalne poduzetnike. Na\u0161 opseg aktivnosti uklju\u010duje razvoj strategije sadr\u017eaja, organizaciju kampanja, izgradnju brenda i optimizaciju online prisutnosti na raznim platformama \u2013 uklju\u010duju\u0107i, ali ne ograni\u010davaju\u0107i se na Elite2Fans, OnlyFans, Facebook, Instagram, TikTok i YouTube.<\/p>\n<p><strong>Zapovjedni\u0161tvo:<\/strong><\/p>\n<ul>\n<li><strong>U Ma\u0111arskoj:<\/strong> ulica Keleti M\u00e1rton 7. F\u00f3t, 2151, Ma\u0111arska<\/li>\n<li><strong>U Italiji:<\/strong> Via della Moscova 13, Milano, Lombardija 20121, ITALIJA<\/li>\n<li><strong>U Sjedinjenim Ameri\u010dkim Dr\u017eavama:<\/strong> 16192 Coastal Highway Lewes, Delaware, 19958, SAD<\/li>\n<li><strong>U Njema\u010dkoj:<\/strong> Eschersheimer Landstra\u00dfe 42, Frankfurt am Main, Hessen, 60322, Njema\u010dka<\/li>\n<li><strong>U Ujedinjenom Kraljevstvu:<\/strong> 293 Sugar Mill Business Park, Oakhurst Avenue, Leeds, LS117HL, Ujedinjeno Kraljevstvo<\/li>\n<\/ul>\n<p><strong>Mati\u010dni broj tvrtke:<\/strong> [15645991]<br \/>\n<strong>Porezni broj:<\/strong> [583927 379148]<br \/>\n<strong>E-po\u0161ta:<\/strong> <a>info@elite2you.com<\/a><br \/>\n<strong>Telefon:<\/strong> +(36) 70-723-87-11<br \/>\n<strong>Glavna web stranica:<\/strong> <a href=\"https:\/\/elite2you.com\/hr\/\" target=\"_blank\" rel=\"noopener\">https:\/\/elite2you.com\/<\/a><br \/>\n<strong>Korisni\u010dki portal:<\/strong> <a href=\"https:\/\/cloud.elite2you.com\/\" target=\"_blank\" rel=\"noopener\">https:\/\/cloud.elite2you.com\/<\/a><\/p>\n<p><strong>Odgovorne menad\u017eere mo\u017eete prona\u0107i na sljede\u0107oj poveznici:<\/strong> <a href=\"https:\/\/elite2you.com\/hr\/agencija\/\" target=\"_blank\" rel=\"noopener\">https:\/\/elite2you.com\/agency\/<\/a><\/p>\n<h3><strong><u>Na\u0161e ostale web stranice:<\/u><\/strong><\/h3>\n<ul>\n<li>Na\u0161oj web stranici za pretra\u017eivanje modela mo\u017eete pristupiti na sljede\u0107oj poveznici: <a href=\"https:\/\/models2you.com\/\" target=\"_blank\" rel=\"noopener\">https:\/\/models2you.com\/<\/a><\/li>\n<li>Elite2You internetska trgovina: <a href=\"https:\/\/eroticwardrobe.com\/\" target=\"_blank\" rel=\"noopener\">https:\/\/eroticwardrobe.com\/<\/a><\/li>\n<li>Na\u0161a stranica zajednice kreatora: <a href=\"https:\/\/elite2fans.com\/\" target=\"_blank\" rel=\"noopener\">https:\/\/elite2fans.com\/<\/a><\/li>\n<\/ul>\n<p>&nbsp;<\/p>\n<h3><strong><u>Na\u0161oj stranici Elite2Fans zajednice mo\u017eete pristupiti putem sljede\u0107ih poveznica:<\/u><\/strong><\/h3>\n<ul>\n<li>Facebook: <a href=\"https:\/\/www.facebook.com\/elite2fans\" target=\"_blank\" rel=\"noopener\">https:\/\/www.facebook.com\/elite2fans<\/a><\/li>\n<li>TikTok: <a href=\"https:\/\/www.tiktok.com\/@elite2fans\" target=\"_blank\" rel=\"noopener\">https:\/\/www.tiktok.com\/@elite2fans<\/a><\/li>\n<\/ul>\n<p>&nbsp;<\/p>\n<h3><strong><u>Stranice zajednice Elite2You dostupne su na sljede\u0107im poveznicama:<\/u><\/strong><\/h3>\n<ul>\n<li>Facebook: <a href=\"https:\/\/www.facebook.com\/E2Y.modelagency\/\" target=\"_blank\" rel=\"noopener\">https:\/\/www.facebook.com\/E2Y.modelagency\/<\/a><\/li>\n<li>Instagram: <a href=\"https:\/\/www.instagram.com\/elite2you.modelagency\/\" target=\"_blank\" rel=\"noopener\">https:\/\/www.instagram.com\/elite2you.modelagency\/<\/a><\/li>\n<li>Youtube: <a href=\"https:\/\/www.youtube.com\/@Elite2you_agency\" target=\"_blank\" rel=\"noopener\">https:\/\/www.youtube.com\/@Elite2you_agency<\/a><\/li>\n<li>TikTok: <a href=\"https:\/\/www.tiktok.com\/@elite2you_modelagency\" target=\"_blank\" rel=\"noopener\">https:\/\/www.tiktok.com\/@elite2you_modelagency<\/a><\/li>\n<li>X (Twitter) <a href=\"https:\/\/x.com\/elite2you\" target=\"_blank\" rel=\"noopener\">https:\/\/x.com\/elite2you<\/a><\/li>\n<li>Na\u0161a Elite2Fans stranica: <a href=\"https:\/\/elite2fans.com\/elite2you-model-agency\" target=\"_blank\" rel=\"noopener\">https:\/\/elite2fans.com\/elite2you-model-agency<\/a><\/li>\n<\/ul>\n<p>&nbsp;<\/p>\n<h3><strong><u>Pravila Elite2You dostupna su na sljede\u0107im poveznicama:<\/u><\/strong><\/h3>\n<ul>\n<li><strong>Izjava o riziku:<\/strong> <a href=\"https:\/\/elite2you.com\/kockazati-nyilatkozat\/\" target=\"_blank\" rel=\"noopener\">https:\/\/elite2you.com\/kockazati-falykozat\/<\/a><\/li>\n<li><strong>Pravila privatnosti<\/strong> : <a href=\"https:\/\/elite2you.com\/adatvedelmi-szabalyzat\/\" target=\"_blank\" rel=\"noopener\">https:\/\/elite2you.com\/adatvedelmi-szabalyzat\/<\/a><\/li>\n<li><strong>GDPR<\/strong> : <a href=\"https:\/\/elite2you.com\/hr\/gdpr\/\" target=\"_blank\" rel=\"noopener\">https:\/\/elite2you.com\/gdpr\/<\/a><\/li>\n<li><strong>Pravila o kola\u010di\u0107ima<\/strong> : <a href=\"https:\/\/elite2you.com\/suti-szabalyzat\/\" target=\"_blank\" rel=\"noopener\">https:\/\/elite2you.com\/suti-szabalyzat\/<\/a><\/li>\n<li><strong>DMCA i autorska prava:<\/strong> <a href=\"https:\/\/elite2you.com\/hr\/izjava-o-dmca-u-i-autorskim-pravima\/\" target=\"_blank\" rel=\"noopener\">https:\/\/elite2you.com\/dmca-szerzoi-jogok-falykizat\/<\/a><\/li>\n<li><strong>Izjava o upravljanju a\u017euriranjima i verzijama:<\/strong> <a href=\"https:\/\/elite2you.com\/frissitesi-nyilatkozat\/\" target=\"_blank\" rel=\"noopener\">https:\/\/elite2you.com\/frissitesi-f\u00f6rs\u00f6kning\/<\/a><\/li>\n<\/ul>\n<p>&nbsp;<\/p>\n<ul>\n<li><strong>Op\u0107i uvjeti i odredbe:<\/strong> <a href=\"https:\/\/elite2you.com\/altalanos-felhasznalasi-feltetelek\/\">https:\/\/elite2you.com\/altalanos-felhasznalasi-feltetelek\/<\/a><\/li>\n<li><strong>Pravila pona\u0161anja korisnika:<\/strong> <a href=\"https:\/\/elite2you.com\/hr\/kodeks-ponasanja-korisnika\/\" target=\"_blank\" rel=\"noopener\">https:\/\/elite2you.com\/felhasznaloi-magatartasi-kodex\/<\/a><\/li>\n<li><strong>Pravila pona\u0161anja za sadr\u017eaj i zajednicu<\/strong> : <a href=\"https:\/\/elite2you.com\/kozossegi-magatartasi-szabalyzat\/\" target=\"_blank\" rel=\"noopener\">https:\/\/elite2you.com\/kozossegi-magatartasi-szabalyzat\/<\/a><\/li>\n<li><strong>Pravila pregleda i odobravanja sadr\u017eaja:<\/strong> <a href=\"https:\/\/elite2you.com\/tartalomellenorzesi-szabalyzat\/\" target=\"_blank\" rel=\"noopener\">https:\/\/elite2you.com\/tartalomellenorzesi-szabalyzat\/<\/a><\/li>\n<li><strong data-start=\"80\" data-end=\"138\">Izjava o autorskim pravima i pravima na sliku:<\/strong> <a href=\"https:\/\/elite2you.com\/szerzoi-jogi-hasznalati-engedely\/\" target=\"_blank\" rel=\"noopener\">https:\/\/elite2you.com\/szerzoi-jogi-hasznalati-engedely\/<\/a><\/li>\n<\/ul>\n<p>&nbsp;<\/p>\n<ul>\n<li><strong>Pravila pristupa digitalnom sadr\u017eaju<\/strong> : <a href=\"https:\/\/elite2you.com\/hozzaferesi-szabalyzat\/\" target=\"_blank\" rel=\"noopener\">https:\/\/elite2you.com\/hozzaferesi-szabalyzat\/<\/a><\/li>\n<li><strong>Uvjeti kori\u0161tenja Akademije Elite2You:<\/strong> <a href=\"https:\/\/elite2you.com\/felhasznalasi-feltetelek\/\" target=\"_blank\" rel=\"noopener\">https:\/\/elite2you.com\/felhasznalasi-feltetelek\/<\/a><\/li>\n<li><strong>Pravila pla\u0107anja na rate:<\/strong> <a href=\"https:\/\/elite2you.com\/reszletfizetesi-szabalyzat\/\" target=\"_blank\" rel=\"noopener\">https:\/\/elite2you.com\/reszletfizetesi-szabalyzat\/<\/a><\/li>\n<li><strong>Pravilnik o suradnji instruktora:<\/strong> <a href=\"https:\/\/elite2you.com\/oktatoi-egyuttmukodesi-szabalyzat\/\" target=\"_blank\" rel=\"noopener\">https:\/\/elite2you.com\/oktatoi-egyuttmukodesi-szabalyzat\/<\/a><\/li>\n<li><strong>Pravila suradnje izme\u0111u nastavnika i studenta:<\/strong> <a href=\"https:\/\/elite2you.com\/akademiai-egyuttmukodesi-szabalyzat\/\" target=\"_blank\" rel=\"noopener\">https:\/\/elite2you.com\/akademiai-egyuttmukodesi-szabalyzat\/<\/a><\/li>\n<li><strong>Pravila pla\u0107anja na rate za po\u010detni te\u010daj:<\/strong> <a href=\"https:\/\/elite2you.com\/reszletfizetesi-szabalyzat\/\" target=\"_blank\" rel=\"noopener\">https:\/\/elite2you.com\/reszletfizetesi-szabalyzat\/<\/a><\/li>\n<li><strong>Uvjeti ispita Akademije Elite2You:<\/strong> <a href=\"https:\/\/elite2you.com\/vizsgafeltetelek\/\" target=\"_blank\" rel=\"noopener\">https:\/\/elite2you.com\/vizsgafeltetelek\/<\/a><\/li>\n<li><strong>Pravila za ispite Akademije Elite2You:<\/strong> <a href=\"https:\/\/elite2you.com\/vizsgaszabalyzat\/\" target=\"_blank\" rel=\"noopener\">https:\/\/elite2you.com\/vizsgaszabalyzat\/<\/a><\/li>\n<li><strong>Pravilnik za izdavanje certifikata i polaganje ispita:<\/strong> <a href=\"https:\/\/elite2you.com\/tanusitvanyok-szabalyzata\/\" target=\"_blank\" rel=\"noopener\">https:\/\/elite2you.com\/tanusitvanyok-szabalyzata\/<\/a><\/li>\n<\/ul>\n<p>&nbsp;<\/p>\n<ul>\n<li><strong>Informacije o pla\u0107anju i dostavi:<\/strong> <a href=\"https:\/\/elite2you.com\/fizetesi-es-szallitasi-informaciok\/\" target=\"_blank\" rel=\"noopener\">https:\/\/elite2you.com\/fizetesi-es-szallitasi-informaciok\/<\/a><\/li>\n<li><strong>Pravila o poklonima i promocijama:<\/strong> <a href=\"https:\/\/elite2you.com\/promocios-szabalyzat\/\" target=\"_blank\" rel=\"noopener\">https:\/\/elite2you.com\/promocios-szabalyzat\/<\/a><\/li>\n<li><strong>Pravila povrata:<\/strong> <a href=\"https:\/\/elite2you.com\/visszakuldesi-szabalyzat\/\" target=\"_blank\" rel=\"noopener\">https:\/\/elite2you.com\/visszakuldesi-szabalyzat\/<\/a><\/li>\n<li><strong>Pravila rje\u0161avanja pritu\u017ebi:<\/strong> <a href=\"https:\/\/elite2you.com\/panaszkezelesi-szabalyzat\/\" target=\"_blank\" rel=\"noopener\">https:\/\/elite2you.com\/panaszkezelesi-szabalyzat\/<\/a><\/li>\n<li><strong>Izjava o odustajanju<\/strong> : <a href=\"https:\/\/elite2you.com\/elallasi-nyilatkozat\/\" target=\"_blank\" rel=\"noopener\">https:\/\/elite2you.com\/elallasi-fal\u0131kzat\/<\/a><\/li>\n<\/ul>\n<p>&nbsp;<\/p>\n<ul>\n<li><strong>Pravila u vezi s pru\u017eateljima usluga:<\/strong> <a href=\"https:\/\/elite2you.com\/szolgaltatokkal-kapcsolatos-szabalyzat\/\" target=\"_blank\" rel=\"noopener\">https:\/\/elite2you.com\/szolgaltatokkal-kapcsolatos-szabalyzat\/<\/a><\/li>\n<li><strong>Pravila za kvalifikaciju partnera:<\/strong> <a href=\"https:\/\/elite2you.com\/partnerek-minositesi-szabalyzata\/\" target=\"_blank\" rel=\"noopener\">https:\/\/elite2you.com\/partnerek-minositesi-szabalyzata\/<\/a><\/li>\n<li><strong>Politika povjerljivosti i suradnje partnera i podizvo\u0111a\u010da:<\/strong> <a href=\"https:\/\/elite2you.com\/partneri-egyuttmukodesi-szabalyzat\/\">Politika suradnje s partnerima \u2013 Elite2You DM agencija<\/a><\/li>\n<li><strong>Pravila za partnere:<\/strong> <a href=\"https:\/\/elite2you.com\/affiliate-szabalyzat\/\" target=\"_blank\" rel=\"noopener\">https:\/\/elite2you.com\/affiliate-szabalyzat\/<\/a><\/li>\n<li><strong>Pravila kori\u0161tenja naziva robne marke i logotipa:<\/strong> <a href=\"https:\/\/elite2you.com\/markanev-hasznalati-szabalyzat\/\" target=\"_blank\" rel=\"noopener\">https:\/\/elite2you.com\/markanev-hasznalati-szabalyzat\/<\/a><\/li>\n<li><strong>Transparentnost:<\/strong> <a href=\"https:\/\/elite2you.com\/hr\/transparentnost\/\" target=\"_blank\" rel=\"noopener\">https:\/\/elite2you.com\/hr\/transparentnost\/<\/a><\/li>\n<\/ul>\n<p>&nbsp;<\/p>\n<ul>\n<li><strong>Globalni operativni protokol:<\/strong> <a href=\"https:\/\/elite2you.com\/globalis-mukodesi-protokoll\/\" target=\"_blank\" rel=\"noopener\">https:\/\/elite2you.com\/globalis-mukodesi-protokoll\/<\/a><\/li>\n<li><strong>Eti\u010dki kodeks za menad\u017eere i direktore:<\/strong> <a href=\"https:\/\/elite2you.com\/etikai-kodex\/\" target=\"_blank\" rel=\"noopener\">https:\/\/elite2you.com\/etikai-kodex\/<\/a><\/li>\n<li><strong>Interne smjernice za zaposlenike:<\/strong> <a href=\"https:\/\/elite2you.com\/belso-munkavallaloi-iranyelvek\/\" target=\"_blank\" rel=\"noopener\">https:\/\/elite2you.com\/belso-munkavallaloi-iranielvek\/<\/a><\/li>\n<li><strong>Pravila kori\u0161tenja digitalnog sadr\u017eaja:<\/strong> <a href=\"https:\/\/elite2you.com\/digitalis-tartalomhasznalati-szabalyzat\/\" target=\"_blank\" rel=\"noopener\">https:\/\/elite2you.com\/digitalis-taralomhasznalati-szabalyzat\/<\/a><\/li>\n<li><strong data-start=\"326\" data-end=\"383\">Uvjeti kori\u0161tenja za umjetnu inteligenciju i automatizaciju:<\/strong> <a href=\"https:\/\/elite2you.com\/ai-szabalyozasa\/\" target=\"_blank\" rel=\"noopener\">https:\/\/elite2you.com\/ai-szabalyozasa\/<\/a><\/li>\n<li><strong>Pravila o otkrivanju informacija:<\/strong> <a href=\"https:\/\/elite2you.com\/nyilatkozatteteli-szabalyzat\/\" target=\"_blank\" rel=\"noopener\">https:\/\/elite2you.com\/disclosure-policy\/<\/a><\/li>\n<li><strong>Pravila za ambasadore brenda:<\/strong> <a href=\"https:\/\/elite2you.com\/markanagykoveti-szabalyzat\/\" target=\"_blank\" rel=\"noopener\">https:\/\/elite2you.com\/brand-ambassador-policy\/<\/a><\/li>\n<li><strong>Pravila pona\u0161anja:<\/strong> <a href=\"https:\/\/elite2you.com\/viselkedesi-szabalyzat\/\" target=\"_blank\" rel=\"noopener\">https:\/\/elite2you.com\/viselkedesi-szabalyzat\/<\/a><\/li>\n<li><strong>Smjernice za kori\u0161tenje dru\u0161tvenih mre\u017ea:<\/strong> <a href=\"https:\/\/elite2you.com\/kozossegi-media-iranyelvek\/\" target=\"_blank\" rel=\"noopener\">https:\/\/elite2you.com\/kozossegi-media-iranielvek\/<\/a><\/li>\n<li><strong>Pravila o digitalnoj imovini i upravljanju ra\u010dunima:<\/strong> <a href=\"https:\/\/elite2you.com\/fiokkezelesi-szabalyzat\/\" target=\"_blank\" rel=\"noopener\">https:\/\/elite2you.com\/fiokkezelesi-szabalyzat\/<\/a><\/li>\n<\/ul>\n<p>&nbsp;<\/p>\n<ul>\n<li><strong>Sigurnosna politika:<\/strong> <a href=\"https:\/\/elite2you.com\/biztonsagi-szabalyzat\/\" target=\"_blank\" rel=\"noopener\">https:\/\/elite2you.com\/biztonsagi-szabalyzat\/<\/a><\/li>\n<li><strong>Pravna obavijest \/ Odricanje od odgovornosti:<\/strong> <a href=\"https:\/\/elite2you.com\/jogi-nyilatkozat\/\" target=\"_blank\" rel=\"noopener\">https:\/\/elite2you.com\/legal-disclaimer\/<\/a><\/li>\n<\/ul>\n<p>&nbsp;<\/p>\n<p>Imajte na umu da je Elite2You Digital Model Agency me\u0111unarodna neovisna tvrtka specijalizirana za upravljanje kreatorima online sadr\u017eaja i influencerima. Nije povezana s Elite Model Managementom, koji predstavlja modele s modnih pista u modnoj industriji, niti s drugim tvrtkama koje posluju u industriji. Tako\u0111er se potpuno ogra\u0111uje od bilo kakvog poku\u0161aja usporedbe ili zabune.<\/p>\n<p>Sadr\u017eaj na ovoj web stranici je isklju\u010divo u informativne svrhe i ne predstavlja pravni, financijski ili profesionalni savjet. Agencija za digitalne modele Elite2You nije odgovorna za to\u010dnost i\/ili pravovremenost informacija na ovoj web stranici.<\/p>\n<p>Za sve komentare, molimo kontaktirajte nas na na\u0161u centralnu adresu e-po\u0161te info@elite2you.com. Hvala vam.[\/vc_column_text][\/vc_column][\/vc_row]<\/p>\n<\/div>","protected":false},"excerpt":{"rendered":"<p>[vc_row][vc_column][vc_column_text css=\"\"] Pravna napomena \/ Impresum U nastavku \u0107ete prona\u0107i slu\u017ebene pravne podatke i kontakt informacije agencije Elite2You Digital Model: &hellip; <a href=\"https:\/\/elite2you.com\/hr\/otisak\/\" class=\"more-link\">Continue reading <span class=\"screen-reader-text\">Otisak<\/span><\/a><\/p>\n","protected":false},"author":5,"featured_media":0,"parent":0,"menu_order":0,"comment_status":"closed","ping_status":"closed","template":"","meta":{"_monsterinsights_skip_tracking":false,"_monsterinsights_sitenote_active":false,"_monsterinsights_sitenote_note":"","_monsterinsights_sitenote_category":0,"footnotes":""},"class_list":["post-21446","page","type-page","status-publish","hentry"],"_links":{"self":[{"href":"https:\/\/elite2you.com\/hr\/wp-json\/wp\/v2\/pages\/21446","targetHints":{"allow":["GET"]}}],"collection":[{"href":"https:\/\/elite2you.com\/hr\/wp-json\/wp\/v2\/pages"}],"about":[{"href":"https:\/\/elite2you.com\/hr\/wp-json\/wp\/v2\/types\/page"}],"author":[{"embeddable":true,"href":"https:\/\/elite2you.com\/hr\/wp-json\/wp\/v2\/users\/5"}],"replies":[{"embeddable":true,"href":"https:\/\/elite2you.com\/hr\/wp-json\/wp\/v2\/comments?post=21446"}],"version-history":[{"count":5,"href":"https:\/\/elite2you.com\/hr\/wp-json\/wp\/v2\/pages\/21446\/revisions"}],"predecessor-version":[{"id":22736,"href":"https:\/\/elite2you.com\/hr\/wp-json\/wp\/v2\/pages\/21446\/revisions\/22736"}],"wp:attachment":[{"href":"https:\/\/elite2you.com\/hr\/wp-json\/wp\/v2\/media?parent=21446"}],"curies":[{"name":"wp","href":"https:\/\/api.w.org\/{rel}","templated":true}]}}