{"id":21451,"date":"2025-03-20T17:37:03","date_gmt":"2025-03-20T17:37:03","guid":{"rendered":"https:\/\/elite2you.com\/gdpr\/"},"modified":"2025-03-20T17:37:03","modified_gmt":"2025-03-20T17:37:03","slug":"gdpr","status":"publish","type":"page","link":"https:\/\/elite2you.com\/hr\/gdpr\/","title":{"rendered":"GDPR"},"content":{"rendered":"<p data-pm-slice=\"1 1 []\"><strong>Stranica zahtjeva za pristup i brisanje podataka u skladu s GDPR-om<\/strong><\/p>\n<p>Prema Op\u0107oj uredbi EU o za\u0161titi podataka (GDPR), korisnici imaju pravo:<\/p>\n<ul data-spread=\"false\">\n<li>Zatra\u017eite kopiju svojih osobnih podataka.<\/li>\n<li>Zatra\u017eite ispravak ili brisanje svojih podataka.<\/li>\n<li>Prigovorite na kori\u0161tenje va\u0161ih osobnih podataka u odre\u0111ene svrhe.<\/li>\n<\/ul>\n<p>Zahtjeve treba poslati e-po\u0161tom na <a><strong>info@elite2you.com<\/strong><\/a> . Mogu se tra\u017eiti dodatne informacije radi provjere identiteta. <\/p>\n","protected":false},"excerpt":{"rendered":"<p>Stranica zahtjeva za pristup i brisanje podataka u skladu s GDPR-om Prema Op\u0107oj uredbi EU o za\u0161titi podataka (GDPR), korisnici &hellip; <a href=\"https:\/\/elite2you.com\/hr\/gdpr\/\" class=\"more-link\">Continue reading <span class=\"screen-reader-text\">GDPR<\/span><\/a><\/p>\n","protected":false},"author":5,"featured_media":0,"parent":0,"menu_order":0,"comment_status":"closed","ping_status":"closed","template":"","meta":{"_monsterinsights_skip_tracking":false,"_monsterinsights_sitenote_active":false,"_monsterinsights_sitenote_note":"","_monsterinsights_sitenote_category":0,"footnotes":""},"class_list":["post-21451","page","type-page","status-publish","hentry"],"_links":{"self":[{"href":"https:\/\/elite2you.com\/hr\/wp-json\/wp\/v2\/pages\/21451","targetHints":{"allow":["GET"]}}],"collection":[{"href":"https:\/\/elite2you.com\/hr\/wp-json\/wp\/v2\/pages"}],"about":[{"href":"https:\/\/elite2you.com\/hr\/wp-json\/wp\/v2\/types\/page"}],"author":[{"embeddable":true,"href":"https:\/\/elite2you.com\/hr\/wp-json\/wp\/v2\/users\/5"}],"replies":[{"embeddable":true,"href":"https:\/\/elite2you.com\/hr\/wp-json\/wp\/v2\/comments?post=21451"}],"version-history":[{"count":0,"href":"https:\/\/elite2you.com\/hr\/wp-json\/wp\/v2\/pages\/21451\/revisions"}],"wp:attachment":[{"href":"https:\/\/elite2you.com\/hr\/wp-json\/wp\/v2\/media?parent=21451"}],"curies":[{"name":"wp","href":"https:\/\/api.w.org\/{rel}","templated":true}]}}