{"id":21493,"date":"2025-06-10T07:47:56","date_gmt":"2025-06-10T07:47:56","guid":{"rendered":"https:\/\/elite2you.com\/elitne-razine\/"},"modified":"2025-08-23T17:18:25","modified_gmt":"2025-08-23T17:18:25","slug":"elitne-razine","status":"publish","type":"page","link":"https:\/\/elite2you.com\/hr\/elitne-razine\/","title":{"rendered":"3. Elitne razine"},"content":{"rendered":"<div class=\"wpb-content-wrapper\"><p>[vc_row][vc_column][vc_column_text]<\/p>\n<p data-start=\"60\" data-end=\"97\"><strong data-start=\"60\" data-end=\"97\">Otkrijte elitne stepenice do uspjeha!<\/strong><\/p>\n<p data-start=\"99\" data-end=\"504\">Drago nam je predstaviti <strong data-start=\"122\" data-end=\"144\">Elite Stairway to Success<\/strong> , tako\u0111er poznat kao <strong data-start=\"159\" data-end=\"186\">sustav Elite Levels<\/strong> ili prekretnica \u2013 dobro strukturiran, transparentan razvojni put kreiran posebno za \u010dlanove Elite2You zajednice.<br data-start=\"307\" data-end=\"310\" \/>Ovaj sustav \u0107e vas korak po korak voditi kroz to kako mo\u017eete dosegnuti sve vi\u0161e i vi\u0161e razine u svojoj karijeri digitalnog modelinga, dobiti vi\u0161e podr\u0161ke i iskoristiti sve ozbiljnije prilike.<\/p>\n<p data-start=\"506\" data-end=\"883\">Elite Success Ladder je vi\u0161e od puke interne strukture \u2013 to je sustav koji vam pokazuje kako se istinski <strong data-start=\"614\" data-end=\"659\">istaknuti, rasti i izgraditi stabilnu budu\u0107nost<\/strong> kao \u010dlan Elite zajednice. Svaka razina pru\u017ea vam novo obrazovanje, alate, usluge i ekskluzivan pristup koji \u0107e vam pomo\u0107i da profesionalizirate svoj rad, pove\u0107ate prihode i oja\u010date svoj brend.<\/p>\n<p data-start=\"885\" data-end=\"1169\">Sustav elitnih razina poma\u017ee vam da uvijek znate <strong data-start=\"942\" data-end=\"1019\">gdje se nalazite, \u0161to vas \u010deka na sljede\u0107oj razini i kako do\u0107i do nje<\/strong> . Ova ljestvica nije samo vodi\u010d za razvoj, ve\u0107 i motivacija koja vas prati u postizanju va\u0161ih ciljeva \u2013 od prvog koraka do vrha, odnosno elitne razine.<\/p>\n<p>[\/vc_column_text][\/vc_column][\/vc_row][vc_row][vc_column][vc_single_image image=\"22286&#8243; img_size=\"full\" alignment=\"center\" css=\"\"][\/vc_column][\/vc_row][vc_row][vc_column][vc_separator][\/vc_column][\/vc_row][vc_row][vc_column width=\"1\/4&#8243;]<div class=\"price-table\"><h4>Po\u010detna razina<\/h4><h3>1<\/h3><ul>\n\n<li data-start=\"147\" data-end=\"182\">Va\u0161e putovanje po\u010dinje ovdje!<\/li>\n<li data-start=\"183\" data-end=\"338\">Po\u010detni stupanj je temelj va\u0161eg uspjeha. Ovdje \u0107ete ste\u0107i osnovna znanja i alate, savladati osnove struke i po\u010deti graditi vlastiti brend.<\/li>\n<li data-start=\"340\" data-end=\"393\">Uvjet za upis: kupnja po\u010detnog te\u010daja.<\/li>\n<li data-start=\"396\" data-end=\"474\">Za po\u010detak \u0107ete dobiti 2 poklona: fotografije za portfolio i po\u010detni\u010dki vlog set.<\/li>\n<li data-start=\"481\" data-end=\"531\">Cilj: ostvariti prihod od najmanje 10.000 dolara mjese\u010dno, jer<\/li>\n<li data-start=\"578\" data-end=\"718\">Da biste pre\u0161li na sljede\u0107u razinu, morate ostvariti prihod od najmanje 10.000 USD mjese\u010dno. Dok to ne u\u010dinite, ostat \u0107ete na ovoj razini.<\/li>\n<li data-start=\"675\" data-end=\"832\">Sada je va\u0161 zadatak dosegnuti ovaj iznos barem 9 mjeseci zaredom . Ako uspijete, automatski \u0107ete dobiti na\u0161e dodatne poklone .<\/li>\n<li data-start=\"675\" data-end=\"832\">Tako\u0111er mo\u017eete odabrati prijelaz na naprednu razinu nakon \u0161to ostvarite prvih 10.000 USD prihoda. U tom slu\u010daju odre\u0107i \u0107ete se poklona za po\u010detnu razinu, ali pokloni za naprednu razinu ve\u0107 vas \u010dekaju!<\/li>\n\n\n\n<li data-start=\"839\" data-end=\"875\">Jeste li spremni za promjenu? Mjese\u010dni prihod od 10.000 dolara vi\u0161e nije san! \u2013 to je samo stvar svjesne odluke! Odaberite razvoj, odaberite sebe \u2013 i napravite prvi korak do svojih prvih 10.000 USD odmah!<\/li>\n\n<\/ul><p><a href=\"https:\/\/elite2you.com\/hr\/tecaj-za-pocetnike\/\" class=\"btn\" target=\"_blank\">Kre\u0107em!<\/a><\/p><\/div>[\/vc_column][vc_column width=\"1\/4&#8243;]<div class=\"price-table\"><h4>Napredna razina<\/h4><h3>2<\/h3><ul>\n\n<li data-start=\"181\" data-end=\"365\">U Akademiji Elite2You nau\u010dili ste osnove potrebne za po\u010detak i usput stekli vrijedno iskustvo \u2013 sada ste ostvarili svoj prvi prihod od 10.000 USD. \u010cESTITAMO!<\/li>\n<li data-start=\"367\" data-end=\"451\">Uvjeti za upis: Ako ostvarite prihod od 10.000 USD u najmanje jednom mjesecu i kupite napredni te\u010daj, u\u0107i \u0107ete u ovu razinu.<\/li>\n<li data-start=\"526\" data-end=\"576\">Cilj: Odr\u017eavanje i daljnje pove\u0107anje prihoda<\/li>\n<li data-start=\"578\" data-end=\"718\">Da biste pre\u0161li na sljede\u0107u razinu, morate ostvariti prihod od najmanje 50.000 USD mjese\u010dno. Dok to ne u\u010dinite, ostat \u0107ete na ovoj razini.<\/li>\n<li data-start=\"720\" data-end=\"877\">Sada je va\u0161 zadatak dosegnuti ovaj iznos barem 6 mjeseci zaredom. Ako uspijete, automatski \u0107ete dobiti na\u0161e dodatne darove.<\/li>\n<li data-start=\"675\" data-end=\"832\">Tako\u0111er mo\u017eete odabrati prijelaz na Pro razinu nakon \u0161to ostvarite prvih 50.000 USD prihoda. U tom slu\u010daju gubite poklone napredne razine, ali pokloni Pro razine \u0107e vas \u010dekati!<\/li>\n<li data-start=\"839\" data-end=\"875\">Jeste li spremni za promjenu? Mjese\u010dni prihod od 50.000 dolara vi\u0161e nije san! \u2013 to je samo stvar svjesne odluke! Odaberite razvoj, odaberite sebe \u2013 i napravite prvi korak do svojih prvih 50.000 dolara odmah!<\/li>\n\n<\/ul><p><a href=\"https:\/\/elite2you.com\/hr\/napredni-tecaj\/\" class=\"btn\" target=\"_blank\">Kupujem sada!<\/a><\/p><\/div>[\/vc_column][vc_column width=\"1\/4&#8243;]<div class=\"price-table\"><h4>Profesionalna razina<\/h4><h3>3<\/h3><ul>\n\n<li data-start=\"181\" data-end=\"365\">Nau\u010dili ste potrebne materijale u Elite2You akademiji i usput stekli vrijedno iskustvo \u2013 sada ste ostvarili svojih prvih 50.000 USD prihoda. \u010cESTITAMO! Ovo je zaista lijepo postignu\u0107e!<\/li>\n<li data-start=\"393\" data-end=\"482\">Uvjeti za upis: Ako ostvarite prihod od 50.000 USD u najmanje jednom mjesecu i kupite profesionalni te\u010daj, u\u0107i \u0107ete u ovu razinu.<\/li>\n<li data-start=\"526\" data-end=\"576\">Cilj: Odr\u017eavanje i daljnje pove\u0107anje prihoda<\/li>\n<li data-start=\"578\" data-end=\"718\">Da biste pre\u0161li na sljede\u0107u razinu, morate ostvariti prihod od 100.000 USD u najmanje jednom mjesecu. Dok to ne u\u010dinite, ostat \u0107ete na ovoj razini.<\/li>\n<li data-start=\"720\" data-end=\"877\">Sada je va\u0161 zadatak dosegnuti ovaj iznos barem 3 mjeseca zaredom. Ako uspijete, automatski \u0107ete dobiti na\u0161e dodatne darove.<\/li>\n<li data-start=\"675\" data-end=\"832\">Tako\u0111er mo\u017eete odabrati prijelaz na Elite razinu nakon \u0161to ostvarite prvih 100.000 USD prihoda. U tom slu\u010daju odre\u0107i \u0107ete se nagrada Profesionalne razine, ali nagrade Elite razine \u010dekaju na vas!<\/li>\n<li data-start=\"839\" data-end=\"875\">Jeste li spremni za promjenu? Mjese\u010dni prihod od 100.000 dolara vi\u0161e nije san! \u2013 to je samo stvar svjesne odluke! Odaberite razvoj, odaberite sebe \u2013 i napravite prvi korak do svojih prvih 100.000 dolara odmah!<\/li>\n\n<\/ul><p><a href=\"https:\/\/elite2you.com\/hr\/profesionalna-razina\/\" class=\"btn\" target=\"_blank\">Kupujem sada!<\/a><\/p><\/div>[\/vc_column][vc_column width=\"1\/4&#8243;]<div class=\"price-table\"><h4>Elitna razina<\/h4><h3>4<\/h3><ul>\n\n<li>Postali ste Elite \u010dlan Akademije Elite2You! Iskusili ste \u0161to zna\u010di raditi kao pravi profesionalac. Nau\u010dili ste sve o manekenskoj profesiji \u2013 nema vam \u0161to novo pokazati . Sada ste ostvarili svoj prvi mjese\u010dni prihod od 250.000 dolara . \u010cESTITAMO na va\u0161im iznimnim rezultatima!<\/li>\n<li>Uvjeti za ulazak: Morate ostvariti najmanje 250.000 USD prihoda mjese\u010dno da biste u\u0161li u ovu razinu.<\/li>\n<li>Cilj: Odr\u017eavanje i daljnje pove\u0107anje prihoda<\/li>\n<li data-start=\"720\" data-end=\"877\">Sada je va\u0161 zadatak dosegnuti ovaj iznos barem 3 mjeseca zaredom. Ako uspijete, automatski \u0107ete dobiti na\u0161e dodatne darove.<\/li>\n<li>Na ovoj razini vi\u0161e ne mjerimo samo prihode \u2013 cijenimo i va\u0161 utjecaj, primjer i izgled. Modeli elitne razine tako\u0111er se predstavljaju kao uzori, inspirativne pri\u010de i profesionalni uzori koji djeluju kao mentori. Prikazani su kao uzori na na\u0161oj web stranici i stranicama dru\u0161tvenih medija. U na\u0161em online i offline ogla\u0161avanju, na naslovnicama na\u0161ih \u010dasopisa i u na\u0161im reklamama. Na\u0161i najistaknutiji \u010dlanovi mogu biti automatski pozvani na me\u0111unarodne suradnje, uloge u kampanjama i pozicije ambasadora brenda.<\/li>\n\n<\/ul><p><a href=\"https:\/\/elite2you.com\/hr\/elitna-razina\/\" class=\"btn\" target=\"_blank\">Ovo je elitno.<\/a><\/p><\/div>[\/vc_column][\/vc_row][vc_row][vc_column][vc_raw_html css=\"\"]JTNDJTIxLS0lMjBHT01CJTIwU1QlQzMlOERMVVMlMjAlMkIlMjBIVE1MJTIwLS0lM0UlMEElM0NkaXYlMjBzdHlsZSUzRCUyMnRleHQtYWxpZ24lM0ElMjBjZW50ZXIlM0IlMjBtYXJnaW4tdG9wJTNBJTIwMzBweCUzQiUyMiUzRSUwQSUyMCUyMCUzQ3N0eWxlJTNFJTBBJTIwJTIwJTIwJTIwLmN0YS1idXR0b24lMjAlN0IlMEElMjAlMjAlMjAlMjAlMjAlMjBkaXNwbGF5JTNBJTIwaW5saW5lLWZsZXglM0IlMEElMjAlMjAlMjAlMjAlMjAlMjBhbGlnbi1pdGVtcyUzQSUyMGNlbnRlciUzQiUwQSUyMCUyMCUyMCUyMCUyMCUyMGp1c3RpZnktY29udGVudCUzQSUyMGNlbnRlciUzQiUwQSUyMCUyMCUyMCUyMCUyMCUyMGJhY2tncm91bmQtY29sb3IlM0ElMjAlMjM5YzI3YjAlM0IlMEElMjAlMjAlMjAlMjAlMjAlMjBjb2xvciUzQSUyMHdoaXRlJTNCJTBBJTIwJTIwJTIwJTIwJTIwJTIwcGFkZGluZyUzQSUyMDIwcHglMjA0MHB4JTNCJTBBJTIwJTIwJTIwJTIwJTIwJTIwZm9udC1zaXplJTNBJTIwMS41cmVtJTNCJTIwJTJGJTJBJTIwa2IuJTIwaDIlMjBtJUMzJUE5cmV0JTIwJTJBJTJGJTBBJTIwJTIwJTIwJTIwJTIwJTIwZm9udC13ZWlnaHQlM0ElMjA3MDAlM0IlMEElMjAlMjAlMjAlMjAlMjAlMjBib3JkZXItcmFkaXVzJTNBJTIwMTBweCUzQiUwQSUyMCUyMCUyMCUyMCUyMCUyMHRleHQtZGVjb3JhdGlvbiUzQSUyMG5vbmUlM0IlMEElMjAlMjAlMjAlMjAlMjAlMjBib3gtc2hhZG93JTNBJTIwMCUyMDRweCUyMDEycHglMjByZ2JhJTI4MCUyQyUyMDAlMkMlMjAwJTJDJTIwMC4xNSUyOSUzQiUwQSUyMCUyMCUyMCUyMCUyMCUyMHRyYW5zaXRpb24lM0ElMjBiYWNrZ3JvdW5kLWNvbG9yJTIwMC4zcyUyMGVhc2UlM0IlMEElMjAlMjAlMjAlMjAlMjAlMjBjdXJzb3IlM0ElMjBwb2ludGVyJTNCJTBBJTIwJTIwJTIwJTIwJTIwJTIwbWluLWhlaWdodCUzQSUyMDYwcHglM0IlMEElMjAlMjAlMjAlMjAlMjAlMjBsaW5lLWhlaWdodCUzQSUyMDEuMiUzQiUwQSUyMCUyMCUyMCUyMCU3RCUwQSUwQSUyMCUyMCUyMCUyMC5jdGEtYnV0dG9uJTNBaG92ZXIlMjAlN0IlMEElMjAlMjAlMjAlMjAlMjAlMjBiYWNrZ3JvdW5kLWNvbG9yJTNBJTIwJTIzN2IxZmEyJTNCJTBBJTIwJTIwJTIwJTIwJTdEJTBBJTIwJTIwJTNDJTJGc3R5bGUlM0UlMEElMEElMjAlMjAlM0NhJTIwY2xhc3MlM0QlMjJjdGEtYnV0dG9uJTIyJTIwaHJlZiUzRCUyMmh0dHBzJTNBJTJGJTJGZWxpdGUyeW91LmNvbSUyRmhyJTJGdm9kaWMtemEta2FyaWplcnUtdS1tb2RlbGluZ3UlMkYlMjIlMjB0YXJnZXQlM0QlMjJfYmxhbmslMjIlMjByZWwlM0QlMjJub29wZW5lciUyMiUzRSUwQSUyMCUyMFZvZGklQzQlOEQlMjB6YSUyMGthcmlqZXJ1JTIwdSUyMG1vZGVsaW5ndSUyMHBvZ2xlZGFqdGUlMjBvdmRqZSUwQSUyMCUyMCUzQyUyRmElM0UlMEElM0MlMkZkaXYlM0UlMEE=[\/vc_raw_html][\/vc_column][\/vc_row][vc_row][vc_column][vc_empty_space height=\"80px\"][vc_column_text]<\/p>\n<h2 style=\"text-align: center;\">Pokloni za svaku razinu<\/h2>\n<p>[\/vc_column_text][\/vc_column][\/vc_row][vc_row][vc_column width=\"1\/4&#8243;]<div class=\"price-table\"><h4>Po\u010detna razina<\/h4><h3>1<\/h3><ul>\n\n<li>1 Besplatno fotografiranje portfelja za vas<\/li>\n<li>1 po\u010detni paket za vlog<\/li>\n<li>Mo\u017eete birati besplatno iz na\u0161e web trgovine*<\/li>\n<li>Osnivanje tvrtke za vas<\/li>\n<li>Besplatna usluga sjedi\u0161ta<\/li>\n<li>Upravljanje bankovnim ra\u010dunima<\/li>\n<li>Ra\u010dunovodstvo za va\u0161u tvrtku<\/li>\n<li>Optimizacija poreza za vas i va\u0161u tvrtku<\/li>\n<li>Zdravstveno i \u017eivotno osiguranje za vas<\/li>\n<li>Frizer i kozmeti\u010dki salon jednom tjedno<\/li>\n<li>Ru\u017e za usne po mjeri samo za vas<\/li>\n<li>Manikura i pedikura jednom tjedno<\/li>\n<li>Doma\u0107ica jednom tjedno<\/li>\n<li>Poziv na Tjedan mode u Milanu<\/li>\n<li>Festivalska ulaznica za dvije osobe<\/li>\n<li>1 wellness vikend za 2 osobe<\/li>\n<li>Besplatni te\u010daj erotskog plesa<\/li>\n<li>Besplatni te\u010daj erotske masa\u017ee<\/li>\n<li>1 besplatna gola fotografija<\/li>\n<li>Pla\u0107amo va\u0161 telefonski ra\u010dun mjese\u010dno*<\/li>\n<li>Pla\u0107amo osiguranje va\u0161eg automobila.<\/li>\n<li>Nudimo Elite2You kreditnu karticu s mjese\u010dnim ograni\u010denjem potro\u0161nje od 250 dolara.<\/li>\n\n<\/ul><p><a href=\"https:\/\/elite2you.com\/hr\/vodic-za-karijeru-u-modelingu\/\" class=\"btn\" target=\"_blank\">Po\u010detna razina<\/a><\/p><\/div>[\/vc_column][vc_column width=\"1\/4&#8243;]<div class=\"price-table\"><h4>Napredna razina<\/h4><h3>2<\/h3><ul>\n\n<li>1 Besplatno fotografiranje portfelja za vas<\/li>\n<li>1 po\u010detni paket za vlog<\/li>\n<li>Mo\u017eete birati besplatno iz na\u0161e web trgovine*<\/li>\n<li>Upravljanje poslovanjem za vas<\/li>\n<li>Besplatna usluga sjedi\u0161ta<\/li>\n<li>Upravljanje bankovnim ra\u010dunima<\/li>\n<li>Ra\u010dunovodstvo za va\u0161u tvrtku<\/li>\n<li>Optimizacija poreza za vas i va\u0161u tvrtku<\/li>\n<li>Zdravstveno i \u017eivotno osiguranje za vas<\/li>\n<li>Frizer i kozmeti\u010dki salon 2x tjedno<\/li>\n<li>Ru\u017e za usne po mjeri samo za vas<\/li>\n<li>Manikura i pedikura jednom tjedno<\/li>\n<li>Doma\u0107ica\/doma\u0107in 2x\/tjedno<\/li>\n<li>Poziv na Tjedan mode u Parizu<\/li>\n<li>Festivalska ulaznica za dvije osobe \/ 2x<\/li>\n<li>2 wellness vikenda za 2 osobe<\/li>\n<li>Besplatni te\u010daj komunikacije i odnosa s javno\u0161\u0107u<\/li>\n<li>1 jezi\u010dni te\u010daj koji ste odabrali<\/li>\n<li>1 besplatna gola fotografija<\/li>\n<li>Pla\u0107amo cijeli va\u0161 telefonski ra\u010dun svaki mjesec*<\/li>\n<li>Pla\u0107amo osiguranje va\u0161eg automobila.<\/li>\n<li>1 slu\u017ebeni automobil za vas<\/li>\n<li>Najnoviji mobitel svake godine<\/li>\n<li>1 krstarenje za 2 osobe \/ godi\u0161nje<\/li>\n<li>1 x 2 tjedna odmora za 2 osobe \/ godi\u0161nje<\/li>\n<li>Nudimo Elite2You kreditnu karticu s mjese\u010dnim ograni\u010denjem potro\u0161nje od 2500 dolara.<\/li>\n\n\n\n\n<\/ul><p><a href=\"https:\/\/elite2you.com\/hr\/vodic-za-karijeru-u-modelingu\/\" class=\"btn\" target=\"_blank\">Napredna razina<\/a><\/p><\/div>[\/vc_column][vc_column width=\"1\/4&#8243;]<div class=\"price-table\"><h4>Profesionalna razina<\/h4><h3>3<\/h3><ul>\n\n<li>1 Besplatno fotografiranje portfelja za vas<\/li>\n<li>1 po\u010detni paket za vlog<\/li>\n<li>Mo\u017eete birati besplatno iz na\u0161e web trgovine*<\/li>\n<li>Upravljanje poslovanjem za vas<\/li>\n<li>Besplatna usluga sjedi\u0161ta<\/li>\n<li>Upravljanje bankovnim ra\u010dunima<\/li>\n<li>Ra\u010dunovodstvo za va\u0161u tvrtku<\/li>\n<li>Optimizacija poreza za vas i va\u0161u tvrtku<\/li>\n<li>Zdravstveno i \u017eivotno osiguranje za vas<\/li>\n<li>Frizer i kozmeti\u010dki salon 3x tjedno<\/li>\n<li>Ru\u017e za usne po mjeri samo za vas<\/li>\n<li>Manikura i pedikura jednom tjedno<\/li>\n<li>Doma\u0107ica svaki dan<\/li>\n<li>Poziv na Tjedan mode u New Yorku<\/li>\n<li>Festivalska ulaznica za dvije osobe \/ 3x<\/li>\n<li>3 wellness vikenda za 2 osobe<\/li>\n<li>Obuka za posebne modele<\/li>\n<li>1 jezi\u010dni te\u010daj koji ste odabrali<\/li>\n<li>1 besplatna gola fotografija<\/li>\n<li>Pla\u0107amo cijeli va\u0161 telefonski ra\u010dun svaki mjesec*<\/li>\n<li>Pla\u0107amo osiguranje va\u0161eg automobila.<\/li>\n<li>2 slu\u017ebena automobila za vas<\/li>\n<li>Najnoviji mobitel svake godine<\/li>\n<li>2 krstarenja za 2 osobe\/godi\u0161nje<\/li>\n<li>2x dvotjedni odmor za 2 osobe godi\u0161nje<\/li>\n<li>\nIzgradnja raznolikog izvora prihoda (izgra\u0111ujemo i upravljamo s 3 razli\u010dita pasivna izvora prihoda za vas kako biste mogli imati prihod i iz drugih izvora)\n<\/li>\n<li>Nudimo Elite2You kreditnu karticu s mjese\u010dnim ograni\u010denjem potro\u0161nje do 25.000 USD.<\/li>\n\n\n\n\n<\/ul><p><a href=\"https:\/\/elite2you.com\/hr\/vodic-za-karijeru-u-modelingu\/\" class=\"btn\" target=\"_blank\">Profesionalna razina<\/a><\/p><\/div>[\/vc_column][vc_column width=\"1\/4&#8243;]<div class=\"price-table\"><h4>Elitna razina<\/h4><h3>4<\/h3><ul>Na elitnoj razini vi\u0161e ne radite \u2013 \u017eivite. Na na\u010din na koji malo tko mo\u017ee. To je nagrada za nekoga tko je pro\u0161ao tim putem i vi\u0161e ne samo promatra svijet iza kulisa \u2013 ve\u0107 je postao sredi\u0161te pozornice. Va\u0161 vlastiti menad\u017eerski tim od 10 ljudi radi isklju\u010divo za vas. Vo\u0111eni su jednim ciljem: u\u010diniti vas savr\u0161enima u svakom trenutku \u2013 iznutra i izvana. Osobni asistent, stilist, viza\u017eist, frizer, osobni trener, koordinator za pravne i poslovne poslove, PR stru\u010dnjak, luksuzni fotograf, kreativni direktor, osobni voza\u010d i dva tjelohranitelja \u2013 sve za va\u0161 uspjeh, puno radno vrijeme, samo za vas. I da, u gara\u017ei je Bentley \u2013 ali tu su i Ferrari SF90 Stradale, Lamborghini Urus, Maserati GranTurismo i Rolls-Royce Cullinan koji blista dijamantima. Za\u0161to? Zato \u0161to mo\u017eete. Ali, rijetko ih dotaknete, jer vas va\u0161 privatni avion \u010de\u0161\u0107e vodi iznad oblaka nego \u0161to kro\u010dite na ulicu. Imate ku\u0107e na najpo\u017eeljnijim mjestima na svijetu: penthouse na Palmi u Dubaiju, loft u New Yorku, toskansku vilu s vinskim podrumom i ku\u0107u za odmor na francuskoj rivijeri s pogledom na more. Postoje mjesta gdje se opu\u0161tate. Postoje mjesta gdje primate goste. I postoje mjesta gdje se sve vrti oko vas. Va\u0161i dani ispunjeni su luksuznim brendovima: Chanel, Dior, Herm\u00e8s, Cartier, Balmain, Fendi. Va\u0161a odje\u0107a je Haute Couture komadi ra\u0111eni po mjeri. Va\u0161 ormar je pun Birkin i Kelly torbi, va\u0161e cipele su Louboutin, va\u0161 parfem je miris sastavljen po narud\u017ebi koji nosite samo vi. Va\u0161a ogrlica je od prave platine, va\u0161e nau\u0161nice su od dijamanata \u2013 i nisu posu\u0111ene. Poklon s ekskluzivne gala ve\u010deri zatvorenog partnerstva gdje ste bili po\u010dasni gost. Henry Cavill, Timoth\u00e9e Chalamet i Chris Hemsworth tako\u0111er su vas primijetili. Nije slu\u010dajno. Ne \u010dekate poziv \u2013 vi ste doga\u0111aj. Va\u0161a prisutnost nije samo lijepa \u2013 ona je ikoni\u010dna. Ne mora\u0161 govoriti \u2013 tvoja energija i sjaj govore umjesto tebe. Svijet utihne kad u\u0111e\u0161 u sobu. Vi\u0161e ne sanja\u0161 o luksuzu \u2013 ti jesi luksuz. Brendiranje ne sjaji \u2013 ono sjaji. Ne tra\u017ei\u0161 pa\u017enju \u2013 svijet se natje\u010de za nju. Ova razina nije pitanje. Ovo je priznanje. Za tvoj rad. Za tvoju upornost. Za tvoje dostojanstvo. I za tvoju ljepotu \u2013 koja nikada nije dana, ve\u0107 izgra\u0111ena.<\/ul><p><a href=\"https:\/\/elite2you.com\/hr\/vodic-za-karijeru-u-modelingu\/\" class=\"btn\" target=\"_blank\">Ovo je elitno.<\/a><\/p><\/div>[\/vc_column][\/vc_row][vc_row][vc_column][vc_column_text]<\/p>\n<p data-start=\"413\" data-end=\"612\"><strong>O\u010dekuje se godi\u0161nje pove\u0107anje razine.<\/strong><br data-start=\"440\" data-end=\"443\" \/>To zna\u010di da ako po\u010dnete danas, <strong data-start=\"481\" data-end=\"527\">mo\u017eete dosegnuti Elite razinu u roku od \u010detiri godine<\/strong> \u2013 ako ste uporni i slijedite upute svojih instruktora, mentora i agencije.<\/p>\n<p data-start=\"614\" data-end=\"866\">Ako ste upla\u0161eni ili nesigurni, <strong data-start=\"648\" data-end=\"682\">na\u0161 mentor za razvoj osobnosti<\/strong> pomo\u0107i \u0107e vam da prona\u0111ete svoju unutarnju ravnote\u017eu.<br data-start=\"720\" data-end=\"723\" \/>Ako se pojavi moralno ili vjersko pitanje, <strong data-start=\"766\" data-end=\"795\">otvoreno i s po\u0161tovanjem<\/strong> tra\u017eit \u0107emo rje\u0161enje koje je u skladu s va\u0161im vrijednostima.<\/p>\n<p data-start=\"868\" data-end=\"944\">Ali nije samo tvoj mentor tu za tebe. <strong data-start=\"906\" data-end=\"944\">Cijela zajednica radi za vas.<\/strong><\/p>\n<p data-start=\"946\" data-end=\"1137\">Elite2You nije samo agencija \u2013 to je \u017eivi, \u200b\u200bbri\u017eni backend sustav u kojem <strong data-start=\"1032\" data-end=\"1137\">svaki akter slu\u017ei jednom cilju:<br data-start=\"1072\" data-end=\"1075\" \/>kako biste vi, kao model, \u0161to prije dosegli Elite razinu.<\/strong><\/p>\n<p data-start=\"1139\" data-end=\"1306\">Vi\u0161e od <strong data-start=\"1149\" data-end=\"1164\">30 direktora<\/strong> , uklju\u010duju\u0107i profesionalne, regionalne i strate\u0161ke voditelje, svakodnevno rade kako bi osigurali da imate odgovore, podr\u0161ku i smjernice za svaku situaciju.<\/p>\n<p data-start=\"1308\" data-end=\"1456\">Uz njih <strong data-start=\"1318\" data-end=\"1353\">, treneri, mentori i programeri<\/strong> pratit \u0107e vas na va\u0161em putu \u2013 poma\u017eu\u0107i vam da se razvijate, ja\u010date samopouzdanje i svjesno gradite svoj brend.<\/p>\n<p data-start=\"1458\" data-end=\"1638\">Iza kulisa <strong data-start=\"1470\" data-end=\"1542\">, fotografi, snimatelji, menad\u017eeri dru\u0161tvenih mre\u017ea i asistenti<\/strong> osiguravaju da va\u0161 izgled bude dosljedan, trendovski i profesionalan.<\/p>\n<p data-start=\"1640\" data-end=\"1832\">A <strong data-start=\"1654\" data-end=\"1676\">tu su i tihi heroji<\/strong> \u2013 administratori, organizatori, koordinatori, pa \u010dak i \u010dista\u010di \u2013 koji svi rade kako bi se osigurali da svaki dan mo\u017eete biti najbolji \u0161to mo\u017eete.<\/p>\n<p data-start=\"1834\" data-end=\"1953\">\u010cim u\u0111ete u Elite2You Akademiju, na\u0161 cilj je isti: <strong data-start=\"1897\" data-end=\"1953\">zaraditi \u0161to vi\u0161e novca, neovisnosti i priznanja.<\/strong><\/p>\n<p data-start=\"1955\" data-end=\"2013\">Jer ovo vi\u0161e nije samo tvoj san. <strong data-start=\"1987\" data-end=\"2013\">Ovo je i na\u0161 san.<\/strong><\/p>\n<p data-start=\"2015\" data-end=\"2128\">Do\u0111ite i zajedno gradimo va\u0161u budu\u0107nost.<\/p>\n<p data-start=\"2135\" data-end=\"2198\">Srda\u010dan pozdrav,<br data-start=\"2151\" data-end=\"2154\" \/><strong data-start=\"2154\" data-end=\"2183\">Agencija za modele Elite2You<\/strong><br data-start=\"2183\" data-end=\"2186\" \/><strong>Upravljanje<\/strong><\/p>\n<p>[\/vc_column_text][\/vc_column][\/vc_row]<\/p>\n<\/div>","protected":false},"excerpt":{"rendered":"<p>[vc_row][vc_column][vc_column_text] Otkrijte elitne stepenice do uspjeha! Drago nam je predstaviti Elite Stairway to Success , tako\u0111er poznat kao sustav Elite &hellip; <a href=\"https:\/\/elite2you.com\/hr\/elitne-razine\/\" class=\"more-link\">Continue reading <span class=\"screen-reader-text\">3. Elitne razine<\/span><\/a><\/p>\n","protected":false},"author":5,"featured_media":0,"parent":0,"menu_order":0,"comment_status":"closed","ping_status":"closed","template":"","meta":{"_monsterinsights_skip_tracking":false,"_monsterinsights_sitenote_active":false,"_monsterinsights_sitenote_note":"","_monsterinsights_sitenote_category":0,"footnotes":""},"class_list":["post-21493","page","type-page","status-publish","hentry"],"_links":{"self":[{"href":"https:\/\/elite2you.com\/hr\/wp-json\/wp\/v2\/pages\/21493","targetHints":{"allow":["GET"]}}],"collection":[{"href":"https:\/\/elite2you.com\/hr\/wp-json\/wp\/v2\/pages"}],"about":[{"href":"https:\/\/elite2you.com\/hr\/wp-json\/wp\/v2\/types\/page"}],"author":[{"embeddable":true,"href":"https:\/\/elite2you.com\/hr\/wp-json\/wp\/v2\/users\/5"}],"replies":[{"embeddable":true,"href":"https:\/\/elite2you.com\/hr\/wp-json\/wp\/v2\/comments?post=21493"}],"version-history":[{"count":28,"href":"https:\/\/elite2you.com\/hr\/wp-json\/wp\/v2\/pages\/21493\/revisions"}],"predecessor-version":[{"id":22415,"href":"https:\/\/elite2you.com\/hr\/wp-json\/wp\/v2\/pages\/21493\/revisions\/22415"}],"wp:attachment":[{"href":"https:\/\/elite2you.com\/hr\/wp-json\/wp\/v2\/media?parent=21493"}],"curies":[{"name":"wp","href":"https:\/\/api.w.org\/{rel}","templated":true}]}}