{"id":21508,"date":"2025-06-10T06:47:06","date_gmt":"2025-06-10T06:47:06","guid":{"rendered":"https:\/\/elite2you.com\/napredni-tecaj\/"},"modified":"2025-08-23T20:25:44","modified_gmt":"2025-08-23T20:25:44","slug":"napredni-tecaj","status":"publish","type":"page","link":"https:\/\/elite2you.com\/hr\/napredni-tecaj\/","title":{"rendered":"2. Napredni te\u010daj"},"content":{"rendered":"<div class=\"wpb-content-wrapper\"><p>[vc_row][vc_column][vc_column_text]<\/p>\n<p data-pm-slice=\"1 1 []\"><span>Dosezanje napredne razine zna\u010di da vi\u0161e niste po\u010detnik. Vi\u0161e ne u\u010dite samo osnove modeliranja, ve\u0107 ste aktivni sudionik u produkciji digitalnog sadr\u017eaja, s ozbiljnim rezultatima iza sebe. Ovo je razina na kojoj su se va\u0161a marljivost, talent i upornost ve\u0107 pretvorili u opipljiv uspjeh. Postizanje bruto mjese\u010dnog prihoda od 50.000 USD nije slu\u010dajnost \u2013 to je poruka tr\u017ei\u0161tu: prisutni ste, \u017eelite ostati prisutni i shva\u0107ate sebe ozbiljno. <\/span><\/p>\n<div>\n<hr \/>\n<\/div>\n<p><span><strong>Uvjeti za upis na naprednu razinu:<\/strong><\/span><\/p>\n<ul data-spread=\"false\">\n<li><span>Ostvarili ste barem jednom mjese\u010dni bruto prihod od 50.000 USD <\/span><\/li>\n<li><span>Kupili ste i zavr\u0161ili napredni te\u010daj<\/span><\/li>\n<\/ul>\n<div>\n<hr \/>\n<\/div>\n<p><span><strong>Sadr\u017eaj naprednog te\u010daja<\/strong><\/span><\/p>\n<p><span>Ovaj te\u010daj razvija vje\u0161tine potrebne za napredovanje:<\/span><\/p>\n<ul data-spread=\"false\">\n<li><span><strong>Napredne komunikacijske strategije:<\/strong><\/span> <span>Kako profesionalno reagirati, kada \u0161to re\u0107i, a \u0161to ne re\u0107i.<\/span><\/li>\n<li><span><strong>Izgradnja brenda u praksi:<\/strong><\/span> <span>Vizualnost, jezik, karakter \u2013 \u0161to vas \u010dini posebnima.<\/span><\/li>\n<li><span><strong>Napredne tehnike stvaranja sadr\u017eaja:<\/strong><\/span> <span>Pokret, pripovijedanje, koncepti.<\/span><\/li>\n<li><span><strong>Kampanje za pove\u0107anje prihoda:<\/strong><\/span> <span>promocije, poklon paketi, tehnike dodatne prodaje.<\/span><\/li>\n<li><span><strong>U\u010dinkovitost i upravljanje vremenom:<\/strong><\/span> <span>Ne samo naporno raditi, ve\u0107 i pametno.<\/span><\/li>\n<li><span><strong>U\u010dinkovit marketing u praksi:<\/strong><\/span> <span>kanali, plan kampanje, automatizirani sustavi.<\/span><\/li>\n<\/ul>\n<div>\n<hr \/>\n<\/div>\n<p><span><strong>Cilj: Stabilizirati naprednu razinu<\/strong><\/span><\/p>\n<p><span>Da biste dugoro\u010dno ostali na ovoj razini <strong>,<\/strong><\/span> <span>morate ostvariti mjese\u010dni prihod od 50.000 USD<\/span> tijekom najmanje 6 <span><strong>uzastopnih mjeseci<\/strong><\/span> kako biste aktivirali <span><strong>na\u0161e dodatne poklone<\/strong><\/span> <span>i pogodnosti za vas.<\/span><\/p>\n<p><span>Ako uspijete, ne samo da \u0107ete financijski dosegnuti vrhunac, ve\u0107 \u0107ete se i duhovno transformirati i u svom razmi\u0161ljanju: vi\u0161e ne tra\u017eite prilike, ve\u0107 ste sami ta prilika.<\/span><\/p>\n<div>\n<hr \/>\n<\/div>\n<p><span><strong>Napravite svjesnu odluku. Mo\u017eete birati: <\/strong><\/span><\/p>\n<p><span>Nakon \u0161to ostvarite prvih 50.000 USD mjese\u010dnog prihoda, mo\u017eete odlu\u010diti:<\/span><\/p>\n<ol start=\"1\" data-spread=\"false\">\n<li><span><strong>Ostajete na naprednoj razini<\/strong><\/span> <span>i cilj vam je odr\u017eati \u0161estomjese\u010dnu razinu prihoda te skupljati poklone koji dolaze s tim (npr. luksuzno fotografiranje portfolija, poklon putovanje, seriju fotografija brenda itd.)<\/span><\/li>\n<li><span><strong>Odmah \u0107ete napredovati na Pro razinu<\/strong><\/span> <span>i pridru\u017eiti se me\u0111u 10% najboljih od 10% najboljih<\/span><\/li>\n<\/ol>\n<div>\n<hr \/>\n<\/div>\n<p data-pm-slice=\"1 1 []\"><span><strong>Ova razina vi\u0161e nije igra. To je odsko\u010dna daska. <\/strong><\/span><\/p>\n<p><span>Ako ste u\u010dili, sada je vrijeme da to primijenite. Ako ste \u010dekali, sada je vrijeme da djelujete. Napredna razina nije samo titula, to je prilika da doka\u017eete da ste ovdje na duge staze i spremni istaknuti se iz mase. <\/span><\/p>\n<p><span><strong>Sada ne pita\u0161: &#8220;Mo\u017ee li to uspjeti?\"<\/strong><\/span><\/p>\n<p><span><strong>Ali pita\u0161: &#8220;Koliko visoko mogu i\u0107i?\"<\/strong><\/span><\/p>\n<p><span>Napredna razina je trenutak kada ne radite samo s drugima, ve\u0107<\/span> <span><strong>i sa sobom.<\/strong><\/span><span>. Va\u0161 \u017eivot i va\u0161 brend sada postaju ja\u010di.<\/span><\/p>\n<p><span><strong>Napredna razina je kada je budu\u0107nost ve\u0107 po\u010dela.<\/strong><\/span><\/p>\n<p><span>\u010cekamo vas na ovoj novoj razini. Jeste li spremni? Onda idemo na napredni te\u010daj! <\/span>[\/vc_column_text][\/vc_column][\/vc_row][vc_row][vc_column][vc_empty_space][vc_column_text]<\/p>\n<h2 style=\"text-align: center; margin-bottom: 30px;\">\u0160to odmah dobivate \u2013 i \u0161to mo\u017eete posti\u0107i<\/h2>\n<p>[\/vc_column_text][\/vc_column][\/vc_row][vc_row][vc_column width=\"1\/2&#8243;][vc_column_text css=\"\"]<\/p>\n<div style=\"border: 3px solid #ff5722; border-radius: 12px; padding: 25px; background-color: #fff9e6;\">\n<h3 style=\"font-size: 20px; color: #333;\">\ud83c\udf93 <strong>\ud83d\ude80 Napredni te\u010daj<\/strong><\/h3>\n<h2 style=\"color: #ff5722;\">5.500 USD<\/h2>\n<p style=\"font-weight: bold;\">Na ovoj razini ve\u0107 generirate preko 50.000 USD mjese\u010dno. Vrijeme je da svoju karijeru, brend i prihode podignete na vi\u0161u razinu!<\/p>\n<p><!-- Szakmai modulok --><\/p>\n<div style=\"margin-top: 25px; padding: 20px; background-color: #ffffff; border-left: 4px solid #ff5722;\">\n<h4>\ud83d\udcd8 Profesionalni moduli:<\/h4>\n<ul style=\"list-style: none; padding-left: 0; font-size: 14.5px;\">\n<li>\u2705 Napredne tehnike poziranja i produkcija dinami\u010dnog sadr\u017eaja<\/li>\n<li>\u2705 Umjetni\u010dki koncepti i pripovijedanje<\/li>\n<li>\u2705 Ekskluzivni savjeti za stil i odabir odjevnih kombinacija<\/li>\n<li>\u2705 Priprema za fotografiranje na me\u0111unarodnoj razini<\/li>\n<li>\u2705 Profesionalno rukovanje kamerom i tehnologija osvjetljenja<\/li>\n<\/ul>\n<\/div>\n<p><!-- \u00c9letm\u00f3d & szem\u00e9lyes fejl\u0151d\u00e9s --><\/p>\n<div style=\"margin-top: 30px; padding: 20px; background-color: #fcfcfc; border-left: 4px solid #00bcd4;\">\n<h4>\ud83c\udf3f Na\u010din \u017eivota i osobni razvoj:<\/h4>\n<ul style=\"list-style: none; padding-left: 0; font-size: 14.5px;\">\n<li>\u2705 Upravljanje samopouzdanjem i asertivna komunikacija<\/li>\n<li>\u2705 Veze visokog statusa i pravila umre\u017eavanja<\/li>\n<li>\u2705 Upravljanje stresom i upravljanje zdravljem<\/li>\n<li>\u2705 Ekskluzivni stil putovanja i sigurnost<\/li>\n<\/ul>\n<\/div>\n<p><!-- \u00dczleti k\u00e9pz\u00e9s --><\/p>\n<div style=\"margin-top: 30px; padding: 20px; background-color: #f6fff4; border-left: 4px solid #4caf50;\">\n<h4>\ud83d\udcbc Poslovna i poduzetni\u010dka obuka:<\/h4>\n<ul style=\"list-style: none; padding-left: 0; font-size: 14.5px;\">\n<li>\u2705 Izgradnja va\u0161eg brenda na me\u0111unarodnoj razini<\/li>\n<li>\u2705 Upravljanje odnosima s klijentima na vrhunskoj razini<\/li>\n<li>\u2705 Upravljanje investicijama i stvaranje rezervi<\/li>\n<li>\u2705 Poslovno delegiranje, asistenti i izgradnja tima<\/li>\n<\/ul>\n<\/div>\n<p><!-- Aj\u00e1nd\u00e9k csomag --><\/p>\n<div style=\"margin-top: 30px; padding: 20px; background-color: #f6fff4; border-left: 4px solid #4caf50;\">\n<h4 style=\"margin-top: 40px;\">\ud83c\udf81 Poklon paket za napredni nivo:<\/h4>\n<ul style=\"list-style: none; padding-left: 0; font-size: 15px;\">\n<li>\u2705 Potpuno financirano fotografiranje modnog portfolija u inozemstvu<\/li>\n<li>\u2705 VIP ulaznice za doga\u0111aje (modne revije, gala ve\u010deri)<\/li>\n<li>\u2705 Elite2You luksuzni poklon set ograni\u010denog izdanja<\/li>\n<li>\u2705 Osobno mentorstvo jednom tjedno \u2013 od strane izvr\u0161nog mentora<\/li>\n<\/ul>\n<p><!-- Vizu\u00e1lis elv\u00e1laszt\u00f3 --><\/p>\n<hr style=\"border-top: 2px dashed #ccc; margin: 30px 0;\">\n<!-- Gomb --><\/p>\n<div style=\"margin-top: 30px;\"><a style=\"background-color: #ff5722; color: white; padding: 12px 28px; border-radius: 6px; font-size: 16px; text-decoration: none; font-weight: bold;\" href=\"https:\/\/elite2you.com\/hr\/nasi-tecajevi\/\" target=\"_blank\" rel=\"noopener\">Idi na napredni te\u010daj<\/a><\/div>\n<\/div>\n<\/div>\n<p>[\/vc_column_text][\/vc_column][vc_column width=\"1\/2&#8243;][vc_column_text]<\/p>\n<div style=\"background-color: #f9f9f9; padding: 30px; border-radius: 16px; font-family: sans-serif; max-width: 900px; margin: 0 auto;\">\n<h2 style=\"color: #c09b6c; text-align: center;\">\ud83d\udfe1 1. Napredna razina<\/h2>\n<p data-start=\"199\" data-end=\"467\">U\u0161li ste u naprednu razinu \u2013 to zna\u010di da <strong data-start=\"248\" data-end=\"273\">niste samo zainteresirani<\/strong> , ve\u0107 <strong data-start=\"281\" data-end=\"300\">i ozbiljni<\/strong> u vezi s izgradnjom svoje karijere digitalnog modelinga. Kupili ste te\u010daj, \u0161to zna\u010di da ste pre\u0161li na vi\u0161u razinu: napustili ste po\u010detnu fazu i spremni ste <strong data-start=\"434\" data-end=\"466\">za ostvarivanje redovitog prihoda<\/strong> .<\/p>\n<p data-start=\"469\" data-end=\"666\">Ova razina vi\u0161e nije o poku\u0161avanju, ve\u0107 <strong data-start=\"519\" data-end=\"536\">o dokazivanju<\/strong> : ovdje po\u010dinjete tretirati produkciju sadr\u017eaja <em data-start=\"551\" data-end=\"569\">kao pravi posao<\/em> i kre\u0107ete na putovanje gdje je <strong data-start=\"630\" data-end=\"655\">svaki korak<\/strong> va\u017ean.<\/p>\n<h3 style=\"color: #444; margin-top: 30px;\">\ud83c\udfaf \u0160to nudimo na ovoj razini:<\/h3>\n<ul style=\"line-height: 1.8; padding-left: 20px;\">\n<li>Profesionalna izrada profila i kreiranje strukture profila<\/li>\n<li>Upravljanje dru\u0161tvenim mre\u017eama i razvoj strategije sadr\u017eaja<\/li>\n<li>Upravljanje odnosima s klijentima i upravljanje komunikacijom s obo\u017eavateljima<\/li>\n<li>Izgradnja i razvoj brenda za dugoro\u010dni uspjeh<\/li>\n<li>Svakodnevni kontakt i stalno mentorstvo<\/li>\n<li>Upravljanje bankovnim ra\u010dunima i financijska administracija<\/li>\n<\/ul>\n<ul style=\"line-height: 1.8; padding-left: 20px;\"><\/ul>\n<h3 style=\"color: #444; margin-top: 30px;\">\ud83d\udcb5 Koliki prihod mo\u017eete o\u010dekivati \u200b\u200bna naprednoj razini?<\/h3>\n<p style=\"line-height: 1.6;\">Ostat \u0107ete u ovom statusu <strong>sve dok va\u0161 mjese\u010dni bruto prihod ne dosegne 50.000 USD<\/strong> . Za mjese\u010dni bruto <strong>prihod izme\u0111u 10.000 i 50.000 USD<\/strong> vrijede sljede\u0107i uvjeti:<\/p>\n<h3 style=\"color: #444; margin-top: 30px;\">\ud83d\udcca Podaci o prihodima:<\/h3>\n<ul style=\"line-height: 1.8; padding-left: 20px;\">\n<li>Platforma <strong>OnlyFans<\/strong> uzima proviziju od 20% na sav prihod<\/li>\n<li>Bankovne i transferne naknade se odbijaju, ostavljaju\u0107i vam 78%. Na temelju tr\u017ei\u0161nih trendova, tih 78% dijelite sa svojom agencijom u omjeru 50-50, \u0161to zna\u010di da je 50% va\u0161e, a 50% agencija s kojom sura\u0111ujete.<\/li>\n<li>Platforma <strong>Elite2Fans<\/strong> <strong>odbija samo 16%<\/strong> , dakle:\n<ul style=\"padding-left: 20px;\">\n<li><strong>+4% vi\u0161e novca<\/strong> nakon svakog sadr\u017eaja<\/li>\n<li><strong>54% va\u0161eg neto prihoda je va\u0161e<\/strong> \u2013 nakon svake prodaje!<\/li>\n<\/ul>\n<\/li>\n<\/ul>\n<h3 style=\"color: #444; margin-top: 30px;\">\ud83d\ude80 Cilj:<\/h3>\n<p style=\"line-height: 1.6;\">\u0160to br\u017ee ostvarite svoj prvi prihod od 100.000 USD, gdje mo\u017eete odlu\u010diti ho\u0107ete li prije\u0107i na profesionalnu razinu ili ostati na naprednoj razini i odr\u017eavati prihod iznad 50.000 USD \u0161est mjeseci, uz koje \u0107ete automatski primati <strong>na\u0161e ekskluzivne poklone, te gdje vas o\u010dekuju dodatne premium usluge i dodatne mogu\u0107nosti<\/strong> .<\/p>\n<\/div>\n<p>[\/vc_column_text][\/vc_column][\/vc_row][vc_row][vc_column][vc_cta h2=\"Ne zaboravi!\" css=\"\"]<\/p>\n<p data-start=\"197\" data-end=\"237\">\ud83c\udf93 <strong data-start=\"200\" data-end=\"237\">Ovo nije te\u010daj. Ovo je odgovor. <\/strong><\/p>\n<p data-start=\"239\" data-end=\"442\">Mo\u017eda ve\u0107 dugo osje\u0107ate <strong data-start=\"269\" data-end=\"297\">da se ne\u0161to treba promijeniti<\/strong> . Da vas ono \u0161to ste do sada radili ne vodi nikamo. Sada je vrijeme da stvari podignete na novu razinu \u2013 ne samo u karijeri, ve\u0107 u cijelom \u017eivotu.<\/p>\n<p data-start=\"444\" data-end=\"520\">Ovaj materijal je stvoren upravo kako bi <strong data-start=\"487\" data-end=\"519\">vas vodio kroz ovaj proboj<\/strong> .<\/p>\n<p data-start=\"522\" data-end=\"774\">\u2714\ufe0f Ako ste se u posljednje vrijeme osje\u0107ali zaglavljeno, ovaj sustav \u0107e vam pomo\u0107i da se vratite na pravi put.<br data-start=\"611\" data-end=\"614\">\u2714\ufe0f Ako u sebi ima\u0161 vi\u0161e nego \u0161to si do sada pokazao\/la, evo ti prilike da to oslobodi\u0161.<\/p>\n<p data-start=\"776\" data-end=\"935\">Ovo nije iznenadna odluka. Ovo je nu\u017ena odluka.<br data-start=\"828\" data-end=\"831\">Sni\u017eena cijena je samo privremena \u2013 <strong data-start=\"883\" data-end=\"919\">ali potencijal u vama je vje\u010dan<\/strong> . Sada dolazite.<\/p>\n<p data-start=\"937\" data-end=\"1030\" data-is-last-node=\"\" data-is-only-node=\"\">\ud83d\udc49 <a href=\"https:\/\/elite2you.com\/hr\/nasi-tecajevi\/\" target=\"_blank\" rel=\"noopener\"><strong data-start=\"940\" data-end=\"1030\" data-is-last-node=\"\">Ostvarite pristup odmah \u2013 i po\u010dnite \u017eivjeti \u017eivot kakav zaista zaslu\u017eujete.<\/strong><\/a><\/p>\n<p>[\/vc_cta][\/vc_column][\/vc_row][vc_row][vc_column][vc_column_text css=\"\"]<\/p>\n<div style=\"border: 3px solid #9c27b0; border-radius: 12px; padding: 30px; background-color: #f9f9ff;\">\n<h3 style=\"font-size: 20px; color: #333;\">\ud83d\udc8e <strong>PROGRAM NAGRA\u0110IVANJA<\/strong> VEZANO ZA TE\u010cAJ<\/h3>\n<p data-start=\"247\" data-end=\"457\">Zavr\u0161etkom naprednog te\u010daja ulazite na sljede\u0107u razinu Elite2You, gdje ne samo da u\u010dite, ve\u0107 <strong data-start=\"351\" data-end=\"456\">i pokazujete dugoro\u010dnu predanost, dosljedne performanse i vrhunski stav<\/strong> .<\/p>\n<p data-start=\"459\" data-end=\"652\">Ako va\u0161 mjese\u010dni bruto prihod <strong>dosegne 50.000 USD tijekom najmanje 6 uzastopnih mjeseci<\/strong> , automatski \u0107ete ostvariti pravo na sljede\u0107e posebne pogodnosti koje su prikladne za naprednu razinu.<\/p>\n<p><!-- \ud83c\udf81 Alap aj\u00e1nd\u00e9kmodulok --><\/p>\n<div style=\"background-color: #ffffff; padding: 20px 25px; margin-top: 20px; border-radius: 6px; border-left: 4px solid #9c27b0;\">\n<h4 style=\"margin-top: 0;\">\ud83c\udf81 Osnovni poklon paket:<\/h4>\n<ul style=\"list-style: none; padding-left: 0; font-size: 15px;\">\n<li>\u2705 A\u017eurirana fotografija portfelja \u2013 izrada profesionalnih slika kampanje<br data-start=\"742\" data-end=\"745\">\u2705 Napredni po\u010detni\u010dki komplet za vlog \u2013 tehni\u010dka oprema i vodi\u010d<br data-start=\"806\" data-end=\"809\">\u2705 Prioritetni pristup proizvodima na\u0161e web trgovine*<\/li>\n<\/ul>\n<\/div>\n<p><!-- \ud83e\uddfe \u00dczleti t\u00e1mogat\u00e1s --><\/p>\n<div style=\"background-color: #ffffff; padding: 20px 25px; margin-top: 20px; border-radius: 6px; border-left: 4px solid #4caf50;\">\n<h4>\ud83d\udcca Poslovna podr\u0161ka:<\/h4>\n<ul style=\"list-style: none; padding-left: 0; font-size: 15px;\">\n<li>\u2705 Besplatno osnivanje tvrtke na va\u0161e ime<br data-start=\"926\" data-end=\"929\">\u2705 Besplatna usluga registriranog sjedi\u0161ta i rukovanje slu\u017ebenom korespondencijom<br data-start=\"993\" data-end=\"996\">\u2705 Upravljanje korporativnim bankovnim ra\u010dunima i razvoj financijske pozadine<br data-start=\"1057\" data-end=\"1060\">\u2705 Optimizacija ra\u010dunovodstva i poreza za va\u0161e poslovanje<\/li>\n<\/ul>\n<\/div>\n<p><!-- \ud83c\udfe5 Biztons\u00e1gi \u00e9s eg\u00e9szs\u00e9g\u00fcgyi modul --><\/p>\n<div style=\"background-color: #ffffff; padding: 20px 25px; margin-top: 20px; border-radius: 6px; border-left: 4px solid #009688;\">\n<h4>\ud83c\udfe5 Modul zdravlja i sigurnosti:<\/h4>\n<ul style=\"list-style: none; padding-left: 0; font-size: 15px;\">\n<li>\u2705 Zdravstveno i \u017eivotno osiguranje \u2013 s punim pokri\u0107em<br data-start=\"1208\" data-end=\"1211\">\u2705 Povrat novca za va\u0161 mjese\u010dni telefonski ra\u010dun do iznosa prora\u010duna*<br data-start=\"1258\" data-end=\"1261\">\u2705 Potpuno osiguranje automobila<\/li>\n<\/ul>\n<\/div>\n<p><!-- \ud83d\udc85 Beauty & lifestyle modul --><\/p>\n<div style=\"background-color: #ffffff; padding: 20px 25px; margin-top: 20px; border-radius: 6px; border-left: 4px solid #ff69b4;\">\n<h4>\ud83d\udc85 Ljepota i stil \u017eivota:<\/h4>\n<ul style=\"list-style: none; padding-left: 0; font-size: 15px;\">\n<li>\u2705 2 frizerske i kozmeti\u010dke usluge tjedno<\/li>\n<li>\u2705 Manikura i pedikura 2 puta tjedno<\/li>\n<li>\u2705 Ru\u017e za usne po mjeri samo za vas<\/li>\n<li>\u2705 2 wellness vikenda za 2 osobe<\/li>\n<\/ul>\n<\/div>\n<p><!-- \ud83c\udf9f\ufe0f Esem\u00e9nyek & \u00e9lm\u00e9nycsomag --><\/p>\n<div style=\"background-color: #ffffff; padding: 20px 25px; margin-top: 20px; border-radius: 6px; border-left: 4px solid #03a9f4;\">\n<h4>\ud83c\udf9f\ufe0f Doga\u0111aji i do\u017eivljaji:<\/h4>\n<ul style=\"list-style: none; padding-left: 0; font-size: 15px;\">\n<li>\u2705 VIP pozivnica za Tjedan mode u Milanu<br data-start=\"1604\" data-end=\"1607\">\u2705 Festivalska ulaznica za 2 osobe, za unaprijed dogovoreni doga\u0111aj<br data-start=\"1667\" data-end=\"1670\">\u2705 Sudjelovanje u privatnim Elite2You doga\u0111ajima<\/li>\n<\/ul>\n<\/div>\n<p><!-- \ud83d\udd25 Erotika & kreat\u00edv modul --><\/p>\n<div style=\"background-color: #ffffff; padding: 20px 25px; margin-top: 20px; border-radius: 6px; border-left: 4px solid #e91e63;\">\n<h4>\ud83d\udd25 Te\u010dajevi erotike i kreativnosti:<\/h4>\n<ul style=\"list-style: none; padding-left: 0; font-size: 15px;\">\n<li>\u2705 Napredna obuka erotskog plesa i striptiza<br data-start=\"1796\" data-end=\"1799\">\u2705 Radionica erotske masa\u017ee<br data-start=\"1827\" data-end=\"1830\">\u2705 Besplatno, profesionalno golo fotografiranje u studiju<\/li>\n<\/ul>\n<\/div>\n<p><!-- \ud83d\udcb3 P\u00e9nz\u00fcgyi extra juttat\u00e1s --><\/p>\n<div style=\"background-color: #ffffff; padding: 20px 25px; margin-top: 20px; border-radius: 6px; border-left: 4px solid #673ab7;\">\n<h4>\ud83d\udcb3 Financijski dodaci:<\/h4>\n<ul style=\"list-style: none; padding-left: 0; font-size: 15px;\">\n<li><strong>\u2705 Elite2You kreditna kartica<\/strong> \u2013 s mjese\u010dnim limitom od 2.000 USD<\/li>\n<\/ul>\n<\/div>\n<p><!-- Magyar\u00e1z\u00f3 sz\u00f6veg narancss\u00e1rga s\u00e1vval --><\/p>\n<div style=\"background-color: #ffffff; padding: 20px 25px; margin-top: 20px; border-radius: 6px; border-left: 4px solid #ff9800;\">\n<p style=\"font-size: 13px; color: #555;\">*Nagrade se automatski aktiviraju kada ostvarite bruto prihod od 50.000 USD\/mjese\u010dno tijekom 6 mjeseci.<\/p>\n<p style=\"font-size: 13px; color: #555;\">Nema zasebne aplikacije, nema dodatnih tro\u0161kova \u2013 sustav ga prati i aktivira.<\/p>\n<p style=\"font-size: 13px; color: #555;\">\u26a0\ufe0f Ove darove morate iskoristiti unutar jedne godine. Ako ih ne iskoristite unutar jedne godine, bit \u0107e izgubljeni.<\/p>\n<p style=\"font-size: 13px; color: #555;\">\ud83e\udded <strong>Direktor naknada<\/strong> je tu da vam pomogne u tome. On je jedan od va\u0161ih najboljih prijatelja u Elite2You: rezervira ulaznice za koncerte, wellness vikende, prati kozmeti\u010dke usluge \u2013 i brine se da sve poklone primite u cijelosti.<\/p>\n<p style=\"font-size: 13px; color: #333;\">\u23e9 Ove nagrade \u0107ete primati sve dok ne dostignete Pro razinu, gdje morate ostvariti 100.000 USD prihoda mjese\u010dno.<\/p>\n<p>Nakon \u0161to dostignete ovu razinu, morate zavr\u0161iti Profesionalni te\u010daj za daljnji razvoj.<\/p>\n<\/div>\n<\/div>\n<p>[\/vc_column_text][\/vc_column][\/vc_row][vc_row][vc_column][vc_column_text css=\"\"]<\/p>\n<div style=\"text-align: center; margin-top: 30px;\"><a style=\"display: inline-block; background-color: #9c27b0; color: white; padding: 14px 32px; font-size: 16px; font-weight: 600; border-radius: 8px; text-decoration: none; box-shadow: 0 4px 12px rgba(0,0,0,0.15); transition: background-color 0.3s ease;\" href=\"https:\/\/elite2you.com\/courses\/halado-szint\/\" target=\"_blank\" rel=\"noopener\"><br \/>\nKupujem napredni te\u010daj odmah!<br \/>\n<\/a><\/div>\n<p>[\/vc_column_text][\/vc_column][\/vc_row]<\/p>\n<\/div>","protected":false},"excerpt":{"rendered":"<p>[vc_row][vc_column][vc_column_text] Dosezanje napredne razine zna\u010di da vi\u0161e niste po\u010detnik. Vi\u0161e ne u\u010dite samo osnove modeliranja, ve\u0107 ste aktivni sudionik u &hellip; <a href=\"https:\/\/elite2you.com\/hr\/napredni-tecaj\/\" class=\"more-link\">Continue reading <span class=\"screen-reader-text\">2. Napredni te\u010daj<\/span><\/a><\/p>\n","protected":false},"author":5,"featured_media":0,"parent":0,"menu_order":0,"comment_status":"closed","ping_status":"closed","template":"","meta":{"_monsterinsights_skip_tracking":false,"_monsterinsights_sitenote_active":false,"_monsterinsights_sitenote_note":"","_monsterinsights_sitenote_category":0,"footnotes":""},"class_list":["post-21508","page","type-page","status-publish","hentry"],"_links":{"self":[{"href":"https:\/\/elite2you.com\/hr\/wp-json\/wp\/v2\/pages\/21508","targetHints":{"allow":["GET"]}}],"collection":[{"href":"https:\/\/elite2you.com\/hr\/wp-json\/wp\/v2\/pages"}],"about":[{"href":"https:\/\/elite2you.com\/hr\/wp-json\/wp\/v2\/types\/page"}],"author":[{"embeddable":true,"href":"https:\/\/elite2you.com\/hr\/wp-json\/wp\/v2\/users\/5"}],"replies":[{"embeddable":true,"href":"https:\/\/elite2you.com\/hr\/wp-json\/wp\/v2\/comments?post=21508"}],"version-history":[{"count":5,"href":"https:\/\/elite2you.com\/hr\/wp-json\/wp\/v2\/pages\/21508\/revisions"}],"predecessor-version":[{"id":22466,"href":"https:\/\/elite2you.com\/hr\/wp-json\/wp\/v2\/pages\/21508\/revisions\/22466"}],"wp:attachment":[{"href":"https:\/\/elite2you.com\/hr\/wp-json\/wp\/v2\/media?parent=21508"}],"curies":[{"name":"wp","href":"https:\/\/api.w.org\/{rel}","templated":true}]}}