{"id":21520,"date":"2025-06-10T06:30:42","date_gmt":"2025-06-10T06:30:42","guid":{"rendered":"https:\/\/elite2you.com\/tecaj-za-pocetnike\/"},"modified":"2025-08-23T20:08:29","modified_gmt":"2025-08-23T20:08:29","slug":"tecaj-za-pocetnike","status":"publish","type":"page","link":"https:\/\/elite2you.com\/hr\/tecaj-za-pocetnike\/","title":{"rendered":"1. Po\u010detni te\u010daj"},"content":{"rendered":"<div class=\"wpb-content-wrapper\"><p>[vc_row][vc_column][vc_column_text]<\/p>\n<p data-pm-slice=\"1 1 []\"><span><strong>Prvi korak prema uspje\u0161noj karijeri modelinga: po\u010detna razina u Elite2You akademiji<\/strong><\/span><\/p>\n<p><span><strong>Dobrodo\u0161li na po\u010detni nivo!<\/strong><\/span><\/p>\n<p><span>Sudjelovanje u Elite2You Akademiji nije samo online te\u010daj, ve\u0107 osvije\u0161ten, korak-po-korak sustav koji vas vodi od osnova do me\u0111unarodne karijere digitalnog modelinga. Po\u010detni\u010dka razina je ulazna to\u010dka u ovaj sustav, prva slu\u017ebena stanica na putu koji \u0107e vam donijeti ne samo financijsku neovisnost, ve\u0107 i presti\u017e, priznanje i potpuno novi na\u010din \u017eivota. <\/span><\/p>\n<p><span><strong>\u0160to zna\u010di prije\u0107i na po\u010detnu razinu?<\/strong><\/span><\/p>\n<p><span>Po\u010detni stupanj namijenjen je ambicioznim modelima koji \u017eele zapo\u010deti svoju karijeru na najbolji mogu\u0107i na\u010din. Nije potrebno prethodno iskustvo ili prethodni uspjeh. Ako imate odlu\u010dnost, otvorenost za nove stvari i \u017eelite u\u010diti uz stru\u010dnu pomo\u0107, mo\u017eete po\u010deti ve\u0107 danas. <\/span><\/p>\n<p><span><strong>\u0160to je po\u010detni te\u010daj i \u0161to vam on daje?<\/strong><\/span><\/p>\n<p><span>Ovaj te\u010daj je osnovna obuka za online modeliranje. Ne\u0107ete dobiti samo teorijski materijal, ve\u0107 i vje\u017ebe, doma\u0107e zada\u0107e, demonstracijske videozapise, primjere i lekcije. <\/span><\/p>\n<p><span><strong>Za\u0161to je po\u010detna razina va\u017ena?<\/strong><\/span><\/p>\n<p><span>Jer se tu uspostavlja stav, profesionalni mentalitet i sustav bez kojeg nema pravog dugoro\u010dnog uspjeha. Ako ovu razinu shvatite ozbiljno, svaki sljede\u0107i korak bit \u0107e lak\u0161i. To je investicija koja \u0107e se po\u010deti ispla\u0107ivati \u200b\u200bu kratkom vremenu. <\/span><\/p>\n<p><span><strong>\u0160to o\u010dekujemo od vas?<\/strong><\/span><\/p>\n<ul data-spread=\"false\">\n<li><span>Redovito u\u010denje po tjednom rasporedu<\/span><\/li>\n<li><span>Dovr\u0161avanje zadataka produkcije sadr\u017eaja<\/span><\/li>\n<li><span>Ostanite u kontaktu sa svojim mentorom i kolegama koji rade s vama<\/span><\/li>\n<li><span>Uskla\u0111enost s minimalnom aktivacijom za po\u010detnu razinu<\/span><\/li>\n<\/ul>\n<p><span><strong>\u0160to se doga\u0111a nakon po\u010detne razine?<\/strong><\/span><\/p>\n<p><span>Ako zavr\u0161ite te\u010daj i po\u010dnete aktivno raditi prema na\u0161im uputama, automatski \u0107ete imati pravo<\/span> <span><strong>na prelazak na naprednu razinu<\/strong><\/span> <span>, gdje vas \u010deka vi\u0161a razina prihoda i novi darovi.<\/span><\/p>\n<p><span><strong>Zapamtite:<\/strong><\/span><span> Po\u010detni stupanj je savr\u0161en izbor za one koji tek po\u010dinju i ozbiljno razmi\u0161ljaju o karijeri u manekenstvu. Nemamo nikakva o\u010dekivanja osim entuzijazma, spremnosti na u\u010denje i ozbiljnog pristupa oblikovanju vlastitog \u017eivota. <\/span><\/p>\n<p><span>Ovo je prvi korak. Ovdje sve po\u010dinje. <\/span>[\/vc_column_text][\/vc_column][\/vc_row][vc_row][vc_column][vc_empty_space][vc_column_text]<\/p>\n<h2 style=\"text-align: center; margin-bottom: 30px;\">\u0160to odmah dobivate \u2013 i \u0161to mo\u017eete posti\u0107i<\/h2>\n<p>[\/vc_column_text][\/vc_column][\/vc_row][vc_row][vc_column width=\"1\/2&#8243;][vc_column_text css=\"\"]<\/p>\n<div style=\"border: 3px solid #9c27b0; border-radius: 12px; padding: 30px; background-color: #f9f9ff;\">\n<!-- Fejl\u00e9c --><\/p>\n<h3 style=\"font-size: 20px; color: #333;\">\ud83c\udf93 <strong>Te\u010daj za po\u010detnike<\/strong><\/h3>\n<div style=\"color: #777; font-size: 14px;\">Umjesto 990 USD<span style=\"margin-left: 8px;\">, sada samo<\/span><\/div>\n<h2 style=\"color: #9c27b0; font-size: 36px; margin-top: 10px;\">350 USD<\/h2>\n<p style=\"font-weight: bold; margin-bottom: 25px;\">U\u010dite i primajte vrhunske poklone od prvog koraka!<\/p>\n<p><!-- SZAKMAI MODULOK --><\/p>\n<div style=\"background-color: #ffffff; padding: 20px; border-left: 4px solid #9c27b0; border-radius: 6px; margin-bottom: 20px;\">\n<h4>\ud83d\udcd8 <strong>PROFESIONALNI MODULI:<\/strong><\/h4>\n<ul style=\"list-style: none; padding-left: 0;\">\n<li>\u2705 Njega ljepote<\/li>\n<li>\u2705 Kosa i njega kose<\/li>\n<li>\u2705 Manikura, pedikura<\/li>\n<li>\u2705 Odje\u0107a i donje rublje<\/li>\n<li>\u2705 Osnove stiliziranja<\/li>\n<li>\u2705 Nakit<\/li>\n<li>\u2705 Osnove feti\u0161a<\/li>\n<li>\u2705 Boudoir poze<\/li>\n<li>\u2705 Trikovi zavo\u0111enja<\/li>\n<li>\u2705 Fotografija<\/li>\n<\/ul>\n<\/div>\n<p><!-- \u00c9LETM\u00d3D --><\/p>\n<div style=\"background-color: #f0fff9; padding: 20px; border-left: 4px solid #4caf50; border-radius: 6px; margin-bottom: 20px;\">\n<h4>\ud83c\udf40 <strong>STIL \u017dIVOTA I OSOBNI RAZVOJ:<\/strong><\/h4>\n<ul style=\"list-style: none; padding-left: 0;\">\n<li>\u2705 Samorazvoj<\/li>\n<li>\u2705 Kondicija i zdravlje<\/li>\n<li>\u2705<\/li>\n<\/ul>\n<\/div>\n<p><!-- \u00dcZLETI --><\/p>\n<div style=\"background-color: #e8f5e9; padding: 20px; border-left: 4px solid #009688; border-radius: 6px; margin-bottom: 20px;\">\n<h4>\ud83d\udcbc <strong>POSLOVNA I PODUZETNI\u010cKA OBUKA:<\/strong><\/h4>\n<ul style=\"list-style: none; padding-left: 0;\">\n<li>\u2705 Financijsko znanje<\/li>\n<li>\u2705 Pravno znanje<\/li>\n<li>\u2705 Elite2Fans \u2013 kori\u0161tenje platforme i podr\u0161ka<\/li>\n<\/ul>\n<\/div>\n<p><!-- AJ\u00c1ND\u00c9KOK --><\/p>\n<div style=\"background-color: #fff7ed; padding: 20px; border-left: 4px solid #ff9800; border-radius: 6px;\">\n<h4>\ud83c\udf81 <strong>USLUGE I PODR\u0160KA ZA DARIVANJE:<\/strong><\/h4>\n<ul style=\"list-style: none; padding-left: 0;\">\n<li>\u2705 Portfolio fotografija<\/li>\n<li>\u2705 Komplet za vlogiranje po\u010detnika<\/li>\n<\/ul>\n<\/div>\n<p><!-- GOMB --><\/p>\n<div style=\"text-align: center; margin-top: 30px;\"><a style=\"display: inline-block; background-color: #9c27b0; color: white; padding: 14px 32px; font-size: 16px; font-weight: 600; border-radius: 8px; text-decoration: none; box-shadow: 0 4px 12px rgba(0,0,0,0.15); transition: background-color 0.3s ease;\" href=\"https:\/\/elite2you.com\/hr\/nasi-tecajevi\/\" target=\"_blank\" rel=\"noopener\"><br \/>\nKupit \u0107u to!<br \/>\n<\/a><\/div>\n<\/div>\n<p>[\/vc_column_text][\/vc_column][vc_column width=\"1\/2&#8243;][vc_column_text]<\/p>\n<div style=\"background-color: #f9f9f9; padding: 30px; border-radius: 16px; font-family: sans-serif; max-width: 900px; margin: 0 auto;\">\n<h2 style=\"color: #c09b6c; text-align: center;\">\ud83d\udfe1 1. Po\u010detni nivo<\/h2>\n<p style=\"font-size: 16px; line-height: 1.6; text-align: center;\">Kupili ste te\u010daj, \u0161to zna\u010di da ste u\u0161li na po\u010detnu razinu. Stigli ste do prvog koraka <strong>svoje Elite2You modeling karijere<\/strong> , gdje vas pripremamo za uspje\u0161an rad u digitalnom modelingu i pru\u017eamo osnovne usluge koje su vam potrebne za po\u010detak.<\/p>\n<h3 style=\"color: #444; margin-top: 30px;\">\ud83c\udfaf \u0160to nudimo na ovoj razini:<\/h3>\n<ul style=\"line-height: 1.8; padding-left: 20px;\">\n<li>Profesionalna izrada profila i kreiranje strukture profila<\/li>\n<li>Upravljanje dru\u0161tvenim mre\u017eama i razvoj strategije sadr\u017eaja<\/li>\n<li>Upravljanje odnosima s klijentima i upravljanje komunikacijom s obo\u017eavateljima<\/li>\n<li>Izgradnja i razvoj brenda za dugoro\u010dni uspjeh<\/li>\n<li>Svakodnevni kontakt i stalno mentorstvo<\/li>\n<li>Upravljanje bankovnim ra\u010dunima i financijska administracija<\/li>\n<\/ul>\n<h3 style=\"color: #444; margin-top: 30px;\">\ud83c\udf81 \u0160to dobivate na ovoj razini:<\/h3>\n<ul style=\"line-height: 1.8; padding-left: 20px;\">\n<li><strong>1 besplatno fotografiranje portfolija<\/strong><\/li>\n<li><strong>1 po\u010detni paket za vlog<\/strong><\/li>\n<\/ul>\n<h3 style=\"color: #444; margin-top: 30px;\">\ud83d\udcb5 Koliki prihod mo\u017eete o\u010dekivati \u200b\u200bna studentskoj razini?<\/h3>\n<p style=\"line-height: 1.6;\">Ostat \u0107ete u ovom statusu <strong>sve dok va\u0161 mjese\u010dni bruto prihod ne dosegne 10.000 USD<\/strong> . Za mjese\u010dni bruto <strong>prihod izme\u0111u 0 i 10.000 USD<\/strong> vrijede sljede\u0107i uvjeti:<\/p>\n<h3 style=\"color: #444; margin-top: 30px;\">\ud83d\udcca Podaci o prihodima:<\/h3>\n<ul style=\"line-height: 1.8; padding-left: 20px;\">\n<li>Platforma <strong>OnlyFans<\/strong> uzima proviziju od 20% na sav prihod<\/li>\n<li>Bankovne i transferne naknade se odbijaju, ostavljaju\u0107i vam 78%. Na temelju tr\u017ei\u0161nih trendova, tih 78% dijelite sa svojom agencijom u omjeru 50-50, \u0161to zna\u010di da je 50% va\u0161e, a 50% agencija s kojom sura\u0111ujete.<\/li>\n<li>Platforma <strong>Elite2Fans<\/strong> <strong>odbija samo 16%<\/strong> , dakle:\n<ul style=\"padding-left: 20px;\">\n<li><strong>+4% vi\u0161e novca<\/strong> nakon svakog sadr\u017eaja<\/li>\n<li><strong>54% va\u0161eg neto prihoda je va\u0161e<\/strong> \u2013 nakon svake prodaje!<\/li>\n<\/ul>\n<\/li>\n<\/ul>\n<h3 style=\"color: #444; margin-top: 30px;\">\ud83d\ude80 Cilj:<\/h3>\n<p style=\"line-height: 1.6;\">\u0160to br\u017ee ostvarite svoj prvi prihod od 10.000 USD, gdje mo\u017eete odlu\u010diti ho\u0107ete li prije\u0107i na naprednu razinu ili ostati na po\u010detnoj razini i odr\u017eavati prihod iznad 10.000 USD devet mjeseci, uz koje \u0107ete automatski primati <strong>na\u0161e ekskluzivne poklone, te gdje vas o\u010dekuju dodatne premium usluge i dodatne mogu\u0107nosti<\/strong> .<\/p>\n<\/div>\n<p>[\/vc_column_text][\/vc_column][\/vc_row][vc_row][vc_column][vc_cta h2=\"Ne zaboravi!\" css=\"\"]<\/p>\n<p data-start=\"77\" data-end=\"113\">\ud83c\udf93 <strong data-start=\"80\" data-end=\"113\">Ne propustite! Sad ili nikad! <\/strong><\/p>\n<p data-start=\"115\" data-end=\"285\">Ovaj te\u010daj nije samo alat za u\u010denje \u2013 to je prilika da po\u010dnete \u017eivjeti \u017eivot svojih snova!<br data-start=\"205\" data-end=\"208\">A sada ga mo\u017eete dobiti <em data-start=\"216\" data-end=\"242\">uz izvanredan popust<\/em> , ali samo <strong data-start=\"263\" data-end=\"284\">ograni\u010deno vrijeme<\/strong> !<\/p>\n<p data-start=\"287\" data-end=\"426\">\ud83d\udca5 <strong data-start=\"290\" data-end=\"328\">Sni\u017eena cijena uskoro isti\u010de!<\/strong><br data-start=\"328\" data-end=\"331\">Iskoristite ga sada dok je jo\u0161 dostupan \u2013 jer \u0107ete ga nakon toga mo\u0107i kupiti samo po punoj cijeni.<\/p>\n<p data-start=\"428\" data-end=\"604\">\u2705 Ako ste ikada razmi\u0161ljali o odva\u017enom potezu, <strong data-start=\"473\" data-end=\"500\">ovo je savr\u0161en trenutak<\/strong> .<br data-start=\"501\" data-end=\"504\">\u2705 Ako osje\u0107ate da ne\u0107e biti bolje ponude od ove \u2013 <strong>u pravu ste.<\/strong><br data-start=\"561\" data-end=\"564\">\u2705 Ako \u017eelite promjenu \u2013 <strong>ona po\u010dinje ovdje<\/strong> .<\/p>\n<p data-start=\"606\" data-end=\"742\"><strong data-start=\"606\" data-end=\"622\">Ne odga\u0111ajte!<\/strong> Va\u0161a budu\u0107nost je sada \u2013 i samo ste jedan klik udaljeni.<br data-start=\"679\" data-end=\"682\">\ud83d\udc49 <strong><em data-start=\"685\" data-end=\"742\">Kupite te\u010daj sada prije nego \u0161to rasprodaja zavr\u0161i!<\/em><\/strong><\/p>\n<p><!-- GOMB --><\/p>\n<div style=\"text-align: center; margin-top: 30px;\"><a style=\"display: inline-block; background-color: #9c27b0; color: white; padding: 14px 32px; font-size: 16px; font-weight: 600; border-radius: 8px; text-decoration: none; box-shadow: 0 4px 12px rgba(0,0,0,0.15); transition: background-color 0.3s ease;\" href=\"https:\/\/elite2you.com\/hr\/nasi-tecajevi\/\" target=\"_blank\" rel=\"noopener\"><br \/>\nKupit \u0107u to!<br \/>\n<\/a><\/div>\n<p>[\/vc_cta][\/vc_column][\/vc_row][vc_row][vc_column][vc_cta h2=\"Ali, imamo dobre vijesti!\" css=\"\"]<\/p>\n<h3 data-start=\"240\" data-end=\"285\">\ud83c\udf93 Dostupno odmah. Pla\u0107anje u ratama.<\/h3>\n<p data-start=\"287\" data-end=\"406\">Ve\u0107 znate da je ovaj program za vas.<br data-start=\"332\" data-end=\"335\">Pitanje nije <strong data-start=\"357\" data-end=\"369\">isplati li se<\/strong> , ve\u0107 <strong data-start=\"386\" data-end=\"405\">kada po\u010deti<\/strong> .<\/p>\n<p data-start=\"408\" data-end=\"424\">I za\u0161to bi \u010dekao\/\u010dekala?<\/p>\n<p data-start=\"426\" data-end=\"561\">\ud83d\udcb3 <strong data-start=\"429\" data-end=\"471\">Sada dostupno na rate<\/strong> \u2013 kako vas jednokratna uplata ne bi sputavala u ostvarivanju onoga \u0161to ste zapravo odavno zaslu\u017eili.<\/p>\n<hr data-start=\"563\" data-end=\"566\">\n<h3 data-start=\"568\" data-end=\"594\">\u2705 \u0160to vam ovo zna\u010di?<\/h3>\n<p data-start=\"595\" data-end=\"770\">\u2013 Ne morate \u010dekati sljede\u0107u pla\u0107u<br data-start=\"636\" data-end=\"639\">\u2013 Mo\u017eete po\u010deti danas i u bilo koje vrijeme, \u010dak i <strong data-start=\"667\" data-end=\"700\">pla\u0107anjem malog iznosa svaki mjesec<\/strong><br data-start=\"700\" data-end=\"703\">\u2013 Mo\u017eete se razvijati bez optere\u0107enja nov\u010danika<\/p>\n<hr data-start=\"772\" data-end=\"775\">\n<p><strong>Kako to funkcionira?<\/strong><\/p>\n<p>Po\u010detni te\u010daj podijelili smo na \u0161est jednakih dijelova, tako da te\u010daj mo\u017eete kupiti u 6 mjese\u010dnih rata!<\/p>\n<p>Pla\u0107anje na rate je na vama! Kupite kada \u017eelite, redoslijed je klju\u010dan!<\/p>\n<p><strong>1. Prva rata:<\/strong> Portfolio fotografija \u2013 90 USD<br \/>\n<strong>2. Druga rata:<\/strong> Fotografske vje\u0161tine \u2013 90 USD<br \/>\n<strong>3. Tre\u0107i dio:<\/strong> Vodi\u010d za izgradnju sustava pretplate \u2013 90 USD<br \/>\n<strong>4. \u010cetvrti dio:<\/strong> Ljepota, \u0161minka \u2013 90 USD<br \/>\n<strong>5. Peti dio<\/strong> : Stilist, \u2013 90 USD<br \/>\n<strong>6. \u0160esta rata:<\/strong> Poslovanje \u2013 90 USD<\/p>\n<p>Nakon \u0161to ste kupili sve module te\u010daja, mo\u017eete nastaviti kao da ste cijenu te\u010daja platili odjednom!<\/p>\n<hr data-start=\"772\" data-end=\"775\">\n<h3 style=\"text-align: center;\" data-start=\"777\" data-end=\"810\">\ud83d\udca1 Odlu\u010dite mudro, nemojte odugovla\u010diti!<\/h3>\n<p style=\"text-align: center;\" data-start=\"811\" data-end=\"874\">Ovo znanje mo\u017ee biti va\u0161e ve\u0107 danas \u2013 <strong data-start=\"841\" data-end=\"873\">sada uz pristupa\u010dnu mjese\u010dnu naknadu<\/strong> .<\/p>\n<hr data-start=\"876\" data-end=\"879\">\n<!-- GOMB --><\/p>\n<div style=\"text-align: center; margin-top: 30px;\"><a style=\"display: inline-block; background-color: #9c27b0; color: white; padding: 14px 32px; font-size: 16px; font-weight: 600; border-radius: 8px; text-decoration: none; box-shadow: 0 4px 12px rgba(0,0,0,0.15); transition: background-color 0.3s ease;\" href=\"https:\/\/elite2you.com\/hr\/nasi-tecajevi\/\" target=\"_blank\" rel=\"noopener\"><br \/>\nU\u010dlanit \u0107u se odmah i pla\u0107ati u ratama.<br \/>\n<\/a><\/div>\n<p>[\/vc_cta][\/vc_column][\/vc_row][vc_row][vc_column][vc_column_text css=\"\"]<\/p>\n<div style=\"border: 3px solid #9c27b0; border-radius: 12px; padding: 30px; background-color: #f9f9ff;\">\n<h3 style=\"font-size: 20px; color: #333;\">\ud83d\udc8e <strong>PROGRAM NAGRA\u0110IVANJA<\/strong> VEZANO ZA TE\u010cAJ<\/h3>\n<p style=\"margin-bottom: 15px;\">Nakon zavr\u0161etka po\u010detnog te\u010daja, mo\u017eete zapo\u010deti svoju karijeru modela na temelju onoga \u0161to ste tamo nau\u010dili. Cilj je aktivno koristiti ste\u010deno znanje i dosljednim radom ostvariti bruto mjese\u010dni prihod od <strong>10.000 USD<\/strong> .<\/p>\n<p>Ako ovu razinu odr\u017eite najmanje <strong>9 uzastopnih mjeseci<\/strong> , automatski \u0107ete imati pravo na sljede\u0107e ekskluzivne premium nagrade:<\/p>\n<p><!-- \ud83c\udf81 Alap aj\u00e1nd\u00e9kmodulok --><\/p>\n<div style=\"background-color: #ffffff; padding: 20px 25px; margin-top: 20px; border-radius: 6px; border-left: 4px solid #9c27b0;\">\n<h4 style=\"margin-top: 0;\">\ud83c\udf81 Osnovni poklon paket:<\/h4>\n<ul style=\"list-style: none; padding-left: 0; font-size: 15px;\">\n<li>\u2705 Besplatno fotografiranje portfelja za vas<\/li>\n<li>\u2705 Po\u010detni paket za vlog<\/li>\n<li>\u2705 Mo\u017eete birati besplatno iz na\u0161e web trgovine*<\/li>\n<\/ul>\n<\/div>\n<p><!-- \ud83e\uddfe \u00dczleti t\u00e1mogat\u00e1s --><\/p>\n<div style=\"background-color: #ffffff; padding: 20px 25px; margin-top: 20px; border-radius: 6px; border-left: 4px solid #4caf50;\">\n<h4>\ud83d\udcca Poslovna podr\u0161ka:<\/h4>\n<ul style=\"list-style: none; padding-left: 0; font-size: 15px;\">\n<li>\u2705 Osnivanje tvrtke za vas<\/li>\n<li>\u2705 Besplatna usluga lokacije<\/li>\n<li>\u2705 Upravljanje bankovnim ra\u010dunom<\/li>\n<li>\u2705 Optimizacija ra\u010dunovodstva i poreza za va\u0161u tvrtku<\/li>\n<\/ul>\n<\/div>\n<p><!-- \ud83c\udfe5 Biztons\u00e1gi \u00e9s eg\u00e9szs\u00e9g\u00fcgyi modul --><\/p>\n<div style=\"background-color: #ffffff; padding: 20px 25px; margin-top: 20px; border-radius: 6px; border-left: 4px solid #009688;\">\n<h4>\ud83c\udfe5 Modul zdravlja i sigurnosti:<\/h4>\n<ul style=\"list-style: none; padding-left: 0; font-size: 15px;\">\n<li>\u2705 Zdravstveno i \u017eivotno osiguranje za vas<\/li>\n<li>\u2705 Platite svoj mjese\u010dni telefonski ra\u010dun*<\/li>\n<li>\u2705 Potpuna uplata osiguranja va\u0161eg automobila<\/li>\n<\/ul>\n<\/div>\n<p><!-- \ud83d\udc85 Beauty & lifestyle modul --><\/p>\n<div style=\"background-color: #ffffff; padding: 20px 25px; margin-top: 20px; border-radius: 6px; border-left: 4px solid #ff69b4;\">\n<h4>\ud83d\udc85 Ljepota i stil \u017eivota:<\/h4>\n<ul style=\"list-style: none; padding-left: 0; font-size: 15px;\">\n<li>\u2705 1 frizerska i kozmeti\u010dka usluga tjedno<\/li>\n<li>\u2705 Manikura i pedikura jednom tjedno<\/li>\n<li>\u2705 Ru\u017e za usne po mjeri samo za vas<\/li>\n<li>\u2705 1 wellness vikend za 2 osobe<\/li>\n<\/ul>\n<\/div>\n<p><!-- \ud83c\udf9f\ufe0f Esem\u00e9nyek & \u00e9lm\u00e9nycsomag --><\/p>\n<div style=\"background-color: #ffffff; padding: 20px 25px; margin-top: 20px; border-radius: 6px; border-left: 4px solid #03a9f4;\">\n<h4>\ud83c\udf9f\ufe0f Doga\u0111aji i do\u017eivljaji:<\/h4>\n<ul style=\"list-style: none; padding-left: 0; font-size: 15px;\">\n<li>\u2705 Poziv na Tjedan mode u Milanu<\/li>\n<li>\u2705 Festivalska ulaznica za 2 osobe<\/li>\n<\/ul>\n<\/div>\n<p><!-- \ud83d\udd25 Erotika & kreat\u00edv modul --><\/p>\n<div style=\"background-color: #ffffff; padding: 20px 25px; margin-top: 20px; border-radius: 6px; border-left: 4px solid #e91e63;\">\n<h4>\ud83d\udd25 Te\u010dajevi erotike i kreativnosti:<\/h4>\n<ul style=\"list-style: none; padding-left: 0; font-size: 15px;\">\n<li>\u2705 Te\u010daj erotskog plesa i striptiza<\/li>\n<li>\u2705 Te\u010daj erotske masa\u017ee<\/li>\n<li>\u2705 Besplatno golo fotografiranje<\/li>\n<\/ul>\n<\/div>\n<p><!-- \ud83d\udcb3 P\u00e9nz\u00fcgyi extra juttat\u00e1s --><\/p>\n<div style=\"background-color: #ffffff; padding: 20px 25px; margin-top: 20px; border-radius: 6px; border-left: 4px solid #673ab7;\">\n<h4>\ud83d\udcb3 Financijski dodaci:<\/h4>\n<ul style=\"list-style: none; padding-left: 0; font-size: 15px;\">\n<li><strong>\u2705 Elite2You kreditna kartica<\/strong> \u2013 s mjese\u010dnim limitom od<\/li>\n<li>\u20ac 250<\/li>\n<\/ul>\n<\/div>\n<p><!-- Magyar\u00e1z\u00f3 sz\u00f6veg narancss\u00e1rga s\u00e1vval --><\/p>\n<div style=\"background-color: #ffffff; padding: 20px 25px; margin-top: 20px; border-radius: 6px; border-left: 4px solid #ff9800;\">\n<p style=\"font-size: 13px; color: #555;\">*Nagrade se automatski aktiviraju kada ostvarite bruto mjese\u010dni prihod od 10.000 USD tijekom 9 mjeseci.<\/p>\n<p style=\"font-size: 13px; color: #555;\">Nema zasebne aplikacije, nema dodatnih tro\u0161kova \u2013 sustav ga prati i aktivira.<\/p>\n<p style=\"font-size: 13px; color: #555;\">\u26a0\ufe0f Ove darove morate iskoristiti unutar jedne godine. Ako ih ne iskoristite unutar jedne godine, bit \u0107e izgubljeni.<\/p>\n<p style=\"font-size: 13px; color: #555;\">\ud83e\udded <strong>Direktor naknada<\/strong> je tu da vam pomogne u tome. On je jedan od va\u0161ih najboljih prijatelja u Elite2You: rezervira ulaznice za koncerte, wellness vikende, prati kozmeti\u010dke usluge \u2013 i brine se da sve poklone primite u cijelosti.<\/p>\n<p style=\"font-size: 13px; color: #333;\">\u23e9 Ove nagrade \u0107ete primati sve dok ne dostignete naprednu razinu, gdje morate zaraditi 50.000 USD mjese\u010dno.<\/p>\n<p>Nakon \u0161to dostignete ovu razinu, morate zavr\u0161iti Napredni te\u010daj za daljnji razvoj.<\/p><\/div>\n<\/div>\n<p>[\/vc_column_text][\/vc_column][\/vc_row][vc_row][vc_column][vc_column_text]<!-- GOMB --><\/p>\n<div style=\"text-align: center; margin-top: 30px;\"><a style=\"display: inline-block; background-color: #9c27b0; color: white; padding: 14px 32px; font-size: 16px; font-weight: 600; border-radius: 8px; text-decoration: none; box-shadow: 0 4px 12px rgba(0,0,0,0.15); transition: background-color 0.3s ease;\" href=\"https:\/\/elite2you.com\/courses\/kezdo-kurzus\/\" target=\"_blank\" rel=\"noopener\"><br \/>\nIdem odmah kupiti po\u010detni\u010dki te\u010daj!<br \/>\n<\/a><\/div>\n<p>[\/vc_column_text][\/vc_column][\/vc_row]<\/p>\n<\/div>","protected":false},"excerpt":{"rendered":"<p>[vc_row][vc_column][vc_column_text] Prvi korak prema uspje\u0161noj karijeri modelinga: po\u010detna razina u Elite2You akademiji Dobrodo\u0161li na po\u010detni nivo! Sudjelovanje u Elite2You Akademiji &hellip; <a href=\"https:\/\/elite2you.com\/hr\/tecaj-za-pocetnike\/\" class=\"more-link\">Continue reading <span class=\"screen-reader-text\">1. Po\u010detni te\u010daj<\/span><\/a><\/p>\n","protected":false},"author":5,"featured_media":0,"parent":0,"menu_order":0,"comment_status":"closed","ping_status":"closed","template":"","meta":{"_monsterinsights_skip_tracking":false,"_monsterinsights_sitenote_active":false,"_monsterinsights_sitenote_note":"","_monsterinsights_sitenote_category":0,"footnotes":""},"class_list":["post-21520","page","type-page","status-publish","hentry"],"_links":{"self":[{"href":"https:\/\/elite2you.com\/hr\/wp-json\/wp\/v2\/pages\/21520","targetHints":{"allow":["GET"]}}],"collection":[{"href":"https:\/\/elite2you.com\/hr\/wp-json\/wp\/v2\/pages"}],"about":[{"href":"https:\/\/elite2you.com\/hr\/wp-json\/wp\/v2\/types\/page"}],"author":[{"embeddable":true,"href":"https:\/\/elite2you.com\/hr\/wp-json\/wp\/v2\/users\/5"}],"replies":[{"embeddable":true,"href":"https:\/\/elite2you.com\/hr\/wp-json\/wp\/v2\/comments?post=21520"}],"version-history":[{"count":9,"href":"https:\/\/elite2you.com\/hr\/wp-json\/wp\/v2\/pages\/21520\/revisions"}],"predecessor-version":[{"id":22463,"href":"https:\/\/elite2you.com\/hr\/wp-json\/wp\/v2\/pages\/21520\/revisions\/22463"}],"wp:attachment":[{"href":"https:\/\/elite2you.com\/hr\/wp-json\/wp\/v2\/media?parent=21520"}],"curies":[{"name":"wp","href":"https:\/\/api.w.org\/{rel}","templated":true}]}}