{"id":21526,"date":"2025-06-08T14:46:05","date_gmt":"2025-06-08T14:46:05","guid":{"rendered":"https:\/\/elite2you.com\/nasi-tecajevi\/"},"modified":"2025-06-08T14:46:05","modified_gmt":"2025-06-08T14:46:05","slug":"nasi-tecajevi","status":"publish","type":"page","link":"https:\/\/elite2you.com\/hr\/nasi-tecajevi\/","title":{"rendered":"Na\u0161i te\u010dajevi"},"content":{"rendered":"<h2 data-start=\"182\" data-end=\"246\"><\/h2>\n<h2 style=\"text-align: center;\" data-start=\"182\" data-end=\"246\">\ud83d\udc51 Slu\u017ebeni te\u010dajevi programa obuke Digitalna bo\u017eica<\/h2>\n<p style=\"text-align: center;\" data-start=\"247\" data-end=\"347\">U\u010dite se, razvijajte se i istaknite se iz mase \u2013 kako biste do kraja te\u010dajeva zaista bili:<\/p>\n<h3 style=\"text-align: center;\" data-start=\"247\" data-end=\"347\">Budi digitalna bo\u017eica!<\/h3>\n","protected":false},"excerpt":{"rendered":"<p>\ud83d\udc51 Slu\u017ebeni te\u010dajevi programa obuke Digitalna bo\u017eica U\u010dite se, razvijajte se i istaknite se iz mase \u2013 kako biste do &hellip; <a href=\"https:\/\/elite2you.com\/hr\/nasi-tecajevi\/\" class=\"more-link\">Continue reading <span class=\"screen-reader-text\">Na\u0161i te\u010dajevi<\/span><\/a><\/p>\n","protected":false},"author":5,"featured_media":0,"parent":0,"menu_order":0,"comment_status":"closed","ping_status":"closed","template":"","meta":{"_monsterinsights_skip_tracking":false,"_monsterinsights_sitenote_active":false,"_monsterinsights_sitenote_note":"","_monsterinsights_sitenote_category":0,"footnotes":""},"class_list":["post-21526","page","type-page","status-publish","hentry"],"_links":{"self":[{"href":"https:\/\/elite2you.com\/hr\/wp-json\/wp\/v2\/pages\/21526","targetHints":{"allow":["GET"]}}],"collection":[{"href":"https:\/\/elite2you.com\/hr\/wp-json\/wp\/v2\/pages"}],"about":[{"href":"https:\/\/elite2you.com\/hr\/wp-json\/wp\/v2\/types\/page"}],"author":[{"embeddable":true,"href":"https:\/\/elite2you.com\/hr\/wp-json\/wp\/v2\/users\/5"}],"replies":[{"embeddable":true,"href":"https:\/\/elite2you.com\/hr\/wp-json\/wp\/v2\/comments?post=21526"}],"version-history":[{"count":0,"href":"https:\/\/elite2you.com\/hr\/wp-json\/wp\/v2\/pages\/21526\/revisions"}],"wp:attachment":[{"href":"https:\/\/elite2you.com\/hr\/wp-json\/wp\/v2\/media?parent=21526"}],"curies":[{"name":"wp","href":"https:\/\/api.w.org\/{rel}","templated":true}]}}