{"id":21534,"date":"2025-05-02T11:32:21","date_gmt":"2025-05-02T11:32:21","guid":{"rendered":"https:\/\/elite2you.com\/karijera\/"},"modified":"2025-08-24T21:44:04","modified_gmt":"2025-08-24T21:44:04","slug":"karijera","status":"publish","type":"page","link":"https:\/\/elite2you.com\/hr\/karijera\/","title":{"rendered":"Karijera"},"content":{"rendered":"<div class=\"wpb-content-wrapper\"><p>[vc_row][vc_column][vc_column_text css=\"\"]<\/p>\n<h2 class=\"\" style=\"text-align: center;\" data-start=\"314\" data-end=\"366\"><strong data-start=\"317\" data-end=\"366\">Pridru\u017eite se Elite2You timu!<\/strong><\/h2>\n<h3 class=\"\" style=\"text-align: center;\" data-start=\"368\" data-end=\"418\">Zajedno gradimo digitalni model svijeta budu\u0107nosti.<\/h3>\n<p class=\"\" data-start=\"420\" data-end=\"816\">Elite2You nije samo modna agencija \u2013 mi smo moderan, edukativan i me\u0111unarodni digitalni brend koji revolucionira stvaranje sadr\u017eaja, izgradnju karijere i online prisutnost. Tra\u017eimo predane, kreativne i pouzdane zaposlenike koji se ne boje razmi\u0161ljati, u\u010diti i preuzeti odgovornost u brzorastu\u0107em brendu da se pridru\u017ee na\u0161em stalno rastu\u0107em timu.<\/p>\n<hr class=\"\" data-start=\"818\" data-end=\"821\" \/>\n<h3 class=\"\" data-start=\"823\" data-end=\"842\">Koga tra\u017eimo?<\/h3>\n<p class=\"\" data-start=\"844\" data-end=\"870\"><strong data-start=\"844\" data-end=\"870\">Ljudi koji:<\/strong><\/p>\n<ul data-start=\"871\" data-end=\"1141\">\n<li class=\"\" data-start=\"871\" data-end=\"937\">\n<p class=\"\" data-start=\"873\" data-end=\"937\">vjeruju u digitalnu budu\u0107nost i mo\u0107 osobnog brendiranja,<\/p>\n<\/li>\n<li class=\"\" data-start=\"938\" data-end=\"999\">\n<p class=\"\" data-start=\"940\" data-end=\"999\">sposobni su raditi samostalno, ali i razmi\u0161ljati u timu,<\/p>\n<\/li>\n<li class=\"\" data-start=\"1000\" data-end=\"1091\">\n<p class=\"\" data-start=\"1002\" data-end=\"1091\">vole organizaciju, komunikaciju s ljudima ili stvaranje kreativnog sadr\u017eaja,<\/p>\n<\/li>\n<li class=\"\" data-start=\"1092\" data-end=\"1141\">\n<p class=\"\" data-start=\"1094\" data-end=\"1141\">precizni su, pouzdani i otvoreni za razvoj.<\/p>\n<\/li>\n<\/ul>\n<p class=\"\" data-start=\"1143\" data-end=\"1177\"><strong data-start=\"1143\" data-end=\"1177\">Na primjer, u sljede\u0107im podru\u010djima:<\/strong><\/p>\n<ul data-start=\"1178\" data-end=\"1557\">\n<li class=\"\" data-start=\"1178\" data-end=\"1230\">\n<p class=\"\" data-start=\"1180\" data-end=\"1230\">Moderator sadr\u017eaja \/ Asistent za odnose s klijentima<\/p>\n<\/li>\n<li class=\"\" data-start=\"1231\" data-end=\"1286\">\n<p class=\"\" data-start=\"1233\" data-end=\"1286\">Voditelj dru\u0161tvenih mre\u017ea (Instagram, TikTok, Twitter)<\/p>\n<\/li>\n<li class=\"\" data-start=\"1287\" data-end=\"1323\">\n<p class=\"\" data-start=\"1289\" data-end=\"1323\">Upravitelj ra\u010duna OnlyFans\/Elite2Fans (backoffice)<\/p>\n<\/li>\n<li class=\"\" data-start=\"1324\" data-end=\"1369\">\n<p class=\"\" data-start=\"1326\" data-end=\"1369\">Urednik edukativnih materijala \/ video urednik<\/p>\n<\/li>\n<li class=\"\" data-start=\"1370\" data-end=\"1426\">\n<p class=\"\" data-start=\"1372\" data-end=\"1426\">Prevoditelj za engleski ili neki drugi strani jezik, administrator<\/p>\n<\/li>\n<li class=\"\" data-start=\"1427\" data-end=\"1497\">\n<p class=\"\" data-start=\"1429\" data-end=\"1497\">Voditelj ugovora \/ pravna podr\u0161ka (nije potrebna pravna diploma)<\/p>\n<\/li>\n<li class=\"\" data-start=\"1498\" data-end=\"1530\">\n<p class=\"\" data-start=\"1500\" data-end=\"1530\">Pomo\u0107nik voditelja projekta<\/p>\n<\/li>\n<li class=\"\" data-start=\"1531\" data-end=\"1557\">\n<p class=\"\" data-start=\"1533\" data-end=\"1557\">Izvr\u0161ni asistent<\/p>\n<\/li>\n<li data-start=\"1531\" data-end=\"1557\">Tajnica<\/li>\n<\/ul>\n<hr class=\"\" data-start=\"1559\" data-end=\"1562\" \/>\n<h3 class=\"\" data-start=\"1564\" data-end=\"1581\">\u0160to nudimo<\/h3>\n<ul data-start=\"1583\" data-end=\"1900\">\n<li class=\"\" data-start=\"1583\" data-end=\"1657\">\n<p class=\"\" data-start=\"1585\" data-end=\"1657\"><strong data-start=\"1585\" data-end=\"1624\">Fleksibilan rad od ku\u0107e<\/strong> , puno ili nepuno radno vrijeme<\/p>\n<\/li>\n<li class=\"\" data-start=\"1658\" data-end=\"1714\">\n<p class=\"\" data-start=\"1660\" data-end=\"1714\"><strong data-start=\"1660\" data-end=\"1689\">Mlad, podr\u017eavaju\u0107i tim<\/strong> i mogu\u0107nosti razvoja<\/p>\n<\/li>\n<li class=\"\" data-start=\"1715\" data-end=\"1755\">\n<p class=\"\" data-start=\"1717\" data-end=\"1755\"><strong data-start=\"1717\" data-end=\"1753\">Konkurentna pla\u0107a i bonusi<\/strong><\/p>\n<\/li>\n<li class=\"\" data-start=\"1756\" data-end=\"1794\">\n<p class=\"\" data-start=\"1758\" data-end=\"1794\">Obuka i kontinuirano mentorstvo<\/p>\n<\/li>\n<li class=\"\" data-start=\"1795\" data-end=\"1847\">\n<p class=\"\" data-start=\"1797\" data-end=\"1847\">Pravi doprinos brendiranju i kampanjama<\/p>\n<\/li>\n<li class=\"\" data-start=\"1848\" data-end=\"1900\">\n<p class=\"\" data-start=\"1850\" data-end=\"1900\">Mogu\u0107nost sudjelovanja u me\u0111unarodnim projektima<\/p>\n<\/li>\n<\/ul>\n<p>&nbsp;<\/p>\n<h2 style=\"text-align: center;\">Pogledajte na\u0161e op\u0107e informacije u nastavku:<\/h2>\n<p style=\"text-align: center;\"><iframe loading=\"lazy\" title=\"YouTube video player\" src=\"https:\/\/www.youtube.com\/embed\/NHi9s1eS1zI?si=bhadIpQY1ih2ii6E\" width=\"980\" height=\"615\" frameborder=\"0\" allowfullscreen=\"allowfullscreen\"><\/iframe><\/p>\n<hr class=\"\" data-start=\"1902\" data-end=\"1905\" \/>\n<h3 class=\"\" data-start=\"1907\" data-end=\"1933\">Kako se mo\u017eete prijaviti?<\/h3>\n<p class=\"\" data-start=\"1935\" data-end=\"2172\">U nekoliko re\u010denica napi\u0161ite <strong data-start=\"1963\" data-end=\"1980\">u \u010demu ste dobri<\/strong> , <strong data-start=\"1982\" data-end=\"2021\">u kojem podru\u010dju biste \u017eeljeli raditi<\/strong> i <strong data-start=\"2026\" data-end=\"2065\">koliko vremena biste tome mogli posvetiti svaki tjedan<\/strong> .<br data-start=\"2066\" data-end=\"2069\" \/>Zatim prilo\u017eite kratki \u017eivotopis (ili LinkedIn profil) i po\u0161aljite nam ga na sljede\u0107u adresu e-po\u0161te:<\/p>\n<p class=\"\" data-start=\"2174\" data-end=\"2202\">\ud83d\udce7 <strong><a class=\"cursor-pointer\" rel=\"noopener\" data-start=\"2179\" data-end=\"2200\">info@elite2you.com<\/a><\/strong><\/p>\n<p class=\"\" data-start=\"2204\" data-end=\"2250\">Predmet: <strong data-start=\"2211\" data-end=\"2250\">Prijava \u2013 [naziv radnog mjesta]<\/strong><\/p>\n<hr class=\"\" data-start=\"2252\" data-end=\"2255\" \/>\n<h3 class=\"\" data-start=\"2257\" data-end=\"2347\">S nama ne morate biti &#8220;savr\u0161eni\" \u2013 samo entuzijasti\u010dni, pouzdani i otvoreni.<\/h3>\n<p class=\"\" data-start=\"2348\" data-end=\"2456\">Ako osje\u0107ate da biste \u017eeljeli raditi za rastu\u0107i, premium brend, <strong data-start=\"2434\" data-end=\"2456\">slobodno se prijavite!<\/strong><\/p>\n<p>&nbsp;<\/p>\n<h2 style=\"text-align: center;\" data-start=\"2348\" data-end=\"2456\">Ispunite donji obrazac:<\/h2>\n<p>[\/vc_column_text][\/vc_column][\/vc_row][vc_row][vc_column][vc_column_text css=\"\"]<iframe id=\"JotFormIFrame-252356670840358\" title=\"CV Application Form\" onload=\"window.parent.scrollTo(0,0)\" allowtransparency=\"true\" allow=\"geolocation; microphone; camera; fullscreen; payment\" src=\"https:\/\/form.jotform.com\/252356670840358\" frameborder=\"0\" style=\"min-width:100%;max-width:100%;height:539px;border:none;\" scrolling=\"no\"><br \/>\n    <\/iframe><br \/>\n    <script src=\"https:\/\/cdn.jotfor.ms\/s\/umd\/latest\/for-form-embed-handler.js\"><\/script><br \/>\n    <script>window.jotformEmbedHandler(\"iframe[id='JotFormIFrame-252356670840358']\", \"https:\/\/form.jotform.com\/\")<\/script><br \/>\n    [\/vc_column_text][\/vc_column][\/vc_row][vc_row][vc_column][vc_column_text css=\"\"]<\/p>\n<p style=\"text-align: center;\">Kontaktirat \u0107emo vas sljede\u0107i dan nakon slanja obrasca!<\/p>\n<p>[\/vc_column_text][\/vc_column][\/vc_row]<\/p>\n<\/div>","protected":false},"excerpt":{"rendered":"<p>[vc_row][vc_column][vc_column_text css=\"\"] Pridru\u017eite se Elite2You timu! Zajedno gradimo digitalni model svijeta budu\u0107nosti. Elite2You nije samo modna agencija \u2013 mi smo &hellip; <a href=\"https:\/\/elite2you.com\/hr\/karijera\/\" class=\"more-link\">Continue reading <span class=\"screen-reader-text\">Karijera<\/span><\/a><\/p>\n","protected":false},"author":5,"featured_media":0,"parent":0,"menu_order":0,"comment_status":"closed","ping_status":"closed","template":"","meta":{"_monsterinsights_skip_tracking":false,"_monsterinsights_sitenote_active":false,"_monsterinsights_sitenote_note":"","_monsterinsights_sitenote_category":0,"footnotes":""},"class_list":["post-21534","page","type-page","status-publish","hentry"],"_links":{"self":[{"href":"https:\/\/elite2you.com\/hr\/wp-json\/wp\/v2\/pages\/21534","targetHints":{"allow":["GET"]}}],"collection":[{"href":"https:\/\/elite2you.com\/hr\/wp-json\/wp\/v2\/pages"}],"about":[{"href":"https:\/\/elite2you.com\/hr\/wp-json\/wp\/v2\/types\/page"}],"author":[{"embeddable":true,"href":"https:\/\/elite2you.com\/hr\/wp-json\/wp\/v2\/users\/5"}],"replies":[{"embeddable":true,"href":"https:\/\/elite2you.com\/hr\/wp-json\/wp\/v2\/comments?post=21534"}],"version-history":[{"count":14,"href":"https:\/\/elite2you.com\/hr\/wp-json\/wp\/v2\/pages\/21534\/revisions"}],"predecessor-version":[{"id":22510,"href":"https:\/\/elite2you.com\/hr\/wp-json\/wp\/v2\/pages\/21534\/revisions\/22510"}],"wp:attachment":[{"href":"https:\/\/elite2you.com\/hr\/wp-json\/wp\/v2\/media?parent=21534"}],"curies":[{"name":"wp","href":"https:\/\/api.w.org\/{rel}","templated":true}]}}