{"id":21584,"date":"2025-07-09T16:49:38","date_gmt":"2025-07-09T16:49:38","guid":{"rendered":"https:\/\/elite2you.com\/izazov\/"},"modified":"2025-08-23T19:12:23","modified_gmt":"2025-08-23T19:12:23","slug":"izazov","status":"publish","type":"page","link":"https:\/\/elite2you.com\/hr\/izazov\/","title":{"rendered":"Izazov!"},"content":{"rendered":"<div class=\"wpb-content-wrapper\"><p>[vc_row][vc_column][vc_column_text css=\"\"]<\/p>\n<div class=\"xdj266r x14z9mp xat24cr x1lziwak x1vvkbs x126k92a\">\n<h1 style=\"text-align: center;\">\u017deli\u0161 li biti digitalni model?<\/h1>\n<h2 style=\"text-align: center;\">Pridru\u017eite se na\u0161em izazovu kastinga \u2013 i osvojite prave nagrade!<\/h2>\n<\/div>\n<p>[\/vc_column_text][vc_empty_space height=\"60px\"][\/vc_column][\/vc_row][vc_row][vc_column width=\"1\/2&#8243;][vc_column_text css=\"\"]<\/p>\n<div class=\"x14z9mp xat24cr x1lziwak x1vvkbs xtlvy1s x126k92a\">\n<div><\/div>\n<\/div>\n<div class=\"x14z9mp xat24cr x1lziwak x1vvkbs xtlvy1s x126k92a\">\n<div><span class=\"html-span xexx8yu xyri2b x18d9i69 x1c1uobl x1hl2dhg x16tdsg8 x1vvkbs x3nfvp2 x1j61x8r x1fcty0u xdj266r xat24cr xm2jcoa x1mpyi22 xxymvpz xlup9mm x1kky2od\"><img loading=\"lazy\" decoding=\"async\" class=\"xz74otr x15mokao x1ga7v0g x16uus16 xbiv7yw\" src=\"https:\/\/static.xx.fbcdn.net\/images\/emoji.php\/v9\/tff\/1\/16\/1f4c6.png\" alt=\"\ud83d\udcc6\" width=\"16\" height=\"16\" \/><\/span><strong> Razdoblje izazova:<\/strong><\/div>\n<div>2025. 10. srpnja \u2013 30. rujna<\/div>\n<\/div>\n<p>[\/vc_column_text][vc_column_text css=\"\"]<\/p>\n<div class=\"xdj266r x14z9mp xat24cr x1lziwak x1vvkbs x126k92a\">\n<h2><\/h2>\n<div style=\"text-align: center;\">Elite2You pokre\u0107e globalni TikTok, Instagram i Facebook izazov za ambiciozne \u017eene koje su spremne u\u0107i u svijet digitalnog modelinga.<\/div>\n<\/div>\n<div class=\"x14z9mp xat24cr x1lziwak x1vvkbs xtlvy1s x126k92a\" style=\"text-align: center;\">\n<div><\/div>\n<\/div>\n<div class=\"x14z9mp xat24cr x1lziwak x1vvkbs xtlvy1s x126k92a\">\n<div><\/div>\n<\/div>\n<div class=\"x14z9mp xat24cr x1lziwak x1vvkbs xtlvy1s x126k92a\">\n<div><\/div>\n<\/div>\n<p>[\/vc_column_text][vc_empty_space][vc_column_text css=\"\"]<\/p>\n<div class=\"xdj266r x14z9mp xat24cr x1lziwak x1vvkbs x126k92a\">\n<h2><\/h2>\n<div style=\"text-align: center;\"><\/div>\n<\/div>\n<div><\/div>\n<div class=\"x14z9mp xat24cr x1lziwak x1vvkbs xtlvy1s x126k92a\" style=\"text-align: center;\">\n<div><\/div>\n<\/div>\n<div class=\"x14z9mp xat24cr x1lziwak x1vvkbs xtlvy1s x126k92a\">\n<h3 style=\"text-align: center;\">Ovo je<span class=\"html-span xdj266r x14z9mp xat24cr x1lziwak xexx8yu xyri2b x18d9i69 x1c1uobl x1hl2dhg x16tdsg8 x1vvkbs\"><\/span> va\u0161a prilika da pro\u0161irite svoju publiku, poka\u017eete svoj stil i osvojite novac + profesionalne prilike \u2013 samo jednom objavom!<\/h3>\n<div><\/div>\n<\/div>\n<div class=\"x14z9mp xat24cr x1lziwak x1vvkbs xtlvy1s x126k92a\">\n<div><\/div>\n<\/div>\n<p>[\/vc_column_text][\/vc_column][vc_column width=\"1\/2&#8243;][vc_single_image image=\"20420&#8243; img_size=\"full\" alignment=\"center\" css_animation=\"bounceInRight\" css=\"\"][\/vc_column][\/vc_row][vc_row][vc_column][vc_empty_space][\/vc_column][\/vc_row][vc_row][vc_column][vc_text_separator title=\"KAKO SE MO\u017dETE PRIDRU\u017dITI?\" css=\"\"][\/vc_column][\/vc_row][vc_row][vc_column width=\"1\/3&#8243;][vc_column_text css=\"\"]<\/p>\n<div class=\"x14z9mp xat24cr x1lziwak x1vvkbs xtlvy1s x126k92a\">\n<div><span class=\"html-span xexx8yu xyri2b x18d9i69 x1c1uobl x1hl2dhg x16tdsg8 x1vvkbs x3nfvp2 x1j61x8r x1fcty0u xdj266r xat24cr xm2jcoa x1mpyi22 xxymvpz xlup9mm x1kky2od\"><img loading=\"lazy\" decoding=\"async\" class=\"xz74otr x15mokao x1ga7v0g x16uus16 xbiv7yw\" src=\"https:\/\/static.xx.fbcdn.net\/images\/emoji.php\/v9\/tc0\/1\/16\/1f4e9.png\" alt=\"\ud83d\udce9\" width=\"16\" height=\"16\" \/><\/span> <strong>Kopiraj ovaj tekst:<\/strong><\/div>\n<\/div>\n<div class=\"x14z9mp xat24cr x1lziwak x1vvkbs xtlvy1s x126k92a\">\n<div>\u017delio\/\u017eeljela bih se pridru\u017eiti izazovu kastinga 2025.<\/div>\n<\/div>\n<div class=\"x14z9mp xat24cr x1lziwak x1vvkbs xtlvy1s x126k92a\">\n<div>Evo moje Facebook stranice:<\/div>\n<div>Evo moje Instagram stranice:<\/div>\n<div>Evo moje TikTok stranice:<\/div>\n<\/div>\n<p>[\/vc_column_text][\/vc_column][vc_column width=\"1\/3&#8243;][vc_column_text css=\"\"]<\/p>\n<div class=\"x14z9mp xat24cr x1lziwak x1vvkbs xtlvy1s x126k92a\">\n<div><strong><span class=\"html-span xexx8yu xyri2b x18d9i69 x1c1uobl x1hl2dhg x16tdsg8 x1vvkbs x3nfvp2 x1j61x8r x1fcty0u xdj266r xat24cr xm2jcoa x1mpyi22 xxymvpz xlup9mm x1kky2od\"><img loading=\"lazy\" decoding=\"async\" class=\"xz74otr x15mokao x1ga7v0g x16uus16 xbiv7yw\" src=\"https:\/\/static.xx.fbcdn.net\/images\/emoji.php\/v9\/t33\/1\/16\/2705.png\" alt=\"\u2705\" width=\"16\" height=\"16\" \/><\/span>Po\u0161aljite nam kopirani tekst e-po\u0161tom<\/strong> \u2013 obrazac nije potreban!<\/div>\n<div><\/div>\n<\/div>\n<div class=\"x14z9mp xat24cr x1lziwak x1vvkbs xtlvy1s x126k92a\">\n<div><span class=\"html-span xexx8yu xyri2b x18d9i69 x1c1uobl x1hl2dhg x16tdsg8 x1vvkbs x3nfvp2 x1j61x8r x1fcty0u xdj266r xat24cr xm2jcoa x1mpyi22 xxymvpz xlup9mm x1kky2od\"><img loading=\"lazy\" decoding=\"async\" class=\"xz74otr x15mokao x1ga7v0g x16uus16 xbiv7yw\" src=\"https:\/\/static.xx.fbcdn.net\/images\/emoji.php\/v9\/t37\/1\/16\/2709.png\" alt=\"\u2709\ufe0f\" width=\"16\" height=\"16\" \/><\/span> <strong>E-po\u0161ta:<\/strong> casting@elite2you.com<\/div>\n<\/div>\n<p>[\/vc_column_text][\/vc_column][vc_column width=\"1\/3&#8243;][vc_column_text css=\"\"]<\/p>\n<div class=\"x14z9mp xat24cr x1lziwak x1vvkbs xtlvy1s x126k92a\">\n<div><strong>Lajkajte i pratite stranice na\u0161e agencije na Facebooku, Instagramu i TikToku.<\/strong><\/div>\n<div><\/div>\n<\/div>\n<div class=\"x14z9mp xat24cr x1lziwak x1vvkbs xtlvy1s x126k92a\">\n<div>Nakon \u0161to primite odgovor e-po\u0161tom, objavite barem 1 video ili fotografiju tjedno na svom Instagramu, Facebooku i TikToku.<\/div>\n<\/div>\n<p>[\/vc_column_text][\/vc_column][\/vc_row][vc_row][vc_column][vc_empty_space][\/vc_column][\/vc_row][vc_row][vc_column][vc_text_separator title=\"Svaka objava mora sadr\u017eavati\" css=\"\"][\/vc_column][\/vc_row][vc_row][vc_column width=\"1\/2&#8243;][vc_empty_space height=\"120px\"][vc_column_text css=\"\"]<\/p>\n<div class=\"x14z9mp xat24cr x1lziwak x1vvkbs xtlvy1s x126k92a\">\n<div><\/div>\n<div><\/div>\n<div><span class=\"html-span xexx8yu xyri2b x18d9i69 x1c1uobl x1hl2dhg x16tdsg8 x1vvkbs x3nfvp2 x1j61x8r x1fcty0u xdj266r xat24cr xm2jcoa x1mpyi22 xxymvpz xlup9mm x1kky2od\"><img loading=\"lazy\" decoding=\"async\" class=\"xz74otr x15mokao x1ga7v0g x16uus16 xbiv7yw\" src=\"https:\/\/static.xx.fbcdn.net\/images\/emoji.php\/v9\/tf3\/1\/16\/1f539.png\" alt=\"\ud83d\udd39\" width=\"16\" height=\"16\" \/><\/span> <strong>Preuzmite logotip Elite2You ovdje \u2192<\/strong><\/div>\n<div><span class=\"html-span xexx8yu xyri2b x18d9i69 x1c1uobl x1hl2dhg x16tdsg8 x1vvkbs x3nfvp2 x1j61x8r x1fcty0u xdj266r xat24cr xm2jcoa x1mpyi22 xxymvpz xlup9mm x1kky2od\"><img loading=\"lazy\" decoding=\"async\" class=\"xz74otr x15mokao x1ga7v0g x16uus16 xbiv7yw\" src=\"https:\/\/static.xx.fbcdn.net\/images\/emoji.php\/v9\/tf3\/1\/16\/1f539.png\" alt=\"\ud83d\udd39\" width=\"16\" height=\"16\" \/><\/span> <strong>Svaka objava uklju\u010duje re\u010denicu:<\/strong> \u201eSpremni za Elite2You Casting Challenge\u201c<\/div>\n<div><span class=\"html-span xexx8yu xyri2b x18d9i69 x1c1uobl x1hl2dhg x16tdsg8 x1vvkbs x3nfvp2 x1j61x8r x1fcty0u xdj266r xat24cr xm2jcoa x1mpyi22 xxymvpz xlup9mm x1kky2od\"><img loading=\"lazy\" decoding=\"async\" class=\"xz74otr x15mokao x1ga7v0g x16uus16 xbiv7yw\" src=\"https:\/\/static.xx.fbcdn.net\/images\/emoji.php\/v9\/tf3\/1\/16\/1f539.png\" alt=\"\ud83d\udd39\" width=\"16\" height=\"16\" \/><\/span> <strong>Koristite hashtagove:<\/strong> <span class=\"html-span xdj266r x14z9mp xat24cr x1lziwak xexx8yu xyri2b x18d9i69 x1c1uobl x1hl2dhg x16tdsg8 x1vvkbs\"><a class=\"x1i10hfl xjbqb8w x1ejq31n x18oe1m7 x1sy0etr xstzfhl x972fbf x10w94by x1qhh985 x14e42zd x9f619 x1ypdohk xt0psk2 xe8uvvx xdj266r x14z9mp xat24cr x1lziwak xexx8yu xyri2b x18d9i69 x1c1uobl x16tdsg8 x1hl2dhg xggy1nq x1a2a7pz xkrqix3 x1sur9pj x1fey0fg x1s688f\" tabindex=\"0\" role=\"link\" href=\"https:\/\/www.facebook.com\/hashtag\/castingchallenge2025?__eep__=6&amp;__cft__%5B0%5D=AZU43Rph7QXfDkXmo_YCyvEVopgspOBLdJ2SlSr-nNZ5r_2OZMvmdi7-e__XBFcU7C-AZoeQSmrpa6CG7tL7FnWqlQM39KFv3aA9RS-Y5ve_NERYb3s8q43xNT93rggjYi16XPf0TGct1otEzTZR7MWPPBPWZWdQ4kuLIpvoEWa1fA&amp;__tn__=*NK-R\">#CastingChallenge2025<\/a><\/span> i <span class=\"html-span xdj266r x14z9mp xat24cr x1lziwak xexx8yu xyri2b x18d9i69 x1c1uobl x1hl2dhg x16tdsg8 x1vvkbs\"><a class=\"x1i10hfl xjbqb8w x1ejq31n x18oe1m7 x1sy0etr xstzfhl x972fbf x10w94by x1qhh985 x14e42zd x9f619 x1ypdohk xt0psk2 xe8uvvx xdj266r x14z9mp xat24cr x1lziwak xexx8yu xyri2b x18d9i69 x1c1uobl x16tdsg8 x1hl2dhg xggy1nq x1a2a7pz xkrqix3 x1sur9pj x1fey0fg x1s688f\" tabindex=\"0\" role=\"link\" href=\"https:\/\/www.facebook.com\/hashtag\/elite2you?__eep__=6&amp;__cft__%5B0%5D=AZU43Rph7QXfDkXmo_YCyvEVopgspOBLdJ2SlSr-nNZ5r_2OZMvmdi7-e__XBFcU7C-AZoeQSmrpa6CG7tL7FnWqlQM39KFv3aA9RS-Y5ve_NERYb3s8q43xNT93rggjYi16XPf0TGct1otEzTZR7MWPPBPWZWdQ4kuLIpvoEWa1fA&amp;__tn__=*NK-R\">#Elite2You<\/a><\/span><\/div>\n<div><\/div>\n<\/div>\n<div class=\"x14z9mp xat24cr x1lziwak x1vvkbs xtlvy1s x126k92a\">\n<div><\/div>\n<\/div>\n<p>[\/vc_column_text][\/vc_column][vc_column width=\"1\/2&#8243;][vc_single_image image=\"19006&#8243; img_size=\"medium\" alignment=\"center\" css_animation=\"bounceInRight\" css=\"\"][\/vc_column][\/vc_row][vc_row][vc_column][vc_text_separator title=\"NAGRADE\" color=\"sandy_brown\" css=\"\"][\/vc_column][\/vc_row][vc_row][vc_column width=\"1\/3&#8243;][vc_column_text css=\"\"]<\/p>\n<div style=\"flex: 1;\">\n<div style=\"font-size: 36px; text-align: center;\">\ud83e\udd49<\/div>\n<h3 style=\"text-align: center;\"><strong>3. mjesto<\/strong><\/h3>\n<p style=\"text-align: center;\">100 USD<\/p>\n<p style=\"text-align: center;\"><u>gotovine<\/u><\/p>\n<\/div>\n<div class=\"x14z9mp xat24cr x1lziwak x1vvkbs xtlvy1s x126k92a\" style=\"text-align: center;\"><\/div>\n<div class=\"x14z9mp xat24cr x1lziwak x1vvkbs xtlvy1s x126k92a\">\n<div><\/div>\n<div><\/div>\n<\/div>\n<div class=\"x14z9mp xat24cr x1lziwak x1vvkbs xtlvy1s x126k92a\"><\/div>\n<div class=\"x14z9mp xat24cr x1lziwak x1vvkbs xtlvy1s x126k92a\">\n<div><\/div>\n<\/div>\n<p>[\/vc_column_text][\/vc_column][vc_column width=\"1\/3&#8243;][vc_column_text css=\"\"]<\/p>\n<div style=\"flex: 1;\">\n<div style=\"font-size: 36px; text-align: center;\">\ud83e\udd48<\/div>\n<h3 style=\"text-align: center;\"><strong>\ud83e\udd48 2. mjesto <\/strong><\/h3>\n<p style=\"text-align: center;\">200 USD<\/p>\n<p style=\"text-align: center;\"><u>gotovine<\/u><\/p>\n<\/div>\n<p>[\/vc_column_text][\/vc_column][vc_column width=\"1\/3&#8243;][vc_column_text css=\"\"]<\/p>\n<div style=\"flex: 1;\">\n<div style=\"font-size: 36px; text-align: center;\">\ud83e\udd47<\/div>\n<h3 style=\"text-align: center;\"><strong>1. mjesto<\/strong><\/h3>\n<p style=\"text-align: center;\"><u>300 USD gotovine<\/u><br \/>\n\u2013 Besplatno profesionalno fotografiranje portfolija<br \/>\n\u2013 Besplatni te\u010daj modeliranja za po\u010detnike<br \/>\n\u2013 Ugovor na godinu dana s Elite2You<\/p>\n<\/div>\n<p>[\/vc_column_text][\/vc_column][\/vc_row][vc_row][vc_column][vc_text_separator title=\"BONUSI\" color=\"sandy_brown\" css=\"\"][\/vc_column][\/vc_row][vc_row][vc_column width=\"1\/2&#8243;][vc_column_text css=\"\"]<\/p>\n<div class=\"x14z9mp xat24cr x1lziwak x1vvkbs xtlvy1s x126k92a\">\n<div><\/div>\n<div><strong><span class=\"html-span xexx8yu xyri2b x18d9i69 x1c1uobl x1hl2dhg x16tdsg8 x1vvkbs x3nfvp2 x1j61x8r x1fcty0u xdj266r xat24cr xm2jcoa x1mpyi22 xxymvpz xlup9mm x1kky2od\"><img loading=\"lazy\" decoding=\"async\" class=\"xz74otr x15mokao x1ga7v0g x16uus16 xbiv7yw\" src=\"https:\/\/static.xx.fbcdn.net\/images\/emoji.php\/v9\/t3d\/1\/16\/1f3c5.png\" alt=\"\ud83c\udfc5\" width=\"16\" height=\"16\" \/><\/span> Najkreativnija objava<\/strong><\/div>\n<div><strong><span class=\"html-span xexx8yu xyri2b x18d9i69 x1c1uobl x1hl2dhg x16tdsg8 x1vvkbs x3nfvp2 x1j61x8r x1fcty0u xdj266r xat24cr xm2jcoa x1mpyi22 xxymvpz xlup9mm x1kky2od\"><img loading=\"lazy\" decoding=\"async\" class=\"xz74otr x15mokao x1ga7v0g x16uus16 xbiv7yw\" src=\"https:\/\/static.xx.fbcdn.net\/images\/emoji.php\/v9\/t3d\/1\/16\/1f3c5.png\" alt=\"\ud83c\udfc5\" width=\"16\" height=\"16\" \/><\/span> Najbolji stil<\/strong><\/div>\n<div><\/div>\n<\/div>\n<div class=\"x14z9mp xat24cr x1lziwak x1vvkbs xtlvy1s x126k92a\">\n<div><\/div>\n<\/div>\n<p>[\/vc_column_text][\/vc_column][vc_column width=\"1\/2&#8243;][vc_column_text css=\"\"]<\/p>\n<div class=\"x14z9mp xat24cr x1lziwak x1vvkbs xtlvy1s x126k92a\">\n<div><strong><span class=\"html-span xexx8yu xyri2b x18d9i69 x1c1uobl x1hl2dhg x16tdsg8 x1vvkbs x3nfvp2 x1j61x8r x1fcty0u xdj266r xat24cr xm2jcoa x1mpyi22 xxymvpz xlup9mm x1kky2od\"><img loading=\"lazy\" decoding=\"async\" class=\"xz74otr x15mokao x1ga7v0g x16uus16 xbiv7yw\" src=\"https:\/\/static.xx.fbcdn.net\/images\/emoji.php\/v9\/t3d\/1\/16\/1f3c5.png\" alt=\"\ud83c\udfc5\" width=\"16\" height=\"16\" \/><\/span> Najimpresivnija transformacija<\/strong><\/div>\n<div><strong><span class=\"html-span xexx8yu xyri2b x18d9i69 x1c1uobl x1hl2dhg x16tdsg8 x1vvkbs x3nfvp2 x1j61x8r x1fcty0u xdj266r xat24cr xm2jcoa x1mpyi22 xxymvpz xlup9mm x1kky2od\"><img loading=\"lazy\" decoding=\"async\" class=\"xz74otr x15mokao x1ga7v0g x16uus16 xbiv7yw\" src=\"https:\/\/static.xx.fbcdn.net\/images\/emoji.php\/v9\/t3d\/1\/16\/1f3c5.png\" alt=\"\ud83c\udfc5\" width=\"16\" height=\"16\" \/><\/span> Najve\u0107i kumulativni doseg (svi tjedni)<\/strong><\/div>\n<\/div>\n<p>[\/vc_column_text][\/vc_column][\/vc_row][vc_row][vc_column][vc_empty_space][vc_column_text css=\"\"]<\/p>\n<p style=\"background-color: #ffe7c2; padding: 12px; border-radius: 8px; text-align: center;\">\ud83d\udccc <strong>Bonusi ne dolaze s nov\u010danim nagradama<\/strong> , ve\u0107 s profesionalnim priznanjem, <strong>prilikama za istaknuto pojavljivanje<\/strong> i vrijednim<br \/>\n<strong>s ekskluzivnim bonusima<\/strong> . Na\u0161 je cilj pomo\u0107i vam da napredujete u karijeri digitalnog modelinga i istaknete svoja najistaknutija postignu\u0107a.[\/vc_column_text][\/vc_column][\/vc_row][vc_row][vc_column][vc_empty_space][vc_column_text css=\"\"]<\/p>\n<h3 data-start=\"190\" data-end=\"241\">\ud83d\udc8e Dobitnici posebnih nagrada dobit \u0107e dodatni poklon:<\/h3>\n<p data-start=\"243\" data-end=\"451\"><strong>Sudionici koji nisu u\u0161li me\u0111u prva tri, ali koje je \u017eiri ocijenio izvanrednima, dobit \u0107e sljede\u0107a priznanja i prilike:<\/strong><\/p>\n<ul>\n<li>\ud83d\udce3 <strong>Istaknuta objava<\/strong> na dru\u0161tvenim mre\u017eama (npr. Instagram pri\u010da, interna stranica Elite2Fansa)<\/li>\n<li>\ud83c\udf10 <strong>Pojavljivanje<\/strong> na slu\u017ebenoj web stranici ili u biltenu Elite2You<\/li>\n<li>\ud83c\udf81 <strong>Poklon bon<\/strong> iz web trgovine<\/li>\n<li>\ud83e\uddd8\u200d\u2640\ufe0f <strong>Besplatni coaching<\/strong> ili konzultacije s direktorom<\/li>\n<li>\ud83c\udf93 <strong>Besplatan ulaz<\/strong> na po\u010detni te\u010daj<\/li>\n<li>\ud83d\udcf8 <strong>Plus 1 profesionalno fotografiranje portfolija<\/strong><\/li>\n<li>\ud83d\udcf0 <strong>Intervju na blogu<\/strong> (rubrika &#8220;Model mjeseca\")<\/li>\n<\/ul>\n<p>[\/vc_column_text][\/vc_column][\/vc_row][vc_row][vc_column][vc_column_text css=\"\"]<\/p>\n<div class=\"x14z9mp xat24cr x1lziwak x1vvkbs xtlvy1s x126k92a\">\n<h3><\/h3>\n<div><\/div>\n<\/div>\n<div class=\"x14z9mp xat24cr x1lziwak x1vvkbs xtlvy1s x126k92a\">\n<h2 style=\"text-align: center;\">\u0160to vi\u0161e objavljujete, ve\u0107e su vam \u0161anse!<\/h2>\n<\/div>\n<div class=\"x14z9mp xat24cr x1lziwak x1vvkbs xtlvy1s x126k92a\">\n<h3 style=\"text-align: center;\"><span class=\"html-span xexx8yu xyri2b x18d9i69 x1c1uobl x1hl2dhg x16tdsg8 x1vvkbs x3nfvp2 x1j61x8r x1fcty0u xdj266r xat24cr xm2jcoa x1mpyi22 xxymvpz xlup9mm x1kky2od\"><img loading=\"lazy\" decoding=\"async\" class=\"xz74otr x15mokao x1ga7v0g x16uus16 xbiv7yw\" src=\"https:\/\/static.xx.fbcdn.net\/images\/emoji.php\/v9\/tf4\/1\/16\/2728.png\" alt=\"\u2728\" width=\"16\" height=\"16\" \/><\/span> Neka va\u0161 sadr\u017eaj govori. Neka va\u0161 stil zablista.<\/h3>\n<\/div>\n<div class=\"x14z9mp xat24cr x1lziwak x1vvkbs xtlvy1s x126k92a\">\n<p style=\"text-align: center;\">Zapo\u010dnite svoju karijeru digitalnog modelinga \u2013 s Elite2You!<\/p>\n<\/div>\n<p>[\/vc_column_text][\/vc_column][\/vc_row][vc_row css=\".vc_custom_1752094675829{background-color: #F5F5F5 !important;}\"][vc_column][vc_text_separator title=\"Pravila izazova\" color=\"sandy_brown\" css=\"\"][vc_column_text css=\"\"]<span class=\"html-span xexx8yu xyri2b x18d9i69 x1c1uobl x1hl2dhg x16tdsg8 x1vvkbs x3nfvp2 x1j61x8r x1fcty0u xdj266r xat24cr xm2jcoa x1mpyi22 xxymvpz xlup9mm x1kky2od\"><img loading=\"lazy\" decoding=\"async\" class=\"xz74otr x15mokao x1ga7v0g x16uus16 xbiv7yw\" src=\"https:\/\/static.xx.fbcdn.net\/images\/emoji.php\/v9\/te1\/1\/16\/1f51e.png\" alt=\"\ud83d\udd1e\" width=\"16\" height=\"16\" \/><\/span> Morate imati vi\u0161e od 18 godina da biste sudjelovali.[\/vc_column_text][vc_toggle title=\"1. Glavne nagrade nagradne igre i natjecanja\" css=\"\"]Slu\u017ebeni pobjednici natjecanja \u2013 1., 2. i 3. mjesto \u2013 primit \u0107e nov\u010dane nagrade i poseban nagradni paket. Ove nagrade su fiksne vrijednosti i bit \u0107e dodijeljene prema unaprijed odre\u0111enim uvjetima.[\/vc_toggle][vc_toggle title=\"2. Bonusi i posebne nagrade \u2013 nenov\u010dano priznanje\" css=\"\"]<\/p>\n<p data-start=\"671\" data-end=\"1008\">Bonusi i posebne nagrade <strong data-start=\"696\" data-end=\"730\">ne pru\u017eaju nov\u010dane nagrade<\/strong> , ali pru\u017eaju vrijedne profesionalne i promotivne prilike. Ove nagrade mogu se dodijeliti sudionicima koji su, iako se nisu popeli na postolje, ipak odradili izvanredan posao i pru\u017eili izvanrednu izvedbu prema ocjeni \u017eirija ili zajednice.<\/p>\n<p data-start=\"1010\" data-end=\"1174\"><strong data-start=\"1010\" data-end=\"1030\">Svrha nagrade je:<\/strong><br data-start=\"1030\" data-end=\"1033\" \/>Podr\u017eati profesionalni razvoj sudionika, istaknuti talente i olak\u0161ati napredovanje u karijerama digitalnog modeliranja.<\/p>\n<p>[\/vc_toggle][vc_toggle title=\"3. Pokloni za one koji primaju bonus\/posebnu nagradu mogu uklju\u010divati:\" css=\"\"]<\/p>\n<ul data-start=\"1248\" data-end=\"1618\">\n<li data-start=\"1248\" data-end=\"1334\">\n<p data-start=\"1250\" data-end=\"1334\">\ud83d\udce3 Istaknuta objava na dru\u0161tvenim mre\u017eama (npr. Instagram pri\u010da, interna stranica Elite2Fansa)<\/p>\n<\/li>\n<li data-start=\"1335\" data-end=\"1402\">\n<p data-start=\"1337\" data-end=\"1402\">\ud83c\udf10 Pojavljivanje na slu\u017ebenoj web stranici ili u biltenu Elite2You<\/p>\n<\/li>\n<li data-start=\"1403\" data-end=\"1436\">\n<p data-start=\"1405\" data-end=\"1436\">\ud83c\udf81 Poklon bon iz web trgovine<\/p>\n<\/li>\n<li data-start=\"1437\" data-end=\"1495\">\n<p data-start=\"1439\" data-end=\"1495\">\ud83e\uddd8\u200d\u2640\ufe0f Besplatni coaching ili konzultacije s direktorom<\/p>\n<\/li>\n<li data-start=\"1496\" data-end=\"1535\">\n<p data-start=\"1498\" data-end=\"1535\">\ud83c\udf93 Besplatan ulaz na po\u010detni te\u010daj<\/p>\n<\/li>\n<li data-start=\"1536\" data-end=\"1571\">\n<p data-start=\"1538\" data-end=\"1571\">\ud83d\udcf8 Plus 1 profesionalno fotografiranje portfolija<\/p>\n<\/li>\n<li data-start=\"1572\" data-end=\"1618\">\n<p data-start=\"1574\" data-end=\"1618\">\ud83d\udcf0 Intervju na blogu (rubrika &#8220;Model mjeseca\")<\/p>\n<\/li>\n<\/ul>\n<p data-start=\"1620\" data-end=\"1733\"><em data-start=\"1620\" data-end=\"1733\">Vrsta i iznos nagrada mogu varirati i odre\u0111uje ih individualno uprava Elite2You u svakom krugu.<\/em><\/p>\n<p>[\/vc_toggle][vc_toggle title=\"4. Kriteriji za dodjelu nagrada i ocjenjivanje\" css=\"\"]<\/p>\n<p data-start=\"1785\" data-end=\"1847\">Kriteriji za dodjelu posebnih nagrada mogu uklju\u010divati:<\/p>\n<ul data-start=\"1848\" data-end=\"1967\">\n<li data-start=\"1848\" data-end=\"1861\">\n<p data-start=\"1850\" data-end=\"1861\">Kreativnost<\/p>\n<\/li>\n<li data-start=\"1862\" data-end=\"1884\">\n<p data-start=\"1864\" data-end=\"1884\">Stil i izgled<\/p>\n<\/li>\n<li data-start=\"1885\" data-end=\"1906\">\n<p data-start=\"1887\" data-end=\"1906\">Razvojni potencijal<\/p>\n<\/li>\n<li data-start=\"1907\" data-end=\"1928\">\n<p data-start=\"1909\" data-end=\"1928\">Aktivnost u zajednici<\/p>\n<\/li>\n<li data-start=\"1929\" data-end=\"1967\">\n<p data-start=\"1931\" data-end=\"1967\">Osobna pri\u010da ili uvod<\/p>\n<\/li>\n<\/ul>\n<p data-start=\"1969\" data-end=\"2109\">Ocjenjivanje se temelji na subjektivnim kriterijima, prema diskreciji organizatora i stru\u010dnog \u017eirija. Dodjela nagrada nije obvezna.<\/p>\n<p>[\/vc_toggle][vc_toggle title=\"5. Pravna obavijest\" css=\"\"]Bonusi i posebne nagrade ne smatraju se prenosivim pogodnostima s nov\u010danom vrijedno\u0161\u0107u. Elite2You zadr\u017eava pravo promjene vrste, iznosa i dostupnosti nagrada bez prethodne najave.[\/vc_toggle][\/vc_column][\/vc_row]<\/p>\n<\/div>","protected":false},"excerpt":{"rendered":"<p>[vc_row][vc_column][vc_column_text css=\"\"] \u017deli\u0161 li biti digitalni model? Pridru\u017eite se na\u0161em izazovu kastinga \u2013 i osvojite prave nagrade! [\/vc_column_text][vc_empty_space height=\"60px\"][\/vc_column][\/vc_row][vc_row][vc_column width=\"1\/2&#8243;][vc_column_text &hellip; <a href=\"https:\/\/elite2you.com\/hr\/izazov\/\" class=\"more-link\">Continue reading <span class=\"screen-reader-text\">Izazov!<\/span><\/a><\/p>\n","protected":false},"author":5,"featured_media":0,"parent":0,"menu_order":0,"comment_status":"closed","ping_status":"closed","template":"","meta":{"_monsterinsights_skip_tracking":false,"_monsterinsights_sitenote_active":false,"_monsterinsights_sitenote_note":"","_monsterinsights_sitenote_category":0,"footnotes":""},"class_list":["post-21584","page","type-page","status-publish","hentry"],"_links":{"self":[{"href":"https:\/\/elite2you.com\/hr\/wp-json\/wp\/v2\/pages\/21584","targetHints":{"allow":["GET"]}}],"collection":[{"href":"https:\/\/elite2you.com\/hr\/wp-json\/wp\/v2\/pages"}],"about":[{"href":"https:\/\/elite2you.com\/hr\/wp-json\/wp\/v2\/types\/page"}],"author":[{"embeddable":true,"href":"https:\/\/elite2you.com\/hr\/wp-json\/wp\/v2\/users\/5"}],"replies":[{"embeddable":true,"href":"https:\/\/elite2you.com\/hr\/wp-json\/wp\/v2\/comments?post=21584"}],"version-history":[{"count":4,"href":"https:\/\/elite2you.com\/hr\/wp-json\/wp\/v2\/pages\/21584\/revisions"}],"predecessor-version":[{"id":22444,"href":"https:\/\/elite2you.com\/hr\/wp-json\/wp\/v2\/pages\/21584\/revisions\/22444"}],"wp:attachment":[{"href":"https:\/\/elite2you.com\/hr\/wp-json\/wp\/v2\/media?parent=21584"}],"curies":[{"name":"wp","href":"https:\/\/api.w.org\/{rel}","templated":true}]}}