{"id":21589,"date":"2025-07-08T12:17:34","date_gmt":"2025-07-08T12:17:34","guid":{"rendered":"https:\/\/elite2you.com\/nasa-filozofija\/"},"modified":"2025-07-08T12:17:34","modified_gmt":"2025-07-08T12:17:34","slug":"nasa-filozofija","status":"publish","type":"page","link":"https:\/\/elite2you.com\/hr\/nasa-filozofija\/","title":{"rendered":"Na\u0161a filozofija"},"content":{"rendered":"<div class=\"eliterendszer-filo\" style=\"max-width: 900px; margin: 0 auto; font-family: sans-serif; font-size: 17px; line-height: 1.7; color: #222;\">\n<h2>Filozofija Elite2You<\/h2>\n<p>Bez obzira koliko godina sada imate, jedno mo\u017eete sa sigurno\u0161\u0107u re\u0107i o sebi:  <strong>Do\u0161ao si dovde sam.<\/strong><\/p>\n<p>Sve \u0161to ste do sada postigli \u2013 bilo da se radi o novcu, iskustvu, samospoznaji, studiju \u2013 <strong>sve je to va\u0161e i mo\u017eete to zaslu\u017eiti.<\/strong><br \/>\n Sve si to napravio\/la.<\/p>\n<p>Mo\u017eda je bilo vrijeme kada nitko nije vjerovao u tebe.<br \/>\n Mo\u017eda ste morali sami odlu\u010diti kako \u0107ete dalje postupiti.<br \/>\n I ipak evo te ovdje.<br \/>\n Pre\u017eivio. Borio se.<br \/>\n Ovo nije obi\u010dno.<br \/>\n<strong>Ovo zaslu\u017euje po\u0161tovanje.<\/strong><\/p>\n<p>Ali postavlja se pitanje:<br \/>\n Ako ovako nastavi\u0161 \u2013 ho\u0107e\u0161 li posti\u0107i ono \u0161to \u017eeli\u0161?<br \/>\n Koliko \u0107e vam vremena trebati da ostvarite svoje ciljeve?<br \/>\n Koliko jo\u0161 borbe i boli morate podnijeti da biste ostvarili svoje ciljeve?<\/p>\n<p>Nitko ne mo\u017ee istinski stvarati ako se raspada pod teretom stvarnosti.<br \/>\n Ako vam svakodnevni stres, neizvjesnost i administracija iscrpljuju energiju \u2013<br \/>\n Nema mjesta za kreativnost ili dobro obavljen posao.<br \/>\n I duboko u sebi, nakon nekog vremena, vi\u0161e nema vjere.<\/p>\n<p>Prepoznaju\u0107i to, stvorili smo <strong>EliteSystem<\/strong> \u2013 backend zemlju u kojoj postoji jedna osoba, jedno rje\u0161enje, za svaku situaciju.<\/p>\n<p>Vi\u0161e od 30 stru\u010dnjaka radi svaki dan kako biste osigurali <strong>da ne morate sve sami shva\u0107ati.<\/strong><\/p>\n<h3 style=\"margin-top: 30px;\">\u0160to to zna\u010di u praksi?<\/h3>\n<ul>\n<li>Ako ste lo\u0161e volje, poslat \u0107emo vam buket cvije\u0107a kurirskom slu\u017ebom \u2013 isti dan.<\/li>\n<li>Ako vam je istekao najam \u2013 imamo stanove ili vam mo\u017eemo prona\u0107i novi stan i pomo\u0107i vam s preseljenjem.<\/li>\n<li>Ako nemate vremena za kupovinu \u2013 na\u0161 tim za podr\u0161ku \u0107e se pobrinuti za to. Dok se vratite ku\u0107i, sve \u0107e biti u va\u0161oj kuhinji. <\/li>\n<li>Ako trebate pro\u0161etati svog \u0161teneta, mi \u0107emo se pobrinuti za to \u2013 netko \u0107e oti\u0107i i pro\u0161etati ga.<\/li>\n<li>Ako se nalazite u osobnoj krizi, <strong>ne\u0107emo vas ostaviti same.<\/strong><\/li>\n<\/ul>\n<p>Ovo nije samo agencija.<br \/>\n Ovo je <strong>sustav<\/strong> .<br \/>\n <strong>Zajednica<\/strong> .<br \/>\n I ti si dio ovoga.<\/p>\n<p>Mo\u017eete ra\u010dunati na nas za sve, od najmanjih do najve\u0107ih problema \u2013 kada postanete \u010dlan zajednice.<\/p>\n<p><strong>Jeste li spremni ne samo pre\u017eivjeti, ve\u0107 i graditi?<\/strong><br \/>\n Dobrodo\u0161li u <strong>Elitni sustav<\/strong> .<\/p>\n<div style=\"margin-top: 40px; padding: 20px; background-color: #f9f4e8; border-left: 4px solid #e0b645;\"><strong>Komentar:<\/strong><br \/>\n Gore navedeni primjeri namijenjeni su ilustraciji sustava podr\u0161ke unutar Elite2You zajednice. Oblik, opseg i u\u010destalost pru\u017eene podr\u0161ke uvijek ovise o razini suradnje i individualnim okolnostima. Oni ne predstavljaju automatsko obe\u0107anje usluge svim zainteresiranim ili registriranim sudionicima.  <\/div>\n<\/div>\n","protected":false},"excerpt":{"rendered":"<p>Filozofija Elite2You Bez obzira koliko godina sada imate, jedno mo\u017eete sa sigurno\u0161\u0107u re\u0107i o sebi: Do\u0161ao si dovde sam. Sve &hellip; <a href=\"https:\/\/elite2you.com\/hr\/nasa-filozofija\/\" class=\"more-link\">Continue reading <span class=\"screen-reader-text\">Na\u0161a filozofija<\/span><\/a><\/p>\n","protected":false},"author":5,"featured_media":0,"parent":0,"menu_order":0,"comment_status":"closed","ping_status":"closed","template":"","meta":{"_monsterinsights_skip_tracking":false,"_monsterinsights_sitenote_active":false,"_monsterinsights_sitenote_note":"","_monsterinsights_sitenote_category":0,"footnotes":""},"class_list":["post-21589","page","type-page","status-publish","hentry"],"_links":{"self":[{"href":"https:\/\/elite2you.com\/hr\/wp-json\/wp\/v2\/pages\/21589","targetHints":{"allow":["GET"]}}],"collection":[{"href":"https:\/\/elite2you.com\/hr\/wp-json\/wp\/v2\/pages"}],"about":[{"href":"https:\/\/elite2you.com\/hr\/wp-json\/wp\/v2\/types\/page"}],"author":[{"embeddable":true,"href":"https:\/\/elite2you.com\/hr\/wp-json\/wp\/v2\/users\/5"}],"replies":[{"embeddable":true,"href":"https:\/\/elite2you.com\/hr\/wp-json\/wp\/v2\/comments?post=21589"}],"version-history":[{"count":0,"href":"https:\/\/elite2you.com\/hr\/wp-json\/wp\/v2\/pages\/21589\/revisions"}],"wp:attachment":[{"href":"https:\/\/elite2you.com\/hr\/wp-json\/wp\/v2\/media?parent=21589"}],"curies":[{"name":"wp","href":"https:\/\/api.w.org\/{rel}","templated":true}]}}