{"id":21595,"date":"2025-07-08T07:25:32","date_gmt":"2025-07-08T07:25:32","guid":{"rendered":"https:\/\/elite2you.com\/kodeks-ponasanja\/"},"modified":"2025-07-08T07:25:32","modified_gmt":"2025-07-08T07:25:32","slug":"kodeks-ponasanja","status":"publish","type":"page","link":"https:\/\/elite2you.com\/hr\/kodeks-ponasanja\/","title":{"rendered":"Kodeks pona\u0161anja"},"content":{"rendered":"<h2 data-start=\"55\" data-end=\"160\"><strong data-start=\"61\" data-end=\"158\">Pravila o odgovornosti i pona\u0161anju za putovanja i sudjelovanje na doga\u0111ajima<\/strong><\/h2>\n<p data-start=\"161\" data-end=\"235\"><strong data-start=\"161\" data-end=\"182\">Na snazi \u200b\u200bod: 14.04.2025.<\/strong><br data-start=\"182\" data-end=\"185\"> <strong data-start=\"185\" data-end=\"235\">Izdavatelj: Elite2You Digital Model Agency<\/strong><\/p>\n<hr data-start=\"237\" data-end=\"240\">\n<h3 data-start=\"242\" data-end=\"271\"><strong data-start=\"246\" data-end=\"271\">1. Svrha politike<\/strong><\/h3>\n<p data-start=\"272\" data-end=\"636\">Svrha ove politike je definirati odgovornost, sigurnost i o\u010dekivanja u pona\u0161anju koja se primjenjuju tijekom putovanja, radionica, fotografiranja, treninga, doga\u0111aja i sastanaka koje organizira ili podr\u017eava Elite2You.<br data-start=\"501\" data-end=\"504\"> Cilj je osigurati siguran, profesionalan i ujedna\u010den okvir sudjelovanja za sve modele, instruktore, partnere i osoblje.<\/p>\n<hr data-start=\"638\" data-end=\"641\">\n<h3 data-start=\"643\" data-end=\"677\"><strong data-start=\"647\" data-end=\"677\">2. Vrste doga\u0111aja na koje se to odnosi<\/strong><\/h3>\n<div class=\"_tableContainer_80l1q_1\">\n<div class=\"_tableWrapper_80l1q_14 group flex w-fit flex-col-reverse\">\n<table class=\"w-fit min-w-(--thread-content-width)\" data-start=\"679\" data-end=\"1089\">\n<thead data-start=\"679\" data-end=\"697\">\n<tr data-start=\"679\" data-end=\"697\">\n<th data-start=\"679\" data-end=\"687\" data-col-size=\"sm\">Tip<\/th>\n<th data-start=\"687\" data-end=\"697\" data-col-size=\"md\">Primjeri<\/th>\n<\/tr>\n<\/thead>\n<tbody data-start=\"717\" data-end=\"1089\">\n<tr data-start=\"717\" data-end=\"771\">\n<td data-start=\"717\" data-end=\"739\" data-col-size=\"sm\">\ud83c\udf93 Edukativni doga\u0111aj<\/td>\n<td data-col-size=\"md\" data-start=\"739\" data-end=\"771\">trening, radionica, dan ispita<\/td>\n<\/tr>\n<tr data-start=\"772\" data-end=\"842\">\n<td data-start=\"772\" data-end=\"790\" data-col-size=\"sm\">\ud83d\udcf8 fotografije<\/td>\n<td data-col-size=\"md\" data-start=\"790\" data-end=\"842\">portfolio fotografija, akt fotografija, promotivno snimanje<\/td>\n<\/tr>\n<tr data-start=\"843\" data-end=\"925\">\n<td data-start=\"843\" data-end=\"871\" data-col-size=\"sm\">\u2708\ufe0f Program vezan uz putovanja<\/td>\n<td data-col-size=\"md\" data-start=\"871\" data-end=\"925\">strana kampanja, putovanje influencera, predstavljanje brenda<\/td>\n<\/tr>\n<tr data-start=\"926\" data-end=\"1004\">\n<td data-start=\"926\" data-end=\"946\" data-col-size=\"sm\">\ud83e\udd1d Poslovni doga\u0111aj<\/td>\n<td data-col-size=\"md\" data-start=\"946\" data-end=\"1004\">konferencija za novinare, sastanak s partnerima, edukacija za fran\u0161izu<\/td>\n<\/tr>\n<tr data-start=\"1005\" data-end=\"1089\">\n<td data-start=\"1005\" data-end=\"1035\" data-col-size=\"sm\">\ud83c\udf1f PR i doga\u0111aj za zajednicu<\/td>\n<td data-col-size=\"md\" data-start=\"1035\" data-end=\"1089\">sastanak modela, TikTok doga\u0111aj, sve\u010dana ve\u010der, proslava<\/td>\n<\/tr>\n<\/tbody>\n<\/table>\n<div class=\"sticky end-(--thread-content-margin) h-0 self-end select-none\">\n<div class=\"absolute end-0 flex items-end\"><span class=\"\" data-state=\"closed\"><button class=\"hover:bg-token-bg-tertiary text-token-text-secondary my-1 rounded-sm p-1 transition-opacity group-[:not(:hover):not(:focus-within)]:pointer-events-none group-[:not(:hover):not(:focus-within)]:opacity-0\" aria-label=\"Copy Table\"><\/button><\/span><\/div>\n<\/div>\n<\/div>\n<\/div>\n<hr data-start=\"1091\" data-end=\"1094\">\n<h3 data-start=\"1096\" data-end=\"1139\"><strong data-start=\"1100\" data-end=\"1139\">3. Uvjeti putovanja i sudjelovanja<\/strong><\/h3>\n<ul data-start=\"1141\" data-end=\"1463\">\n<li data-start=\"1141\" data-end=\"1238\">\n<p data-start=\"1143\" data-end=\"1238\">Sudjelovanje je uvijek dobrovoljno, ali je potrebna prethodna registracija ili pozivnica.<\/p>\n<\/li>\n<li data-start=\"1239\" data-end=\"1361\">\n<p data-start=\"1241\" data-end=\"1361\">Sudionici su du\u017eni do\u0107i na vrijeme, pridr\u017eavati se to\u010dne lokacije, vremena, pravila odijevanja i predmeta koje moraju ponijeti.<\/p>\n<\/li>\n<li data-start=\"1362\" data-end=\"1463\">\n<p data-start=\"1364\" data-end=\"1463\">Sudjelovanje mo\u017ee biti uvjetovano certifikacijom, aktivnim statusom, prethodnim radnim rezultatima ili preporukom.<\/p>\n<\/li>\n<\/ul>\n<hr data-start=\"1465\" data-end=\"1468\">\n<h3 data-start=\"1470\" data-end=\"1508\"><strong data-start=\"1474\" data-end=\"1508\">4. Tro\u0161kovi i podjela tro\u0161kova<\/strong><\/h3>\n<div class=\"_tableContainer_80l1q_1\">\n<div class=\"_tableWrapper_80l1q_14 group flex w-fit flex-col-reverse\">\n<table class=\"w-fit min-w-(--thread-content-width)\" data-start=\"1510\" data-end=\"1848\">\n<thead data-start=\"1510\" data-end=\"1539\">\n<tr data-start=\"1510\" data-end=\"1539\">\n<th data-start=\"1510\" data-end=\"1525\" data-col-size=\"sm\">Vrsta tro\u0161ka<\/th>\n<th data-start=\"1525\" data-end=\"1539\" data-col-size=\"md\">Tko ga nosi?<\/th>\n<\/tr>\n<\/thead>\n<tbody data-start=\"1570\" data-end=\"1848\">\n<tr data-start=\"1570\" data-end=\"1643\">\n<td data-start=\"1570\" data-end=\"1588\" data-col-size=\"sm\">Smje\u0161taj, putovanje<\/td>\n<td data-col-size=\"md\" data-start=\"1588\" data-end=\"1643\">U slu\u010daju poziva, Agencija ili partner koji poziva<\/td>\n<\/tr>\n<tr data-start=\"1644\" data-end=\"1714\">\n<td data-start=\"1644\" data-end=\"1654\" data-col-size=\"sm\">Obrok<\/td>\n<td data-col-size=\"md\" data-start=\"1654\" data-end=\"1714\">Kako se odlu\u010duje od slu\u010daja do slu\u010daja, posebno istaknuto u opisu doga\u0111aja<\/td>\n<\/tr>\n<tr data-start=\"1715\" data-end=\"1789\">\n<td data-start=\"1715\" data-end=\"1732\" data-col-size=\"sm\">Kotizacija za sudjelovanje<\/td>\n<td data-col-size=\"md\" data-start=\"1732\" data-end=\"1789\">Ako je primjenjivo, kao unaprijed odre\u0111eni iznos s rokom pla\u0107anja<\/td>\n<\/tr>\n<tr data-start=\"1790\" data-end=\"1848\">\n<td data-start=\"1790\" data-end=\"1824\" data-col-size=\"sm\">Osobni tro\u0161kovi (npr. kupovina)<\/td>\n<td data-col-size=\"md\" data-start=\"1824\" data-end=\"1848\">Sudionik je odgovoran za<\/td>\n<\/tr>\n<\/tbody>\n<\/table>\n<div class=\"sticky end-(--thread-content-margin) h-0 self-end select-none\">\n<div class=\"absolute end-0 flex items-end\"><\/div>\n<\/div>\n<\/div>\n<\/div>\n<blockquote data-start=\"1850\" data-end=\"1938\">\n<p data-start=\"1852\" data-end=\"1938\">Sve strukture podjele tro\u0161kova moraju se unaprijed pismeno priop\u0107iti sudionicima.<\/p>\n<\/blockquote>\n<hr data-start=\"1940\" data-end=\"1943\">\n<h3 data-start=\"1945\" data-end=\"1974\"><strong data-start=\"1949\" data-end=\"1974\">5. Standardi pona\u0161anja<\/strong><\/h3>\n<h4 data-start=\"1976\" data-end=\"2009\">5.1.  <strong data-start=\"1986\" data-end=\"2009\">Op\u0107a o\u010dekivanja<\/strong><\/h4>\n<ul data-start=\"2010\" data-end=\"2261\">\n<li data-start=\"2010\" data-end=\"2170\">\n<p data-start=\"2012\" data-end=\"2170\">Sudjelovanje u ime Elite2You predstavlja predstavljanje, stoga se od svih sudionika tra\u017ei da se pona\u0161aju uljudno, s po\u0161tovanjem i profesionalno.<\/p>\n<\/li>\n<li data-start=\"2171\" data-end=\"2261\">\n<p data-start=\"2173\" data-end=\"2261\">Skandalozno, alkoholizirano ili seksualno uznemireno pona\u0161anje je zabranjeno na doga\u0111ajima.<\/p>\n<\/li>\n<\/ul>\n<h4 data-start=\"2263\" data-end=\"2301\">5.2.  <strong data-start=\"2273\" data-end=\"2301\">Izgled i odijevanje<\/strong><\/h4>\n<ul data-start=\"2302\" data-end=\"2445\">\n<li data-start=\"2302\" data-end=\"2361\">\n<p data-start=\"2304\" data-end=\"2361\">Pravila odijevanja za svaki doga\u0111aj bit \u0107e objavljena unaprijed.<\/p>\n<\/li>\n<li data-start=\"2362\" data-end=\"2445\">\n<p data-start=\"2364\" data-end=\"2445\">Izgled treba biti uredan, elegantan ili prikladan temi doga\u0111aja.<\/p>\n<\/li>\n<\/ul>\n<h4 data-start=\"2447\" data-end=\"2477\">5.3.  <strong data-start=\"2457\" data-end=\"2477\">Izrada sadr\u017eaja<\/strong><\/h4>\n<ul data-start=\"2478\" data-end=\"2692\">\n<li data-start=\"2478\" data-end=\"2592\">\n<p data-start=\"2480\" data-end=\"2592\">Kreiranje sadr\u017eaja je dopu\u0161teno, ali za objavu je potrebna prethodna pisana suglasnost Agencije.<\/p>\n<\/li>\n<li data-start=\"2593\" data-end=\"2692\">\n<p data-start=\"2595\" data-end=\"2692\">Zabranjeno: snimanje drugih bez dopu\u0161tenja, curenje informacija iza pozornice, objavljivanje privatnih lokacija<\/p>\n<\/li>\n<\/ul>\n<hr data-start=\"2694\" data-end=\"2697\">\n<h3 data-start=\"2699\" data-end=\"2733\"><strong data-start=\"2703\" data-end=\"2733\">6. Odricanje od odgovornosti<\/strong><\/h3>\n<ul data-start=\"2735\" data-end=\"3133\">\n<li data-start=\"2735\" data-end=\"2965\">\n<p data-start=\"2737\" data-end=\"2800\">Registracijom za doga\u0111aj, sudionici pristaju na:<\/p>\n<ul data-start=\"2803\" data-end=\"2965\">\n<li data-start=\"2803\" data-end=\"2855\">\n<p data-start=\"2805\" data-end=\"2855\">sudjeluju u doga\u0111aju na vlastitu odgovornost,<\/p>\n<\/li>\n<li data-start=\"2858\" data-end=\"2911\">\n<p data-start=\"2860\" data-end=\"2911\">su u dobrom zdravstvenom stanju i fizi\u010dkoj kondiciji,<\/p>\n<\/li>\n<li data-start=\"2914\" data-end=\"2965\">\n<p data-start=\"2916\" data-end=\"2965\">pridr\u017eavaju se putnih i sigurnosnih propisa.<\/p>\n<\/li>\n<\/ul>\n<\/li>\n<li data-start=\"2966\" data-end=\"3133\">\n<p data-start=\"2968\" data-end=\"3133\">Agencija nije odgovorna za bilo kakvu \u0161tetu, ozljede ili incidente nastale zbog bilo kakvog kr\u0161enja pravila ili pona\u0161anja tre\u0107ih strana.<\/p>\n<\/li>\n<\/ul>\n<hr data-start=\"3135\" data-end=\"3138\">\n<h3 data-start=\"3140\" data-end=\"3170\"><strong data-start=\"3144\" data-end=\"3170\">7. Otkazivanje i isklju\u010denje<\/strong><\/h3>\n<ul data-start=\"3172\" data-end=\"3491\">\n<li data-start=\"3172\" data-end=\"3261\">\n<p data-start=\"3174\" data-end=\"3261\">Otkazivanje nakon registracije je besplatno do 72 sata prije doga\u0111aja.<\/p>\n<\/li>\n<li data-start=\"3262\" data-end=\"3386\">\n<p data-start=\"3264\" data-end=\"3386\">Kasno otkazivanje ili neopravdani izostanak mogu rezultirati upozorenjem i isklju\u010denjem sa sljede\u0107eg doga\u0111aja.<\/p>\n<\/li>\n<li data-start=\"3387\" data-end=\"3491\">\n<p data-start=\"3389\" data-end=\"3491\">Ozbiljno kr\u0161enje pravila pona\u0161anja rezultirat \u0107e trenutnim uklanjanjem i isklju\u010denjem s budu\u0107ih doga\u0111aja.<\/p>\n<\/li>\n<\/ul>\n<hr data-start=\"3493\" data-end=\"3496\">\n<h3 data-start=\"3498\" data-end=\"3527\"><strong data-start=\"3502\" data-end=\"3527\">8. Zavr\u0161ne odredbe<\/strong><\/h3>\n<ul data-start=\"3529\" data-end=\"3842\">\n<li data-start=\"3529\" data-end=\"3642\">\n<p data-start=\"3531\" data-end=\"3642\">Ova se politika odnosi na sve Elite2You doga\u0111aje, bez obzira na lokaciju ili organizatora.<\/p>\n<\/li>\n<li data-start=\"3643\" data-end=\"3764\">\n<p data-start=\"3645\" data-end=\"3764\">Registracijom ili sudjelovanjem u doga\u0111aju, sudionik automatski prihva\u0107a sve to\u010dke pravila.<\/p>\n<\/li>\n<li data-start=\"3765\" data-end=\"3842\">\n<p data-start=\"3767\" data-end=\"3842\">Pravila su dostupna na web stranici i kao prilog pozivnicama za doga\u0111aje.<\/p>\n<\/li>\n<\/ul>\n","protected":false},"excerpt":{"rendered":"<p>Pravila o odgovornosti i pona\u0161anju za putovanja i sudjelovanje na doga\u0111ajima Na snazi \u200b\u200bod: 14.04.2025. Izdavatelj: Elite2You Digital Model Agency &hellip; <a href=\"https:\/\/elite2you.com\/hr\/kodeks-ponasanja\/\" class=\"more-link\">Continue reading <span class=\"screen-reader-text\">Kodeks pona\u0161anja<\/span><\/a><\/p>\n","protected":false},"author":5,"featured_media":0,"parent":0,"menu_order":0,"comment_status":"closed","ping_status":"closed","template":"","meta":{"_monsterinsights_skip_tracking":false,"_monsterinsights_sitenote_active":false,"_monsterinsights_sitenote_note":"","_monsterinsights_sitenote_category":0,"footnotes":""},"class_list":["post-21595","page","type-page","status-publish","hentry"],"_links":{"self":[{"href":"https:\/\/elite2you.com\/hr\/wp-json\/wp\/v2\/pages\/21595","targetHints":{"allow":["GET"]}}],"collection":[{"href":"https:\/\/elite2you.com\/hr\/wp-json\/wp\/v2\/pages"}],"about":[{"href":"https:\/\/elite2you.com\/hr\/wp-json\/wp\/v2\/types\/page"}],"author":[{"embeddable":true,"href":"https:\/\/elite2you.com\/hr\/wp-json\/wp\/v2\/users\/5"}],"replies":[{"embeddable":true,"href":"https:\/\/elite2you.com\/hr\/wp-json\/wp\/v2\/comments?post=21595"}],"version-history":[{"count":0,"href":"https:\/\/elite2you.com\/hr\/wp-json\/wp\/v2\/pages\/21595\/revisions"}],"wp:attachment":[{"href":"https:\/\/elite2you.com\/hr\/wp-json\/wp\/v2\/media?parent=21595"}],"curies":[{"name":"wp","href":"https:\/\/api.w.org\/{rel}","templated":true}]}}