{"id":21599,"date":"2025-07-08T07:21:12","date_gmt":"2025-07-08T07:21:12","guid":{"rendered":"https:\/\/elite2you.com\/pravila-o-kvalifikaciji-partnera\/"},"modified":"2025-07-08T07:21:12","modified_gmt":"2025-07-08T07:21:12","slug":"pravila-o-kvalifikaciji-partnera","status":"publish","type":"page","link":"https:\/\/elite2you.com\/hr\/pravila-o-kvalifikaciji-partnera\/","title":{"rendered":"Pravila o kvalifikaciji partnera"},"content":{"rendered":"<h2 data-start=\"93\" data-end=\"172\"><strong data-start=\"99\" data-end=\"170\">Pravila o kvalifikaciji pru\u017eatelja sadr\u017eaja i agencijskih partnera<\/strong><\/h2>\n<p data-start=\"173\" data-end=\"247\"><strong data-start=\"173\" data-end=\"194\">Na snazi \u200b\u200bod: 2025.04.14<\/strong><br data-start=\"194\" data-end=\"197\"> <strong data-start=\"197\" data-end=\"247\">Izdavatelj: Elite2You Digital Model Agency<\/strong><\/p>\n<hr data-start=\"249\" data-end=\"252\">\n<h3 data-start=\"254\" data-end=\"283\"><strong data-start=\"258\" data-end=\"283\">1. Svrha politike<\/strong><\/h3>\n<p data-start=\"284\" data-end=\"606\">Ova politika ure\u0111uje sustav ocjenjivanja za pru\u017eatelje sadr\u017eaja, instruktore, fotografe, partnerske agencije i regrutere koji se pridru\u017euju sustavu Elite2You. Cilj joj je potaknuti visokokvalitetnu suradnju, osigurati profesionalnu provjeru i pru\u017eiti transparentnu procjenu svih aktivnih sudionika u zajednici. <\/p>\n<hr data-start=\"608\" data-end=\"611\">\n<h3 data-start=\"613\" data-end=\"658\"><strong data-start=\"617\" data-end=\"658\">2. Ciljna skupina sustava ocjenjivanja<\/strong><\/h3>\n<div class=\"_tableContainer_80l1q_1\">\n<div class=\"_tableWrapper_80l1q_14 group flex w-fit flex-col-reverse\">\n<table class=\"w-fit min-w-(--thread-content-width)\" data-start=\"660\" data-end=\"1038\">\n<thead data-start=\"660\" data-end=\"680\">\n<tr data-start=\"660\" data-end=\"680\">\n<th data-start=\"660\" data-end=\"671\" data-col-size=\"sm\">Glumac<\/th>\n<th data-start=\"671\" data-end=\"680\" data-col-size=\"md\">Primjer<\/th>\n<\/tr>\n<\/thead>\n<tbody data-start=\"702\" data-end=\"1038\">\n<tr data-start=\"702\" data-end=\"758\">\n<td data-start=\"702\" data-end=\"723\" data-col-size=\"sm\">\ud83d\udcf8 Foto partneri<\/td>\n<td data-col-size=\"md\" data-start=\"723\" data-end=\"758\">portfolio fotograf, studijski partner<\/td>\n<\/tr>\n<tr data-start=\"759\" data-end=\"815\">\n<td data-start=\"759\" data-end=\"784\" data-col-size=\"sm\">\ud83c\udf93 Instruktori i mentori<\/td>\n<td data-col-size=\"md\" data-start=\"784\" data-end=\"815\">voditelji te\u010dajeva, ispitiva\u010di<\/td>\n<\/tr>\n<tr data-start=\"816\" data-end=\"874\">\n<td data-start=\"816\" data-end=\"833\" data-col-size=\"sm\">\ud83e\uddd1\u200d\ud83d\udcbc Regruteri<\/td>\n<td data-col-size=\"md\" data-start=\"833\" data-end=\"874\">vanjski agenti koji registriraju modele<\/td>\n<\/tr>\n<tr data-start=\"875\" data-end=\"968\">\n<td data-start=\"875\" data-end=\"916\" data-col-size=\"sm\">\ud83c\udfe2 Fran\u0161izni ili regionalni partneri<\/td>\n<td data-col-size=\"md\" data-start=\"916\" data-end=\"968\">vanjski studiji, pru\u017eatelji sadr\u017eaja<\/td>\n<\/tr>\n<tr data-start=\"969\" data-end=\"1038\">\n<td data-start=\"969\" data-end=\"991\" data-col-size=\"sm\">\ud83d\udcf2 Operateri platforme<\/td>\n<td data-col-size=\"md\" data-start=\"991\" data-end=\"1038\">Operatori OnlyFans, Elite2Fans, Models2You<\/td>\n<\/tr>\n<\/tbody>\n<\/table>\n<div class=\"sticky end-(--thread-content-margin) h-0 self-end select-none\">\n<div class=\"absolute end-0 flex items-end\"><span class=\"\" data-state=\"closed\"><button class=\"hover:bg-token-bg-tertiary text-token-text-secondary my-1 rounded-sm p-1 transition-opacity group-[:not(:hover):not(:focus-within)]:pointer-events-none group-[:not(:hover):not(:focus-within)]:opacity-0\" aria-label=\"Copy Table\"><\/button><\/span><\/div>\n<\/div>\n<\/div>\n<\/div>\n<hr data-start=\"1040\" data-end=\"1043\">\n<h3 data-start=\"1045\" data-end=\"1074\"><strong data-start=\"1049\" data-end=\"1074\">3. Razine kvalifikacija<\/strong><\/h3>\n<div class=\"_tableContainer_80l1q_1\">\n<div class=\"_tableWrapper_80l1q_14 group flex w-fit flex-col-reverse\">\n<table class=\"w-fit min-w-(--thread-content-width)\" data-start=\"1076\" data-end=\"1621\">\n<thead data-start=\"1076\" data-end=\"1113\">\n<tr data-start=\"1076\" data-end=\"1113\">\n<th data-start=\"1076\" data-end=\"1084\" data-col-size=\"sm\">Razina<\/th>\n<th data-start=\"1084\" data-end=\"1097\" data-col-size=\"sm\">Ime<\/th>\n<th data-start=\"1097\" data-end=\"1113\" data-col-size=\"md\">Kratak opis<\/th>\n<\/tr>\n<\/thead>\n<tbody data-start=\"1153\" data-end=\"1621\">\n<tr data-start=\"1153\" data-end=\"1237\">\n<td data-start=\"1153\" data-end=\"1167\" data-col-size=\"sm\">\ud83d\udd39 <strong data-start=\"1158\" data-end=\"1166\">Osnovno<\/strong><\/td>\n<td data-col-size=\"sm\" data-start=\"1167\" data-end=\"1185\">Status partnera<\/td>\n<td data-col-size=\"md\" data-start=\"1185\" data-end=\"1237\">Prihva\u0107eni partner, ali jo\u0161 nema aktivnih recenzija<\/td>\n<\/tr>\n<tr data-start=\"1238\" data-end=\"1361\">\n<td data-start=\"1238\" data-end=\"1258\" data-col-size=\"sm\">\ud83d\udd38 <strong data-start=\"1243\" data-end=\"1257\">Certificirano<\/strong><\/td>\n<td data-col-size=\"sm\" data-start=\"1258\" data-end=\"1281\">Potvr\u0111eni suradnik<\/td>\n<td data-col-size=\"md\" data-start=\"1281\" data-end=\"1361\">Pru\u017ea redovite, pouzdane performanse i ima interne reference<\/td>\n<\/tr>\n<tr data-start=\"1362\" data-end=\"1508\">\n<td data-start=\"1362\" data-end=\"1379\" data-col-size=\"sm\">\ud83c\udf1f <strong data-start=\"1367\" data-end=\"1378\">Premium<\/strong><\/td>\n<td data-col-size=\"sm\" data-start=\"1379\" data-end=\"1409\">Elite2You preferirani partner<\/td>\n<td data-col-size=\"md\" data-start=\"1409\" data-end=\"1508\">Slu\u017ebeno istaknuti partner, ispunjava uvjete za sudjelovanje u kampanjama, uklju\u010den u javni popis<\/td>\n<\/tr>\n<tr data-start=\"1509\" data-end=\"1621\">\n<td data-start=\"1509\" data-end=\"1533\" data-col-size=\"sm\">\ud83d\udeab <strong data-start=\"1514\" data-end=\"1532\">Suspendirano<\/strong><\/td>\n<td data-col-size=\"sm\" data-start=\"1533\" data-end=\"1545\">Crna lista<\/td>\n<td data-col-size=\"md\" data-start=\"1545\" data-end=\"1621\">Prekr\u0161ena eti\u010dka ili ugovorna pravila \u2013 isklju\u010denje iz sustava<\/td>\n<\/tr>\n<\/tbody>\n<\/table>\n<div class=\"sticky end-(--thread-content-margin) h-0 self-end select-none\">\n<div class=\"absolute end-0 flex items-end\"><span class=\"\" data-state=\"closed\"><button class=\"hover:bg-token-bg-tertiary text-token-text-secondary my-1 rounded-sm p-1 transition-opacity group-[:not(:hover):not(:focus-within)]:pointer-events-none group-[:not(:hover):not(:focus-within)]:opacity-0\" aria-label=\"Copy Table\"><\/button><\/span><\/div>\n<\/div>\n<\/div>\n<\/div>\n<hr data-start=\"1623\" data-end=\"1626\">\n<h3 data-start=\"1628\" data-end=\"1660\"><strong data-start=\"1632\" data-end=\"1660\">4. Kriteriji ocjenjivanja<\/strong><\/h3>\n<h4 data-start=\"1662\" data-end=\"1697\">4.1.  <strong data-start=\"1672\" data-end=\"1697\">Kvaliteta i rezultati<\/strong><\/h4>\n<ul data-start=\"1698\" data-end=\"1858\">\n<li data-start=\"1698\" data-end=\"1763\">\n<p data-start=\"1700\" data-end=\"1763\">povratne informacije o zadovoljstvu od modela (ocjena od 1 do 5 zvjezdica)<\/p>\n<\/li>\n<li data-start=\"1764\" data-end=\"1813\">\n<p data-start=\"1766\" data-end=\"1813\">vizualna, profesionalna i eti\u010dka kvaliteta sadr\u017eaja<\/p>\n<\/li>\n<li data-start=\"1814\" data-end=\"1858\">\n<p data-start=\"1816\" data-end=\"1858\">pravovremeno ispunjavanje rokova i obveza<\/p>\n<\/li>\n<\/ul>\n<h4 data-start=\"1860\" data-end=\"1903\">4.2.  <strong data-start=\"1870\" data-end=\"1903\">Komunikacija i suradnja<\/strong><\/h4>\n<ul data-start=\"1904\" data-end=\"2057\">\n<li data-start=\"1904\" data-end=\"1949\">\n<p data-start=\"1906\" data-end=\"1949\">brzo vrijeme odziva, ljubaznost, pouzdanost<\/p>\n<\/li>\n<li data-start=\"1950\" data-end=\"2006\">\n<p data-start=\"1952\" data-end=\"2006\">suradnja s ravnateljima, mentorima, u\u010diteljima<\/p>\n<\/li>\n<li data-start=\"2007\" data-end=\"2057\">\n<p data-start=\"2009\" data-end=\"2057\">upravljanje povratnim informacijama i spremnost na razvoj<\/p>\n<\/li>\n<\/ul>\n<h4 data-start=\"2059\" data-end=\"2102\">4.3.  <strong data-start=\"2069\" data-end=\"2102\">Eti\u010dno i brendu identi\u010dno poslovanje<\/strong><\/h4>\n<ul data-start=\"2103\" data-end=\"2242\">\n<li data-start=\"2103\" data-end=\"2150\">\n<p data-start=\"2105\" data-end=\"2150\">uskla\u0111enost s pravilima o robnim markama i sadr\u017eaju<\/p>\n<\/li>\n<li data-start=\"2151\" data-end=\"2202\">\n<p data-start=\"2153\" data-end=\"2202\">bez ukradenog, neeti\u010dnog ili obmanjuju\u0107eg sadr\u017eaja<\/p>\n<\/li>\n<li data-start=\"2203\" data-end=\"2242\">\n<p data-start=\"2205\" data-end=\"2242\">ne konkurira Elite2You sustavu<\/p>\n<\/li>\n<\/ul>\n<hr data-start=\"2244\" data-end=\"2247\">\n<h3 data-start=\"2249\" data-end=\"2278\"><strong data-start=\"2253\" data-end=\"2278\">5. Kvalifikacijski postupak<\/strong><\/h3>\n<h4 data-start=\"2280\" data-end=\"2318\">5.1.  <strong data-start=\"2290\" data-end=\"2318\">Prva razina: registracija<\/strong><\/h4>\n<ul data-start=\"2319\" data-end=\"2449\">\n<li data-start=\"2319\" data-end=\"2347\">\n<p data-start=\"2321\" data-end=\"2347\">Ulazak kao kandidat<\/p>\n<\/li>\n<li data-start=\"2348\" data-end=\"2392\">\n<p data-start=\"2350\" data-end=\"2392\">Po\u0161aljite portfolio ili referentne materijale<\/p>\n<\/li>\n<li data-start=\"2393\" data-end=\"2449\">\n<p data-start=\"2395\" data-end=\"2449\">Na temelju preporuke regionalnog direktora ili vi\u0161eg mentora<\/p>\n<\/li>\n<\/ul>\n<h4 data-start=\"2451\" data-end=\"2489\">5.2.  <strong data-start=\"2461\" data-end=\"2489\">Druga razina: evaluacija<\/strong><\/h4>\n<ul data-start=\"2490\" data-end=\"2619\">\n<li data-start=\"2490\" data-end=\"2549\">\n<p data-start=\"2492\" data-end=\"2549\">Za evaluaciju su potrebne najmanje 2 uspje\u0161ne suradnje.<\/p>\n<\/li>\n<li data-start=\"2550\" data-end=\"2619\">\n<p data-start=\"2552\" data-end=\"2619\">Odluku donosi kvalifikacijski odbor (3 osobe: mentor, voditelj sadr\u017eaja, direktor)<\/p>\n<\/li>\n<\/ul>\n<h4 data-start=\"2621\" data-end=\"2678\">5.3.  <strong data-start=\"2631\" data-end=\"2678\">Tre\u0107a razina: Nadogradnja\/Sni\u017eavanje razine<\/strong><\/h4>\n<ul data-start=\"2679\" data-end=\"2783\">\n<li data-start=\"2679\" data-end=\"2728\">\n<p data-start=\"2681\" data-end=\"2728\">Ocjene se pregledavaju svakih 6 mjeseci<\/p>\n<\/li>\n<li data-start=\"2729\" data-end=\"2783\">\n<p data-start=\"2731\" data-end=\"2783\">Trenutna suspenzija u slu\u010daju ozbiljnog kr\u0161enja ugovora<\/p>\n<\/li>\n<\/ul>\n<hr data-start=\"2785\" data-end=\"2788\">\n<h3 data-start=\"2790\" data-end=\"2832\"><strong data-start=\"2794\" data-end=\"2832\">6. Privilegije temeljene na razinama<\/strong><\/h3>\n<div class=\"_tableContainer_80l1q_1\">\n<div class=\"_tableWrapper_80l1q_14 group flex w-fit flex-col-reverse\">\n<table class=\"w-fit min-w-(--thread-content-width)\" data-start=\"2834\" data-end=\"3218\">\n<thead data-start=\"2834\" data-end=\"2879\">\n<tr data-start=\"2834\" data-end=\"2879\">\n<th data-start=\"2834\" data-end=\"2848\" data-col-size=\"md\">Pravo na sudjelovanje<\/th>\n<th data-start=\"2848\" data-end=\"2855\" data-col-size=\"sm\">Osnova<\/th>\n<th data-start=\"2855\" data-end=\"2868\" data-col-size=\"sm\">Kvalificiran<\/th>\n<th data-start=\"2868\" data-end=\"2879\" data-col-size=\"sm\">Premija<\/th>\n<\/tr>\n<\/thead>\n<tbody data-start=\"2927\" data-end=\"3218\">\n<tr data-start=\"2927\" data-end=\"2957\">\n<td data-start=\"2927\" data-end=\"2944\" data-col-size=\"md\">Preporuka modela<\/td>\n<td data-col-size=\"sm\" data-start=\"2944\" data-end=\"2948\">\u2705<\/td>\n<td data-col-size=\"sm\" data-start=\"2948\" data-end=\"2952\">\u2705<\/td>\n<td data-col-size=\"sm\" data-start=\"2952\" data-end=\"2957\">\u2705<\/td>\n<\/tr>\n<tr data-start=\"2958\" data-end=\"2986\">\n<td data-start=\"2958\" data-end=\"2973\" data-col-size=\"md\">Ispit<\/td>\n<td data-col-size=\"sm\" data-start=\"2973\" data-end=\"2977\">\u274c<\/td>\n<td data-col-size=\"sm\" data-start=\"2977\" data-end=\"2981\">\u2705<\/td>\n<td data-col-size=\"sm\" data-start=\"2981\" data-end=\"2986\">\u2705<\/td>\n<\/tr>\n<tr data-start=\"2987\" data-end=\"3034\">\n<td data-start=\"2987\" data-end=\"3012\" data-col-size=\"md\">Sudjelovanje u kampanjama<\/td>\n<td data-col-size=\"sm\" data-start=\"3012\" data-end=\"3016\">\u274c<\/td>\n<td data-col-size=\"sm\" data-start=\"3016\" data-end=\"3029\">\ud83d\udd04 (le\u017eerno)<\/td>\n<td data-col-size=\"sm\" data-start=\"3029\" data-end=\"3034\">\u2705<\/td>\n<\/tr>\n<tr data-start=\"3035\" data-end=\"3101\">\n<td data-start=\"3035\" data-end=\"3088\" data-col-size=\"md\">Javni nastup (popis partnera Elite2You)<\/td>\n<td data-col-size=\"sm\" data-start=\"3088\" data-end=\"3092\">\u274c<\/td>\n<td data-col-size=\"sm\" data-start=\"3092\" data-end=\"3096\">\u274c<\/td>\n<td data-col-size=\"sm\" data-start=\"3096\" data-end=\"3101\">\u2705<\/td>\n<\/tr>\n<tr data-start=\"3102\" data-end=\"3164\">\n<td data-start=\"3102\" data-end=\"3136\" data-col-size=\"md\">Provizija za preporuku (nakon zapo\u0161ljavanja)<\/td>\n<td data-col-size=\"sm\" data-start=\"3136\" data-end=\"3155\">\ud83d\udd04 (uz dopu\u0161tenje)<\/td>\n<td data-col-size=\"sm\" data-start=\"3155\" data-end=\"3159\">\u2705<\/td>\n<td data-col-size=\"sm\" data-start=\"3159\" data-end=\"3164\">\u2705<\/td>\n<\/tr>\n<tr data-start=\"3165\" data-end=\"3218\">\n<td data-start=\"3165\" data-end=\"3204\" data-col-size=\"md\">Slu\u017ebena adresa e-po\u0161te i profil robne marke<\/td>\n<td data-col-size=\"sm\" data-start=\"3204\" data-end=\"3208\">\u274c<\/td>\n<td data-col-size=\"sm\" data-start=\"3208\" data-end=\"3213\">\ud83d\udd04<\/td>\n<td data-col-size=\"sm\" data-start=\"3213\" data-end=\"3218\">\u2705<\/td>\n<\/tr>\n<\/tbody>\n<\/table>\n<div class=\"sticky end-(--thread-content-margin) h-0 self-end select-none\">\n<div class=\"absolute end-0 flex items-end\"><span class=\"\" data-state=\"closed\"><button class=\"hover:bg-token-bg-tertiary text-token-text-secondary my-1 rounded-sm p-1 transition-opacity group-[:not(:hover):not(:focus-within)]:pointer-events-none group-[:not(:hover):not(:focus-within)]:opacity-0\" aria-label=\"Copy Table\"><\/button><\/span><\/div>\n<\/div>\n<\/div>\n<\/div>\n<hr data-start=\"3220\" data-end=\"3223\">\n<h3 data-start=\"3225\" data-end=\"3271\"><strong data-start=\"3229\" data-end=\"3271\">7. Zapisi i sljedivost<\/strong><\/h3>\n<ul data-start=\"3272\" data-end=\"3485\">\n<li data-start=\"3272\" data-end=\"3340\">\n<p data-start=\"3274\" data-end=\"3340\">Kvalificirani partneri navedeni su u internoj bazi podataka i ozna\u010deni su serijskim brojem.<\/p>\n<\/li>\n<li data-start=\"3341\" data-end=\"3405\">\n<p data-start=\"3343\" data-end=\"3405\">Premium partneri su javno navedeni na web stranici<\/p>\n<\/li>\n<li data-start=\"3406\" data-end=\"3485\">\n<p data-start=\"3408\" data-end=\"3485\">Suspendirani partneri dodaju se na zatvoreni popis &#8220;prekinutih veza\"<\/p>\n<\/li>\n<\/ul>\n<hr data-start=\"3487\" data-end=\"3490\">\n<h3 data-start=\"3492\" data-end=\"3514\"><strong data-start=\"3496\" data-end=\"3514\">8. Pravni lijek<\/strong><\/h3>\n<ul data-start=\"3515\" data-end=\"3663\">\n<li data-start=\"3515\" data-end=\"3607\">\n<p data-start=\"3517\" data-end=\"3607\">Svaki partner ima pravo podnijeti pisani prigovor na odluku o kvalifikaciji.<\/p>\n<\/li>\n<li data-start=\"3608\" data-end=\"3663\">\n<p data-start=\"3610\" data-end=\"3663\">U slu\u010dajevima drugog stupnja, odlu\u010duje me\u0111unarodni odbor direktora<\/p>\n<\/li>\n<\/ul>\n<hr data-start=\"3665\" data-end=\"3668\">\n<h3 data-start=\"3670\" data-end=\"3699\"><strong data-start=\"3674\" data-end=\"3699\">9. Zavr\u0161ne odredbe<\/strong><\/h3>\n<ul data-start=\"3700\" data-end=\"3916\">\n<li data-start=\"3700\" data-end=\"3786\">\n<p data-start=\"3702\" data-end=\"3786\">Opseg politike obuhva\u0107a sve slu\u017ebene ili privremene Elite2You partnere.<\/p>\n<\/li>\n<li data-start=\"3787\" data-end=\"3833\">\n<p data-start=\"3789\" data-end=\"3833\">Politika se preispituje svake godine.<\/p>\n<\/li>\n<li data-start=\"3834\" data-end=\"3916\">\n<p data-start=\"3836\" data-end=\"3916\">Certifikacija ne zna\u010di automatsko zapo\u0161ljavanje ili isklju\u010divu suradnju.<\/p>\n<\/li>\n<\/ul>\n","protected":false},"excerpt":{"rendered":"<p>Pravila o kvalifikaciji pru\u017eatelja sadr\u017eaja i agencijskih partnera Na snazi \u200b\u200bod: 2025.04.14 Izdavatelj: Elite2You Digital Model Agency 1. Svrha politike &hellip; <a href=\"https:\/\/elite2you.com\/hr\/pravila-o-kvalifikaciji-partnera\/\" class=\"more-link\">Continue reading <span class=\"screen-reader-text\">Pravila o kvalifikaciji partnera<\/span><\/a><\/p>\n","protected":false},"author":5,"featured_media":0,"parent":0,"menu_order":0,"comment_status":"closed","ping_status":"closed","template":"","meta":{"_monsterinsights_skip_tracking":false,"_monsterinsights_sitenote_active":false,"_monsterinsights_sitenote_note":"","_monsterinsights_sitenote_category":0,"footnotes":""},"class_list":["post-21599","page","type-page","status-publish","hentry"],"_links":{"self":[{"href":"https:\/\/elite2you.com\/hr\/wp-json\/wp\/v2\/pages\/21599","targetHints":{"allow":["GET"]}}],"collection":[{"href":"https:\/\/elite2you.com\/hr\/wp-json\/wp\/v2\/pages"}],"about":[{"href":"https:\/\/elite2you.com\/hr\/wp-json\/wp\/v2\/types\/page"}],"author":[{"embeddable":true,"href":"https:\/\/elite2you.com\/hr\/wp-json\/wp\/v2\/users\/5"}],"replies":[{"embeddable":true,"href":"https:\/\/elite2you.com\/hr\/wp-json\/wp\/v2\/comments?post=21599"}],"version-history":[{"count":0,"href":"https:\/\/elite2you.com\/hr\/wp-json\/wp\/v2\/pages\/21599\/revisions"}],"wp:attachment":[{"href":"https:\/\/elite2you.com\/hr\/wp-json\/wp\/v2\/media?parent=21599"}],"curies":[{"name":"wp","href":"https:\/\/api.w.org\/{rel}","templated":true}]}}