{"id":21601,"date":"2025-07-08T07:02:50","date_gmt":"2025-07-08T07:02:50","guid":{"rendered":"https:\/\/elite2you.com\/globalni-operativni-protokol\/"},"modified":"2025-07-08T07:02:50","modified_gmt":"2025-07-08T07:02:50","slug":"globalni-operativni-protokol","status":"publish","type":"page","link":"https:\/\/elite2you.com\/hr\/globalni-operativni-protokol\/","title":{"rendered":"Globalni operativni protokol"},"content":{"rendered":"<p data-start=\"95\" data-end=\"223\"><strong data-start=\"95\" data-end=\"146\">(Varijacije specifi\u010dne za zemlju i operativna pravila)<\/strong><br data-start=\"146\" data-end=\"149\"> <strong data-start=\"149\" data-end=\"170\">Na snazi \u200b\u200bod: 14.04.2025.<\/strong><br data-start=\"170\" data-end=\"173\"> <strong data-start=\"173\" data-end=\"223\">Izdavatelj: Elite2You Digital Model Agency<\/strong><\/p>\n<hr data-start=\"225\" data-end=\"228\">\n<h3 data-start=\"230\" data-end=\"259\"><strong data-start=\"234\" data-end=\"259\">1. Svrha politike<\/strong><\/h3>\n<p data-start=\"260\" data-end=\"519\">Elite2You posluje kao me\u0111unarodna agencija za modele u nekoliko zemalja. Svrha ove politike je definirati razli\u010dita pravila poslovanja koja se primjenjuju u svakoj zemlji i osigurati odr\u017eavanje jedinstvenog me\u0111unarodnog imid\u017ea, kvalitete i uskla\u0111enosti sa zakonom. <\/p>\n<hr data-start=\"521\" data-end=\"524\">\n<h3 data-start=\"526\" data-end=\"586\"><strong data-start=\"530\" data-end=\"586\">2. Pogo\u0111ene zemlje i trenutna teritorijalna struktura<\/strong><\/h3>\n<ul data-start=\"588\" data-end=\"973\">\n<li data-start=\"588\" data-end=\"683\">Gdje agencija trenutno posluje<\/li>\n<\/ul>\n<hr data-start=\"975\" data-end=\"978\">\n<h3 data-start=\"980\" data-end=\"1023\"><strong data-start=\"984\" data-end=\"1023\">3. Op\u0107a na\u010dela u svim zemljama<\/strong><\/h3>\n<ul data-start=\"1025\" data-end=\"1349\">\n<li data-start=\"1025\" data-end=\"1144\">\n<p data-start=\"1027\" data-end=\"1144\">U svakoj zemlji postoji lokalni regionalni direktor ili vr\u0161itelj du\u017enosti menad\u017eera koji je odgovoran za provo\u0111enje pravila.<\/p>\n<\/li>\n<li data-start=\"1145\" data-end=\"1225\">\n<p data-start=\"1147\" data-end=\"1225\">Slu\u017ebena komunikacija odvija se na jeziku zemlje i\/ili na engleskom jeziku.<\/p>\n<\/li>\n<\/ul>\n<hr data-start=\"1351\" data-end=\"1354\">\n<h3 data-start=\"1356\" data-end=\"1397\"><strong data-start=\"1360\" data-end=\"1397\">4. Propisi specifi\u010dni za pojedinu zemlju<\/strong><\/h3>\n<p>Na primjer:<\/p>\n<h4 data-start=\"1399\" data-end=\"1421\">\ud83c\udded\ud83c\uddfa Ma\u0111arska<\/h4>\n<ul data-start=\"1422\" data-end=\"1714\">\n<li data-start=\"1422\" data-end=\"1487\">\n<p data-start=\"1424\" data-end=\"1487\"><strong data-start=\"1424\" data-end=\"1436\">Cijena<\/strong> : na temelju HUF, po\u010detna cijena za po\u010detni te\u010daj je 179.900 HUF<\/p>\n<\/li>\n<li data-start=\"1488\" data-end=\"1562\">\n<p data-start=\"1490\" data-end=\"1562\"><strong data-start=\"1490\" data-end=\"1503\">Naplata<\/strong> : putem ma\u0111arske tvrtke (Elite2You Kft.), u sustavu temeljenom na NAV-u<\/p>\n<\/li>\n<li data-start=\"1563\" data-end=\"1646\">\n<p data-start=\"1565\" data-end=\"1646\"><strong data-start=\"1565\" data-end=\"1580\">Upravljanje podacima<\/strong> : potpuna uskla\u0111enost s GDPR-om, dokumentacija o za\u0161titi podataka na ma\u0111arskom jeziku<\/p>\n<\/li>\n<li data-start=\"1647\" data-end=\"1714\">\n<p data-start=\"1649\" data-end=\"1714\"><strong data-start=\"1649\" data-end=\"1674\">Pru\u017eatelji pla\u0107anja<\/strong> : SimplePay, Barion, OTP, bankovni prijenos<\/p>\n<\/li>\n<li><strong data-start=\"2540\" data-end=\"2559\">Slu\u017eba za korisnike<\/strong> : s predstavnikom koji govori ma\u0111arski<\/li>\n<\/ul>\n<h4 data-start=\"1716\" data-end=\"1744\">\ud83c\uddec\ud83c\udde7 Ujedinjeno Kraljevstvo<\/h4>\n<ul data-start=\"1745\" data-end=\"2011\">\n<li data-start=\"1745\" data-end=\"1811\">\n<p data-start=\"1747\" data-end=\"1811\"><strong data-start=\"1747\" data-end=\"1759\">Cijena<\/strong> : na temelju GBP (\u00a3), prera\u010dunato po trenutnom te\u010daju<\/p>\n<\/li>\n<li data-start=\"1812\" data-end=\"1850\">\n<p data-start=\"1814\" data-end=\"1850\"><strong data-start=\"1814\" data-end=\"1827\">Naplata<\/strong> : Elite2You Ltd. (UK)<\/p>\n<\/li>\n<li data-start=\"1851\" data-end=\"1901\">\n<p data-start=\"1853\" data-end=\"1901\"><strong data-start=\"1853\" data-end=\"1868\">Za\u0161tita podataka<\/strong> : GDPR + Zakon o za\u0161titi podataka Ujedinjenog Kraljevstva<\/p>\n<\/li>\n<li data-start=\"1902\" data-end=\"1947\">\n<p data-start=\"1904\" data-end=\"1947\"><strong data-start=\"1904\" data-end=\"1929\">Pru\u017eatelji pla\u0107anja<\/strong> : Stripe, PayPal<\/p>\n<\/li>\n<li data-start=\"1948\" data-end=\"2011\">\n<p data-start=\"1950\" data-end=\"2011\"><strong data-start=\"1950\" data-end=\"1971\">Kori\u0161tenje platforme<\/strong> : marketing usmjeren na OnlyFans<\/p>\n<\/li>\n<li><strong data-start=\"2540\" data-end=\"2559\">Slu\u017eba za korisnike<\/strong> : Uklju\u010den predstavnik koji govori engleski jezik<\/li>\n<\/ul>\n<h4 data-start=\"2013\" data-end=\"2030\">\ud83c\uddf3\ud83c\uddec Nigerija<\/h4>\n<ul data-start=\"2031\" data-end=\"2361\">\n<li data-start=\"2031\" data-end=\"2097\">\n<p data-start=\"2033\" data-end=\"2097\"><strong data-start=\"2033\" data-end=\"2045\">Cijena<\/strong> : Na temelju naira (\u20a6), struktura cijena varira ovisno o zemlji<\/p>\n<\/li>\n<li data-start=\"2098\" data-end=\"2182\">\n<p data-start=\"2100\" data-end=\"2182\"><strong data-start=\"2100\" data-end=\"2111\">Pla\u0107anje<\/strong> : ru\u010dni prijenos, gotovinske opcije, obro\u010dna otplata na dulje razdoblje<\/p>\n<\/li>\n<li data-start=\"2183\" data-end=\"2249\">\n<p data-start=\"2185\" data-end=\"2249\"><strong data-start=\"2185\" data-end=\"2198\">Marketing<\/strong> : offline zapo\u0161ljavanje, kori\u0161tenje WhatsAppa je primarno<\/p>\n<\/li>\n<li data-start=\"2250\" data-end=\"2361\">\n<p data-start=\"2252\" data-end=\"2361\"><strong data-start=\"2252\" data-end=\"2271\">Upravljanje rizicima<\/strong> : zahtjev za fotografijom + slu\u017ebenom identifikacijskom ispravom prije svakog ugovora, zasebna provjera prijevare<\/p>\n<\/li>\n<li><strong data-start=\"2540\" data-end=\"2559\">Slu\u017eba za korisnike<\/strong> : Uklju\u010den predstavnik koji govori engleski jezik<\/li>\n<\/ul>\n<h4 data-start=\"2363\" data-end=\"2385\">\ud83c\udded\ud83c\uddf7 Hrvatska<\/h4>\n<ul data-start=\"2386\" data-end=\"2596\">\n<li data-start=\"2386\" data-end=\"2439\">\n<p data-start=\"2388\" data-end=\"2439\"><strong data-start=\"2388\" data-end=\"2400\">Cijena<\/strong> : trenutno u prijelaznoj fazi HRK\/EUR<\/p>\n<\/li>\n<li data-start=\"2440\" data-end=\"2491\">\n<p data-start=\"2442\" data-end=\"2491\"><strong data-start=\"2442\" data-end=\"2454\">Prijevod<\/strong> : sadr\u017eaj na hrvatskom i engleskom jeziku<\/p>\n<\/li>\n<li data-start=\"2492\" data-end=\"2537\">\n<p data-start=\"2494\" data-end=\"2537\"><strong data-start=\"2494\" data-end=\"2505\">Pla\u0107anje<\/strong> : Revolut, SEPA transfer, PayPal<\/p>\n<\/li>\n<li data-start=\"2538\" data-end=\"2596\">\n<p data-start=\"2540\" data-end=\"2596\"><strong data-start=\"2540\" data-end=\"2559\">Slu\u017eba za korisnike<\/strong> : S predstavnikom koji govori hrvatski<\/p>\n<\/li>\n<\/ul>\n<p data-start=\"2540\" data-end=\"2596\">\ud83c\uddf7\ud83c\uddf4 <strong data-start=\"1409\" data-end=\"1420\">Rumunjska<\/strong><\/p>\n<ul data-start=\"1421\" data-end=\"1961\">\n<li data-start=\"1421\" data-end=\"1484\">\n<p data-start=\"1423\" data-end=\"1484\"><strong data-start=\"1423\" data-end=\"1435\">Cijene<\/strong> : Lokalizirane cijene temeljene na RON-u, ovisne o te\u010daju<\/p>\n<\/li>\n<li data-start=\"1485\" data-end=\"1547\">\n<p data-start=\"1487\" data-end=\"1547\"><strong data-start=\"1487\" data-end=\"1499\">Prijevod<\/strong> : Paralelni rumunjski i engleski sadr\u017eaj<\/p>\n<\/li>\n<li data-start=\"1548\" data-end=\"1661\">\n<p data-start=\"1550\" data-end=\"1661\"><strong data-start=\"1550\" data-end=\"1563\">Fakturiranje<\/strong> : Fakturiranje unutar EU iz ma\u0111arskog ili britanskog centra, po potrebi putem rumunjskog partnera<\/p>\n<\/li>\n<li data-start=\"1662\" data-end=\"1724\">\n<p data-start=\"1664\" data-end=\"1724\"><strong data-start=\"1664\" data-end=\"1675\">Pla\u0107anje<\/strong> : Revolut, PayPal, bankovni transfer (IBAN \/ SEPA)<\/p>\n<\/li>\n<li data-start=\"1725\" data-end=\"1809\">\n<p data-start=\"1727\" data-end=\"1809\"><strong data-start=\"1727\" data-end=\"1742\">Za\u0161tita podataka<\/strong> : potpuna uskla\u0111enost s GDPR-om, s politikom za\u0161tite podataka na rumunjskom jeziku<\/p>\n<\/li>\n<li data-start=\"1810\" data-end=\"1961\">\n<p data-start=\"1812\" data-end=\"1961\"><strong data-start=\"1812\" data-end=\"1834\">Marketin\u0161ki kanali<\/strong> : Instagram, Facebook grupe, TikTok \u2013 kampanje na rumunjskom jeziku<\/p>\n<\/li>\n<li><strong data-start=\"2540\" data-end=\"2559\">Slu\u017eba za korisnike<\/strong> : S predstavnikom koji govori rumunjski<\/li>\n<\/ul>\n<hr data-start=\"2598\" data-end=\"2601\">\n<h3 data-start=\"2603\" data-end=\"2641\"><strong data-start=\"2607\" data-end=\"2641\">5. Zastupanje i dono\u0161enje odluka<\/strong><\/h3>\n<ul data-start=\"2643\" data-end=\"2990\">\n<li data-start=\"2643\" data-end=\"2756\">\n<p data-start=\"2645\" data-end=\"2756\"><strong data-start=\"2645\" data-end=\"2667\">Regionalni direktori<\/strong> : imaju ovlasti za zapo\u0161ljavanje, testiranje i ugovaranje u svakoj zemlji.<\/p>\n<\/li>\n<li data-start=\"2757\" data-end=\"2862\">\n<p data-start=\"2759\" data-end=\"2862\"><strong data-start=\"2759\" data-end=\"2783\">Me\u0111unarodno vodstvo<\/strong> : sve strate\u0161ke odluke pravno i operativno ostaju u nadle\u017enosti sredi\u0161njeg menad\u017ementa.<\/p>\n<\/li>\n<li data-start=\"2863\" data-end=\"2990\">\n<p data-start=\"2865\" data-end=\"2990\">Regionalni menad\u017eeri ne smiju pokrenuti vlastitu podtvrtku ili platformu pod brendom Elite2You bez centralnog odobrenja.<\/p>\n<\/li>\n<\/ul>\n<hr data-start=\"2992\" data-end=\"2995\">\n<h3 data-start=\"2997\" data-end=\"3047\"><strong data-start=\"3001\" data-end=\"3047\">6. Razlike specifi\u010dne za web i platformu<\/strong><\/h3>\n<ul data-start=\"3049\" data-end=\"3359\">\n<li data-start=\"3049\" data-end=\"3169\">\n<p data-start=\"3051\" data-end=\"3169\">Izgled web stranice je kulturno lokaliziran: razli\u010dite slike, razli\u010diti primjeri, razli\u010dite ponude mogu se pojaviti po zemlji.<\/p>\n<\/li>\n<li data-start=\"3170\" data-end=\"3268\">\n<p data-start=\"3172\" data-end=\"3268\">Sadr\u017eaj online te\u010dajeva je ujedna\u010den, ali primjeri i audio materijali gradiva te\u010daja mogu se lokalizirati.<\/p>\n<\/li>\n<li data-start=\"3269\" data-end=\"3359\">\n<p data-start=\"3271\" data-end=\"3359\">Sustav ispita mo\u017ee se razlikovati od zemlje do zemlje (npr. u Nigeriji se prihva\u0107aju i ispiti u papirnatom obliku).<\/p>\n<\/li>\n<\/ul>\n<hr data-start=\"3361\" data-end=\"3364\">\n<h3 data-start=\"3366\" data-end=\"3392\"><strong data-start=\"3370\" data-end=\"3392\">7. Uskla\u0111enost s pravnim propisima<\/strong><\/h3>\n<ul data-start=\"3394\" data-end=\"3742\">\n<li data-start=\"3394\" data-end=\"3509\">\n<p data-start=\"3396\" data-end=\"3509\">Elite2You posluje u skladu s relevantnim lokalnim zakonima, propisima o za\u0161titi podataka i za\u0161titi potro\u0161a\u010da u svakoj zemlji.<\/p>\n<\/li>\n<li data-start=\"3510\" data-end=\"3631\">\n<p data-start=\"3512\" data-end=\"3631\">Za svaku zemlju mogu se izraditi zasebni pravni i financijski propisi ako se lokalni propisi razlikuju od me\u0111unarodne prakse.<\/p>\n<\/li>\n<li data-start=\"3632\" data-end=\"3742\">\n<p data-start=\"3634\" data-end=\"3742\">Ma\u0111arski propisi odra\u017eavaju osnovne standarde EU, dok britansku i nigerijsku verziju pregledava zaseban odvjetnik.<\/p>\n<\/li>\n<\/ul>\n<hr data-start=\"3744\" data-end=\"3747\">\n<h3 data-start=\"3749\" data-end=\"3778\"><strong data-start=\"3753\" data-end=\"3778\">8. Zavr\u0161ne odredbe<\/strong><\/h3>\n<ul data-start=\"3780\" data-end=\"4088\">\n<li data-start=\"3780\" data-end=\"3878\">\n<p data-start=\"3782\" data-end=\"3878\">Ovaj protokol obvezuje sve predstavnike, osoblje i partnere zemalja.<\/p>\n<\/li>\n<li data-start=\"3879\" data-end=\"3988\">\n<p data-start=\"3881\" data-end=\"3988\">Sve nacionalne kampanje, doga\u0111aji ili razlike u cijenama mogu se provesti samo uz centralno odobrenje.<\/p>\n<\/li>\n<li data-start=\"3989\" data-end=\"4088\">\n<p data-start=\"3991\" data-end=\"4088\">Protokol se a\u017eurira najmanje jednom godi\u0161nje na temelju odluke me\u0111unarodnog odbora.<\/p>\n<\/li>\n<\/ul>\n","protected":false},"excerpt":{"rendered":"<p>(Varijacije specifi\u010dne za zemlju i operativna pravila) Na snazi \u200b\u200bod: 14.04.2025. Izdavatelj: Elite2You Digital Model Agency 1. Svrha politike Elite2You &hellip; <a href=\"https:\/\/elite2you.com\/hr\/globalni-operativni-protokol\/\" class=\"more-link\">Continue reading <span class=\"screen-reader-text\">Globalni operativni protokol<\/span><\/a><\/p>\n","protected":false},"author":5,"featured_media":0,"parent":0,"menu_order":0,"comment_status":"closed","ping_status":"closed","template":"","meta":{"_monsterinsights_skip_tracking":false,"_monsterinsights_sitenote_active":false,"_monsterinsights_sitenote_note":"","_monsterinsights_sitenote_category":0,"footnotes":""},"class_list":["post-21601","page","type-page","status-publish","hentry"],"_links":{"self":[{"href":"https:\/\/elite2you.com\/hr\/wp-json\/wp\/v2\/pages\/21601","targetHints":{"allow":["GET"]}}],"collection":[{"href":"https:\/\/elite2you.com\/hr\/wp-json\/wp\/v2\/pages"}],"about":[{"href":"https:\/\/elite2you.com\/hr\/wp-json\/wp\/v2\/types\/page"}],"author":[{"embeddable":true,"href":"https:\/\/elite2you.com\/hr\/wp-json\/wp\/v2\/users\/5"}],"replies":[{"embeddable":true,"href":"https:\/\/elite2you.com\/hr\/wp-json\/wp\/v2\/comments?post=21601"}],"version-history":[{"count":0,"href":"https:\/\/elite2you.com\/hr\/wp-json\/wp\/v2\/pages\/21601\/revisions"}],"wp:attachment":[{"href":"https:\/\/elite2you.com\/hr\/wp-json\/wp\/v2\/media?parent=21601"}],"curies":[{"name":"wp","href":"https:\/\/api.w.org\/{rel}","templated":true}]}}