{"id":21605,"date":"2025-07-08T06:36:05","date_gmt":"2025-07-08T06:36:05","guid":{"rendered":"https:\/\/elite2you.com\/politika-suradnje-s-partnerima\/"},"modified":"2025-07-08T06:36:05","modified_gmt":"2025-07-08T06:36:05","slug":"politika-suradnje-s-partnerima","status":"publish","type":"page","link":"https:\/\/elite2you.com\/hr\/politika-suradnje-s-partnerima\/","title":{"rendered":"Politika suradnje s partnerima"},"content":{"rendered":"<h2 data-start=\"70\" data-end=\"146\"><strong data-start=\"73\" data-end=\"144\">Politika povjerljivosti i suradnje partnera i podizvo\u0111a\u010da<\/strong><\/h2>\n<p data-start=\"147\" data-end=\"221\"><strong data-start=\"147\" data-end=\"168\">Na snazi \u200b\u200bod: 14.04.2024.<\/strong><br data-start=\"168\" data-end=\"171\"> <strong data-start=\"171\" data-end=\"221\">Izdavatelj: Elite2You Digital Model Agency<\/strong><\/p>\n<hr data-start=\"223\" data-end=\"226\">\n<h3 data-start=\"228\" data-end=\"257\"><strong data-start=\"232\" data-end=\"257\">1. Svrha politike<\/strong><\/h3>\n<p data-start=\"258\" data-end=\"643\">Svrha ove politike je definirati obveze povjerljivosti i suradnje za partnere, vanjske pru\u017eatelje usluga, trenere, mentore, fotografe, stiliste i ostale podizvo\u0111a\u010de koji sura\u0111uju s agencijom Elite2You Digital Model Agency (u daljnjem tekstu: &#8220;Agencija\").<br data-start=\"536\" data-end=\"539\"> Svrha politike je za\u0161tititi znanje, poslovne tajne, modele i sustave Agencije.<\/p>\n<hr data-start=\"645\" data-end=\"648\">\n<h3 data-start=\"650\" data-end=\"676\"><strong data-start=\"654\" data-end=\"676\">2. Podru\u010dje primjene<\/strong><\/h3>\n<p data-start=\"677\" data-end=\"760\"><strong>Podru\u010dje primjene politike obuhva\u0107a svaku osobu ili organizaciju koja:<\/strong><\/p>\n<ul data-start=\"761\" data-end=\"1115\">\n<li data-start=\"761\" data-end=\"879\">\n<p data-start=\"763\" data-end=\"879\">nije interni zaposlenik, ve\u0107 ima ugovorni odnos s Elite2You (na temelju ra\u010duna ili ad hoc zadatka),<\/p>\n<\/li>\n<li data-start=\"880\" data-end=\"1010\">\n<p data-start=\"882\" data-end=\"1010\">obavlja bilo koji zadatak u ime ili u interesu Agencije (npr. fotografiranje, edukacija, organizacija doga\u0111aja, zapo\u0161ljavanje, savjetovanje),<\/p>\n<\/li>\n<li data-start=\"1011\" data-end=\"1115\">\n<p data-start=\"1013\" data-end=\"1115\">Dobit \u0107ete pristup povjerljivim informacijama, podacima modela, internim materijalima za obuku i sustavima.<\/p>\n<\/li>\n<\/ul>\n<hr data-start=\"1117\" data-end=\"1120\">\n<h3 data-start=\"1122\" data-end=\"1159\"><strong data-start=\"1126\" data-end=\"1159\">3. Obveza povjerljivosti<\/strong><\/h3>\n<h4 data-start=\"1161\" data-end=\"1222\">3.1.  <strong data-start=\"1171\" data-end=\"1222\">Povjerljive informacije uklju\u010duju posebno:<\/strong><\/h4>\n<ul data-start=\"1223\" data-end=\"1479\">\n<li data-start=\"1223\" data-end=\"1282\">\n<p data-start=\"1225\" data-end=\"1282\">osobni podaci modela, slike, videozapisi, online ra\u010duni,<\/p>\n<\/li>\n<li data-start=\"1283\" data-end=\"1339\">\n<p data-start=\"1285\" data-end=\"1339\">obrazovni materijali, ispitni sustavi, uzorci certifikata,<\/p>\n<\/li>\n<li data-start=\"1340\" data-end=\"1399\">\n<p data-start=\"1342\" data-end=\"1399\">interne poslovne strategije, popisi partnera, marketin\u0161ki materijali,<\/p>\n<\/li>\n<li data-start=\"1400\" data-end=\"1479\">\n<p data-start=\"1402\" data-end=\"1479\">digitalne platforme koje Agencija koristi i njihove operativne procese.<\/p>\n<\/li>\n<\/ul>\n<h4 data-start=\"1481\" data-end=\"1511\">3.2.  <strong data-start=\"1491\" data-end=\"1511\">Obveze:<\/strong><\/h4>\n<ul data-start=\"1512\" data-end=\"1780\">\n<li data-start=\"1512\" data-end=\"1600\">\n<p data-start=\"1514\" data-end=\"1600\">Partner je du\u017ean povjerljivo postupati sa svim poslovnim, tehni\u010dkim i osobnim podacima,<\/p>\n<\/li>\n<li data-start=\"1601\" data-end=\"1677\">\n<p data-start=\"1603\" data-end=\"1677\">Primljene podatke mo\u017eete koristiti samo u svrhu suradnje,<\/p>\n<\/li>\n<li data-start=\"1678\" data-end=\"1780\">\n<p data-start=\"1680\" data-end=\"1780\">Ne smijete dijeliti povjerljive informacije s tre\u0107im stranama, ni usmeno, ni pismeno, ni digitalno.<\/p>\n<\/li>\n<\/ul>\n<h4 data-start=\"1782\" data-end=\"1821\">3.3.  <strong data-start=\"1792\" data-end=\"1821\">Trajanje povjerljivosti:<\/strong><\/h4>\n<ul data-start=\"1822\" data-end=\"1926\">\n<li data-start=\"1822\" data-end=\"1926\">\n<p data-start=\"1824\" data-end=\"1926\">Povjerljivost vrijedi ne samo za razdoblje aktivne suradnje, ve\u0107 i najmanje 5 godina nakon toga.<\/p>\n<\/li>\n<\/ul>\n<hr data-start=\"1928\" data-end=\"1931\">\n<h3 data-start=\"1933\" data-end=\"1974\"><strong data-start=\"1937\" data-end=\"1974\">4. Obveze suradnje<\/strong><\/h3>\n<h4 data-start=\"1976\" data-end=\"2026\">4.1.  <strong data-start=\"1986\" data-end=\"2026\">Lojalnost marki i namjera suradnje<\/strong><\/h4>\n<p data-start=\"2027\" data-end=\"2052\"><strong>Partner se obvezuje:<\/strong><\/p>\n<ul data-start=\"2053\" data-end=\"2416\">\n<li data-start=\"2053\" data-end=\"2130\">\n<p data-start=\"2055\" data-end=\"2130\">sura\u0111ivat \u0107e u dobroj vjeri, imaju\u0107i na umu interese Agencije,<\/p>\n<\/li>\n<li data-start=\"2131\" data-end=\"2226\">\n<p data-start=\"2133\" data-end=\"2226\">ne predstavlja konkurentsko poduze\u0107e u istom opsegu usluga tijekom razdoblja suradnje,<\/p>\n<\/li>\n<li data-start=\"2227\" data-end=\"2308\">\n<p data-start=\"2229\" data-end=\"2308\">ne regrutirati modele ili klijente iz Agencije za vlastite ili druge svrhe,<\/p>\n<\/li>\n<li data-start=\"2309\" data-end=\"2416\">\n<p data-start=\"2311\" data-end=\"2416\">ne koristi materijale Agencije u vlastitom poslovanju, obrazovanju, platformi ili dru\u0161tvenim mre\u017eama.<\/p>\n<\/li>\n<\/ul>\n<h4 data-start=\"2418\" data-end=\"2461\">4.2.  <strong data-start=\"2428\" data-end=\"2461\">Komunikacija i sigurnost podataka<\/strong><\/h4>\n<ul data-start=\"2462\" data-end=\"2721\">\n<li data-start=\"2462\" data-end=\"2584\">\n<p data-start=\"2464\" data-end=\"2584\">Partner je du\u017ean komunicirati s modelima i kolegama na civiliziran, eti\u010dan i na\u010din siguran u pogledu podataka.<\/p>\n<\/li>\n<li data-start=\"2585\" data-end=\"2721\">\n<p data-start=\"2587\" data-end=\"2721\">Slanje podataka, dijeljenje datoteka ili slanje sadr\u017eaja putem privatnih, nekorporativnih kanala (npr. Messenger, WhatsApp) posebno je zabranjeno.<\/p>\n<\/li>\n<\/ul>\n<hr data-start=\"2723\" data-end=\"2726\">\n<h3 data-start=\"2728\" data-end=\"2769\"><strong data-start=\"2732\" data-end=\"2769\">5. Posljedice kr\u0161enja ugovora<\/strong><\/h3>\n<ul data-start=\"2770\" data-end=\"3083\">\n<li data-start=\"2770\" data-end=\"2879\">\n<p data-start=\"2772\" data-end=\"2879\">Kr\u0161enje povjerljivosti ili kr\u0161enje pravila suradnje predstavlja ozbiljno kr\u0161enje ugovora.<\/p>\n<\/li>\n<li data-start=\"2880\" data-end=\"2976\">\n<p data-start=\"2882\" data-end=\"2976\">Kr\u0161enje pravila mo\u017ee rezultirati trenutnim raskidom ugovora i odgovorno\u0161\u0107u za naknadu \u0161tete.<\/p>\n<\/li>\n<li data-start=\"2977\" data-end=\"3083\">\n<p data-start=\"2979\" data-end=\"3083\">Agencija zadr\u017eava pravo pokretanja pravnog postupka, postupka za\u0161tite podataka ili gra\u0111anske parnice.<\/p>\n<\/li>\n<\/ul>\n<hr data-start=\"3085\" data-end=\"3088\">\n<h3 data-start=\"3090\" data-end=\"3126\"><strong data-start=\"3094\" data-end=\"3126\">6. Zabrana davanja izjava<\/strong><\/h3>\n<ul data-start=\"3127\" data-end=\"3303\">\n<li data-start=\"3127\" data-end=\"3224\">\n<p data-start=\"3129\" data-end=\"3224\">Partner ne smije davati izjave, dostavljati materijale za medije ili pokretati kampanje u ime Agencije.<\/p>\n<\/li>\n<li data-start=\"3225\" data-end=\"3303\">\n<p data-start=\"3227\" data-end=\"3303\">Javni nastup mogu\u0107 je samo uz prethodno pismeno dopu\u0161tenje.<\/p>\n<\/li>\n<\/ul>\n<hr data-start=\"3305\" data-end=\"3308\">\n<h3 data-start=\"3310\" data-end=\"3344\"><strong data-start=\"3314\" data-end=\"3344\">7. Povezani dokumenti<\/strong><\/h3>\n<p data-start=\"3345\" data-end=\"3386\"><strong>Ova politika nadopunjuje sljede\u0107e:<\/strong><\/p>\n<ul data-start=\"3387\" data-end=\"3503\">\n<li data-start=\"3387\" data-end=\"3401\">\n<p data-start=\"3389\" data-end=\"3401\">Eti\u010dki kodeks<\/p>\n<\/li>\n<li data-start=\"3402\" data-end=\"3434\">\n<p data-start=\"3404\" data-end=\"3434\">Interne smjernice za zaposlenike<\/p>\n<\/li>\n<li data-start=\"3435\" data-end=\"3478\">\n<p data-start=\"3437\" data-end=\"3478\">Zabrana davanja izjava \/ PR politika<\/p>\n<\/li>\n<li data-start=\"3479\" data-end=\"3503\">\n<p data-start=\"3481\" data-end=\"3503\">Pravila o privatnosti<\/p>\n<\/li>\n<\/ul>\n<hr data-start=\"3505\" data-end=\"3508\">\n<h3 data-start=\"3510\" data-end=\"3539\"><strong data-start=\"3514\" data-end=\"3539\">8. Zavr\u0161ne odredbe<\/strong><\/h3>\n<p data-start=\"3540\" data-end=\"3749\">Ovi propisi vrijede \u010dak i bez potpisa ako se aktivnosti partnera obavljaju u slu\u017ebeno ime Elite2You.<br data-start=\"3656\" data-end=\"3659\"> Pravilnik je obvezuju\u0107i za sve sura\u0111uju\u0107e strane od dana stupanja na snagu.<\/p>\n","protected":false},"excerpt":{"rendered":"<p>Politika povjerljivosti i suradnje partnera i podizvo\u0111a\u010da Na snazi \u200b\u200bod: 14.04.2024. Izdavatelj: Elite2You Digital Model Agency 1. Svrha politike Svrha &hellip; <a href=\"https:\/\/elite2you.com\/hr\/politika-suradnje-s-partnerima\/\" class=\"more-link\">Continue reading <span class=\"screen-reader-text\">Politika suradnje s partnerima<\/span><\/a><\/p>\n","protected":false},"author":5,"featured_media":0,"parent":0,"menu_order":0,"comment_status":"closed","ping_status":"closed","template":"","meta":{"_monsterinsights_skip_tracking":false,"_monsterinsights_sitenote_active":false,"_monsterinsights_sitenote_note":"","_monsterinsights_sitenote_category":0,"footnotes":""},"class_list":["post-21605","page","type-page","status-publish","hentry"],"_links":{"self":[{"href":"https:\/\/elite2you.com\/hr\/wp-json\/wp\/v2\/pages\/21605","targetHints":{"allow":["GET"]}}],"collection":[{"href":"https:\/\/elite2you.com\/hr\/wp-json\/wp\/v2\/pages"}],"about":[{"href":"https:\/\/elite2you.com\/hr\/wp-json\/wp\/v2\/types\/page"}],"author":[{"embeddable":true,"href":"https:\/\/elite2you.com\/hr\/wp-json\/wp\/v2\/users\/5"}],"replies":[{"embeddable":true,"href":"https:\/\/elite2you.com\/hr\/wp-json\/wp\/v2\/comments?post=21605"}],"version-history":[{"count":0,"href":"https:\/\/elite2you.com\/hr\/wp-json\/wp\/v2\/pages\/21605\/revisions"}],"wp:attachment":[{"href":"https:\/\/elite2you.com\/hr\/wp-json\/wp\/v2\/media?parent=21605"}],"curies":[{"name":"wp","href":"https:\/\/api.w.org\/{rel}","templated":true}]}}