{"id":21609,"date":"2025-07-08T06:32:12","date_gmt":"2025-07-08T06:32:12","guid":{"rendered":"https:\/\/elite2you.com\/licenca-za-autorska-prava\/"},"modified":"2025-07-08T06:32:12","modified_gmt":"2025-07-08T06:32:12","slug":"licenca-za-autorska-prava","status":"publish","type":"page","link":"https:\/\/elite2you.com\/hr\/licenca-za-autorska-prava\/","title":{"rendered":"Licenca za autorska prava"},"content":{"rendered":"<h2 data-start=\"77\" data-end=\"140\"><strong data-start=\"80\" data-end=\"138\">Izjava o autorskim pravima i licenci za slike<\/strong><\/h2>\n<p data-start=\"141\" data-end=\"259\"><strong data-start=\"141\" data-end=\"182\">(Za modele i fotografe)<\/strong><br data-start=\"182\" data-end=\"185\"> <strong data-start=\"185\" data-end=\"206\">Na snazi \u200b\u200bod: 14.04.2024.<\/strong><br data-start=\"206\" data-end=\"209\"> <strong data-start=\"209\" data-end=\"259\">Izdavatelj: Elite2You Digital Model Agency<\/strong><\/p>\n<hr data-start=\"261\" data-end=\"264\">\n<h3 data-start=\"266\" data-end=\"295\"><strong data-start=\"270\" data-end=\"295\">1. Svrha politike<\/strong><\/h3>\n<p data-start=\"296\" data-end=\"609\">Svrha ove politike je regulirati upravljanje pravima na sliku osoba koje se pojavljuju na fotografijama i videozapisima, kao i autorskim pravima na snimke koje su snimili fotografi.<br data-start=\"483\" data-end=\"486\"> Na\u0161 je cilj za\u0161tititi prava modela i fotografa te osigurati legalnu upotrebu u komercijalne i promotivne svrhe.<\/p>\n<hr data-start=\"611\" data-end=\"614\">\n<h3 data-start=\"616\" data-end=\"636\"><strong data-start=\"620\" data-end=\"636\">2. Na\u010dela<\/strong><\/h3>\n<ul data-start=\"638\" data-end=\"962\">\n<li data-start=\"638\" data-end=\"765\">\n<p data-start=\"640\" data-end=\"765\">Pravo na sliku modela je osobno pravo, za \u010dije kori\u0161tenje je potreban prethodni pisani pristanak.<\/p>\n<\/li>\n<li data-start=\"766\" data-end=\"962\">\n<p data-start=\"768\" data-end=\"962\">Slika koju je snimio fotograf za\u0161ti\u0107ena je autorskim pravima, a za kori\u0161tenje je potrebno i pismeno dopu\u0161tenje, osim ako nije stvorena u ime Elite2You s prenesenim pravima.<\/p>\n<\/li>\n<\/ul>\n<hr data-start=\"964\" data-end=\"967\">\n<h3 data-start=\"969\" data-end=\"1041\"><strong data-start=\"973\" data-end=\"1041\">3. Objava modela<\/strong><\/h3>\n<h4 data-start=\"1043\" data-end=\"1078\">3.1.  <strong data-start=\"1053\" data-end=\"1078\">Obavezni pristanak<\/strong><\/h4>\n<p data-start=\"1079\" data-end=\"1137\"><strong>Svi modeli moraju prihvatiti i potpisati sljede\u0107e:<\/strong><\/p>\n<ul data-start=\"1138\" data-end=\"1476\">\n<li data-start=\"1138\" data-end=\"1281\">\n<p data-start=\"1140\" data-end=\"1281\">Sla\u017eete se da Elite2You mo\u017ee koristiti slike i videozapise koje snimite u marketin\u0161ke, obrazovne, prodajne ili druge komercijalne svrhe.<\/p>\n<\/li>\n<li data-start=\"1282\" data-end=\"1476\">\n<p data-start=\"1284\" data-end=\"1476\">Sla\u017eete se da se sadr\u017eaj mo\u017ee pojaviti na web stranicama Elite2You (npr. elite2you.com, elite2fans.com, models2you.com) i vanjskim platformama (Instagram, TikTok, Google oglasi, posteri itd.).<\/p>\n<\/li>\n<\/ul>\n<h4 data-start=\"1478\" data-end=\"1508\">3.2.  <strong data-start=\"1488\" data-end=\"1508\">Pravo na odustajanje od ugovora<\/strong><\/h4>\n<p data-start=\"1509\" data-end=\"1568\"><strong>Model mo\u017ee zatra\u017eiti uklanjanje odre\u0111enog sadr\u017eaja ako:<\/strong><\/p>\n<ul data-start=\"1569\" data-end=\"1763\">\n<li data-start=\"1569\" data-end=\"1625\">\n<p data-start=\"1571\" data-end=\"1625\">suprotni su eti\u010dkim ili pravnim propisima,<\/p>\n<\/li>\n<li data-start=\"1626\" data-end=\"1763\">\n<p data-start=\"1628\" data-end=\"1763\">prikazivanje bi ugrozilo va\u0161u osobnu sigurnost ili ugled.<br data-start=\"1696\" data-end=\"1699\">Elite2You \u0107e pregledati zahtjev za uklanjanje u roku od 30 dana.<\/p>\n<\/li>\n<\/ul>\n<h4 data-start=\"1765\" data-end=\"1805\">3.3.  <strong data-start=\"1775\" data-end=\"1805\">Ograni\u010denja kori\u0161tenja sadr\u017eaja<\/strong><\/h4>\n<p data-start=\"1806\" data-end=\"1914\">Slike modela ne smiju se prenositi tre\u0107im stranama u komercijalne svrhe bez znanja i pristanka modela.<\/p>\n<hr data-start=\"1916\" data-end=\"1919\">\n<h3 data-start=\"1921\" data-end=\"1998\"><strong data-start=\"1925\" data-end=\"1998\">4. Dozvola fotografa i autorska prava<\/strong><\/h3>\n<h4 data-start=\"2000\" data-end=\"2056\">4.1.  <strong data-start=\"2010\" data-end=\"2056\">Prijenos prava u slu\u010daju agencijskog naloga<\/strong><\/h4>\n<p data-start=\"2057\" data-end=\"2132\">Prihva\u0107anjem zadatka, fotograf kojeg je anga\u017eirao Elite2You pristaje na:<\/p>\n<ul data-start=\"2133\" data-end=\"2394\">\n<li data-start=\"2133\" data-end=\"2290\">\n<p data-start=\"2135\" data-end=\"2290\">daje agenciji pravo kori\u0161tenja svih ili dijela snimljenih slika, uklju\u010duju\u0107i u promotivne, reklamne i obrazovne svrhe,<\/p>\n<\/li>\n<li data-start=\"2291\" data-end=\"2394\">\n<p data-start=\"2293\" data-end=\"2394\">Ne postoji zasebna tantijema ili ponavljaju\u0107a naknada za slike ako je fiksna naknada ve\u0107 pla\u0107ena za fotografiju.<\/p>\n<\/li>\n<\/ul>\n<h4 data-start=\"2396\" data-end=\"2435\">4.2.  <strong data-start=\"2406\" data-end=\"2435\">Op\u0107a licenca fotografa<\/strong><\/h4>\n<p data-start=\"2436\" data-end=\"2486\"><strong>Vanjski fotografi moraju izjaviti da:<\/strong><\/p>\n<ul data-start=\"2487\" data-end=\"2806\">\n<li data-start=\"2487\" data-end=\"2564\">\n<p data-start=\"2489\" data-end=\"2564\">slike su snimljene vlastitom opremom i dok su radili samostalno,<\/p>\n<\/li>\n<li data-start=\"2565\" data-end=\"2650\">\n<p data-start=\"2567\" data-end=\"2650\">imaju sva potrebna tehni\u010dka i zakonska prava za snimanje fotografija,<\/p>\n<\/li>\n<li data-start=\"2651\" data-end=\"2806\">\n<p data-start=\"2653\" data-end=\"2806\">obvezuju se da slike ne\u0107e biti prodane ili objavljene tre\u0107im stranama, osim ako to nije izri\u010dito dogovoreno s modelom i Elite2You.<\/p>\n<\/li>\n<\/ul>\n<hr data-start=\"2808\" data-end=\"2811\">\n<h3 data-start=\"2813\" data-end=\"2846\"><strong data-start=\"2817\" data-end=\"2846\">5. Vlasni\u0161tvo i skladi\u0161tenje<\/strong><\/h3>\n<ul data-start=\"2848\" data-end=\"3118\">\n<li data-start=\"2848\" data-end=\"2972\">\n<p data-start=\"2850\" data-end=\"2972\">Digitalne kopije slika i videozapisa pohranjuju se na internim poslu\u017eiteljima tvrtke Elite2You ili namjenskoj pohrani u oblaku.<\/p>\n<\/li>\n<li data-start=\"2973\" data-end=\"3118\">\n<p data-start=\"2975\" data-end=\"3118\">Samo odre\u0111eni upravitelji sadr\u017eaja, regionalni direktori i predstavnik modela za pristup mogu pristupiti izvornim datotekama.<\/p>\n<\/li>\n<\/ul>\n<hr data-start=\"3120\" data-end=\"3123\">\n<h3 data-start=\"3125\" data-end=\"3163\"><strong data-start=\"3129\" data-end=\"3163\">6. Sporovi i provedba<\/strong><\/h3>\n<ul data-start=\"3165\" data-end=\"3464\">\n<li data-start=\"3165\" data-end=\"3265\">\n<p data-start=\"3167\" data-end=\"3265\">U slu\u010daju bilo kakvog spora vezanog uz sadr\u017eaj, stranke \u0107e prvenstveno tra\u017eiti mirno rje\u0161enje.<\/p>\n<\/li>\n<li data-start=\"3266\" data-end=\"3371\">\n<p data-start=\"3268\" data-end=\"3371\">Mjesto rje\u0161avanja sporova bit \u0107e: [Nadle\u017ena jurisdikcija prema dr\u017eavi], prema slu\u017ebenom sjedi\u0161tu Elite2You.<\/p>\n<\/li>\n<li data-start=\"3372\" data-end=\"3464\">\n<p data-start=\"3374\" data-end=\"3464\">Fotografi i modeli du\u017eni su sura\u0111ivati \u200b\u200bu svim sporovima i djelovati u dobroj vjeri.<\/p>\n<\/li>\n<\/ul>\n<hr data-start=\"3466\" data-end=\"3469\">\n<h3 data-start=\"3471\" data-end=\"3505\"><strong data-start=\"3475\" data-end=\"3505\">7. Povezani dokumenti<\/strong><\/h3>\n<p data-start=\"3506\" data-end=\"3547\"><strong>Ova politika nadopunjuje sljede\u0107e:<\/strong><\/p>\n<ul data-start=\"3548\" data-end=\"3644\">\n<li data-start=\"3548\" data-end=\"3571\">\n<p data-start=\"3550\" data-end=\"3571\">Izjava o riziku<\/p>\n<\/li>\n<li data-start=\"3572\" data-end=\"3596\">\n<p data-start=\"3574\" data-end=\"3596\">Pravila o privatnosti<\/p>\n<\/li>\n<li data-start=\"3597\" data-end=\"3611\">\n<p data-start=\"3599\" data-end=\"3611\">Eti\u010dki kodeks<\/p>\n<\/li>\n<li data-start=\"3612\" data-end=\"3644\">\n<p data-start=\"3614\" data-end=\"3644\">Pravila kontrole sadr\u017eaja<\/p>\n<\/li>\n<\/ul>\n<hr data-start=\"3646\" data-end=\"3649\">\n<h3 data-start=\"3651\" data-end=\"3680\"><strong data-start=\"3655\" data-end=\"3680\">8. Zavr\u0161ne odredbe<\/strong><\/h3>\n<p data-start=\"3681\" data-end=\"3886\">Ovi propisi primjenjuju se na sadr\u017eaj kreiran, naru\u010den ili prenesen na Elite2You sustav. Obvezuju\u0107i su za sve modele i fotografe od datuma stupanja na snagu. <\/p>\n","protected":false},"excerpt":{"rendered":"<p>Izjava o autorskim pravima i licenci za slike (Za modele i fotografe) Na snazi \u200b\u200bod: 14.04.2024. Izdavatelj: Elite2You Digital Model &hellip; <a href=\"https:\/\/elite2you.com\/hr\/licenca-za-autorska-prava\/\" class=\"more-link\">Continue reading <span class=\"screen-reader-text\">Licenca za autorska prava<\/span><\/a><\/p>\n","protected":false},"author":5,"featured_media":0,"parent":0,"menu_order":0,"comment_status":"closed","ping_status":"closed","template":"","meta":{"_monsterinsights_skip_tracking":false,"_monsterinsights_sitenote_active":false,"_monsterinsights_sitenote_note":"","_monsterinsights_sitenote_category":0,"footnotes":""},"class_list":["post-21609","page","type-page","status-publish","hentry"],"_links":{"self":[{"href":"https:\/\/elite2you.com\/hr\/wp-json\/wp\/v2\/pages\/21609","targetHints":{"allow":["GET"]}}],"collection":[{"href":"https:\/\/elite2you.com\/hr\/wp-json\/wp\/v2\/pages"}],"about":[{"href":"https:\/\/elite2you.com\/hr\/wp-json\/wp\/v2\/types\/page"}],"author":[{"embeddable":true,"href":"https:\/\/elite2you.com\/hr\/wp-json\/wp\/v2\/users\/5"}],"replies":[{"embeddable":true,"href":"https:\/\/elite2you.com\/hr\/wp-json\/wp\/v2\/comments?post=21609"}],"version-history":[{"count":0,"href":"https:\/\/elite2you.com\/hr\/wp-json\/wp\/v2\/pages\/21609\/revisions"}],"wp:attachment":[{"href":"https:\/\/elite2you.com\/hr\/wp-json\/wp\/v2\/media?parent=21609"}],"curies":[{"name":"wp","href":"https:\/\/api.w.org\/{rel}","templated":true}]}}