{"id":21612,"date":"2025-07-08T06:26:30","date_gmt":"2025-07-08T06:26:30","guid":{"rendered":"https:\/\/elite2you.com\/pravila-kontrole-sadrzaja\/"},"modified":"2025-07-08T06:26:30","modified_gmt":"2025-07-08T06:26:30","slug":"pravila-kontrole-sadrzaja","status":"publish","type":"page","link":"https:\/\/elite2you.com\/hr\/pravila-kontrole-sadrzaja\/","title":{"rendered":"Pravila kontrole sadr\u017eaja"},"content":{"rendered":"<h2 data-start=\"194\" data-end=\"248\"><strong data-start=\"197\" data-end=\"246\">Pravila pregleda i odobravanja sadr\u017eaja<\/strong><\/h2>\n<p data-start=\"249\" data-end=\"323\"><strong data-start=\"249\" data-end=\"270\">Na snazi \u200b\u200bod: 2025.04.14<\/strong><br data-start=\"270\" data-end=\"273\"> <strong data-start=\"273\" data-end=\"323\">Izdavatelj: Elite2You Digital Model Agency<\/strong><\/p>\n<h3 data-start=\"325\" data-end=\"354\"><strong data-start=\"329\" data-end=\"354\">1. Svrha politike<\/strong><\/h3>\n<p data-start=\"355\" data-end=\"711\">Svrha ove politike je definirati na\u010dela, postupke i odgovornosti za provjeru, odobravanje i objavljivanje digitalnog sadr\u017eaja (fotografija, videozapisa, tekstova, audiozapisa, materijala generiranih umjetnom inteligencijom) kojim upravlja i objavljuje Elite2You.<br data-start=\"615\" data-end=\"618\"> Na\u0161 je cilj pru\u017eiti kvalitetan, eti\u010dki ispravan sadr\u017eaj koji je u skladu s na\u0161im brendom.<\/p>\n<hr data-start=\"713\" data-end=\"716\">\n<h3 data-start=\"718\" data-end=\"774\"><strong data-start=\"722\" data-end=\"774\">2. Vrste sadr\u017eaja na koje utje\u010du pravila<\/strong><\/h3>\n<ul data-start=\"775\" data-end=\"1274\">\n<li data-start=\"775\" data-end=\"850\">\n<p data-start=\"777\" data-end=\"850\">\ud83d\udcf8 <strong data-start=\"780\" data-end=\"796\">Materijali za slike<\/strong> : portreti, fotografije iz portfolija, umjetni\u010dke i erotske slike<\/p>\n<\/li>\n<li data-start=\"851\" data-end=\"930\">\n<p data-start=\"853\" data-end=\"930\">\ud83c\udfa5 <strong data-start=\"856\" data-end=\"866\">Videozapisi<\/strong> : uvodni, edukativni, marketin\u0161ki ili zabavni videozapisi<\/p>\n<\/li>\n<li data-start=\"931\" data-end=\"1009\">\n<p data-start=\"933\" data-end=\"1009\">\u270d\ufe0f <strong data-start=\"936\" data-end=\"958\">Tekstualni sadr\u017eaj<\/strong> : opisi, objave, unosi, predstavljanje profila<\/p>\n<\/li>\n<li data-start=\"1010\" data-end=\"1109\">\n<p data-start=\"1012\" data-end=\"1109\">\ud83e\udde0 <strong data-start=\"1015\" data-end=\"1046\">Sadr\u017eaj generiran umjetnom inteligencijom<\/strong> : slike, tekstovi stvoreni umjetnom inteligencijom<\/p>\n<\/li>\n<li data-start=\"1110\" data-end=\"1202\">\n<p data-start=\"1112\" data-end=\"1202\">\ud83d\udce2 <strong data-start=\"1115\" data-end=\"1144\">Sadr\u017eaj na dru\u0161tvenim mre\u017eama<\/strong> : objave na Instagramu, TikToku, Elite2Fansu, Models2You itd. <\/p>\n<\/li>\n<li data-start=\"1203\" data-end=\"1274\">\n<p data-start=\"1205\" data-end=\"1274\">\ud83c\udf99\ufe0f <strong data-start=\"1209\" data-end=\"1224\">Audio<\/strong> : podcasti, edukativne ili promotivne audio datoteke<\/p>\n<\/li>\n<\/ul>\n<hr data-start=\"1276\" data-end=\"1279\">\n<h3 data-start=\"1281\" data-end=\"1320\"><strong data-start=\"1285\" data-end=\"1320\">3. Koraci postupka odobravanja<\/strong><\/h3>\n<h4 data-start=\"1322\" data-end=\"1344\">3.1.  <strong data-start=\"1332\" data-end=\"1344\">Po\u0161alji<\/strong><\/h4>\n<p data-start=\"1345\" data-end=\"1516\">Modeli ili osoblje agencije moraju poslati ispunjeni sadr\u017eaj putem slu\u017ebenog su\u010delja Elite2You (npr. interna poveznica za prijenos, e-po\u0161ta, sustav).<\/p>\n<h4 data-start=\"1518\" data-end=\"1551\">3.2.  <strong data-start=\"1528\" data-end=\"1551\">Preliminarni pregled<\/strong><\/h4>\n<p data-start=\"1552\" data-end=\"1658\">Sadr\u017eaj prvo pregledava nadle\u017eni regionalni direktor ili imenovani mentor. Kriteriji pregleda: <\/p>\n<ul data-start=\"1659\" data-end=\"1790\">\n<li data-start=\"1659\" data-end=\"1706\">\n<p data-start=\"1661\" data-end=\"1706\">tehni\u010dka kvaliteta (svjetlo, fokus, kvaliteta zvuka)<\/p>\n<\/li>\n<li data-start=\"1707\" data-end=\"1730\">\n<p data-start=\"1709\" data-end=\"1730\">format i rezolucija<\/p>\n<\/li>\n<li data-start=\"1731\" data-end=\"1790\">\n<p data-start=\"1733\" data-end=\"1790\">ispunjavanje osnovnih stilskih i sadr\u017eajnih zahtjeva<\/p>\n<\/li>\n<\/ul>\n<h4 data-start=\"1792\" data-end=\"1835\">3.3.  <strong data-start=\"1802\" data-end=\"1835\">Pregled sadr\u017eaja i etike<\/strong><\/h4>\n<p data-start=\"1836\" data-end=\"1910\"><strong data-start=\"1845\" data-end=\"1868\">Grupa za odobravanje<\/strong> (ili imenovani upravitelj sadr\u017eaja) zatim \u0107e procijeniti:<\/p>\n<ul data-start=\"1911\" data-end=\"2246\">\n<li data-start=\"1911\" data-end=\"1972\">\n<p data-start=\"1913\" data-end=\"1972\">uskla\u0111enost sa smjernicama za imid\u017e brenda i komunikaciju<\/p>\n<\/li>\n<li data-start=\"1973\" data-end=\"2050\">\n<p data-start=\"1975\" data-end=\"2050\">ne sadr\u017ei nikakve ilegalne, pornografske, uznemiruju\u0107e, rasisti\u010dke ili mr\u017enjom ispunjene elemente<\/p>\n<\/li>\n<li data-start=\"2051\" data-end=\"2151\">\n<p data-start=\"2053\" data-end=\"2151\">U slu\u010daju erotskog sadr\u017eaja, odgovara kategoriji \u201eumjetni\u010dke aktovine\u201c, a ne \u201eseksualne usluge\u201c.<\/p>\n<\/li>\n<li data-start=\"2152\" data-end=\"2246\">\n<p data-start=\"2154\" data-end=\"2246\">dostupna je pisana suglasnost osoba koje se pojavljuju (suglasnost modela, suglasnost fotografa)<\/p>\n<\/li>\n<\/ul>\n<h4 data-start=\"2248\" data-end=\"2278\">3.4.  <strong data-start=\"2258\" data-end=\"2278\">Kona\u010dno odobrenje<\/strong><\/h4>\n<p data-start=\"2279\" data-end=\"2320\">Sadr\u017eaj \u0107e dobiti status <strong data-start=\"2290\" data-end=\"2306\">\u201eOdobreno\u201c<\/strong> :<\/p>\n<ul data-start=\"2321\" data-end=\"2444\">\n<li data-start=\"2321\" data-end=\"2354\">\n<p data-start=\"2323\" data-end=\"2354\">ako je prikladno u svakom pogledu,<\/p>\n<\/li>\n<li data-start=\"2355\" data-end=\"2444\">\n<p data-start=\"2357\" data-end=\"2444\">ili status <strong data-start=\"2362\" data-end=\"2378\">\u201eOdbijeno\u201c<\/strong> ako je potrebna izmjena ili zamjena (s obrazlo\u017eenjem).<\/p>\n<\/li>\n<\/ul>\n<hr data-start=\"2446\" data-end=\"2449\">\n<h3 data-start=\"2451\" data-end=\"2510\"><strong data-start=\"2455\" data-end=\"2510\">4. Pravila za sadr\u017eaj generiran umjetnom inteligencijom<\/strong><\/h3>\n<ul data-start=\"2511\" data-end=\"2863\">\n<li data-start=\"2511\" data-end=\"2707\">\n<p data-start=\"2513\" data-end=\"2707\">Slike ili tekst umjetne inteligencije mogu se koristiti samo ako su u skladu s eti\u010dkim smjernicama, ne kopiraju sliku stvarne osobe i ako model nije prikazan u nerealnom kontekstu.<\/p>\n<\/li>\n<li data-start=\"2708\" data-end=\"2798\">\n<p data-start=\"2710\" data-end=\"2798\">Slike modificirane umjetnom inteligencijom moraju biti ozna\u010dene posebnom oznakom (\u201edigitalno modificirano\u201c).<\/p>\n<\/li>\n<li data-start=\"2799\" data-end=\"2863\">\n<p data-start=\"2801\" data-end=\"2863\">Kori\u0161tenje deepfakeova, zamjena lica i la\u017enih glasovnih klonova je zabranjeno.<\/p>\n<\/li>\n<\/ul>\n<hr data-start=\"2865\" data-end=\"2868\">\n<h3 data-start=\"2870\" data-end=\"2914\"><strong data-start=\"2874\" data-end=\"2914\">5. Osobna prava i privole<\/strong><\/h3>\n<ul data-start=\"2915\" data-end=\"3233\">\n<li data-start=\"2915\" data-end=\"2998\">\n<p data-start=\"2917\" data-end=\"2998\">Svi sudionici moraju dati pisanu suglasnost za kori\u0161tenje sadr\u017eaja.<\/p>\n<\/li>\n<li data-start=\"2999\" data-end=\"3094\">\n<p data-start=\"3001\" data-end=\"3094\">Model ima pravo povu\u0107i svoju privolu, koju \u0107e agencija pregledati u roku od 30 dana i izbrisati ako kr\u0161i njezine politike i ako je to opravdano.<\/p>\n<\/li>\n<li data-start=\"3095\" data-end=\"3233\">\n<p data-start=\"3097\" data-end=\"3233\">Agencija zadr\u017eava pravo privremeno obustaviti ili trajno ukloniti sadr\u017eaj u slu\u010daju kr\u0161enja zakona ili eti\u010dkog nedoli\u010dnog pona\u0161anja.<\/p>\n<\/li>\n<\/ul>\n<hr data-start=\"3235\" data-end=\"3238\">\n<h3 data-start=\"3240\" data-end=\"3268\"><strong data-start=\"3244\" data-end=\"3268\">6. Odgovornosti<\/strong><\/h3>\n<ul data-start=\"3269\" data-end=\"3469\">\n<li data-start=\"3269\" data-end=\"3342\">\n<p data-start=\"3271\" data-end=\"3342\"><strong data-start=\"3271\" data-end=\"3293\">Po\u0161iljatelj sadr\u017eaja<\/strong> odgovoran je za \u010dinjeni\u010dnu i pravnu ispravnost sadr\u017eaja.<\/p>\n<\/li>\n<li data-start=\"3343\" data-end=\"3400\">\n<p data-start=\"3345\" data-end=\"3400\"><strong data-start=\"3345\" data-end=\"3366\">Regionalni direktor<\/strong> odgovoran je za primarnu kontrolu<\/p>\n<\/li>\n<li data-start=\"3401\" data-end=\"3469\">\n<p data-start=\"3403\" data-end=\"3469\"><strong data-start=\"3403\" data-end=\"3444\">Upravitelj sadr\u017eaja \/ Grupa za odobravanje<\/strong> donosi kona\u010dnu odluku<\/p>\n<\/li>\n<\/ul>\n<hr data-start=\"3471\" data-end=\"3474\">\n<h3 data-start=\"3476\" data-end=\"3505\"><strong data-start=\"3480\" data-end=\"3505\">7. Zavr\u0161ne odredbe<\/strong><\/h3>\n<p data-start=\"3506\" data-end=\"3791\">Ova politika nadopunjuje Eti\u010dki kodeks, Kodeks pona\u0161anja u zajednici i Politiku privatnosti.<br data-start=\"3633\" data-end=\"3636\"> U slu\u010daju bilo kakve sumnje, odluku \u0107e donijeti Me\u0111unarodni voditelj sadr\u017eaja ili Direktor pravnog odjela.<br data-start=\"3731\" data-end=\"3734\"> Elite2You zadr\u017eava pravo izmjene pravila.<\/p>\n","protected":false},"excerpt":{"rendered":"<p>Pravila pregleda i odobravanja sadr\u017eaja Na snazi \u200b\u200bod: 2025.04.14 Izdavatelj: Elite2You Digital Model Agency 1. Svrha politike Svrha ove politike &hellip; <a href=\"https:\/\/elite2you.com\/hr\/pravila-kontrole-sadrzaja\/\" class=\"more-link\">Continue reading <span class=\"screen-reader-text\">Pravila kontrole sadr\u017eaja<\/span><\/a><\/p>\n","protected":false},"author":5,"featured_media":0,"parent":0,"menu_order":0,"comment_status":"closed","ping_status":"closed","template":"","meta":{"_monsterinsights_skip_tracking":false,"_monsterinsights_sitenote_active":false,"_monsterinsights_sitenote_note":"","_monsterinsights_sitenote_category":0,"footnotes":""},"class_list":["post-21612","page","type-page","status-publish","hentry"],"_links":{"self":[{"href":"https:\/\/elite2you.com\/hr\/wp-json\/wp\/v2\/pages\/21612","targetHints":{"allow":["GET"]}}],"collection":[{"href":"https:\/\/elite2you.com\/hr\/wp-json\/wp\/v2\/pages"}],"about":[{"href":"https:\/\/elite2you.com\/hr\/wp-json\/wp\/v2\/types\/page"}],"author":[{"embeddable":true,"href":"https:\/\/elite2you.com\/hr\/wp-json\/wp\/v2\/users\/5"}],"replies":[{"embeddable":true,"href":"https:\/\/elite2you.com\/hr\/wp-json\/wp\/v2\/comments?post=21612"}],"version-history":[{"count":0,"href":"https:\/\/elite2you.com\/hr\/wp-json\/wp\/v2\/pages\/21612\/revisions"}],"wp:attachment":[{"href":"https:\/\/elite2you.com\/hr\/wp-json\/wp\/v2\/media?parent=21612"}],"curies":[{"name":"wp","href":"https:\/\/api.w.org\/{rel}","templated":true}]}}