{"id":21616,"date":"2025-07-03T23:30:22","date_gmt":"2025-07-03T23:30:22","guid":{"rendered":"https:\/\/elite2you.com\/pravila-obrocne-otplate\/"},"modified":"2025-07-09T22:39:41","modified_gmt":"2025-07-09T22:39:41","slug":"pravila-obrocne-otplate","status":"publish","type":"page","link":"https:\/\/elite2you.com\/hr\/pravila-obrocne-otplate\/","title":{"rendered":"Pravila obro\u010dne otplate"},"content":{"rendered":"<div class=\"wpb-content-wrapper\"><p>[vc_row][vc_column][vc_column_text css=\"\"]<\/p>\n<h2 data-start=\"386\" data-end=\"447\">\ud83d\udcdc <strong data-start=\"392\" data-end=\"447\">Pravila pla\u0107anja na rate \u2013 \u200b\u200bElite2You po\u010detni\u010dki te\u010daj<\/strong><\/h2>\n<p data-start=\"449\" data-end=\"572\">Ova pravila sadr\u017ee uvjete i odredbe za <strong data-start=\"487\" data-end=\"536\">kupnju po\u010detni\u010dkog te\u010daja Elite2You Academy na rate<\/strong> .<\/p>\n<hr data-start=\"574\" data-end=\"577\">\n<h3 data-start=\"579\" data-end=\"610\">1. Bit obro\u010dne otplate<\/h3>\n<p data-start=\"612\" data-end=\"921\">Puna cijena po\u010detnog te\u010daja mo\u017ee se platiti u \u0161est jednakih rata. Opcija obro\u010dne otplate stvorena je kako bi se polaznicima pru\u017eio fleksibilniji pristup, a istovremeno osiguralo da nakon zavr\u0161etka te\u010daja dobiju ista znanja, darove i privilegije kao i oni koji su platili odjednom. <\/p>\n<hr data-start=\"923\" data-end=\"926\">\n<h3 data-start=\"928\" data-end=\"982\">2. Struktura i detalji modula te\u010daja<\/h3>\n<p data-start=\"984\" data-end=\"1115\">Te\u010daj je podijeljen u \u0161est modula, kojima se mo\u017ee pristupiti sekvencijalno, jedan za drugim, pravovremenim ispunjavanjem podataka:<\/p>\n<div class=\"_tableContainer_80l1q_1\">\n<div class=\"_tableWrapper_80l1q_14 group flex w-fit flex-col-reverse\">\n<table class=\"w-fit min-w-(--thread-content-width)\" data-start=\"1117\" data-end=\"1796\">\n<thead data-start=\"1117\" data-end=\"1201\">\n<tr data-start=\"1117\" data-end=\"1201\">\n<th data-start=\"1117\" data-end=\"1130\" data-col-size=\"sm\">\ud83d\udcc5 Detalji<\/th>\n<th data-start=\"1130\" data-end=\"1185\" data-col-size=\"md\">Naziv modula<\/th>\n<th data-start=\"1185\" data-end=\"1201\" data-col-size=\"sm\">Dodijeliti<\/th>\n<\/tr>\n<\/thead>\n<tbody data-start=\"1287\" data-end=\"1796\">\n<tr data-start=\"1287\" data-end=\"1371\">\n<td data-start=\"1287\" data-end=\"1300\" data-col-size=\"sm\">1. dio<\/td>\n<td data-col-size=\"md\" data-start=\"1300\" data-end=\"1355\"><strong data-start=\"1302\" data-end=\"1329\">Fotografske vje\u0161tine<\/strong><\/td>\n<td data-col-size=\"sm\" data-start=\"1355\" data-end=\"1371\">30.000 HUF<\/td>\n<\/tr>\n<tr data-start=\"1372\" data-end=\"1456\">\n<td data-start=\"1372\" data-end=\"1385\" data-col-size=\"sm\">2. dio<\/td>\n<td data-col-size=\"md\" data-start=\"1385\" data-end=\"1440\"><strong data-start=\"1387\" data-end=\"1431\">Vodi\u010d za postavljanje sustava pretplate<\/strong><\/td>\n<td data-col-size=\"sm\" data-start=\"1440\" data-end=\"1456\">30.000 HUF<\/td>\n<\/tr>\n<tr data-start=\"1457\" data-end=\"1541\">\n<td data-start=\"1457\" data-end=\"1470\" data-col-size=\"sm\">Dio 3<\/td>\n<td data-col-size=\"md\" data-start=\"1470\" data-end=\"1525\"><strong data-start=\"1472\" data-end=\"1490\">Ljepota, \u0161minka<\/strong><\/td>\n<td data-col-size=\"sm\" data-start=\"1525\" data-end=\"1541\">30.000 HUF<\/td>\n<\/tr>\n<tr data-start=\"1542\" data-end=\"1626\">\n<td data-start=\"1542\" data-end=\"1555\" data-col-size=\"sm\">Detalj 4<\/td>\n<td data-col-size=\"md\" data-start=\"1555\" data-end=\"1610\"><strong data-start=\"1557\" data-end=\"1578\">Stilistske vje\u0161tine<\/strong><\/td>\n<td data-col-size=\"sm\" data-start=\"1610\" data-end=\"1626\">30.000 HUF<\/td>\n<\/tr>\n<tr data-start=\"1627\" data-end=\"1711\">\n<td data-start=\"1627\" data-end=\"1640\" data-col-size=\"sm\">Detalj 5<\/td>\n<td data-col-size=\"md\" data-start=\"1640\" data-end=\"1695\"><strong data-start=\"1642\" data-end=\"1687\">Poslovni uvod<\/strong><\/td>\n<td data-col-size=\"sm\" data-start=\"1695\" data-end=\"1711\">30.000 HUF<\/td>\n<\/tr>\n<tr data-start=\"1712\" data-end=\"1796\">\n<td data-start=\"1712\" data-end=\"1725\" data-col-size=\"sm\">Dio 6<\/td>\n<td data-col-size=\"md\" data-start=\"1725\" data-end=\"1780\"><strong data-start=\"1727\" data-end=\"1772\">Marketing, cijene, brend ili + *Fotografija poklon portfelja<\/strong><\/td>\n<td data-col-size=\"sm\" data-start=\"1780\" data-end=\"1796\">30.000 HUF<\/td>\n<\/tr>\n<\/tbody>\n<\/table>\n<div class=\"sticky end-(--thread-content-margin) h-0 self-end select-none\">\n<div class=\"absolute end-0 flex items-end\">* Mjese\u010dne rate dospijevaju svaki mjesec na dan prve uplate (npr. ako ste prvu ratu platili 3. srpnja, sljede\u0107e rate dospijevaju 3. u mjesecu). Ako propustite pla\u0107anje rate \u010dak i jedan dan u bilo kojem mjesecu, izgubit \u0107ete pravo na besplatno fotografiranje portfelja. <\/div>\n<\/div>\n<\/div>\n<\/div>\n<p data-start=\"1798\" data-end=\"1906\">Dakle, te\u010daj mo\u017eete udobno zavr\u0161iti za \u0161est mjeseci, s mjese\u010dnim ratama od 30.000 HUF. Tako\u0111er mo\u017eete platiti rate ranije, u kojem slu\u010daju \u0107ete i besplatno fotografiranje dobiti ranije. <\/p>\n<hr data-start=\"1908\" data-end=\"1911\">\n<h3 data-start=\"1913\" data-end=\"1958\">3. Vremenski raspored darova i pristupa<\/h3>\n<ul data-start=\"1960\" data-end=\"2376\">\n<li data-start=\"1960\" data-end=\"2070\">\n<p data-start=\"1962\" data-end=\"2070\">Fotografiranje portfelja dostupno je samo ako pla\u0107ate rate u nizu, prema mjese\u010dnom rasporedu.<\/p>\n<\/li>\n<li data-start=\"2071\" data-end=\"2141\">\n<p data-start=\"2073\" data-end=\"2141\">Mjese\u010dni redoslijed se ne mo\u017ee presko\u010diti, redoslijed modula je fiksan.<\/p>\n<\/li>\n<li data-start=\"2142\" data-end=\"2265\">\n<p data-start=\"2144\" data-end=\"2265\">Ako se propusti bilo koji mjesec, doti\u010dni modul i povezani darovi (npr. fotografija) bit \u0107e zadr\u017eani.<\/p>\n<\/li>\n<li data-start=\"2266\" data-end=\"2376\">\n<p data-start=\"2268\" data-end=\"2376\">Pokloni se daju samo onima koji zavr\u0161e te\u010daj slijede\u0107i raspored obro\u010dne otplate.<\/p>\n<\/li>\n<\/ul>\n<hr data-start=\"2378\" data-end=\"2381\">\n<h3 data-start=\"2383\" data-end=\"2425\">4. Sloboda i odgovornost pla\u0107anja<\/h3>\n<ul data-start=\"2427\" data-end=\"2782\">\n<li data-start=\"2427\" data-end=\"2550\">\n<p data-start=\"2429\" data-end=\"2550\">Obroci se ne moraju pla\u0107ati na fiksni datum (mo\u017eete platiti i ranije), ali se vrijeme darivanja i pristupa prilago\u0111ava mjese\u010dnoj narud\u017ebi.<\/p>\n<\/li>\n<li data-start=\"2551\" data-end=\"2682\">\n<p data-start=\"2553\" data-end=\"2682\">Kupac mo\u017ee odlu\u010diti kada \u0107e platiti sljede\u0107u ratu, ali moduli \u0107e se otvoriti tek nakon \u0161to se pla\u0107anja izvr\u0161e redom.<\/p>\n<\/li>\n<li data-start=\"2683\" data-end=\"2782\">\n<p data-start=\"2685\" data-end=\"2782\">Po\u010detkom obro\u010dne otplate, kupac pristaje platiti punu cijenu te\u010daja.<\/p>\n<\/li>\n<\/ul>\n<hr data-start=\"2784\" data-end=\"2787\">\n<h3 data-start=\"2789\" data-end=\"2842\">5. Akademski upis i predanost<\/h3>\n<p data-start=\"181\" data-end=\"380\"><strong>Pla\u0107anjem prve mjese\u010dne naknade, korisnik se slu\u017ebeno upisuje u Elite2You Akademiju, jasno izjavljuju\u0107i svoju namjeru da zavr\u0161i po\u010detni te\u010daj u roku od najvi\u0161e 6 mjeseci.<\/strong><\/p>\n<p data-start=\"382\" data-end=\"496\"><strong>Upisom u Akademiju nastaju sljede\u0107e obveze:<\/strong><\/p>\n<ul>\n<li style=\"list-style-type: none;\">\n<ul data-start=\"498\" data-end=\"868\">\n<li data-start=\"498\" data-end=\"622\">\n<p data-start=\"500\" data-end=\"622\">Student prihva\u0107a Uvjete kori\u0161tenja Akademije, propise i eti\u010dka o\u010dekivanja koja se primjenjuju u svakom trenutku;<\/p>\n<\/li>\n<li data-start=\"623\" data-end=\"741\">\n<p data-start=\"625\" data-end=\"741\">Potvr\u0111ujete da se pla\u0107anje na rate ne smatra probnim razdobljem, ve\u0107 kona\u010dnom kupnjom;<\/p>\n<\/li>\n<li data-start=\"742\" data-end=\"868\">\n<p data-start=\"744\" data-end=\"868\">Upisom, student pristaje platiti punu cijenu te\u010daja i poha\u0111ati ga redovito, prema rasporedu.<\/p>\n<\/li>\n<\/ul>\n<\/li>\n<\/ul>\n<hr data-start=\"3280\" data-end=\"3283\">\n<h3 data-start=\"3285\" data-end=\"3320\">6. Nepla\u0107anje i posljedice<\/h3>\n<ul data-start=\"3322\" data-end=\"3640\">\n<li data-start=\"3322\" data-end=\"3434\">\n<p data-start=\"3324\" data-end=\"3434\">U slu\u010daju ka\u0161njenja ili neplaniranih pla\u0107anja, pristup modulima mo\u017ee biti odgo\u0111en ili obustavljen.<\/p>\n<\/li>\n<li data-start=\"3435\" data-end=\"3529\">\n<p data-start=\"3437\" data-end=\"3529\">U slu\u010daju tri uzastopna mjeseca izostanka, Akademija ima pravo prekinuti pristup.<\/p>\n<\/li>\n<li data-start=\"3530\" data-end=\"3640\">\n<p data-start=\"3532\" data-end=\"3640\">U takvom slu\u010daju, ve\u0107 upla\u0107eni iznosi <strong data-start=\"3572\" data-end=\"3604\">ne\u0107e biti vra\u0107eni<\/strong> , jer se radi o digitalnom proizvodu.<\/p>\n<\/li>\n<\/ul>\n<hr data-start=\"3642\" data-end=\"3645\">\n<h3 data-start=\"3647\" data-end=\"3678\">7. Ograni\u010denje prava na odustajanje od ugovora<\/h3>\n<p data-start=\"3680\" data-end=\"3831\">Te\u010daj se smatra digitalnim obrazovnim paketom koji se aktivira odmah nakon uplate prve rate. Stoga kupac potvr\u0111uje da: <\/p>\n<ul data-start=\"3833\" data-end=\"4048\">\n<li data-start=\"3833\" data-end=\"3934\">\n<p data-start=\"3835\" data-end=\"3934\">Ne mo\u017eete ostvariti svoje pravo na odustajanje nakon \u0161to je te\u010daj zapo\u010deo, \u010dak ni unutar roka od 14 dana,<\/p>\n<\/li>\n<li data-start=\"3935\" data-end=\"4048\">\n<p data-start=\"3937\" data-end=\"4048\">Nakon \u0161to su osigurani prvi darovi (npr. pristup, fotografija), te\u010daj se smatra trajno aktiviranim.<\/p>\n<\/li>\n<\/ul>\n<hr data-start=\"4050\" data-end=\"4053\">\n<h3 data-start=\"4055\" data-end=\"4078\">8. Diskretno postupanje<\/h3>\n<p data-start=\"4080\" data-end=\"4352\">Kako bi za\u0161titio privatnost kupca, Elite2You jam\u010di da vanjskom promatra\u010du ne\u0107e biti o\u010dito je li te\u010daj kupljen u ratama ili u jednokratnom iznosu.<br data-start=\"4265\" data-end=\"4268\"> Moduli i prava se pru\u017eaju na isti na\u010din svim studentima.<\/p>\n<hr data-start=\"4354\" data-end=\"4357\">\n<h3 data-start=\"4359\" data-end=\"4384\">9. Zavr\u0161ne odredbe<\/h3>\n<ul data-start=\"4386\" data-end=\"4684\">\n<li data-start=\"4386\" data-end=\"4509\">\n<p data-start=\"4388\" data-end=\"4509\">Ova se politika odnosi na kupnju po\u010detnog te\u010daja na rate i ne primjenjuje se automatski na ostale te\u010dajeve.<\/p>\n<\/li>\n<li data-start=\"4510\" data-end=\"4569\">\n<p data-start=\"4512\" data-end=\"4569\">Elite2You zadr\u017eava pravo izmjene pravila.<\/p>\n<\/li>\n<li data-start=\"4570\" data-end=\"4684\">\n<p data-start=\"4572\" data-end=\"4684\">Odabirom obro\u010dne otplate, kupac prihva\u0107a ove propise i uvjete akademskog upisa.<\/p>\n<\/li>\n<\/ul>\n<p>[\/vc_column_text][\/vc_column][\/vc_row]<\/p>\n<\/div>","protected":false},"excerpt":{"rendered":"<p>[vc_row][vc_column][vc_column_text css=\"\"] \ud83d\udcdc Pravila pla\u0107anja na rate \u2013 \u200b\u200bElite2You po\u010detni\u010dki te\u010daj Ova pravila sadr\u017ee uvjete i odredbe za kupnju po\u010detni\u010dkog &hellip; <a href=\"https:\/\/elite2you.com\/hr\/pravila-obrocne-otplate\/\" class=\"more-link\">Continue reading <span class=\"screen-reader-text\">Pravila obro\u010dne otplate<\/span><\/a><\/p>\n","protected":false},"author":5,"featured_media":0,"parent":0,"menu_order":0,"comment_status":"closed","ping_status":"closed","template":"","meta":{"_monsterinsights_skip_tracking":false,"_monsterinsights_sitenote_active":false,"_monsterinsights_sitenote_note":"","_monsterinsights_sitenote_category":0,"footnotes":""},"class_list":["post-21616","page","type-page","status-publish","hentry"],"_links":{"self":[{"href":"https:\/\/elite2you.com\/hr\/wp-json\/wp\/v2\/pages\/21616","targetHints":{"allow":["GET"]}}],"collection":[{"href":"https:\/\/elite2you.com\/hr\/wp-json\/wp\/v2\/pages"}],"about":[{"href":"https:\/\/elite2you.com\/hr\/wp-json\/wp\/v2\/types\/page"}],"author":[{"embeddable":true,"href":"https:\/\/elite2you.com\/hr\/wp-json\/wp\/v2\/users\/5"}],"replies":[{"embeddable":true,"href":"https:\/\/elite2you.com\/hr\/wp-json\/wp\/v2\/comments?post=21616"}],"version-history":[{"count":4,"href":"https:\/\/elite2you.com\/hr\/wp-json\/wp\/v2\/pages\/21616\/revisions"}],"predecessor-version":[{"id":21624,"href":"https:\/\/elite2you.com\/hr\/wp-json\/wp\/v2\/pages\/21616\/revisions\/21624"}],"wp:attachment":[{"href":"https:\/\/elite2you.com\/hr\/wp-json\/wp\/v2\/media?parent=21616"}],"curies":[{"name":"wp","href":"https:\/\/api.w.org\/{rel}","templated":true}]}}