{"id":21620,"date":"2025-07-03T14:17:22","date_gmt":"2025-07-03T14:17:22","guid":{"rendered":"https:\/\/elite2you.com\/pravila-koristenja-digitalnog-sadrzaja\/"},"modified":"2025-07-03T14:17:22","modified_gmt":"2025-07-03T14:17:22","slug":"pravila-koristenja-digitalnog-sadrzaja","status":"publish","type":"page","link":"https:\/\/elite2you.com\/hr\/pravila-koristenja-digitalnog-sadrzaja\/","title":{"rendered":"Pravila kori\u0161tenja digitalnog sadr\u017eaja"},"content":{"rendered":"<p data-start=\"283\" data-end=\"313\"><em data-start=\"283\" data-end=\"313\">Na snazi \u200b\u200bod: 14. travnja 2025. <\/em><\/p>\n<h3 data-start=\"315\" data-end=\"344\"><strong data-start=\"319\" data-end=\"344\">1. Svrha politike<\/strong><\/h3>\n<p data-start=\"346\" data-end=\"630\">Ova politika odre\u0111uje tko je vlasnik prava intelektualnog vlasni\u0161tva nad digitalnim sadr\u017eajem proizvedenim, prenesenim ili dijeljenim u sustavu Elite2You \u2013 posebno fotografijama portfelja, videozapisima, edukativnim materijalima i slikama kampanje \u2013 te kako se oni mogu koristiti ili ponovno upotrijebiti u druge svrhe.<\/p>\n<hr data-start=\"632\" data-end=\"635\">\n<h3 data-start=\"637\" data-end=\"663\"><strong data-start=\"641\" data-end=\"663\">2. Podru\u010dje primjene<\/strong><\/h3>\n<p data-start=\"665\" data-end=\"720\"><strong>Pravila se primjenjuju na sav sadr\u017eaj koji:<\/strong><\/p>\n<ul data-start=\"721\" data-end=\"1024\">\n<li data-start=\"721\" data-end=\"783\">\n<p data-start=\"723\" data-end=\"783\">produkcija Elite2You (fotografija, kampanja, snimanje videa),<\/p>\n<\/li>\n<li data-start=\"784\" data-end=\"916\">\n<p data-start=\"786\" data-end=\"916\">dijeli se ili pohranjuje na platformi Elite2You (elite2you.com, elite2fans.com, models2you.com, eroticwardrobe.com),<\/p>\n<\/li>\n<li data-start=\"917\" data-end=\"1024\">\n<p data-start=\"919\" data-end=\"1024\">Izra\u0111uje ga ugovorni partner (model, fotograf, trener, u\u010ditelj) i slu\u017ei ciljevima projekta Elite2You.<\/p>\n<\/li>\n<\/ul>\n<hr data-start=\"1026\" data-end=\"1029\">\n<h3 data-start=\"1031\" data-end=\"1076\"><strong data-start=\"1035\" data-end=\"1076\">3. Prava vlasni\u0161tva i kori\u0161tenja<\/strong><\/h3>\n<h4 data-start=\"1078\" data-end=\"1149\">\u27a4 <strong data-start=\"1085\" data-end=\"1149\">Sadr\u017eaj naru\u010den od strane Elite2You (npr. fotografije portfelja):<\/strong><\/h4>\n<ul data-start=\"1150\" data-end=\"1482\">\n<li data-start=\"1150\" data-end=\"1261\">\n<p data-start=\"1152\" data-end=\"1261\">Autorska prava prvenstveno ostaju u vlasni\u0161tvu agencije, osim ako ugovorom nije druga\u010dije navedeno.<\/p>\n<\/li>\n<li data-start=\"1262\" data-end=\"1347\">\n<p data-start=\"1264\" data-end=\"1347\">Fotograf ne smije prodavati slike tre\u0107oj strani bez dopu\u0161tenja Elite2You.<\/p>\n<\/li>\n<li data-start=\"1348\" data-end=\"1482\">\n<p data-start=\"1350\" data-end=\"1482\">Elite2You dobiva ekskluzivna prava kori\u0161tenja takvog sadr\u017eaja bez vremenskih, geografskih ili medijskih ograni\u010denja.<\/p>\n<\/li>\n<\/ul>\n<h4 data-start=\"1484\" data-end=\"1565\">\u27a4 Sadr\u017eaj koji je postavio model ili korisnik (npr. vlastite slike):<\/h4>\n<ul data-start=\"1566\" data-end=\"1847\">\n<li data-start=\"1566\" data-end=\"1847\">\n<p data-start=\"1568\" data-end=\"1695\">Model ostaje nositelj autorskih prava na vlastiti sadr\u017eaj, ali postavljanjem sadr\u017eaja daje Elite2You dopu\u0161tenje za:<\/p>\n<ul data-start=\"1698\" data-end=\"1847\">\n<li data-start=\"1698\" data-end=\"1711\">\n<p data-start=\"1700\" data-end=\"1711\">objavljuje,<\/p>\n<\/li>\n<li data-start=\"1714\" data-end=\"1746\">\n<p data-start=\"1716\" data-end=\"1746\">koristi se u promotivne svrhe,<\/p>\n<\/li>\n<li data-start=\"1749\" data-end=\"1792\">\n<p data-start=\"1751\" data-end=\"1792\">urediti u obrazovne ili marketin\u0161ke svrhe,<\/p>\n<\/li>\n<li data-start=\"1795\" data-end=\"1847\">\n<p data-start=\"1797\" data-end=\"1847\">arhivirati ili proslijediti unutar vlastite platforme.<\/p>\n<\/li>\n<\/ul>\n<\/li>\n<\/ul>\n<hr data-start=\"1849\" data-end=\"1852\">\n<h3 data-start=\"1854\" data-end=\"1925\"><strong data-start=\"1858\" data-end=\"1925\">4. Ponovna upotreba, promocija i objavljivanje od strane tre\u0107ih strana<\/strong><\/h3>\n<ul data-start=\"1927\" data-end=\"2330\">\n<li data-start=\"1927\" data-end=\"2057\">\n<p data-start=\"1929\" data-end=\"2057\">Elite2You zadr\u017eava pravo kori\u0161tenja sadr\u017eaja u reklamnim kampanjama, edukativnim materijalima i objavama na dru\u0161tvenim mre\u017eama.<\/p>\n<\/li>\n<li data-start=\"2058\" data-end=\"2214\">\n<p data-start=\"2060\" data-end=\"2214\">U svim takvim upotrebama, Elite2You osigurava da ugled modela ili kreatora nije o\u0161te\u0107en i da sadr\u017eaj ostane u kontekstu.<\/p>\n<\/li>\n<li data-start=\"2215\" data-end=\"2330\">\n<p data-start=\"2217\" data-end=\"2330\">Ponovna upotreba od strane tre\u0107ih strana (npr. tisak, intervju, partnerska stranica) mogu\u0107a je samo uz dopu\u0161tenje Elite2You.<\/p>\n<\/li>\n<\/ul>\n<hr data-start=\"2332\" data-end=\"2335\">\n<h3 data-start=\"2337\" data-end=\"2366\"><strong data-start=\"2341\" data-end=\"2366\">5. Zabranjeno je sljede\u0107e:<\/strong><\/h3>\n<ul data-start=\"2367\" data-end=\"2702\">\n<li data-start=\"2367\" data-end=\"2498\">\n<p data-start=\"2369\" data-end=\"2498\">Model, instruktor ili partner ne smiju prodavati ili preprodavati sadr\u017eaj drugim brendovima ili konkurentskim platformama.<\/p>\n<\/li>\n<li data-start=\"2499\" data-end=\"2596\">\n<p data-start=\"2501\" data-end=\"2596\">Sadr\u017eaj se ne smije koristiti na obmanjuju\u0107i na\u010din, s obmanjuju\u0107im tekstom ili u bilo kojem drugom kontekstu.<\/p>\n<\/li>\n<li data-start=\"2597\" data-end=\"2702\">\n<p data-start=\"2599\" data-end=\"2702\">Izmjena ili manipulacija sadr\u017eajem dopu\u0161tena je samo u obliku koji je odobrio Elite2You.<\/p>\n<\/li>\n<\/ul>\n<hr data-start=\"2704\" data-end=\"2707\">\n<h3 data-start=\"2709\" data-end=\"2747\"><strong data-start=\"2713\" data-end=\"2747\">6. Sporovi i provedba<\/strong><\/h3>\n<ul data-start=\"2749\" data-end=\"2970\">\n<li data-start=\"2749\" data-end=\"2870\">\n<p data-start=\"2751\" data-end=\"2870\">U slu\u010daju sporova u vezi s digitalnim sadr\u017eajem, Elite2You \u0107e postupati u skladu s DMCA-om i lokalnim zakonima o autorskim pravima.<\/p>\n<\/li>\n<li data-start=\"2871\" data-end=\"2970\">\n<p data-start=\"2873\" data-end=\"2970\">Ako je potrebno, mo\u017ee se poslati zahtjev za uklanjanje ili pravna obavijest.<\/p>\n<\/li>\n<\/ul>\n<hr data-start=\"2972\" data-end=\"2975\">\n<hr data-start=\"2977\" data-end=\"2980\">\n<h2 data-start=\"2982\" data-end=\"3045\">\u2705 2.  <strong data-start=\"2990\" data-end=\"3045\">Pravila doga\u0111aja (casting, radionica, doga\u0111aji)<\/strong><\/h2>\n<hr data-start=\"3047\" data-end=\"3050\">\n<p data-start=\"3134\" data-end=\"3164\"><em data-start=\"3134\" data-end=\"3164\">Na snazi \u200b\u200bod: 14. travnja 2025. <\/em><\/p>\n<h3 data-start=\"3166\" data-end=\"3195\"><strong data-start=\"3170\" data-end=\"3195\">1. Svrha politike<\/strong><\/h3>\n<p data-start=\"3197\" data-end=\"3432\">Ova politika utvr\u0111uje pravila pona\u0161anja, sudjelovanja i odgovornosti za provo\u0111enje izvanmre\u017enih doga\u0111aja koje organizira Elite2You \u2013 posebno castinga, fotografiranja za portfolio, radionica, sastanaka, doga\u0111anja.<\/p>\n<hr data-start=\"3434\" data-end=\"3437\">\n<h3 data-start=\"3439\" data-end=\"3464\"><strong data-start=\"3443\" data-end=\"3464\">2. Vrste doga\u0111aja<\/strong><\/h3>\n<p data-start=\"3466\" data-end=\"3515\"><strong>Pravila se primjenjuju na sljede\u0107e vrste doga\u0111aja:<\/strong><\/p>\n<ul data-start=\"3517\" data-end=\"3703\">\n<li data-start=\"3517\" data-end=\"3548\">\n<p data-start=\"3519\" data-end=\"3548\">Otvoreni ili pozivni casting<\/p>\n<\/li>\n<li data-start=\"3549\" data-end=\"3580\">\n<p data-start=\"3551\" data-end=\"3580\">Portfolio fotografija, radna fotografija<\/p>\n<\/li>\n<li data-start=\"3581\" data-end=\"3618\">\n<p data-start=\"3583\" data-end=\"3618\">Edukativna radionica, VIP dan coachinga<\/p>\n<\/li>\n<li data-start=\"3619\" data-end=\"3649\">\n<p data-start=\"3621\" data-end=\"3649\">Sastanak s brendom, doga\u0111aj za medije<\/p>\n<\/li>\n<li data-start=\"3650\" data-end=\"3703\">\n<p data-start=\"3652\" data-end=\"3703\">Zatvoreni doga\u0111aj, Elite2You gala, partnerski doga\u0111aj<\/p>\n<\/li>\n<\/ul>\n<hr data-start=\"3705\" data-end=\"3708\">\n<h3 data-start=\"3710\" data-end=\"3742\"><strong data-start=\"3714\" data-end=\"3742\">3. Uvjeti sudjelovanja<\/strong><\/h3>\n<ul data-start=\"3744\" data-end=\"3981\">\n<li data-start=\"3744\" data-end=\"3811\">\n<p data-start=\"3746\" data-end=\"3811\">Sudjelovati mogu samo registrirane ili pozvane osobe.<\/p>\n<\/li>\n<li data-start=\"3812\" data-end=\"3981\">\n<p data-start=\"3814\" data-end=\"3845\"><strong>Sudjelovanje mo\u017ee zahtijevati:<\/strong><\/p>\n<ul data-start=\"3848\" data-end=\"3981\">\n<li data-start=\"3848\" data-end=\"3878\">\n<p data-start=\"3850\" data-end=\"3878\">ispunjavanje obrasca za prijavu<\/p>\n<\/li>\n<li data-start=\"3881\" data-end=\"3926\">\n<p data-start=\"3883\" data-end=\"3926\">potvrda o kotizaciji za sudjelovanje ili datumu<\/p>\n<\/li>\n<li data-start=\"3929\" data-end=\"3981\">\n<p data-start=\"3931\" data-end=\"3981\">pismeno dopu\u0161tenje ili ugovor (npr. u slu\u010daju modela)<\/p>\n<\/li>\n<\/ul>\n<\/li>\n<\/ul>\n<hr data-start=\"3983\" data-end=\"3986\">\n<h3 data-start=\"3988\" data-end=\"4033\"><strong data-start=\"3992\" data-end=\"4033\">4. Pravila pona\u0161anja na doga\u0111aju<\/strong><\/h3>\n<ul data-start=\"4035\" data-end=\"4388\">\n<li data-start=\"4035\" data-end=\"4121\">\n<p data-start=\"4037\" data-end=\"4121\">Od svih sudionika o\u010dekuje se po\u0161tovanje, to\u010dnost i pristojno pona\u0161anje.<\/p>\n<\/li>\n<li data-start=\"4122\" data-end=\"4192\">\n<p data-start=\"4124\" data-end=\"4192\">Zabranjeno je sramotiti, ismijavati ili poduzimati osobne radnje protiv drugog sudionika.<\/p>\n<\/li>\n<li data-start=\"4193\" data-end=\"4267\">\n<p data-start=\"4195\" data-end=\"4267\">Zabranjeno je sudjelovanje pod utjecajem alkohola, droga ili tvari koje mijenjaju stanje svijesti.<\/p>\n<\/li>\n<li data-start=\"4268\" data-end=\"4388\">\n<p data-start=\"4270\" data-end=\"4388\">Pona\u0161anje na doga\u0111ajima prate koordinatori Elite2You-a, koji imaju ovlasti isklju\u010diti problemati\u010dne sudionike.<\/p>\n<\/li>\n<\/ul>\n<hr data-start=\"4390\" data-end=\"4393\">\n<h3 data-start=\"4395\" data-end=\"4444\"><strong data-start=\"4399\" data-end=\"4444\">5. Snimanje, javni nastup<\/strong><\/h3>\n<ul data-start=\"4446\" data-end=\"4745\">\n<li data-start=\"4446\" data-end=\"4504\">\n<p data-start=\"4448\" data-end=\"4504\">Doga\u0111aji se mogu snimati pomo\u0107u slika, zvuka ili videa.<\/p>\n<\/li>\n<li data-start=\"4505\" data-end=\"4654\">\n<p data-start=\"4507\" data-end=\"4654\">Prijavom svaki sudionik pristaje da se snimi njegova fotografija ili video u promotivne svrhe, koje Elite2You mo\u017ee slobodno koristiti.<\/p>\n<\/li>\n<li data-start=\"4655\" data-end=\"4745\">\n<p data-start=\"4657\" data-end=\"4745\">Snimanje vlastitog sadr\u017eaja (npr. video snimka, vlog) dopu\u0161teno je samo uz prethodno dopu\u0161tenje.<\/p>\n<\/li>\n<\/ul>\n<hr data-start=\"4747\" data-end=\"4750\">\n<h3 data-start=\"4752\" data-end=\"4806\"><strong data-start=\"4756\" data-end=\"4806\">6. Propisi o odgovornosti, nesre\u0107i i zdravlju<\/strong><\/h3>\n<ul data-start=\"4808\" data-end=\"5135\">\n<li data-start=\"4808\" data-end=\"4871\">\n<p data-start=\"4810\" data-end=\"4871\">Sudionici sudjeluju u doga\u0111aju na vlastitu odgovornost.<\/p>\n<\/li>\n<li data-start=\"4872\" data-end=\"5014\">\n<p data-start=\"4874\" data-end=\"4911\"><strong>Elite2You nije odgovoran za:<\/strong><\/p>\n<ul data-start=\"4914\" data-end=\"5014\">\n<li data-start=\"4914\" data-end=\"4952\">\n<p data-start=\"4916\" data-end=\"4952\">zbog gubitka privatnog vlasni\u0161tva<\/p>\n<\/li>\n<li data-start=\"4955\" data-end=\"5014\">\n<p data-start=\"4957\" data-end=\"5014\">za nesre\u0107u koja nije uzrokovana nemarom organizatora<\/p>\n<\/li>\n<\/ul>\n<\/li>\n<li data-start=\"5015\" data-end=\"5135\">\n<p data-start=\"5017\" data-end=\"5135\">U slu\u010daju posebnih zdravstvenih upozorenja (npr. alergije na hranu, fotografsko osvjetljenje), sudionik nas je du\u017ean unaprijed obavijestiti.<\/p>\n<\/li>\n<\/ul>\n<hr data-start=\"5137\" data-end=\"5140\">\n<h3 data-start=\"5142\" data-end=\"5172\"><strong data-start=\"5146\" data-end=\"5172\">7. Odbacivanje, isklju\u010denje<\/strong><\/h3>\n<ul data-start=\"5174\" data-end=\"5380\">\n<li data-start=\"5174\" data-end=\"5380\">\n<p data-start=\"5176\" data-end=\"5272\"><strong>Elite2You zadr\u017eava pravo odbiti ili isklju\u010diti bilo koju osobu iz sudjelovanja ako:<\/strong><\/p>\n<ul data-start=\"5275\" data-end=\"5380\">\n<li data-start=\"5275\" data-end=\"5305\">\n<p data-start=\"5277\" data-end=\"5305\">ne po\u0161tuje pravila<\/p>\n<\/li>\n<li data-start=\"5308\" data-end=\"5380\">\n<p data-start=\"5310\" data-end=\"5380\">ugro\u017eava sigurnost, udobnost drugih ili ugled doga\u0111aja<\/p>\n<\/li>\n<\/ul>\n<\/li>\n<\/ul>\n<hr data-start=\"5382\" data-end=\"5385\">\n<h3 data-start=\"5387\" data-end=\"5416\"><strong data-start=\"5391\" data-end=\"5416\">8. Zavr\u0161ne odredbe<\/strong><\/h3>\n<p data-start=\"5418\" data-end=\"5555\">Ova pravila su obvezuju\u0107a za sve sudionike i automatski se smatraju prihva\u0107enima prilikom registracije ili sudjelovanja.<\/p>\n","protected":false},"excerpt":{"rendered":"<p>Na snazi \u200b\u200bod: 14. travnja 2025. 1. Svrha politike Ova politika odre\u0111uje tko je vlasnik prava intelektualnog vlasni\u0161tva nad digitalnim &hellip; <a href=\"https:\/\/elite2you.com\/hr\/pravila-koristenja-digitalnog-sadrzaja\/\" class=\"more-link\">Continue reading <span class=\"screen-reader-text\">Pravila kori\u0161tenja digitalnog sadr\u017eaja<\/span><\/a><\/p>\n","protected":false},"author":5,"featured_media":0,"parent":0,"menu_order":0,"comment_status":"closed","ping_status":"closed","template":"","meta":{"_monsterinsights_skip_tracking":false,"_monsterinsights_sitenote_active":false,"_monsterinsights_sitenote_note":"","_monsterinsights_sitenote_category":0,"footnotes":""},"class_list":["post-21620","page","type-page","status-publish","hentry"],"_links":{"self":[{"href":"https:\/\/elite2you.com\/hr\/wp-json\/wp\/v2\/pages\/21620","targetHints":{"allow":["GET"]}}],"collection":[{"href":"https:\/\/elite2you.com\/hr\/wp-json\/wp\/v2\/pages"}],"about":[{"href":"https:\/\/elite2you.com\/hr\/wp-json\/wp\/v2\/types\/page"}],"author":[{"embeddable":true,"href":"https:\/\/elite2you.com\/hr\/wp-json\/wp\/v2\/users\/5"}],"replies":[{"embeddable":true,"href":"https:\/\/elite2you.com\/hr\/wp-json\/wp\/v2\/comments?post=21620"}],"version-history":[{"count":0,"href":"https:\/\/elite2you.com\/hr\/wp-json\/wp\/v2\/pages\/21620\/revisions"}],"wp:attachment":[{"href":"https:\/\/elite2you.com\/hr\/wp-json\/wp\/v2\/media?parent=21620"}],"curies":[{"name":"wp","href":"https:\/\/api.w.org\/{rel}","templated":true}]}}