{"id":21628,"date":"2025-07-03T14:07:38","date_gmt":"2025-07-03T14:07:38","guid":{"rendered":"https:\/\/elite2you.com\/interne-smjernice-za-zaposlenike\/"},"modified":"2025-07-03T14:07:38","modified_gmt":"2025-07-03T14:07:38","slug":"interne-smjernice-za-zaposlenike","status":"publish","type":"page","link":"https:\/\/elite2you.com\/hr\/interne-smjernice-za-zaposlenike\/","title":{"rendered":"Interne smjernice za zaposlenike"},"content":{"rendered":"<p data-start=\"374\" data-end=\"404\"><em data-start=\"374\" data-end=\"404\">Na snazi \u200b\u200bod: 14. travnja 2025. <\/em><\/p>\n<hr data-start=\"406\" data-end=\"409\">\n<h3 data-start=\"411\" data-end=\"440\"><strong data-start=\"415\" data-end=\"440\">1. Svrha dokumenta<\/strong><\/h3>\n<p data-start=\"442\" data-end=\"736\">Svrha ove politike je pru\u017eiti jasan i dosljedan operativni okvir za interno osoblje Elite2You \u2013 posebno one na administrativnim, operativnim, organizacijskim i trenerskim pozicijama. Cilj je osigurati pouzdano, eti\u010dno, u\u010dinkovito i brendirano interno poslovanje. <\/p>\n<hr data-start=\"738\" data-end=\"741\">\n<h3 data-start=\"743\" data-end=\"775\"><strong data-start=\"747\" data-end=\"775\">2. Podru\u010dje primjene direktiva<\/strong><\/h3>\n<p data-start=\"777\" data-end=\"833\">Sljede\u0107e uloge spadaju u podru\u010dje primjene direktive:<\/p>\n<ul data-start=\"835\" data-end=\"1037\">\n<li data-start=\"835\" data-end=\"868\">\n<p data-start=\"837\" data-end=\"868\">Administratori, asistenti<\/p>\n<\/li>\n<li data-start=\"869\" data-end=\"915\">\n<p data-start=\"871\" data-end=\"915\">Osoblje za korisni\u010dku podr\u0161ku i koordinaciju<\/p>\n<\/li>\n<li data-start=\"916\" data-end=\"962\">\n<p data-start=\"918\" data-end=\"962\">Treneri, mentori<\/p>\n<\/li>\n<li data-start=\"963\" data-end=\"1001\">\n<p data-start=\"965\" data-end=\"1001\">Voditelji projekata, tehni\u010dki operateri<\/p>\n<\/li>\n<li data-start=\"1002\" data-end=\"1037\">\n<p data-start=\"1004\" data-end=\"1037\">Interno osoblje za ljudske resurse i financije<\/p>\n<\/li>\n<\/ul>\n<p data-start=\"1039\" data-end=\"1167\">Politika se odnosi na sve zaposlenike koji rade u radnom odnosu, agencijskom odnosu ili na temelju podugovora.<\/p>\n<hr data-start=\"1169\" data-end=\"1172\">\n<h3 data-start=\"1174\" data-end=\"1203\"><strong data-start=\"1178\" data-end=\"1203\">3. Osnovna o\u010dekivanja<\/strong><\/h3>\n<p data-start=\"1205\" data-end=\"1233\">Svaki zaposlenik je du\u017ean:<\/p>\n<ul data-start=\"1235\" data-end=\"1696\">\n<li data-start=\"1235\" data-end=\"1320\">\n<p data-start=\"1237\" data-end=\"1320\">Predstavljajte vrijednosti brenda, autenti\u010dnost i profesionalnost u svim situacijama<\/p>\n<\/li>\n<li data-start=\"1321\" data-end=\"1401\">\n<p data-start=\"1323\" data-end=\"1401\">Odgovorno, pouzdano i u\u010dinkovito obavljati dodijeljene zadatke<\/p>\n<\/li>\n<li data-start=\"1402\" data-end=\"1497\">\n<p data-start=\"1404\" data-end=\"1497\">Odr\u017eavajte povjerljivost poslovnih, financijskih, osobnih ili strate\u0161kih podataka<\/p>\n<\/li>\n<li data-start=\"1498\" data-end=\"1607\">\n<p data-start=\"1500\" data-end=\"1607\">Izbjegavajte unutarnje sukobe, ogovaranje, negativne emocije ili pona\u0161anje koje uzrokuje gubitak povjerenja<\/p>\n<\/li>\n<li data-start=\"1608\" data-end=\"1696\">\n<p data-start=\"1610\" data-end=\"1696\">Odmah prijavite svaku nezakonitu, neeti\u010dnu ili aktivnost koja \u0161teti brendu<\/p>\n<\/li>\n<\/ul>\n<hr data-start=\"1698\" data-end=\"1701\">\n<h3 data-start=\"1703\" data-end=\"1745\"><strong data-start=\"1707\" data-end=\"1745\">4. Radno vrijeme i dostupnost<\/strong><\/h3>\n<ul data-start=\"1747\" data-end=\"2067\">\n<li data-start=\"1747\" data-end=\"1868\">\n<p data-start=\"1749\" data-end=\"1868\">Zaposlenik mora biti dostupan prema datumima navedenim u ugovoru o radu ili ugovoru o radu.<\/p>\n<\/li>\n<li data-start=\"1869\" data-end=\"1976\">\n<p data-start=\"1871\" data-end=\"1976\">Prilikom rada online o\u010dekuje se pravovremen odgovor, po\u0161tivanje rokova i pouzdanost.<\/p>\n<\/li>\n<li data-start=\"1977\" data-end=\"2067\">\n<p data-start=\"1979\" data-end=\"2067\">Zaposlenik je du\u017ean svakodnevno provjeravati svoju e-po\u0161tu i interne kanale za razmjenu poruka.<\/p>\n<\/li>\n<\/ul>\n<hr data-start=\"2069\" data-end=\"2072\">\n<h3 data-start=\"2074\" data-end=\"2115\"><strong data-start=\"2078\" data-end=\"2115\">5. Smjernice za internu komunikaciju<\/strong><\/h3>\n<ul data-start=\"2117\" data-end=\"2422\">\n<li data-start=\"2117\" data-end=\"2210\">\n<p data-start=\"2119\" data-end=\"2210\">U internoj komunikaciji o\u010dekuje se kulturan, po\u0161tovan i ciljno usmjeren stil.<\/p>\n<\/li>\n<li data-start=\"2211\" data-end=\"2298\">\n<p data-start=\"2213\" data-end=\"2298\">Sporove treba rije\u0161iti \u0161to je br\u017ee mogu\u0107e, mirno i u\u010dinkovito.<\/p>\n<\/li>\n<li data-start=\"2299\" data-end=\"2422\">\n<p data-start=\"2301\" data-end=\"2422\">Sva slu\u017ebena komunikacija (e-po\u0161ta, zapisnici, dopisi) mora se dokumentirati ako to zahtijeva priroda zadatka.<\/p>\n<\/li>\n<\/ul>\n<hr data-start=\"2424\" data-end=\"2427\">\n<h3 data-start=\"2429\" data-end=\"2474\"><strong data-start=\"2433\" data-end=\"2474\">6. Primopredaja i dokumentiranje zadataka<\/strong><\/h3>\n<ul data-start=\"2476\" data-end=\"2776\">\n<li data-start=\"2476\" data-end=\"2591\">\n<p data-start=\"2478\" data-end=\"2591\">Zaposlenik je du\u017ean dokumentirati obavljene zadatke prema potrebi (npr. tjedno izvje\u0161\u0107e, izvje\u0161\u0107e o statusu)<\/p>\n<\/li>\n<li data-start=\"2592\" data-end=\"2697\">\n<p data-start=\"2594\" data-end=\"2697\">U slu\u010daju prestanka ili promjene radnih zadataka, zaposlenik je du\u017ean pismeno predati radne zadatke, pristup i materijale.<\/p>\n<\/li>\n<li data-start=\"2698\" data-end=\"2776\">\n<p data-start=\"2700\" data-end=\"2776\">Voditelj glavnog ureda\/\u010dlan osoblja za ljudske resurse pru\u017eit \u0107e smjernice za primopredaju posla.<\/p>\n<\/li>\n<\/ul>\n<hr data-start=\"2778\" data-end=\"2781\">\n<h3 data-start=\"2783\" data-end=\"2832\"><strong data-start=\"2787\" data-end=\"2832\">7. Kori\u0161tenje radnih alata i sustava<\/strong><\/h3>\n<ul data-start=\"2834\" data-end=\"3090\">\n<li data-start=\"2834\" data-end=\"2950\">\n<p data-start=\"2836\" data-end=\"2950\">Radna oprema koju osigurava tvrtka (npr. prijenosno ra\u010dunalo, ladice, sustavi) smije se koristiti samo u radne svrhe.<\/p>\n<\/li>\n<li data-start=\"2951\" data-end=\"3024\">\n<p data-start=\"2953\" data-end=\"3024\">Lozinke za ure\u0111aje, ra\u010dune i pristup moraju se sigurno upravljati.<\/p>\n<\/li>\n<li data-start=\"3025\" data-end=\"3090\">\n<p data-start=\"3027\" data-end=\"3090\">Neovla\u0161teni pristup podacima ili ra\u010dunima drugih osoba je zabranjen.<\/p>\n<\/li>\n<\/ul>\n<hr data-start=\"3092\" data-end=\"3095\">\n<h3 data-start=\"3097\" data-end=\"3154\"><strong data-start=\"3101\" data-end=\"3154\">8. Nagra\u0111ivanje, motivacija i ocjenjivanje u\u010dinka<\/strong><\/h3>\n<ul data-start=\"3156\" data-end=\"3420\">\n<li data-start=\"3156\" data-end=\"3248\">\n<p data-start=\"3158\" data-end=\"3248\">Vrednovamo u\u010dinak zaposlenika putem povratnih informacija na mjese\u010dnoj, tromjese\u010dnoj i godi\u0161njoj razini.<\/p>\n<\/li>\n<li data-start=\"3249\" data-end=\"3420\">\n<p data-start=\"3251\" data-end=\"3295\"><strong>U slu\u010daju izvanrednog rada, postoji mogu\u0107nost:<\/strong><\/p>\n<ul data-start=\"3298\" data-end=\"3420\">\n<li data-start=\"3298\" data-end=\"3332\">\n<p data-start=\"3300\" data-end=\"3332\">isplatiti bonus ili premiju<\/p>\n<\/li>\n<li data-start=\"3335\" data-end=\"3372\">\n<p data-start=\"3337\" data-end=\"3372\">pru\u017eiti mogu\u0107nosti za napredovanje<\/p>\n<\/li>\n<li data-start=\"3375\" data-end=\"3420\">\n<p data-start=\"3377\" data-end=\"3420\">sudjelovanje u internom sustavu preporuka<\/p>\n<\/li>\n<\/ul>\n<\/li>\n<\/ul>\n<hr data-start=\"3422\" data-end=\"3425\">\n<h3 data-start=\"3427\" data-end=\"3473\"><strong data-start=\"3431\" data-end=\"3473\">9. O\u010dekivana lojalnost i za\u0161tita brenda<\/strong><\/h3>\n<ul data-start=\"3475\" data-end=\"3754\">\n<li data-start=\"3475\" data-end=\"3602\">\n<p data-start=\"3477\" data-end=\"3602\">Zaposlenik je du\u017ean suzdr\u017eati se od bilo kakvih javnih radnji koje bi mogle ugroziti ugled ili poslovanje robne marke.<\/p>\n<\/li>\n<li data-start=\"3603\" data-end=\"3754\">\n<p data-start=\"3605\" data-end=\"3754\">Zabranjeno je kopiranje, curenje ili proslje\u0111ivanje Elite2You operacija ili internih sustava konkurentu tijekom ili nakon zaposlenja.<\/p>\n<\/li>\n<\/ul>\n<hr data-start=\"3756\" data-end=\"3759\">\n<h3 data-start=\"3761\" data-end=\"3811\"><strong data-start=\"3765\" data-end=\"3811\">10. Pravne posljedice u slu\u010daju kr\u0161enja pravila<\/strong><\/h3>\n<p data-start=\"3813\" data-end=\"3876\"><strong>U slu\u010daju kr\u0161enja, tvrtka mo\u017ee poduzeti sljede\u0107e korake:<\/strong><\/p>\n<ul data-start=\"3878\" data-end=\"4060\">\n<li data-start=\"3878\" data-end=\"3916\">\n<p data-start=\"3880\" data-end=\"3916\">Usmena ili pismena opomena<\/p>\n<\/li>\n<li data-start=\"3917\" data-end=\"3964\">\n<p data-start=\"3919\" data-end=\"3964\">Obustava narud\u017ebe, raskid ugovora<\/p>\n<\/li>\n<li data-start=\"3965\" data-end=\"4001\">\n<p data-start=\"3967\" data-end=\"4001\">Ograni\u010di privilegije pristupa<\/p>\n<\/li>\n<li data-start=\"4002\" data-end=\"4060\">\n<p data-start=\"4004\" data-end=\"4060\">U slu\u010daju pravnog spora: pravna za\u0161tita, ostvarivanje zahtjeva za od\u0161tetu<\/p>\n<\/li>\n<\/ul>\n<hr data-start=\"4062\" data-end=\"4065\">\n<h3 data-start=\"4067\" data-end=\"4097\"><strong data-start=\"4071\" data-end=\"4097\">11. Zavr\u0161ne odredbe<\/strong><\/h3>\n<ul data-start=\"4099\" data-end=\"4341\">\n<li data-start=\"4099\" data-end=\"4165\">\n<p data-start=\"4101\" data-end=\"4165\">Ova se politika odnosi na sve interne zaposlenike tvrtke Elite2You.<\/p>\n<\/li>\n<li data-start=\"4166\" data-end=\"4246\">\n<p data-start=\"4168\" data-end=\"4246\">Prihva\u0107anje je uvjet za potpisivanje ugovora i po\u010detak rada.<\/p>\n<\/li>\n<li data-start=\"4247\" data-end=\"4341\">\n<p data-start=\"4249\" data-end=\"4341\">Dokument se a\u017eurira godi\u0161nje, a trenutna verzija je uvijek dostupna na ovoj stranici.<\/p>\n<\/li>\n<\/ul>\n<p>Detaljnije informacije u internim dokumentima.<\/p>\n","protected":false},"excerpt":{"rendered":"<p>Na snazi \u200b\u200bod: 14. travnja 2025. 1. Svrha dokumenta Svrha ove politike je pru\u017eiti jasan i dosljedan operativni okvir za &hellip; <a href=\"https:\/\/elite2you.com\/hr\/interne-smjernice-za-zaposlenike\/\" class=\"more-link\">Continue reading <span class=\"screen-reader-text\">Interne smjernice za zaposlenike<\/span><\/a><\/p>\n","protected":false},"author":5,"featured_media":0,"parent":0,"menu_order":0,"comment_status":"closed","ping_status":"closed","template":"","meta":{"_monsterinsights_skip_tracking":false,"_monsterinsights_sitenote_active":false,"_monsterinsights_sitenote_note":"","_monsterinsights_sitenote_category":0,"footnotes":""},"class_list":["post-21628","page","type-page","status-publish","hentry"],"_links":{"self":[{"href":"https:\/\/elite2you.com\/hr\/wp-json\/wp\/v2\/pages\/21628","targetHints":{"allow":["GET"]}}],"collection":[{"href":"https:\/\/elite2you.com\/hr\/wp-json\/wp\/v2\/pages"}],"about":[{"href":"https:\/\/elite2you.com\/hr\/wp-json\/wp\/v2\/types\/page"}],"author":[{"embeddable":true,"href":"https:\/\/elite2you.com\/hr\/wp-json\/wp\/v2\/users\/5"}],"replies":[{"embeddable":true,"href":"https:\/\/elite2you.com\/hr\/wp-json\/wp\/v2\/comments?post=21628"}],"version-history":[{"count":0,"href":"https:\/\/elite2you.com\/hr\/wp-json\/wp\/v2\/pages\/21628\/revisions"}],"wp:attachment":[{"href":"https:\/\/elite2you.com\/hr\/wp-json\/wp\/v2\/media?parent=21628"}],"curies":[{"name":"wp","href":"https:\/\/api.w.org\/{rel}","templated":true}]}}