{"id":21629,"date":"2025-07-03T13:31:26","date_gmt":"2025-07-03T13:31:26","guid":{"rendered":"https:\/\/elite2you.com\/izjava-o-upravljanju-azuriranjima-i-verzijama\/"},"modified":"2025-07-03T13:31:26","modified_gmt":"2025-07-03T13:31:26","slug":"izjava-o-upravljanju-azuriranjima-i-verzijama","status":"publish","type":"page","link":"https:\/\/elite2you.com\/hr\/izjava-o-upravljanju-azuriranjima-i-verzijama\/","title":{"rendered":"Izjava o upravljanju a\u017euriranjima i verzijama"},"content":{"rendered":"<h3 data-start=\"346\" data-end=\"375\"><strong data-start=\"350\" data-end=\"375\">1. Svrha politike<\/strong><\/h3>\n<p data-start=\"377\" data-end=\"715\">Svrha ove izjave je u\u010diniti raspored a\u017euriranja, prakse upravljanja verzijama i metode obavje\u0161tavanja pojedina\u010dnih politika (Op\u0107i uvjeti poslovanja, Obavijest o za\u0161titi podataka, Politika kola\u010di\u0107a, Predlo\u0161ci ugovora, Smjernice za kori\u0161tenje robne marke itd.) transparentnima partnerima, klijentima, studentima i korisnicima tvrtke Elite2You.<\/p>\n<hr data-start=\"717\" data-end=\"720\">\n<h3 data-start=\"722\" data-end=\"756\"><strong data-start=\"726\" data-end=\"756\">2. U\u010destalost a\u017euriranja<\/strong><\/h3>\n<p data-start=\"758\" data-end=\"862\">Elite2You zadr\u017eava pravo povremenog a\u017euriranja sljede\u0107ih dokumenata i pravila:<\/p>\n<ul data-start=\"864\" data-end=\"1062\">\n<li data-start=\"864\" data-end=\"904\">\n<p data-start=\"866\" data-end=\"904\">Op\u0107i uvjeti poslovanja (GTC)<\/p>\n<\/li>\n<li data-start=\"905\" data-end=\"931\">\n<p data-start=\"907\" data-end=\"931\">Obavijest o za\u0161titi podataka<\/p>\n<\/li>\n<li data-start=\"932\" data-end=\"951\">\n<p data-start=\"934\" data-end=\"951\">Pravila o kola\u010di\u0107ima<\/p>\n<\/li>\n<li data-start=\"952\" data-end=\"992\">\n<p data-start=\"954\" data-end=\"992\">Pravila kori\u0161tenja naziva robne marke i logotipa<\/p>\n<\/li>\n<li data-start=\"993\" data-end=\"1029\">\n<p data-start=\"995\" data-end=\"1029\">Ugovori o fran\u0161izi i podlicenciji<\/p>\n<\/li>\n<li data-start=\"1030\" data-end=\"1062\">\n<p data-start=\"1032\" data-end=\"1062\">Obrazovni i ispitni propisi<\/p>\n<\/li>\n<\/ul>\n<p data-start=\"1064\" data-end=\"1236\">A\u017euriranja se mogu doga\u0111ati iznimno u slu\u010daju promjene zakonodavstva, operativnog razvoja ili promjene poslovnog smjera.<\/p>\n<hr data-start=\"1238\" data-end=\"1241\">\n<h3 data-start=\"1243\" data-end=\"1290\"><strong data-start=\"1247\" data-end=\"1290\">3. Na\u010din a\u017euriranja i njihovo stupanje na snagu<\/strong><\/h3>\n<p data-start=\"1292\" data-end=\"1420\"><strong>Dokumenti se a\u017euriraju elektroni\u010dki. Izmijenjene politike i dokumenti stupit \u0107e na snagu kako slijedi: <\/strong><\/p>\n<ul data-start=\"1422\" data-end=\"1636\">\n<li data-start=\"1422\" data-end=\"1501\">\n<p data-start=\"1424\" data-end=\"1501\">Automatski stupaju na snagu danom objave na web stranici.<\/p>\n<\/li>\n<li data-start=\"1502\" data-end=\"1636\">\n<p data-start=\"1504\" data-end=\"1636\">Obveza obavje\u0161tavanja o a\u017euriranjima odnosi se isklju\u010divo na ugovorne partnere i registrirane korisnike.<\/p>\n<\/li>\n<\/ul>\n<hr data-start=\"1638\" data-end=\"1641\">\n<h3 data-start=\"1643\" data-end=\"1671\"><strong data-start=\"1647\" data-end=\"1671\">4. Obrasci za obavje\u0161tavanje<\/strong><\/h3>\n<p data-start=\"1673\" data-end=\"1763\"><strong>Elite2You mo\u017ee obavijestiti subjekte podataka o a\u017euriranjima putem sljede\u0107ih kanala:<\/strong><\/p>\n<ul data-start=\"1765\" data-end=\"2166\">\n<li data-start=\"1765\" data-end=\"1826\">\n<p data-start=\"1767\" data-end=\"1826\"><strong data-start=\"1767\" data-end=\"1779\">Putem e-po\u0161te<\/strong> (za registrirane korisnike i partnere)<\/p>\n<\/li>\n<li data-start=\"1827\" data-end=\"1953\">\n<p data-start=\"1829\" data-end=\"1953\"><strong data-start=\"1829\" data-end=\"1865\">Objavljivanjem na web stranici<\/strong> \u2013 u slu\u017ebenom izborniku<\/p>\n<\/li>\n<li data-start=\"1954\" data-end=\"2039\">\n<p data-start=\"1956\" data-end=\"2039\"><strong data-start=\"1956\" data-end=\"1989\">U poruci unutar platformi<\/strong> (npr. putem Elite2Fans ili korisni\u010dkog ra\u010duna)<\/p>\n<\/li>\n<li data-start=\"2040\" data-end=\"2089\">\n<p data-start=\"2042\" data-end=\"2089\"><strong data-start=\"2042\" data-end=\"2057\">U biltenu<\/strong> , ako se korisnik pretplatio<\/p>\n<\/li>\n<li data-start=\"2090\" data-end=\"2166\">\n<p data-start=\"2092\" data-end=\"2166\"><strong data-start=\"2092\" data-end=\"2137\">Putem Telegrama ili Discord grupe<\/strong> , ako je zajednica koristi<\/p>\n<\/li>\n<\/ul>\n<p data-start=\"2168\" data-end=\"2316\">Informacije o a\u017euriranjima smatraju se dostavljenima kada dokument postane dostupan na slu\u017ebenoj web stranici s novim datumom.<\/p>\n<hr data-start=\"2318\" data-end=\"2321\">\n<h3 data-start=\"2323\" data-end=\"2356\"><strong data-start=\"2327\" data-end=\"2356\">5. Kontrola verzija<\/strong><\/h3>\n<p data-start=\"2358\" data-end=\"2519\">Svaka revidirana politika i dokument imaju jedinstveni broj verzije i datum revizije. Nalazi se na dnu dokumenta u sljede\u0107em formatu: <\/p>\n<blockquote data-start=\"2521\" data-end=\"2585\">\n<p data-start=\"2523\" data-end=\"2585\">Verzija: v2025.04.14<br data-start=\"2542\" data-end=\"2545\"> Datum stupanja na snagu: 14. travnja 2025. <\/p>\n<\/blockquote>\n<p data-start=\"2587\" data-end=\"2691\">Prethodne verzije ostaju arhivirane i dostupne su odgovaraju\u0107em ugovornom partneru na zahtjev.<\/p>\n<hr data-start=\"2693\" data-end=\"2696\">\n<h3 data-start=\"2698\" data-end=\"2743\"><strong data-start=\"2702\" data-end=\"2743\">6. Pitanje, komentar ili pritu\u017eba<\/strong><\/h3>\n<p data-start=\"2745\" data-end=\"2876\">Ako imate bilo kakvih pitanja, komentara ili pravnih zahtjeva u vezi s a\u017euriranjem, mo\u017eete ih prijaviti putem sljede\u0107ih kanala:<\/p>\n<p data-start=\"2878\" data-end=\"3028\">\ud83d\udce9 <strong data-start=\"2881\" data-end=\"2891\">E-po\u0161ta:<\/strong> <a class=\"cursor-pointer\" rel=\"noopener\" data-start=\"2892\" data-end=\"2911\">legal@elite2you.com<\/a><br data-start=\"2911\" data-end=\"2914\"> \ud83d\udcde <strong data-start=\"2917\" data-end=\"2929\">Telefon:<\/strong> +44 1234 567 890<br data-start=\"2946\" data-end=\"2949\"> \ud83c\udf10 <strong data-start=\"2952\" data-end=\"2965\">Web stranica:<\/strong> <a class=\"cursor-pointer\" target=\"_new\" rel=\"noopener\" data-start=\"2966\" data-end=\"3028\">https:\/\/elite2you.com\/contact<\/a><\/p>\n","protected":false},"excerpt":{"rendered":"<p>1. Svrha politike Svrha ove izjave je u\u010diniti raspored a\u017euriranja, prakse upravljanja verzijama i metode obavje\u0161tavanja pojedina\u010dnih politika (Op\u0107i uvjeti &hellip; <a href=\"https:\/\/elite2you.com\/hr\/izjava-o-upravljanju-azuriranjima-i-verzijama\/\" class=\"more-link\">Continue reading <span class=\"screen-reader-text\">Izjava o upravljanju a\u017euriranjima i verzijama<\/span><\/a><\/p>\n","protected":false},"author":5,"featured_media":0,"parent":0,"menu_order":0,"comment_status":"closed","ping_status":"closed","template":"","meta":{"_monsterinsights_skip_tracking":false,"_monsterinsights_sitenote_active":false,"_monsterinsights_sitenote_note":"","_monsterinsights_sitenote_category":0,"footnotes":""},"class_list":["post-21629","page","type-page","status-publish","hentry"],"_links":{"self":[{"href":"https:\/\/elite2you.com\/hr\/wp-json\/wp\/v2\/pages\/21629","targetHints":{"allow":["GET"]}}],"collection":[{"href":"https:\/\/elite2you.com\/hr\/wp-json\/wp\/v2\/pages"}],"about":[{"href":"https:\/\/elite2you.com\/hr\/wp-json\/wp\/v2\/types\/page"}],"author":[{"embeddable":true,"href":"https:\/\/elite2you.com\/hr\/wp-json\/wp\/v2\/users\/5"}],"replies":[{"embeddable":true,"href":"https:\/\/elite2you.com\/hr\/wp-json\/wp\/v2\/comments?post=21629"}],"version-history":[{"count":0,"href":"https:\/\/elite2you.com\/hr\/wp-json\/wp\/v2\/pages\/21629\/revisions"}],"wp:attachment":[{"href":"https:\/\/elite2you.com\/hr\/wp-json\/wp\/v2\/media?parent=21629"}],"curies":[{"name":"wp","href":"https:\/\/api.w.org\/{rel}","templated":true}]}}