{"id":21633,"date":"2025-07-03T13:25:14","date_gmt":"2025-07-03T13:25:14","guid":{"rendered":"https:\/\/elite2you.com\/pravila-koristenja-naziva-robne-marke-i-logotipa\/"},"modified":"2025-07-03T13:25:14","modified_gmt":"2025-07-03T13:25:14","slug":"pravila-koristenja-naziva-robne-marke-i-logotipa","status":"publish","type":"page","link":"https:\/\/elite2you.com\/hr\/pravila-koristenja-naziva-robne-marke-i-logotipa\/","title":{"rendered":"Pravila kori\u0161tenja naziva robne marke i logotipa"},"content":{"rendered":"<h3 data-start=\"404\" data-end=\"433\"><strong data-start=\"408\" data-end=\"433\">1. Svrha politike<\/strong><\/h3>\n<p data-start=\"435\" data-end=\"680\">Svrha ove politike je osigurati jedinstveni okvir za kori\u0161tenje robne marke Elite2You, logotipa, vizualnog identiteta i drugih za\u0161ti\u0107enih elemenata, s posebnim osvrtom na fran\u0161izne partnere, primatelje podlicencije i sura\u0111uju\u0107e tre\u0107e strane.<\/p>\n<hr data-start=\"682\" data-end=\"685\">\n<h3 data-start=\"687\" data-end=\"709\"><strong data-start=\"691\" data-end=\"709\">2. Vlasni\u0161tvo<\/strong><\/h3>\n<p data-start=\"711\" data-end=\"913\">Naziv \u201eElite2You\u201c, logotip, elementi robne marke, slogani, elementi dizajna i njihove kombinacije isklju\u010divo su intelektualno vlasni\u0161tvo <strong data-start=\"801\" data-end=\"840\">tvrtke Elite2You Ltd. (Ujedinjeno Kraljevstvo)<\/strong> i za\u0161ti\u0107eni su za\u0161titnim znakom.<\/p>\n<hr data-start=\"915\" data-end=\"918\">\n<h3 data-start=\"920\" data-end=\"953\"><strong data-start=\"924\" data-end=\"953\">3. Ovla\u0161teni korisnici<\/strong><\/h3>\n<p data-start=\"955\" data-end=\"1026\"><strong>Sljede\u0107e strane imaju isklju\u010divo ovla\u0161tenje za kori\u0161tenje robne marke i logotipa:<\/strong><\/p>\n<ul data-start=\"1028\" data-end=\"1359\">\n<li data-start=\"1028\" data-end=\"1076\">\n<p data-start=\"1030\" data-end=\"1076\">Slu\u017ebeno imenovani fran\u0161izni partneri<\/p>\n<\/li>\n<li data-start=\"1077\" data-end=\"1133\">\n<p data-start=\"1079\" data-end=\"1133\">Podlicenceri s pisanim ugovorom<\/p>\n<\/li>\n<li data-start=\"1134\" data-end=\"1196\">\n<p data-start=\"1136\" data-end=\"1196\">Regionalni direktori koji imaju dozvolu za rad<\/p>\n<\/li>\n<li data-start=\"1197\" data-end=\"1266\">\n<p data-start=\"1199\" data-end=\"1266\">Slu\u017ebeni zaposlenici i ugovorni partneri Elite2You<\/p>\n<\/li>\n<li data-start=\"1267\" data-end=\"1359\">\n<p data-start=\"1269\" data-end=\"1359\">Suradni\u010dke tvrtke, treneri, konzultanti koje je Elite2You pismeno ovlastio<\/p>\n<\/li>\n<\/ul>\n<p data-start=\"1361\" data-end=\"1467\">Kori\u0161tenje vrijedi isklju\u010divo na podru\u010dju, obliku i trajanju navedenom u sklopljenom ugovoru.<\/p>\n<hr data-start=\"1469\" data-end=\"1472\">\n<h3 data-start=\"1474\" data-end=\"1505\"><strong data-start=\"1478\" data-end=\"1505\">4. Uvjeti kori\u0161tenja<\/strong><\/h3>\n<p data-start=\"1507\" data-end=\"1591\">Kori\u0161tenje naziva i logotipa robne marke dopu\u0161teno je pod sljede\u0107im uvjetima:<\/p>\n<ul data-start=\"1593\" data-end=\"2003\">\n<li data-start=\"1593\" data-end=\"1663\">\n<p data-start=\"1595\" data-end=\"1663\">Samo prema slu\u017ebenom priru\u010dniku za vizualni identitet tvrtke Elite2You<\/p>\n<\/li>\n<li data-start=\"1664\" data-end=\"1736\">\n<p data-start=\"1666\" data-end=\"1736\">Bez modifikacija, zadr\u017eavaju\u0107i samo izvorne proporcije i boje<\/p>\n<\/li>\n<li data-start=\"1737\" data-end=\"1803\">\n<p data-start=\"1739\" data-end=\"1803\">Uzimaju\u0107i u obzir ugled, kvalitetu brenda i vizualno jedinstvo<\/p>\n<\/li>\n<li data-start=\"1804\" data-end=\"1906\">\n<p data-start=\"1806\" data-end=\"1906\">Samo u ovla\u0161tenim medijima i aktivnostima (npr. web stranica, posjetnica, dru\u0161tvene mre\u017ee)<\/p>\n<\/li>\n<li data-start=\"1907\" data-end=\"2003\">\n<p data-start=\"1909\" data-end=\"2003\">U svim slu\u010dajevima mora se napomenuti: \u201eNaziv robne marke Elite2You koristi se uz dopu\u0161tenje.\u201c<\/p>\n<\/li>\n<\/ul>\n<hr data-start=\"2005\" data-end=\"2008\">\n<h3 data-start=\"2010\" data-end=\"2058\"><strong data-start=\"2014\" data-end=\"2058\">5. Upotreba je zabranjena u sljede\u0107im slu\u010dajevima:<\/strong><\/h3>\n<p data-start=\"2060\" data-end=\"2140\"><strong>Kori\u0161tenje naziva robne marke, logotipa ili slike izri\u010dito je zabranjeno u sljede\u0107im slu\u010dajevima:<\/strong><\/p>\n<ul data-start=\"2142\" data-end=\"2707\">\n<li data-start=\"2142\" data-end=\"2215\">\n<p data-start=\"2144\" data-end=\"2215\">U nedostatku valjanog, pisanog ovla\u0161tenja ili ugovora o podlicenciji<\/p>\n<\/li>\n<li data-start=\"2216\" data-end=\"2287\">\n<p data-start=\"2218\" data-end=\"2287\">Ako se korisnik odjavio, dobio je zabranu ili je ugovor raskinut<\/p>\n<\/li>\n<li data-start=\"2288\" data-end=\"2372\">\n<p data-start=\"2290\" data-end=\"2372\">Iskrivljavanje, mijenjanje, \u201eparodija\u201c ili obmanjuju\u0107a upotreba naziva robne marke<\/p>\n<\/li>\n<li data-start=\"2373\" data-end=\"2493\">\n<p data-start=\"2375\" data-end=\"2493\">Erotski, politi\u010dki, ekstremisti\u010dki, opsceni ili bilo koji sadr\u017eaj koji nije kompatibilan s vrijednostima Elite2You<\/p>\n<\/li>\n<li data-start=\"2494\" data-end=\"2603\">\n<p data-start=\"2496\" data-end=\"2603\">Na web stranici, profilu na dru\u0161tvenim mre\u017eama ili platformi koja ne slu\u017ei slu\u017ebenim svrhama Elite2You<\/p>\n<\/li>\n<li data-start=\"2604\" data-end=\"2707\">\n<p data-start=\"2606\" data-end=\"2707\">Bilo koja aktivnost koja ugro\u017eava ugled brenda ili \u0161teti njegovom kredibilitetu<\/p>\n<\/li>\n<\/ul>\n<hr data-start=\"2709\" data-end=\"2712\">\n<h3 data-start=\"2714\" data-end=\"2742\"><strong data-start=\"2718\" data-end=\"2742\">6. Pravne posljedice<\/strong><\/h3>\n<p data-start=\"2744\" data-end=\"2848\"><strong>U slu\u010daju neovla\u0161tene upotrebe naziva ili logotipa robne marke, Elite2You Ltd. zadr\u017eava pravo:<\/strong><\/p>\n<ul data-start=\"2850\" data-end=\"3112\">\n<li data-start=\"2850\" data-end=\"2928\">\n<p data-start=\"2852\" data-end=\"2928\">Trenutna zabrana kori\u0161tenja, zahtjev za uklanjanje sadr\u017eaja<\/p>\n<\/li>\n<li data-start=\"2929\" data-end=\"3006\">\n<p data-start=\"2931\" data-end=\"3006\">Podno\u0161enje zahtjeva za naknadu \u0161tete zbog nanesene \u0161tete ugledu ili financijskog gubitka<\/p>\n<\/li>\n<li data-start=\"3007\" data-end=\"3062\">\n<p data-start=\"3009\" data-end=\"3062\">Pokretanje postupka za pravnu za\u0161titu putem suda<\/p>\n<\/li>\n<li data-start=\"3063\" data-end=\"3112\">\n<p data-start=\"3065\" data-end=\"3112\">Trenutni raskid ugovornog odnosa<\/p>\n<\/li>\n<\/ul>\n<hr data-start=\"3114\" data-end=\"3117\">\n<h3 data-start=\"3119\" data-end=\"3156\"><strong data-start=\"3123\" data-end=\"3156\">7. Zahtjev za kontakt i dopu\u0161tenje<\/strong><\/h3>\n<p data-start=\"3158\" data-end=\"3313\">Ako imate bilo kakvih pitanja u vezi s kori\u0161tenjem na\u0161eg logotipa ili robne marke ili ako vam je potrebno individualno dopu\u0161tenje, obratite nam se s povjerenjem:<\/p>\n<p data-start=\"3315\" data-end=\"3416\">\ud83d\udce9 <strong data-start=\"3318\" data-end=\"3328\">E-po\u0161ta:<\/strong> info <a class=\"cursor-pointer\" rel=\"noopener\" data-start=\"3329\" data-end=\"3350\">@elite2you.com<\/a><br data-start=\"3350\" data-end=\"3353\"> \ud83c\udf10 <strong data-start=\"3356\" data-end=\"3369\">Web stranica:<\/strong> <a class=\"\" href=\"https:\/\/elite2you.com\/hr\/\" target=\"_new\" rel=\"noopener\" data-start=\"3370\" data-end=\"3416\">https:\/\/elite2you.com<\/a><\/p>\n","protected":false},"excerpt":{"rendered":"<p>1. Svrha politike Svrha ove politike je osigurati jedinstveni okvir za kori\u0161tenje robne marke Elite2You, logotipa, vizualnog identiteta i drugih &hellip; <a href=\"https:\/\/elite2you.com\/hr\/pravila-koristenja-naziva-robne-marke-i-logotipa\/\" class=\"more-link\">Continue reading <span class=\"screen-reader-text\">Pravila kori\u0161tenja naziva robne marke i logotipa<\/span><\/a><\/p>\n","protected":false},"author":5,"featured_media":0,"parent":0,"menu_order":0,"comment_status":"closed","ping_status":"closed","template":"","meta":{"_monsterinsights_skip_tracking":false,"_monsterinsights_sitenote_active":false,"_monsterinsights_sitenote_note":"","_monsterinsights_sitenote_category":0,"footnotes":""},"class_list":["post-21633","page","type-page","status-publish","hentry"],"_links":{"self":[{"href":"https:\/\/elite2you.com\/hr\/wp-json\/wp\/v2\/pages\/21633","targetHints":{"allow":["GET"]}}],"collection":[{"href":"https:\/\/elite2you.com\/hr\/wp-json\/wp\/v2\/pages"}],"about":[{"href":"https:\/\/elite2you.com\/hr\/wp-json\/wp\/v2\/types\/page"}],"author":[{"embeddable":true,"href":"https:\/\/elite2you.com\/hr\/wp-json\/wp\/v2\/users\/5"}],"replies":[{"embeddable":true,"href":"https:\/\/elite2you.com\/hr\/wp-json\/wp\/v2\/comments?post=21633"}],"version-history":[{"count":0,"href":"https:\/\/elite2you.com\/hr\/wp-json\/wp\/v2\/pages\/21633\/revisions"}],"wp:attachment":[{"href":"https:\/\/elite2you.com\/hr\/wp-json\/wp\/v2\/media?parent=21633"}],"curies":[{"name":"wp","href":"https:\/\/api.w.org\/{rel}","templated":true}]}}