{"id":21635,"date":"2025-07-03T07:09:59","date_gmt":"2025-07-03T07:09:59","guid":{"rendered":"https:\/\/elite2you.com\/kodeks-ponasanja-zajednice\/"},"modified":"2025-07-03T07:09:59","modified_gmt":"2025-07-03T07:09:59","slug":"kodeks-ponasanja-zajednice","status":"publish","type":"page","link":"https:\/\/elite2you.com\/hr\/kodeks-ponasanja-zajednice\/","title":{"rendered":"Kodeks pona\u0161anja zajednice"},"content":{"rendered":"<h2 data-start=\"187\" data-end=\"240\">\ud83e\udded Sadr\u017eaj i pravila pona\u0161anja zajednice<\/h2>\n<p data-start=\"241\" data-end=\"271\"><strong data-start=\"241\" data-end=\"271\">Na snazi \u200b\u200bod: 14.04.2024.<\/strong><\/p>\n<p data-start=\"273\" data-end=\"654\">Elite2You Grupa \u2013 uklju\u010duju\u0107i <a href=\"https:\/\/elite2you.com\/akademia\/\" target=\"_blank\" rel=\"noopener\"><strong data-start=\"309\" data-end=\"332\">Elite2You Akademiju<\/strong><\/a> , <a href=\"https:\/\/elite2fans.com\/\" target=\"_blank\" rel=\"noopener\"><strong data-start=\"337\" data-end=\"362\">platformu Elite2Fans<\/strong><\/a> i <a href=\"https:\/\/models2you.com\/\" target=\"_blank\" rel=\"noopener\"><strong data-start=\"368\" data-end=\"392\">sustav Models2You<\/strong><\/a> \u2013 ima za cilj odr\u017eavanje inspirativnog, sigurnog i profesionalnog okru\u017eenja koje poti\u010de razvoj, kreativno samoizra\u017eavanje i po\u0161tovanje zajednice.<br data-start=\"548\" data-end=\"551\"> Ova se politika odnosi na sve registrirane korisnike, studente, instruktore, modele i partnere.<\/p>\n<hr data-start=\"656\" data-end=\"659\">\n<h3 data-start=\"661\" data-end=\"707\">\ud83d\udccc 1. Dru\u0161tveni sadr\u017eaj i komentari <\/h3>\n<p data-start=\"709\" data-end=\"815\">Korisnici mogu prenositi sadr\u017eaj, pisati komentare ili ostavljati recenzije na sljede\u0107im stranicama:<\/p>\n<ul data-start=\"817\" data-end=\"1053\">\n<li data-start=\"817\" data-end=\"887\">\n<p data-start=\"819\" data-end=\"887\"><strong data-start=\"819\" data-end=\"841\">Akademija Elite2You<\/strong> : obrazovni komentari, povratne informacije, pitanja<\/p>\n<\/li>\n<li data-start=\"888\" data-end=\"965\">\n<p data-start=\"890\" data-end=\"965\"><strong data-start=\"890\" data-end=\"904\">Elite2Fans<\/strong> : kreativni sadr\u017eaj, objave, poruke, informacije o profilu<\/p>\n<\/li>\n<li data-start=\"966\" data-end=\"1053\">\n<p data-start=\"968\" data-end=\"1053\"><strong data-start=\"968\" data-end=\"982\">Models2You<\/strong> : javni profili modela, predstavljanja, fotografije iz portfolija, recenzije<\/p>\n<\/li>\n<\/ul>\n<p>&nbsp;<\/p>\n<p data-start=\"1055\" data-end=\"1098\"><strong>Preneseni sadr\u017eaj ne smije sadr\u017eavati:<\/strong><\/p>\n<ul data-start=\"1100\" data-end=\"1564\">\n<li data-start=\"1100\" data-end=\"1185\">\n<p data-start=\"1102\" data-end=\"1185\">vulgarne, uznemiruju\u0107e, zastra\u0161uju\u0107e, mr\u017enjom ispunjene ili seksualno nasilne elemente,<\/p>\n<\/li>\n<li data-start=\"1186\" data-end=\"1245\">\n<p data-start=\"1188\" data-end=\"1245\">poni\u017eavaju\u0107e, klevetni\u010dke, osobne komentare o drugima,<\/p>\n<\/li>\n<li data-start=\"1246\" data-end=\"1312\">\n<p data-start=\"1248\" data-end=\"1312\">slike, osobne podatke drugih osoba bez njihovog pristanka,<\/p>\n<\/li>\n<li data-start=\"1313\" data-end=\"1352\">\n<p data-start=\"1315\" data-end=\"1352\">ne\u017eeljena promocija, ogla\u0161avanje, ne\u017eeljena po\u0161ta,<\/p>\n<\/li>\n<li data-start=\"1353\" data-end=\"1404\">\n<p data-start=\"1355\" data-end=\"1404\">obmanjuju\u0107e, la\u017ene ili manipulirane informacije,<\/p>\n<\/li>\n<li data-start=\"1405\" data-end=\"1564\">\n<p data-start=\"1407\" data-end=\"1564\">sadr\u017eaj koji nije kompatibilan s namjenom platforme (npr. nasilan, prikaz maloljetnika, okrutnost prema \u017eivotinjama itd. \u2013 na to se primjenjuje nulta tolerancija).<\/p>\n<\/li>\n<\/ul>\n<hr data-start=\"1566\" data-end=\"1569\">\n<h3 data-start=\"1571\" data-end=\"1613\">\ud83d\udeab 2. Zabranjeno i sankcionirano pona\u0161anje <\/h3>\n<p data-start=\"1615\" data-end=\"1746\"><strong>Sljede\u0107a pona\u0161anja su strogo zabranjena i mogu rezultirati privremenom ili trajnom suspenzijom va\u0161eg korisni\u010dkog ra\u010duna:<\/strong><\/p>\n<ul data-start=\"1748\" data-end=\"2205\">\n<li data-start=\"1748\" data-end=\"1805\">\n<p data-start=\"1750\" data-end=\"1805\">Uznemiravanje, prijetnje, ucjena, u bilo kojem obliku.<\/p>\n<\/li>\n<li data-start=\"1806\" data-end=\"1925\">\n<p data-start=\"1808\" data-end=\"1925\">Objavljivanje erotskog sadr\u017eaja na akademskim platformama (Elite2Fans pru\u017ea okvir za to).<\/p>\n<\/li>\n<li data-start=\"1926\" data-end=\"2035\">\n<p data-start=\"1928\" data-end=\"2035\">Kopiranje sadr\u017eaja, kr\u0161enje autorskih prava (npr. kra\u0111a slika ili tekstova drugih korisnika).<\/p>\n<\/li>\n<li data-start=\"2036\" data-end=\"2094\">\n<p data-start=\"2038\" data-end=\"2094\">Trolanje, la\u017ene recenzije, izazivanje oluje komentara.<\/p>\n<\/li>\n<li data-start=\"2095\" data-end=\"2205\">\n<p data-start=\"2097\" data-end=\"2205\">Poticanje ili sugeriranje ilegalnih aktivnosti (npr. droga, oru\u017eje, maloljetnici, phishing).<\/p>\n<\/li>\n<\/ul>\n<hr data-start=\"2207\" data-end=\"2210\">\n<h3 data-start=\"2212\" data-end=\"2239\">\ud83d\udee1\ufe0f 3. Prava moderiranja <\/h3>\n<p data-start=\"2241\" data-end=\"2290\"><strong data-start=\"2243\" data-end=\"2278\">Moderatori i administratori<\/strong> <strong>imaju pravo:<\/strong><\/p>\n<ul data-start=\"2292\" data-end=\"2481\">\n<li data-start=\"2292\" data-end=\"2349\">\n<p data-start=\"2294\" data-end=\"2349\">brisati sadr\u017eaj bez prethodne najave,<\/p>\n<\/li>\n<li data-start=\"2350\" data-end=\"2394\">\n<p data-start=\"2352\" data-end=\"2394\">filtrirati ili sakriti komentare,<\/p>\n<\/li>\n<li data-start=\"2395\" data-end=\"2481\">\n<p data-start=\"2397\" data-end=\"2481\">privremeno suspendirati ili trajno zabraniti korisnika koji kr\u0161i pravila.<\/p>\n<\/li>\n<\/ul>\n<p data-start=\"2483\" data-end=\"2623\">U slu\u010daju kr\u0161enja ove politike, pristup bilo kojoj platformi mo\u017ee biti blokiran, bez obzira na kojoj je strani do\u0161lo do kr\u0161enja.<\/p>\n<hr data-start=\"2625\" data-end=\"2628\">\n<h3 data-start=\"2630\" data-end=\"2668\">\ud83d\udce3 4. Izvje\u0161tavanje i povjerljivost <\/h3>\n<p data-start=\"2670\" data-end=\"2872\">Svaki korisnik ima pravo prijaviti svako zlostavlja\u010dko pona\u0161anje drugog korisnika korisni\u010dkoj slu\u017ebi. Sve prijave se obra\u0111uju diskretno i povjerljivo te \u0107e biti istra\u017eene u roku od 72 sata. <\/p>\n<hr data-start=\"2874\" data-end=\"2877\">\n<h3 data-start=\"2879\" data-end=\"2921\">\ud83e\udd1d 5. Napomene specifi\u010dne za platformu <\/h3>\n<ul data-start=\"2923\" data-end=\"3454\">\n<li data-start=\"2923\" data-end=\"3049\">\n<p data-start=\"2925\" data-end=\"3049\"><strong data-start=\"2925\" data-end=\"2947\">Akademija Elite2You<\/strong> : samo u obrazovne svrhe. Zabranjeno je postavljanje erotskog, reklamnog ili politi\u010dkog sadr\u017eaja. <\/p>\n<\/li>\n<li data-start=\"3050\" data-end=\"3282\">\n<p data-start=\"3052\" data-end=\"3282\"><strong data-start=\"3052\" data-end=\"3066\">Elite2Fans<\/strong> : dostupan je samo punoljetnim korisnicima. Sadr\u017eaj mora biti u skladu s va\u017ee\u0107im zakonima i vlastitim smjernicama stranice. <br data-start=\"3202\" data-end=\"3205\">\u27a4 Isklju\u010denje djece, pravno poslovanje i financijsko ra\u010dunovodstvo su od najve\u0107e va\u017enosti.<\/p>\n<\/li>\n<li data-start=\"3283\" data-end=\"3454\">\n<p data-start=\"3285\" data-end=\"3454\"><strong data-start=\"3285\" data-end=\"3299\">Models2You<\/strong> : namijenjen je isklju\u010divo za hosting profesionalnih portfelja modela. Prijenos pornografskih, neosobnih ili la\u017enih podataka rezultirat \u0107e trenutnim isklju\u010denjem. <\/p>\n<\/li>\n<\/ul>\n<hr data-start=\"3456\" data-end=\"3459\">\n<h3 data-start=\"3461\" data-end=\"3488\">\ud83e\udde9 6. Vrijednosti zajednice <\/h3>\n<p data-start=\"3490\" data-end=\"3530\"><strong>Tri stupa Elite2You sustava:<\/strong><\/p>\n<ul data-start=\"3532\" data-end=\"3753\">\n<li data-start=\"3532\" data-end=\"3610\">\n<p data-start=\"3534\" data-end=\"3610\"><strong data-start=\"3534\" data-end=\"3547\">Po\u0161tovanje<\/strong> \u2013 uva\u017eavanje me\u0111usobnih mi\u0161ljenja, rada i identiteta.<\/p>\n<\/li>\n<li data-start=\"3611\" data-end=\"3687\">\n<p data-start=\"3613\" data-end=\"3687\"><strong data-start=\"3613\" data-end=\"3627\">Profesionalnost<\/strong> \u2013 svrsishodno i profesionalno kori\u0161tenje svih platformi.<\/p>\n<\/li>\n<li data-start=\"3688\" data-end=\"3753\">\n<p data-start=\"3690\" data-end=\"3753\"><strong data-start=\"3690\" data-end=\"3703\">Sigurnost<\/strong> \u2013 zajedni\u010dka odgovornost za sigurnost digitalnog prostora.<\/p>\n<\/li>\n<\/ul>\n","protected":false},"excerpt":{"rendered":"<p>\ud83e\udded Sadr\u017eaj i pravila pona\u0161anja zajednice Na snazi \u200b\u200bod: 14.04.2024. Elite2You Grupa \u2013 uklju\u010duju\u0107i Elite2You Akademiju , platformu Elite2Fans i &hellip; <a href=\"https:\/\/elite2you.com\/hr\/kodeks-ponasanja-zajednice\/\" class=\"more-link\">Continue reading <span class=\"screen-reader-text\">Kodeks pona\u0161anja zajednice<\/span><\/a><\/p>\n","protected":false},"author":5,"featured_media":0,"parent":0,"menu_order":0,"comment_status":"closed","ping_status":"closed","template":"","meta":{"_monsterinsights_skip_tracking":false,"_monsterinsights_sitenote_active":false,"_monsterinsights_sitenote_note":"","_monsterinsights_sitenote_category":0,"footnotes":""},"class_list":["post-21635","page","type-page","status-publish","hentry"],"_links":{"self":[{"href":"https:\/\/elite2you.com\/hr\/wp-json\/wp\/v2\/pages\/21635","targetHints":{"allow":["GET"]}}],"collection":[{"href":"https:\/\/elite2you.com\/hr\/wp-json\/wp\/v2\/pages"}],"about":[{"href":"https:\/\/elite2you.com\/hr\/wp-json\/wp\/v2\/types\/page"}],"author":[{"embeddable":true,"href":"https:\/\/elite2you.com\/hr\/wp-json\/wp\/v2\/users\/5"}],"replies":[{"embeddable":true,"href":"https:\/\/elite2you.com\/hr\/wp-json\/wp\/v2\/comments?post=21635"}],"version-history":[{"count":0,"href":"https:\/\/elite2you.com\/hr\/wp-json\/wp\/v2\/pages\/21635\/revisions"}],"wp:attachment":[{"href":"https:\/\/elite2you.com\/hr\/wp-json\/wp\/v2\/media?parent=21635"}],"curies":[{"name":"wp","href":"https:\/\/api.w.org\/{rel}","templated":true}]}}