{"id":21638,"date":"2025-07-03T10:53:23","date_gmt":"2025-07-03T10:53:23","guid":{"rendered":"https:\/\/elite2you.com\/pravila-pruzatelja-usluga\/"},"modified":"2025-07-03T10:53:23","modified_gmt":"2025-07-03T10:53:23","slug":"pravila-pruzatelja-usluga","status":"publish","type":"page","link":"https:\/\/elite2you.com\/hr\/pravila-pruzatelja-usluga\/","title":{"rendered":"Pravila pru\u017eatelja usluga"},"content":{"rendered":"<h1 data-start=\"330\" data-end=\"386\">\ud83e\udd1d Pravila pru\u017eatelja usluga tre\u0107ih strana<\/h1>\n<p data-start=\"388\" data-end=\"565\">Na snazi \u200b\u200bod: 14.04.2024.<br data-start=\"413\" data-end=\"416\"> Ova politika pokriva sve platforme kojima upravlja Elite2You: <strong data-start=\"491\" data-end=\"513\">Elite2You Academy<\/strong> , <strong data-start=\"515\" data-end=\"529\">Elite2Fans<\/strong> , <strong data-start=\"531\" data-end=\"545\">Models2You<\/strong> , <strong data-start=\"547\" data-end=\"564\">EroticWardrob<\/strong> .<\/p>\n<p data-start=\"567\" data-end=\"845\">Elite2You koristi <strong data-start=\"663\" data-end=\"705\">usluge pouzdanih vanjskih pru\u017eatelja usluga<\/strong> kako bi osigurao nesmetan rad svojih usluga i korisni\u010dko iskustvo. Ti pru\u017eatelji usluga mogu biti zasebni voditelji obrade podataka ili obra\u0111iva\u010di podataka prema va\u017ee\u0107im propisima o za\u0161titi podataka (npr. GDPR). <\/p>\n<hr data-start=\"847\" data-end=\"850\">\n<h2 data-start=\"852\" data-end=\"892\">\ud83d\udccc Pogo\u0111eni pru\u017eatelji usluga tre\u0107ih strana<\/h2>\n<p data-start=\"894\" data-end=\"945\">Naj\u010de\u0161\u0107e kori\u0161teni pru\u017eatelji usluga tre\u0107ih strana su:<\/p>\n<div class=\"_tableContainer_80l1q_1\">\n<div class=\"_tableWrapper_80l1q_14 group flex w-fit flex-col-reverse\">\n<table class=\"w-fit min-w-(--thread-content-width)\" data-start=\"947\" data-end=\"1798\">\n<thead data-start=\"947\" data-end=\"991\">\n<tr data-start=\"947\" data-end=\"991\">\n<th data-start=\"947\" data-end=\"961\" data-col-size=\"sm\">Davatelj usluga<\/th>\n<th data-start=\"961\" data-end=\"971\" data-col-size=\"sm\">Funkcija<\/th>\n<th data-start=\"971\" data-end=\"979\" data-col-size=\"sm\">Tip<\/th>\n<th data-start=\"979\" data-end=\"991\" data-col-size=\"sm\">Zapovjedni\u0161tvo<\/th>\n<\/tr>\n<\/thead>\n<tbody data-start=\"1037\" data-end=\"1798\">\n<tr data-start=\"1037\" data-end=\"1125\">\n<td data-start=\"1037\" data-end=\"1050\" data-col-size=\"sm\"><strong data-start=\"1039\" data-end=\"1049\">Pruga<\/strong><\/td>\n<td data-col-size=\"sm\" data-start=\"1050\" data-end=\"1078\">Me\u0111unarodno online pla\u0107anje<\/td>\n<td data-col-size=\"sm\" data-start=\"1078\" data-end=\"1108\">Kontrolor podataka \/ obra\u0111iva\u010d podataka<\/td>\n<td data-col-size=\"sm\" data-start=\"1108\" data-end=\"1125\">SAD, Irska<\/td>\n<\/tr>\n<tr data-start=\"1126\" data-end=\"1221\">\n<td data-start=\"1126\" data-end=\"1159\" data-col-size=\"sm\"><strong data-start=\"1128\" data-end=\"1158\">SimplePay (OTP Mobile d.o.o.)<\/strong><\/td>\n<td data-col-size=\"sm\" data-start=\"1159\" data-end=\"1188\">Pla\u0107anje ma\u0111arskim bankovnim karticama<\/td>\n<td data-col-size=\"sm\" data-start=\"1188\" data-end=\"1205\">Obra\u0111iva\u010d podataka<\/td>\n<td data-col-size=\"sm\" data-start=\"1205\" data-end=\"1221\">Ma\u0111arska<\/td>\n<\/tr>\n<tr data-start=\"1222\" data-end=\"1283\">\n<td data-start=\"1222\" data-end=\"1235\" data-col-size=\"sm\"><strong data-start=\"1224\" data-end=\"1234\">PayPal<\/strong><\/td>\n<td data-col-size=\"sm\" data-start=\"1235\" data-end=\"1263\">Me\u0111unarodno online pla\u0107anje<\/td>\n<td data-col-size=\"sm\" data-start=\"1263\" data-end=\"1276\">Kontrolor podataka<\/td>\n<td data-col-size=\"sm\" data-start=\"1276\" data-end=\"1283\">SAD<\/td>\n<\/tr>\n<tr data-start=\"1284\" data-end=\"1368\">\n<td data-start=\"1284\" data-end=\"1313\" data-col-size=\"sm\"><strong data-start=\"1286\" data-end=\"1312\">LearnPress (ThimPress)<\/strong><\/td>\n<td data-col-size=\"sm\" data-start=\"1313\" data-end=\"1340\">Dodatak za obrazovnu platformu<\/td>\n<td data-col-size=\"sm\" data-start=\"1340\" data-end=\"1357\">Obra\u0111iva\u010d podataka<\/td>\n<td data-col-size=\"sm\" data-start=\"1357\" data-end=\"1368\">Vijetnam<\/td>\n<\/tr>\n<tr data-start=\"1369\" data-end=\"1447\">\n<td data-start=\"1369\" data-end=\"1380\" data-col-size=\"sm\"><strong data-start=\"1371\" data-end=\"1379\">Zum<\/strong><\/td>\n<td data-col-size=\"sm\" data-start=\"1380\" data-end=\"1410\">Online konzultacije, edukacija<\/td>\n<td data-col-size=\"sm\" data-start=\"1410\" data-end=\"1440\">Kontrolor podataka \/ obra\u0111iva\u010d podataka<\/td>\n<td data-col-size=\"sm\" data-start=\"1440\" data-end=\"1447\">SAD<\/td>\n<\/tr>\n<tr data-start=\"1448\" data-end=\"1564\">\n<td data-start=\"1448\" data-end=\"1487\" data-col-size=\"sm\"><strong data-start=\"1450\" data-end=\"1486\">Google (Analitika, Disk, Gmail)<\/strong><\/td>\n<td data-col-size=\"sm\" data-start=\"1487\" data-end=\"1523\">Web analitika, upravljanje datotekama, e-po\u0161ta<\/td>\n<td data-col-size=\"sm\" data-start=\"1523\" data-end=\"1553\">Kontrolor podataka \/ obra\u0111iva\u010d podataka<\/td>\n<td data-col-size=\"sm\" data-start=\"1553\" data-end=\"1564\">SAD, EU<\/td>\n<\/tr>\n<tr data-start=\"1565\" data-end=\"1632\">\n<td data-start=\"1565\" data-end=\"1582\" data-col-size=\"sm\"><strong data-start=\"1567\" data-end=\"1581\">Cloudflare<\/strong><\/td>\n<td data-col-size=\"sm\" data-start=\"1582\" data-end=\"1608\">Sigurnost web stranice, CDN<\/td>\n<td data-col-size=\"sm\" data-start=\"1608\" data-end=\"1625\">Obra\u0111iva\u010d podataka<\/td>\n<td data-col-size=\"sm\" data-start=\"1625\" data-end=\"1632\">SAD<\/td>\n<\/tr>\n<tr data-start=\"1633\" data-end=\"1696\">\n<td data-start=\"1633\" data-end=\"1650\" data-col-size=\"sm\"><strong data-start=\"1635\" data-end=\"1649\">Mailerlite<\/strong><\/td>\n<td data-col-size=\"sm\" data-start=\"1650\" data-end=\"1667\">Slanje biltena<\/td>\n<td data-col-size=\"sm\" data-start=\"1667\" data-end=\"1684\">Obra\u0111iva\u010d podataka<\/td>\n<td data-col-size=\"sm\" data-start=\"1684\" data-end=\"1696\">Litva<\/td>\n<\/tr>\n<tr data-start=\"1697\" data-end=\"1798\">\n<td data-start=\"1697\" data-end=\"1742\" data-col-size=\"sm\"><strong data-start=\"1699\" data-end=\"1722\">Veslo \/ FastSpring<\/strong> (ako se koristi)<\/td>\n<td data-col-size=\"sm\" data-start=\"1742\" data-end=\"1773\">Alternativni sustav pla\u0107anja<\/td>\n<td data-col-size=\"sm\" data-start=\"1773\" data-end=\"1786\">Kontrolor podataka<\/td>\n<td data-col-size=\"sm\" data-start=\"1786\" data-end=\"1798\">UK \/ SAD<\/td>\n<\/tr>\n<\/tbody>\n<\/table>\n<div class=\"sticky end-(--thread-content-margin) h-0 self-end select-none\">\n<div class=\"absolute end-0 flex items-end\"><span class=\"\" data-state=\"closed\"><button class=\"hover:bg-token-bg-tertiary text-token-text-secondary my-1 rounded-sm p-1 transition-opacity group-[:not(:hover):not(:focus-within)]:pointer-events-none group-[:not(:hover):not(:focus-within)]:opacity-0\" aria-label=\"Copy Table\"><\/button><\/span><\/div>\n<\/div>\n<\/div>\n<\/div>\n<hr data-start=\"1800\" data-end=\"1803\">\n<h2 data-start=\"1805\" data-end=\"1836\">\ud83d\udd10 Upravljanje podacima i odgovornost<\/h2>\n<h3 data-start=\"1838\" data-end=\"1859\">1. Prijenos podataka<\/h3>\n<p data-start=\"1861\" data-end=\"2042\">Korisni\u010dki podaci (npr. ime, e-po\u0161ta, podaci o naplati, IP adresa, podaci o transakcijama) prenose se samo u mjeri u kojoj je to potrebno za pru\u017eanje usluge.<\/p>\n<p data-start=\"2044\" data-end=\"2052\">Na primjer:<\/p>\n<ul data-start=\"2053\" data-end=\"2340\">\n<li data-start=\"2053\" data-end=\"2150\">\n<p data-start=\"2055\" data-end=\"2150\">Prilikom pla\u0107anja, Stripe ili SimplePay primaju samo podatke potrebne za pla\u0107anje.<\/p>\n<\/li>\n<li data-start=\"2151\" data-end=\"2233\">\n<p data-start=\"2153\" data-end=\"2233\">Zoom poveznicu korisnik prima samo ako rezervira online konzultacije.<\/p>\n<\/li>\n<li data-start=\"2234\" data-end=\"2340\">\n<p data-start=\"2236\" data-end=\"2340\">LearnPress omogu\u0107uje samo pristup te\u010dajevima i ne koristi podatke u marketin\u0161ke svrhe.<\/p>\n<\/li>\n<\/ul>\n<h3 data-start=\"2342\" data-end=\"2362\">2. Sigurnost podataka<\/h3>\n<p data-start=\"2364\" data-end=\"2575\">Elite2You sura\u0111uje samo s pru\u017eateljima usluga koji imaju odgovaraju\u0107e certifikate za sigurnost podataka (npr. ISO 27001, PCI DSS) i u skladu su s GDPR-om ili okvirom za za\u0161titu podataka EU-SAD.<\/p>\n<h3 data-start=\"2577\" data-end=\"2603\">3. Podjela odgovornosti<\/h3>\n<p data-start=\"2605\" data-end=\"2822\">Elite2You preuzima odgovornost za sigurnost podataka koje upravlja i prenosi u vlastitom sustavu.<br data-start=\"2712\" data-end=\"2715\"> Pru\u017eatelji usluga tre\u0107ih strana odgovorni su za podatke koje obra\u0111uju u skladu s vlastitim politikama za\u0161tite podataka.<\/p>\n<p data-start=\"2824\" data-end=\"2854\">Korisnik se sla\u017ee da:<\/p>\n<ul data-start=\"2855\" data-end=\"3124\">\n<li data-start=\"2855\" data-end=\"2907\">\n<p data-start=\"2857\" data-end=\"2907\">Pla\u0107anja obra\u0111uje vanjski pru\u017eatelj usluga.<\/p>\n<\/li>\n<li data-start=\"2908\" data-end=\"2998\">\n<p data-start=\"2910\" data-end=\"2998\">Obrazovne i komunikacijske platforme pru\u017eaju u cijelosti ili djelomi\u010dno tre\u0107e strane.<\/p>\n<\/li>\n<li data-start=\"2999\" data-end=\"3124\">\n<p data-start=\"3001\" data-end=\"3124\">Dio obrade podataka odvija se na sustavu odre\u0111enog pru\u017eatelja usluga, za \u0161to Elite2You ne preuzima izravnu odgovornost.<\/p>\n<\/li>\n<\/ul>\n<hr data-start=\"3126\" data-end=\"3129\">\n<h2 data-start=\"3131\" data-end=\"3160\">\ud83d\udcdd Op\u0107e odredbe<\/h2>\n<ul data-start=\"3162\" data-end=\"3462\">\n<li data-start=\"3162\" data-end=\"3224\">\n<p data-start=\"3164\" data-end=\"3224\">Popis pru\u017eatelja usluga tre\u0107ih strana mo\u017ee se povremeno a\u017eurirati.<\/p>\n<\/li>\n<li data-start=\"3225\" data-end=\"3321\">\n<p data-start=\"3227\" data-end=\"3321\">Trenuta\u010dno va\u017ee\u0107a politika objavljena je na stranici <a class=\"cursor-pointer\" target=\"_new\" rel=\"noopener\" data-start=\"3264\" data-end=\"3298\">https:\/\/elite2you.com\/adatvedelmi-szabalyzat\/<\/a> .<\/p>\n<\/li>\n<li data-start=\"3322\" data-end=\"3462\">\n<p data-start=\"3324\" data-end=\"3462\">Ako pru\u017eatelj usluga prestane postojati ili ne ispunjava sigurnosne zahtjeve, Elite2You ima pravo koristiti drugog pru\u017eatelja usluga.<\/p>\n<\/li>\n<\/ul>\n","protected":false},"excerpt":{"rendered":"<p>\ud83e\udd1d Pravila pru\u017eatelja usluga tre\u0107ih strana Na snazi \u200b\u200bod: 14.04.2024. Ova politika pokriva sve platforme kojima upravlja Elite2You: Elite2You Academy &hellip; <a href=\"https:\/\/elite2you.com\/hr\/pravila-pruzatelja-usluga\/\" class=\"more-link\">Continue reading <span class=\"screen-reader-text\">Pravila pru\u017eatelja usluga<\/span><\/a><\/p>\n","protected":false},"author":5,"featured_media":0,"parent":0,"menu_order":0,"comment_status":"closed","ping_status":"closed","template":"","meta":{"_monsterinsights_skip_tracking":false,"_monsterinsights_sitenote_active":false,"_monsterinsights_sitenote_note":"","_monsterinsights_sitenote_category":0,"footnotes":""},"class_list":["post-21638","page","type-page","status-publish","hentry"],"_links":{"self":[{"href":"https:\/\/elite2you.com\/hr\/wp-json\/wp\/v2\/pages\/21638","targetHints":{"allow":["GET"]}}],"collection":[{"href":"https:\/\/elite2you.com\/hr\/wp-json\/wp\/v2\/pages"}],"about":[{"href":"https:\/\/elite2you.com\/hr\/wp-json\/wp\/v2\/types\/page"}],"author":[{"embeddable":true,"href":"https:\/\/elite2you.com\/hr\/wp-json\/wp\/v2\/users\/5"}],"replies":[{"embeddable":true,"href":"https:\/\/elite2you.com\/hr\/wp-json\/wp\/v2\/comments?post=21638"}],"version-history":[{"count":0,"href":"https:\/\/elite2you.com\/hr\/wp-json\/wp\/v2\/pages\/21638\/revisions"}],"wp:attachment":[{"href":"https:\/\/elite2you.com\/hr\/wp-json\/wp\/v2\/media?parent=21638"}],"curies":[{"name":"wp","href":"https:\/\/api.w.org\/{rel}","templated":true}]}}