{"id":21642,"date":"2025-07-03T07:15:29","date_gmt":"2025-07-03T07:15:29","guid":{"rendered":"https:\/\/elite2you.com\/promocijska-politika\/"},"modified":"2025-07-03T07:15:29","modified_gmt":"2025-07-03T07:15:29","slug":"promocijska-politika","status":"publish","type":"page","link":"https:\/\/elite2you.com\/hr\/promocijska-politika\/","title":{"rendered":"Promocijska politika"},"content":{"rendered":"<h2 data-start=\"172\" data-end=\"212\">\ud83c\udf81 Pravila o poklonima i promocijama<\/h2>\n<p data-start=\"213\" data-end=\"243\"><strong data-start=\"213\" data-end=\"243\">Na snazi \u200b\u200bod: 14.04.2024.<\/strong><\/p>\n<p data-start=\"245\" data-end=\"449\">Ova politika utvr\u0111uje uvjete i odredbe za poklone, popuste, promocije i promotivne ponude dostupne na platformama koje pripadaju Elite2You grupi (Elite2You Academy, Elite2Fans, Models2You, Eroticwardrobe).<\/p>\n<hr data-start=\"451\" data-end=\"454\">\n<h3 data-start=\"456\" data-end=\"486\">\ud83c\udf93 1. Uvjeti za poklone <\/h3>\n<p data-start=\"488\" data-end=\"606\"><strong data-start=\"488\" data-end=\"606\">Poklon usluge, proizvodi i iskustva mogu se koristiti samo ako su ispunjeni sljede\u0107i uvjeti:<\/strong><\/p>\n<ul data-start=\"608\" data-end=\"967\">\n<li data-start=\"608\" data-end=\"668\">\n<p data-start=\"610\" data-end=\"668\">Poklon vrijedi samo za pla\u0107eni te\u010daj ili paket.<\/p>\n<\/li>\n<li data-start=\"669\" data-end=\"822\">\n<p data-start=\"671\" data-end=\"822\">Za primanje poklona potrebna je uspje\u0161na kupnja i pla\u0107anje, kao i registracija i kontakt u roku od 14 dana od kupnje.<\/p>\n<\/li>\n<li data-start=\"823\" data-end=\"967\">\n<p data-start=\"825\" data-end=\"967\">Studentu, modelu ili klijentu ne smije biti zabranjeno kori\u0161tenje sustava i ne smije imati teku\u0107u pritu\u017ebu ili sudski spor.<\/p>\n<\/li>\n<\/ul>\n<hr data-start=\"969\" data-end=\"972\">\n<h3 data-start=\"974\" data-end=\"1018\">\ud83d\udcf8 Primjer 2 \u2013 Portfolio fotografija kao poklon <\/h3>\n<p data-start=\"1020\" data-end=\"1078\">Paket &#8220;Te\u010daj za po\u010detnike\" trenutno uklju\u010duje sljede\u0107i poklon:<\/p>\n<ul data-start=\"1080\" data-end=\"1359\">\n<li data-start=\"1080\" data-end=\"1113\">\n<p data-start=\"1082\" data-end=\"1113\"><strong data-start=\"1082\" data-end=\"1113\">1 prikladno fotografiranje za portfolio<\/strong><\/p>\n<\/li>\n<li data-start=\"1114\" data-end=\"1178\">\n<p data-start=\"1116\" data-end=\"1178\">Na odre\u0111enom mjestu i vremenu, uz prethodni dogovor<\/p>\n<\/li>\n<li data-start=\"1179\" data-end=\"1359\">\n<p data-start=\"1181\" data-end=\"1221\">Za sudjelovanje u fotografiranju potrebno vam je:<\/p>\n<ul data-start=\"1224\" data-end=\"1359\">\n<li data-start=\"1224\" data-end=\"1280\">\n<p data-start=\"1226\" data-end=\"1280\">Zavr\u0161etak te\u010daja ili najmanje 50% zavr\u0161etka<\/p>\n<\/li>\n<li data-start=\"1283\" data-end=\"1328\">\n<p data-start=\"1285\" data-end=\"1328\">Potpisivanje obrasca za suglasnost za fotografiranje<\/p>\n<\/li>\n<li data-start=\"1331\" data-end=\"1359\">\n<p data-start=\"1333\" data-end=\"1359\">Provjera identiteta<\/p>\n<\/li>\n<\/ul>\n<\/li>\n<\/ul>\n<p data-start=\"1361\" data-end=\"1463\">Ovaj poklon vrijedi samo jednom, nije prenosiv i ne mo\u017ee se zamijeniti za bilo koju drugu uslugu.<\/p>\n<hr data-start=\"1465\" data-end=\"1468\">\n<h3 data-start=\"1470\" data-end=\"1517\">\ud83d\udcc6 3. Trajanje i valjanost promocija <\/h3>\n<ul data-start=\"1519\" data-end=\"1839\">\n<li data-start=\"1519\" data-end=\"1577\">\n<p data-start=\"1521\" data-end=\"1577\">Sve promocije, kuponi ili popusti su privremeni.<\/p>\n<\/li>\n<li data-start=\"1578\" data-end=\"1661\">\n<p data-start=\"1580\" data-end=\"1661\">Promocije vrijede samo za narud\u017ebe izvr\u0161ene tijekom promotivnog razdoblja.<\/p>\n<\/li>\n<li data-start=\"1662\" data-end=\"1742\">\n<p data-start=\"1664\" data-end=\"1742\">Popusti se ne mogu primijeniti retroaktivno i ne mogu se retroaktivno tra\u017eiti.<\/p>\n<\/li>\n<li data-start=\"1743\" data-end=\"1839\">\n<p data-start=\"1745\" data-end=\"1839\">Za potvrdu, kupac mora unijeti promotivni kod prilikom narud\u017ebe.<\/p>\n<\/li>\n<\/ul>\n<hr data-start=\"1841\" data-end=\"1844\">\n<h3 data-start=\"1846\" data-end=\"1871\">\ud83d\udeab 4. Isklju\u010duju\u0107i faktori <\/h3>\n<p data-start=\"1873\" data-end=\"1905\"><strong>Ne daje se poklon ili popust:<\/strong><\/p>\n<ul data-start=\"1907\" data-end=\"2286\">\n<li data-start=\"1907\" data-end=\"2002\">\n<p data-start=\"1909\" data-end=\"2002\">Ako je korisnik la\u017eno koristio platformu ili prekr\u0161io pravila.<\/p>\n<\/li>\n<li data-start=\"2003\" data-end=\"2081\">\n<p data-start=\"2005\" data-end=\"2081\">Ako kupac otka\u017ee, odbije ili odustane od narud\u017ebe.<\/p>\n<\/li>\n<li data-start=\"2082\" data-end=\"2163\">\n<p data-start=\"2084\" data-end=\"2163\">Ako je klijent dao la\u017ene podatke ili nije dostupan za konzultacije.<\/p>\n<\/li>\n<li data-start=\"2164\" data-end=\"2286\">\n<p data-start=\"2166\" data-end=\"2286\">Ako ponuda ili promocija uklju\u010duje i druge uvjete isklju\u010denja (npr. prva kupnja, ograni\u010denja za pojedine zemlje itd.).<\/p>\n<\/li>\n<\/ul>\n<hr data-start=\"2288\" data-end=\"2291\">\n<h3 data-start=\"2293\" data-end=\"2326\">\ud83d\udcdc 5. Op\u0107e odredbe <\/h3>\n<ul data-start=\"2328\" data-end=\"2642\">\n<li data-start=\"2328\" data-end=\"2458\">\n<p data-start=\"2330\" data-end=\"2458\">Elite2You zadr\u017eava pravo jednostrano izmijeniti ili povu\u0107i sadr\u017eaj, trajanje, vrijednost i oblik promocija.<\/p>\n<\/li>\n<li data-start=\"2459\" data-end=\"2575\">\n<p data-start=\"2461\" data-end=\"2575\">Vrijednost poklona ne mo\u017ee se zamijeniti za gotovinu niti kombinirati s drugim popustima, osim ako nije druga\u010dije navedeno.<\/p>\n<\/li>\n<li data-start=\"2576\" data-end=\"2642\">\n<p data-start=\"2578\" data-end=\"2642\">Korisnik mo\u017ee sudjelovati u istoj promociji samo jednom.<\/p>\n<\/li>\n<\/ul>\n","protected":false},"excerpt":{"rendered":"<p>\ud83c\udf81 Pravila o poklonima i promocijama Na snazi \u200b\u200bod: 14.04.2024. Ova politika utvr\u0111uje uvjete i odredbe za poklone, popuste, promocije &hellip; <a href=\"https:\/\/elite2you.com\/hr\/promocijska-politika\/\" class=\"more-link\">Continue reading <span class=\"screen-reader-text\">Promocijska politika<\/span><\/a><\/p>\n","protected":false},"author":5,"featured_media":0,"parent":0,"menu_order":0,"comment_status":"closed","ping_status":"closed","template":"","meta":{"_monsterinsights_skip_tracking":false,"_monsterinsights_sitenote_active":false,"_monsterinsights_sitenote_note":"","_monsterinsights_sitenote_category":0,"footnotes":""},"class_list":["post-21642","page","type-page","status-publish","hentry"],"_links":{"self":[{"href":"https:\/\/elite2you.com\/hr\/wp-json\/wp\/v2\/pages\/21642","targetHints":{"allow":["GET"]}}],"collection":[{"href":"https:\/\/elite2you.com\/hr\/wp-json\/wp\/v2\/pages"}],"about":[{"href":"https:\/\/elite2you.com\/hr\/wp-json\/wp\/v2\/types\/page"}],"author":[{"embeddable":true,"href":"https:\/\/elite2you.com\/hr\/wp-json\/wp\/v2\/users\/5"}],"replies":[{"embeddable":true,"href":"https:\/\/elite2you.com\/hr\/wp-json\/wp\/v2\/comments?post=21642"}],"version-history":[{"count":0,"href":"https:\/\/elite2you.com\/hr\/wp-json\/wp\/v2\/pages\/21642\/revisions"}],"wp:attachment":[{"href":"https:\/\/elite2you.com\/hr\/wp-json\/wp\/v2\/media?parent=21642"}],"curies":[{"name":"wp","href":"https:\/\/api.w.org\/{rel}","templated":true}]}}