{"id":21644,"date":"2025-07-03T06:49:53","date_gmt":"2025-07-03T06:49:53","guid":{"rendered":"https:\/\/elite2you.com\/sigurnosna-politika\/"},"modified":"2025-07-03T06:49:53","modified_gmt":"2025-07-03T06:49:53","slug":"sigurnosna-politika","status":"publish","type":"page","link":"https:\/\/elite2you.com\/hr\/sigurnosna-politika\/","title":{"rendered":"Sigurnosna politika"},"content":{"rendered":"<h2 data-start=\"244\" data-end=\"296\">Na\u010dela kiberneti\u010dke sigurnosti<\/h2>\n<p data-start=\"298\" data-end=\"336\"><strong data-start=\"298\" data-end=\"336\">Datum stupanja na snagu: 14.04.2024.<\/strong><\/p>\n<p data-start=\"338\" data-end=\"508\">Akademija Elite2You posve\u0107ena je sigurnom upravljanju korisni\u010dkim podacima, za\u0161titi digitalnog iskustva u\u010denja i minimiziranju rizika kiberneti\u010dke sigurnosti.<\/p>\n<p data-start=\"510\" data-end=\"632\">Ova politika opisuje tehni\u010dke i organizacijske mjere koje koristimo za odr\u017eavanje sigurnosti platforme.<\/p>\n<p data-start=\"3066\" data-end=\"3352\">Ova sigurnosna politika korisnicima pru\u017ea uvjerljiv odgovor na pitanje kako \u0161titimo njihove podatke. Smanjuje pravne rizike koji proizlaze iz GDPR-a i pru\u017ea osnovu za korisni\u010dku podr\u0161ku u slu\u010daju pojave tehni\u010dkih ili sigurnosnih problema s podacima. <\/p>\n<hr data-start=\"634\" data-end=\"637\">\n<h3 data-start=\"639\" data-end=\"673\">1. Sigurnost podataka i \u0161ifriranje<\/h3>\n<ul data-start=\"675\" data-end=\"1038\">\n<li data-start=\"675\" data-end=\"780\">\n<p data-start=\"677\" data-end=\"780\">Svi osobni podaci navedeni na stranici prenose se putem \u0161ifrirane SSL veze.<\/p>\n<\/li>\n<li data-start=\"781\" data-end=\"892\">\n<p data-start=\"783\" data-end=\"892\">Podaci pohranjeni u bazi podataka za\u0161ti\u0107eni su prema razinama autorizacije, \u0161to sprje\u010dava neovla\u0161teni pristup.<\/p>\n<\/li>\n<li data-start=\"893\" data-end=\"1038\">\n<p data-start=\"895\" data-end=\"1038\">Lozinke se ne pohranjuju u obi\u010dnom tekstu, ve\u0107 se spremaju pomo\u0107u modernih algoritama za jednosmjerno \u0161ifriranje (npr. bcrypt).<\/p>\n<\/li>\n<\/ul>\n<hr data-start=\"1040\" data-end=\"1043\">\n<h3 data-start=\"1045\" data-end=\"1085\">2. Upravljanje lozinkama i za\u0161tita pristupa<\/h3>\n<ul data-start=\"1087\" data-end=\"1426\">\n<li data-start=\"1087\" data-end=\"1166\">\n<p data-start=\"1089\" data-end=\"1166\">Sustav ne prepoznaje lozinke i ne pohranjuje ih u de\u0161ifriraju\u0107em obliku.<\/p>\n<\/li>\n<li data-start=\"1167\" data-end=\"1227\">\n<p data-start=\"1169\" data-end=\"1227\">Korisnicima se savjetuje da koriste jaku lozinku.<\/p>\n<\/li>\n<li data-start=\"1228\" data-end=\"1304\">\n<p data-start=\"1230\" data-end=\"1304\">Preporu\u010dujemo da korisnici redovito a\u017euriraju svoje lozinke iz sigurnosnih razloga.<\/p>\n<\/li>\n<li data-start=\"1305\" data-end=\"1426\">\n<p data-start=\"1307\" data-end=\"1426\">Sustav je za\u0161ti\u0107en od napada grubom silom (npr. ograni\u010davanje IP adrese, privremeno zaklju\u010davanje nakon vi\u0161e neto\u010dnih prijava).<\/p>\n<\/li>\n<\/ul>\n<hr data-start=\"1428\" data-end=\"1431\">\n<h3 data-start=\"1433\" data-end=\"1469\">3. Sigurnost web stranice i poslu\u017eitelja<\/h3>\n<ul data-start=\"1471\" data-end=\"1857\">\n<li data-start=\"1471\" data-end=\"1581\">\n<p data-start=\"1473\" data-end=\"1581\">Platformu i pohranu hostira pouzdani pru\u017eatelj usluga, gdje se izra\u0111uju dnevne sigurnosne kopije.<\/p>\n<\/li>\n<li data-start=\"1582\" data-end=\"1673\">\n<p data-start=\"1584\" data-end=\"1673\">Redovito a\u017euriramo WordPress i dodatke kako bismo izbjegli ranjivosti.<\/p>\n<\/li>\n<li data-start=\"1674\" data-end=\"1745\">\n<p data-start=\"1676\" data-end=\"1745\">Tako\u0111er koristimo sustav vatrozida, za\u0161titu od ne\u017eeljene po\u0161te i skeniranje virusa.<\/p>\n<\/li>\n<li data-start=\"1746\" data-end=\"1857\">\n<p data-start=\"1748\" data-end=\"1857\">Administratorsko su\u010delje dostupno je samo internim zaposlenicima, za\u0161ti\u0107eno je IP filtriranjem i dvofaktorskom autentifikacijom.<\/p>\n<\/li>\n<\/ul>\n<hr data-start=\"1859\" data-end=\"1862\">\n<h3 data-start=\"1864\" data-end=\"1900\">4. Pristup i dopu\u0161tenja<\/h3>\n<ul data-start=\"1902\" data-end=\"2275\">\n<li data-start=\"1902\" data-end=\"2171\">\n<p data-start=\"1904\" data-end=\"1960\">Sustav koristi model pristupa temeljen na ulogama:<\/p>\n<ul data-start=\"1963\" data-end=\"2171\">\n<li data-start=\"1963\" data-end=\"2017\">\n<p data-start=\"1965\" data-end=\"2017\"><strong data-start=\"1965\" data-end=\"1976\">Studenti<\/strong> imaju pristup samo vlastitim te\u010dajevima.<\/p>\n<\/li>\n<li data-start=\"2020\" data-end=\"2079\">\n<p data-start=\"2022\" data-end=\"2079\"><strong data-start=\"2022\" data-end=\"2033\">Nastavnici<\/strong> mogu ure\u0111ivati \u200b\u200bsamo vlastite te\u010dajeve.<\/p>\n<\/li>\n<li data-start=\"2082\" data-end=\"2171\">\n<p data-start=\"2084\" data-end=\"2171\"><strong data-start=\"2084\" data-end=\"2095\">Administratori<\/strong> imaju puni pristup, ali samo unutar opsega svog posla.<\/p>\n<\/li>\n<\/ul>\n<\/li>\n<li data-start=\"2172\" data-end=\"2275\">\n<p data-start=\"2174\" data-end=\"2275\">Sve aktivnosti se bilje\u017ee, tako da se mogu dohvatiti ako se pojave bilo kakve abnormalnosti.<\/p>\n<\/li>\n<\/ul>\n<hr data-start=\"2277\" data-end=\"2280\">\n<h3 data-start=\"2282\" data-end=\"2313\">5. Sigurnosne kopije i \u010duvanje podataka<\/h3>\n<ul data-start=\"2315\" data-end=\"2598\">\n<li data-start=\"2315\" data-end=\"2395\">\n<p data-start=\"2317\" data-end=\"2395\">Svakodnevno izra\u0111ujemo sigurnosne kopije web stranice, baze podataka i podataka o te\u010daju.<\/p>\n<\/li>\n<li data-start=\"2396\" data-end=\"2504\">\n<p data-start=\"2398\" data-end=\"2504\">Sigurnosne kopije podataka pohranjuju se u \u0161ifriranom obliku na zasebnom poslu\u017eitelju i dostupne su samo administratorima sustava.<\/p>\n<\/li>\n<li data-start=\"2505\" data-end=\"2598\">\n<p data-start=\"2507\" data-end=\"2598\">Podatke \u010duvamo u razdoblju navedenom u GDPR-u i bri\u0161emo ih na zahtjev korisnika.<\/p>\n<\/li>\n<\/ul>\n<hr data-start=\"2600\" data-end=\"2603\">\n<h3 data-start=\"2605\" data-end=\"2653\">6. Protokol kiberneti\u010dke sigurnosti u slu\u010daju incidenta<\/h3>\n<ul data-start=\"2655\" data-end=\"3034\">\n<li data-start=\"2655\" data-end=\"2738\">\n<p data-start=\"2657\" data-end=\"2738\">Ako se otkrije sumnjiva aktivnost, ona se odmah blokira i istra\u017euje.<\/p>\n<\/li>\n<li data-start=\"2739\" data-end=\"2891\">\n<p data-start=\"2741\" data-end=\"2891\">U slu\u010daju curenja podataka ili ranjivosti, odmah \u0107emo obavijestiti pogo\u0111ene korisnike i nadle\u017ena tijela, u skladu sa zahtjevima GDPR-a.<\/p>\n<\/li>\n<li data-start=\"2892\" data-end=\"3034\">\n<p data-start=\"2894\" data-end=\"3034\">Imamo postupak za hitne slu\u010dajeve koji uklju\u010duje protokol za upravljanje incidentima, sigurnosno kopiranje i oporavak podataka te korake obavje\u0161tavanja.<\/p>\n<\/li>\n<\/ul>\n","protected":false},"excerpt":{"rendered":"<p>Na\u010dela kiberneti\u010dke sigurnosti Datum stupanja na snagu: 14.04.2024. Akademija Elite2You posve\u0107ena je sigurnom upravljanju korisni\u010dkim podacima, za\u0161titi digitalnog iskustva u\u010denja &hellip; <a href=\"https:\/\/elite2you.com\/hr\/sigurnosna-politika\/\" class=\"more-link\">Continue reading <span class=\"screen-reader-text\">Sigurnosna politika<\/span><\/a><\/p>\n","protected":false},"author":5,"featured_media":0,"parent":0,"menu_order":0,"comment_status":"closed","ping_status":"closed","template":"","meta":{"_monsterinsights_skip_tracking":false,"_monsterinsights_sitenote_active":false,"_monsterinsights_sitenote_note":"","_monsterinsights_sitenote_category":0,"footnotes":""},"class_list":["post-21644","page","type-page","status-publish","hentry"],"_links":{"self":[{"href":"https:\/\/elite2you.com\/hr\/wp-json\/wp\/v2\/pages\/21644","targetHints":{"allow":["GET"]}}],"collection":[{"href":"https:\/\/elite2you.com\/hr\/wp-json\/wp\/v2\/pages"}],"about":[{"href":"https:\/\/elite2you.com\/hr\/wp-json\/wp\/v2\/types\/page"}],"author":[{"embeddable":true,"href":"https:\/\/elite2you.com\/hr\/wp-json\/wp\/v2\/users\/5"}],"replies":[{"embeddable":true,"href":"https:\/\/elite2you.com\/hr\/wp-json\/wp\/v2\/comments?post=21644"}],"version-history":[{"count":0,"href":"https:\/\/elite2you.com\/hr\/wp-json\/wp\/v2\/pages\/21644\/revisions"}],"wp:attachment":[{"href":"https:\/\/elite2you.com\/hr\/wp-json\/wp\/v2\/media?parent=21644"}],"curies":[{"name":"wp","href":"https:\/\/api.w.org\/{rel}","templated":true}]}}