{"id":21650,"date":"2025-07-02T22:17:50","date_gmt":"2025-07-02T22:17:50","guid":{"rendered":"https:\/\/elite2you.com\/pravila-o-kolacicima\/"},"modified":"2025-07-02T22:17:50","modified_gmt":"2025-07-02T22:17:50","slug":"pravila-o-kolacicima","status":"publish","type":"page","link":"https:\/\/elite2you.com\/hr\/pravila-o-kolacicima\/","title":{"rendered":"Pravila o kola\u010di\u0107ima"},"content":{"rendered":"<p data-start=\"242\" data-end=\"271\"><strong data-start=\"242\" data-end=\"271\">Vrijedi od: 2024.04.14<\/strong><\/p>\n<p data-start=\"273\" data-end=\"514\">Web-stranica Elite2You ( <a class=\"\" href=\"https:\/\/elite2you.com\/hr\/\" target=\"_new\" rel=\"noopener\" data-start=\"296\" data-end=\"342\">https:\/\/elite2you.com<\/a> ) koristi kola\u010di\u0107e i sli\u010dne tehnologije pra\u0107enja kako bi pobolj\u0161ala korisni\u010dko iskustvo, optimizirala svoje usluge i provodila u\u010dinkovite marketin\u0161ke aktivnosti.<\/p>\n<p data-start=\"516\" data-end=\"684\">Ova politika detaljno obja\u0161njava koje vrste kola\u010di\u0107a koristimo, kako se podaci prikupljaju i kako ih korisnik mo\u017ee konfigurirati ili onemogu\u0107iti.<\/p>\n<hr data-start=\"686\" data-end=\"689\">\n<h3 data-start=\"691\" data-end=\"715\">1. \u0160to su kola\u010di\u0107i?<\/h3>\n<p data-start=\"717\" data-end=\"1029\"><strong data-start=\"735\" data-end=\"746\">Kola\u010di\u0107i<\/strong> su male tekstualne datoteke koje web-stranica postavlja na va\u0161e ra\u010dunalo, pametni telefon ili drugi ure\u0111aj kada posjetite stranicu. Oni poma\u017eu web-stranici u radu i omogu\u0107uju nam da vas prepoznamo, zapamtimo va\u0161e postavke i analiziramo va\u0161e kori\u0161tenje web-stranice. <\/p>\n<hr data-start=\"1031\" data-end=\"1034\">\n<h3 data-start=\"1036\" data-end=\"1069\">2. Koje kola\u010di\u0107e koristimo?<\/h3>\n<h4 data-start=\"1071\" data-end=\"1133\">a) <strong data-start=\"1079\" data-end=\"1133\">Kola\u010di\u0107i potrebni za rad (esencijalni kola\u010di\u0107i)<\/strong><\/h4>\n<p data-start=\"1134\" data-end=\"1281\">Ovi kola\u010di\u0107i su neophodni za osnovno funkcioniranje web stranice, kao \u0161to su prijava, pristup te\u010dajevima ili kori\u0161tenje obrazaca.<\/p>\n<ul data-start=\"1283\" data-end=\"1393\">\n<li data-start=\"1283\" data-end=\"1315\">\n<p data-start=\"1285\" data-end=\"1315\">Upravljanje podacima za prijavu<\/p>\n<\/li>\n<li data-start=\"1316\" data-end=\"1364\">\n<p data-start=\"1318\" data-end=\"1364\">Sigurna kupnja i pla\u0107anje te\u010daja<\/p>\n<\/li>\n<li data-start=\"1365\" data-end=\"1393\">\n<p data-start=\"1367\" data-end=\"1393\">Spremi jezi\u010dne postavke<\/p>\n<\/li>\n<\/ul>\n<p data-start=\"1395\" data-end=\"1432\"><strong data-start=\"1395\" data-end=\"1432\">Ove kola\u010di\u0107e nije mogu\u0107e isklju\u010diti.<\/strong><\/p>\n<hr data-start=\"1434\" data-end=\"1437\">\n<h4 data-start=\"1439\" data-end=\"1469\">b) <strong data-start=\"1447\" data-end=\"1469\">Statisti\u010dki kola\u010di\u0107i<\/strong><\/h4>\n<p data-start=\"1470\" data-end=\"1648\">Poma\u017eu nam razumjeti kako na\u0161i posjetitelji koriste stranicu (npr. koje stranice pregledavaju, koliko vremena provode tamo). Podaci se prikupljaju anonimno. <\/p>\n<ul data-start=\"1650\" data-end=\"1749\">\n<li data-start=\"1650\" data-end=\"1689\">\n<p data-start=\"1652\" data-end=\"1689\">Google Analytics (s anonimizacijom IP-a)<\/p>\n<\/li>\n<li data-start=\"1690\" data-end=\"1749\">\n<p data-start=\"1692\" data-end=\"1749\">S Matomom ili drugim lokalnim analiti\u010dkim sustavom<\/p>\n<\/li>\n<\/ul>\n<hr data-start=\"1751\" data-end=\"1754\">\n<h4 data-start=\"1756\" data-end=\"1796\">c) <strong data-start=\"1764\" data-end=\"1796\">Kola\u010di\u0107i za marketing i ogla\u0161avanje<\/strong><\/h4>\n<p data-start=\"1797\" data-end=\"1957\">Koristimo ih kako bismo vam prikazali relevantne oglase \u2013 na primjer na Facebooku ili Google pretra\u017eivanju \u2013 i kako bismo izmjerili njihovu u\u010dinkovitost.<\/p>\n<ul data-start=\"1959\" data-end=\"2031\">\n<li data-start=\"1959\" data-end=\"1975\">\n<p data-start=\"1961\" data-end=\"1975\">Facebook piksel<\/p>\n<\/li>\n<li data-start=\"1976\" data-end=\"2000\">\n<p data-start=\"1978\" data-end=\"2000\">Remarketing u Google oglasima<\/p>\n<\/li>\n<li data-start=\"2001\" data-end=\"2031\">\n<p data-start=\"2003\" data-end=\"2031\">TikTok Pixel<\/p>\n<\/li>\n<\/ul>\n<hr data-start=\"2033\" data-end=\"2036\">\n<h4 data-start=\"2038\" data-end=\"2068\">d) <strong data-start=\"2046\" data-end=\"2068\">Funkcionalni kola\u010di\u0107i<\/strong><\/h4>\n<p data-start=\"2069\" data-end=\"2131\">Omogu\u0107uju prilago\u0111eno korisni\u010dko iskustvo, kao \u0161to su:<\/p>\n<ul data-start=\"2133\" data-end=\"2226\">\n<li data-start=\"2133\" data-end=\"2176\">\n<p data-start=\"2135\" data-end=\"2176\">spremanje napretka u te\u010daju,<\/p>\n<\/li>\n<li data-start=\"2177\" data-end=\"2226\">\n<p data-start=\"2179\" data-end=\"2226\">o\u010duvanje podataka iz prethodno ispunjenih obrazaca.<\/p>\n<\/li>\n<\/ul>\n<hr data-start=\"2228\" data-end=\"2231\">\n<h3 data-start=\"2233\" data-end=\"2270\">3. Kola\u010di\u0107i tre\u0107ih strana<\/h3>\n<p data-start=\"2272\" data-end=\"2487\">Pru\u017eatelji usluga tre\u0107ih strana tako\u0111er mogu postaviti kola\u010di\u0107e na va\u0161 ure\u0111aj \u2013 na primjer, pru\u017eatelji usluga pla\u0107anja (Stripe, SimplePay, PayPal), obrazovne platforme ili web-mjesta za dijeljenje videa (YouTube, Vimeo).<\/p>\n<p data-start=\"2489\" data-end=\"2566\">To podlije\u017ee pravilima o privatnosti i kola\u010di\u0107ima odgovaraju\u0107eg pru\u017eatelja usluga.<\/p>\n<hr data-start=\"2568\" data-end=\"2571\">\n<h3 data-start=\"2573\" data-end=\"2626\">4. Kako mo\u017eete upravljati ili onemogu\u0107iti kola\u010di\u0107e?<\/h3>\n<p data-start=\"2628\" data-end=\"2842\">Ve\u0107ina preglednika vam omogu\u0107uje da postavite ho\u0107ete li prihvatiti, ograni\u010diti ili potpuno blokirati kola\u010di\u0107e. Imajte na umu da onemogu\u0107avanje kola\u010di\u0107a koji su neophodni za web-stranicu mo\u017ee uzrokovati njezino nepravilno funkcioniranje. <\/p>\n<h4 data-start=\"2844\" data-end=\"2882\">Na\u010din pode\u0161avanja prema pregledniku:<\/h4>\n<ul data-start=\"2883\" data-end=\"3170\">\n<li data-start=\"2883\" data-end=\"2995\">\n<p data-start=\"2885\" data-end=\"2995\"><strong data-start=\"2885\" data-end=\"2895\">Chrome<\/strong> : <a class=\"cursor-pointer\" rel=\"noopener\" data-start=\"2897\" data-end=\"2995\">Postavke&gt; Privatnost i sigurnost&gt; Kola\u010di\u0107i i ostali podaci web-mjesta<\/a><\/p>\n<\/li>\n<li data-start=\"2996\" data-end=\"3074\">\n<p data-start=\"2998\" data-end=\"3074\"><strong data-start=\"2998\" data-end=\"3009\">Firefox<\/strong> : Postavke&gt; Privatnost i sigurnost&gt; Kola\u010di\u0107i i podaci web-mjesta<\/p>\n<\/li>\n<li data-start=\"3075\" data-end=\"3114\">\n<p data-start=\"3077\" data-end=\"3114\"><strong data-start=\"3077\" data-end=\"3087\">Safari<\/strong> : Postavke&gt; Za\u0161tita podataka<\/p>\n<\/li>\n<li data-start=\"3115\" data-end=\"3170\">\n<p data-start=\"3117\" data-end=\"3170\"><strong data-start=\"3117\" data-end=\"3125\">Rub<\/strong> : Postavke&gt; Kola\u010di\u0107i i dozvole web-mjesta<\/p>\n<\/li>\n<\/ul>\n<hr data-start=\"3172\" data-end=\"3175\">\n<h3 data-start=\"3177\" data-end=\"3217\">5. Prihvatite ili odbijte kola\u010di\u0107e<\/h3>\n<p data-start=\"3219\" data-end=\"3354\">Kada prvi put posjetite na\u0161u stranicu, nudimo vam mogu\u0107nost prihva\u0107anja ili prilago\u0111avanja kola\u010di\u0107a putem sko\u010dnog prozora.<\/p>\n<p data-start=\"3356\" data-end=\"3464\">Ako kasnije \u017eelite promijeniti mi\u0161ljenje, molimo vas da izbri\u0161ete kola\u010di\u0107e iz preglednika i osvje\u017eite stranicu.<\/p>\n<hr data-start=\"3466\" data-end=\"3469\">\n<h3 data-start=\"3471\" data-end=\"3487\">6. Kontakt<\/h3>\n<p data-start=\"3489\" data-end=\"3596\">Ako imate bilo kakvih pitanja o na\u0161oj politici kola\u010di\u0107a ili obradi podataka, molimo kontaktirajte nas:<\/p>\n<p data-start=\"3598\" data-end=\"3688\"><strong data-start=\"3598\" data-end=\"3632\">Digitalna agencija za modele Elite2You<\/strong><br data-start=\"3632\" data-end=\"3635\"> E-po\u0161ta: <a class=\"cursor-pointer\" rel=\"noopener\" data-start=\"3643\" data-end=\"3661\">info@elite2you.com<\/a><br data-start=\"3661\" data-end=\"3664\"> Telefon: +36 70 723 8711<\/p>\n","protected":false},"excerpt":{"rendered":"<p>Vrijedi od: 2024.04.14 Web-stranica Elite2You ( https:\/\/elite2you.com ) koristi kola\u010di\u0107e i sli\u010dne tehnologije pra\u0107enja kako bi pobolj\u0161ala korisni\u010dko iskustvo, optimizirala &hellip; <a href=\"https:\/\/elite2you.com\/hr\/pravila-o-kolacicima\/\" class=\"more-link\">Continue reading <span class=\"screen-reader-text\">Pravila o kola\u010di\u0107ima<\/span><\/a><\/p>\n","protected":false},"author":5,"featured_media":0,"parent":0,"menu_order":0,"comment_status":"closed","ping_status":"closed","template":"","meta":{"_monsterinsights_skip_tracking":false,"_monsterinsights_sitenote_active":false,"_monsterinsights_sitenote_note":"","_monsterinsights_sitenote_category":0,"footnotes":""},"class_list":["post-21650","page","type-page","status-publish","hentry"],"_links":{"self":[{"href":"https:\/\/elite2you.com\/hr\/wp-json\/wp\/v2\/pages\/21650","targetHints":{"allow":["GET"]}}],"collection":[{"href":"https:\/\/elite2you.com\/hr\/wp-json\/wp\/v2\/pages"}],"about":[{"href":"https:\/\/elite2you.com\/hr\/wp-json\/wp\/v2\/types\/page"}],"author":[{"embeddable":true,"href":"https:\/\/elite2you.com\/hr\/wp-json\/wp\/v2\/users\/5"}],"replies":[{"embeddable":true,"href":"https:\/\/elite2you.com\/hr\/wp-json\/wp\/v2\/comments?post=21650"}],"version-history":[{"count":0,"href":"https:\/\/elite2you.com\/hr\/wp-json\/wp\/v2\/pages\/21650\/revisions"}],"wp:attachment":[{"href":"https:\/\/elite2you.com\/hr\/wp-json\/wp\/v2\/media?parent=21650"}],"curies":[{"name":"wp","href":"https:\/\/api.w.org\/{rel}","templated":true}]}}