{"id":21654,"date":"2025-07-02T21:23:05","date_gmt":"2025-07-02T21:23:05","guid":{"rendered":"https:\/\/elite2you.com\/opci-uvjeti-i-odredbe\/"},"modified":"2025-07-02T21:23:05","modified_gmt":"2025-07-02T21:23:05","slug":"opci-uvjeti-i-odredbe","status":"publish","type":"page","link":"https:\/\/elite2you.com\/hr\/opci-uvjeti-i-odredbe\/","title":{"rendered":"Op\u0107i uvjeti i odredbe"},"content":{"rendered":"<p data-start=\"303\" data-end=\"393\"><strong data-start=\"316\" data-end=\"348\">Na snazi \u200b\u200bod: 14. travnja 2024. <\/strong><\/p>\n<h2 data-start=\"303\" data-end=\"393\"><br data-start=\"348\" data-end=\"351\"><strong data-start=\"351\" data-end=\"393\">Akademija Elite2You \u2013 Op\u0107i uvjeti i odredbe<\/strong><\/h2>\n<h3 data-start=\"395\" data-end=\"420\">1. Podaci o pru\u017eatelju usluga<\/h3>\n<ul data-start=\"421\" data-end=\"639\">\n<li data-start=\"421\" data-end=\"449\">\n<p data-start=\"423\" data-end=\"449\">Naziv tvrtke: <strong data-start=\"431\" data-end=\"449\">Elite2You Digital Model Agency<\/strong> <\/p>\n<\/li>\n<li data-start=\"450\" data-end=\"480\">\n<p data-start=\"452\" data-end=\"480\">Sjedi\u0161te: <strong data-start=\"462\" data-end=\"480\">Ujedinjeno Kraljevstvo<\/strong><\/p>\n<\/li>\n<li data-start=\"481\" data-end=\"535\">\n<p data-start=\"483\" data-end=\"535\">Ma\u0111arsko predstavni\u0161tvo: <strong>F\u00f3t, Ma\u0111arska<\/strong><\/p>\n<\/li>\n<li data-start=\"567\" data-end=\"600\">\n<p data-start=\"569\" data-end=\"600\">E-po\u0161ta: <strong><a class=\"cursor-pointer\" rel=\"noopener\" data-start=\"579\" data-end=\"598\">info@elite2you.com<\/a><\/strong><\/p>\n<\/li>\n<li data-start=\"601\" data-end=\"639\">\n<p data-start=\"603\" data-end=\"639\">Web stranica: <strong data-start=\"613\" data-end=\"639\"><a class=\"\" href=\"https:\/\/elite2you.com\/hr\/\" target=\"_new\" rel=\"noopener\" data-start=\"615\" data-end=\"637\">https:\/\/elite2you.com\/<\/a><\/strong><\/p>\n<\/li>\n<\/ul>\n<h3 data-start=\"641\" data-end=\"660\">2. Osnovni pojmovi<\/h3>\n<ul data-start=\"661\" data-end=\"964\">\n<li data-start=\"661\" data-end=\"749\">\n<p data-start=\"663\" data-end=\"749\"><strong data-start=\"663\" data-end=\"678\">Davatelj usluga<\/strong> : operater platforme za digitalno obrazovanje i upravljanje Elite2You.<\/p>\n<\/li>\n<li data-start=\"750\" data-end=\"829\">\n<p data-start=\"752\" data-end=\"829\"><strong data-start=\"752\" data-end=\"764\">Student<\/strong> : registrirana fizi\u010dka osoba koja naru\u010duje usluge.<\/p>\n<\/li>\n<li data-start=\"830\" data-end=\"908\">\n<p data-start=\"832\" data-end=\"908\"><strong data-start=\"832\" data-end=\"845\">Te\u010daj<\/strong> : digitalni obrazovni materijal kojem se mo\u017ee pristupiti.<\/p>\n<\/li>\n<li data-start=\"909\" data-end=\"964\">\n<p data-start=\"911\" data-end=\"964\"><strong data-start=\"911\" data-end=\"923\">Akademija<\/strong> : Elite2Youov online obrazovni sustav.<\/p>\n<\/li>\n<\/ul>\n<h3 data-start=\"966\" data-end=\"991\">3. Predmet ugovora<\/h3>\n<p data-start=\"992\" data-end=\"1235\">Ovi Op\u0107i uvjeti reguliraju pravni odnos izme\u0111u Pru\u017eatelja usluga i Polaznika, \u0161to se odnosi na te\u010dajeve, digitalni sadr\u017eaj, dodatne usluge (npr. fotografiranje portfelja, coaching, mentorstvo) i kori\u0161tenje web stranice Elite2You Academy.<\/p>\n<h3 data-start=\"1237\" data-end=\"1283\">4. Kupnja, pla\u0107anje na rate i upis<\/h3>\n<ul data-start=\"1284\" data-end=\"1648\">\n<li data-start=\"1284\" data-end=\"1353\">\n<p data-start=\"1286\" data-end=\"1353\">Te\u010dajevi se naru\u010duju i pla\u0107aju online.<\/p>\n<\/li>\n<li data-start=\"1354\" data-end=\"1425\">\n<p data-start=\"1356\" data-end=\"1425\">Student se smatra upisanim nakon uplate prve rate.<\/p>\n<\/li>\n<li data-start=\"1426\" data-end=\"1535\">\n<p data-start=\"1428\" data-end=\"1535\">Pla\u0107anje na rate nije probni rok, a sljede\u0107a rata mora se pla\u0107ati najvi\u0161e jednom mjese\u010dno.<\/p>\n<\/li>\n<li data-start=\"1536\" data-end=\"1648\">\n<p data-start=\"1538\" data-end=\"1648\">Nepo\u0161tivanje rokova pla\u0107anja rezultirat \u0107e isklju\u010denjem iz daljnjih usluga i pogodnosti.<\/p>\n<\/li>\n<\/ul>\n<h3 data-start=\"1650\" data-end=\"1689\">5. Digitalni proizvodi i ispunjavanje narud\u017ebi<\/h3>\n<ul data-start=\"1690\" data-end=\"1940\">\n<li data-start=\"1690\" data-end=\"1762\">\n<p data-start=\"1692\" data-end=\"1762\">Pristup materijalima te\u010daja automatski je dostupan nakon uplate.<\/p>\n<\/li>\n<li data-start=\"1763\" data-end=\"1868\">\n<p data-start=\"1765\" data-end=\"1868\">Te\u010daj se smatra digitalnim proizvodom, pristupom kojem se Polaznik odri\u010de prava na odustajanje od kupnje.<\/p>\n<\/li>\n<li data-start=\"1869\" data-end=\"1940\">\n<p data-start=\"1871\" data-end=\"1940\">Te\u010daj je privatan i dostupan samo registriranim korisnicima.<\/p>\n<\/li>\n<\/ul>\n<h3 data-start=\"1942\" data-end=\"1973\">6. Fotografiranje poklon-portfolija<\/h3>\n<ul data-start=\"1974\" data-end=\"2308\">\n<li data-start=\"1974\" data-end=\"2059\">\n<p data-start=\"1976\" data-end=\"2059\">Nakon uplate prve rate, student ima pravo na besplatno fotografiranje portfolija.<\/p>\n<\/li>\n<li data-start=\"2060\" data-end=\"2159\">\n<p data-start=\"2062\" data-end=\"2159\">Sudjelovanje je uvjetovano predajom potpisane \u201cIzjave o pristanku\".<\/p>\n<\/li>\n<li data-start=\"2160\" data-end=\"2236\">\n<p data-start=\"2162\" data-end=\"2236\">To\u010dno vrijeme i mjesto fotografiranja bit \u0107e odre\u0111eni posebnim dogovorom.<\/p>\n<\/li>\n<li data-start=\"2237\" data-end=\"2308\">\n<p data-start=\"2239\" data-end=\"2308\">Pravo kori\u0161tenja slika i videa pripada agenciji Elite2You.<\/p>\n<\/li>\n<\/ul>\n<h3 data-start=\"2310\" data-end=\"2344\">7. Komunikacija i obavijesti<\/h3>\n<ul data-start=\"2345\" data-end=\"2490\">\n<li data-start=\"2345\" data-end=\"2407\">\n<p data-start=\"2347\" data-end=\"2407\">Pru\u017eatelj usluga \u0161alje svu slu\u017ebenu komunikaciju putem e-po\u0161te.<\/p>\n<\/li>\n<li data-start=\"2408\" data-end=\"2490\">\n<p data-start=\"2410\" data-end=\"2490\">Student je du\u017ean navesti va\u017ee\u0107u adresu e-po\u0161te i redovito je provjeravati.<\/p>\n<\/li>\n<\/ul>\n<h3 data-start=\"2492\" data-end=\"2520\">8. Odgovornost i isklju\u010denje<\/h3>\n<ul data-start=\"2521\" data-end=\"2730\">\n<li data-start=\"2521\" data-end=\"2649\">\n<p data-start=\"2523\" data-end=\"2649\">Davatelj usluge ne odgovara za tehni\u010dke pogre\u0161ke, prekide usluge ili \u0161tete uzrokovane tre\u0107im stranama.<\/p>\n<\/li>\n<li data-start=\"2650\" data-end=\"2730\">\n<p data-start=\"2652\" data-end=\"2730\">U slu\u010daju ozbiljnih ili ponovljenih kr\u0161enja, U\u010denik mo\u017ee biti isklju\u010den iz Akademije.<\/p>\n<\/li>\n<\/ul>\n<h3 data-start=\"2732\" data-end=\"2768\">9. Za\u0161tita autorskih prava i robne marke<\/h3>\n<ul data-start=\"2769\" data-end=\"2935\">\n<li data-start=\"2769\" data-end=\"2834\">\n<p data-start=\"2771\" data-end=\"2834\">Sav nastavni plan, dizajn i nazivi robnih marki Elite2You za\u0161ti\u0107eni su autorskim pravima.<\/p>\n<\/li>\n<li data-start=\"2835\" data-end=\"2935\">\n<p data-start=\"2837\" data-end=\"2935\">U\u010denik nije ovla\u0161ten koristiti materijale, robnu marku ili sustav u bilo koju komercijalnu svrhu.<\/p>\n<\/li>\n<\/ul>\n<h3 data-start=\"2937\" data-end=\"2956\">10. Upravljanje podacima<\/h3>\n<ul data-start=\"2957\" data-end=\"3151\">\n<li data-start=\"2957\" data-end=\"3026\">\n<p data-start=\"2959\" data-end=\"3026\">Davatelj usluga obra\u0111uje podatke korisnika u skladu s GDPR-om.<\/p>\n<\/li>\n<li data-start=\"3027\" data-end=\"3151\">\n<p data-start=\"3029\" data-end=\"3151\">Informacije o obradi podataka dostupne su u zasebnom dokumentu.<\/p>\n<\/li>\n<\/ul>\n<ul data-start=\"3233\" data-end=\"3421\"><\/ul>\n<h3 data-start=\"3423\" data-end=\"3439\">11. Sporovi<\/h3>\n<p data-start=\"3440\" data-end=\"3585\">Stranke \u0107e prvo poku\u0161ati rije\u0161iti svoje sporove sporazumno. Ako to ne uspije, nadle\u017ean \u0107e biti nadle\u017eni sud u Ujedinjenom Kraljevstvu. <\/p>\n","protected":false},"excerpt":{"rendered":"<p>Na snazi \u200b\u200bod: 14. travnja 2024. Akademija Elite2You \u2013 Op\u0107i uvjeti i odredbe 1. Podaci o pru\u017eatelju usluga Naziv tvrtke: Elite2You Digital Model Agency Sjedi\u0161te: Ujedinjeno Kraljevstvo Ma\u0111arsko predstavni\u0161tvo: F\u00f3t, Ma\u0111arska E-po\u0161ta: info@elite2you.com Web stranica: https:\/\/elite2you.com\/ 2. Osnovni pojmovi Davatelj usluga : operater platforme za digitalno obrazovanje i upravljanje Elite2You. Student : registrirana fizi\u010dka osoba &hellip; <a href=\"https:\/\/elite2you.com\/hr\/opci-uvjeti-i-odredbe\/\" class=\"more-link\">Continue reading <span class=\"screen-reader-text\">Op\u0107i uvjeti i odredbe<\/span><\/a><\/p>\n","protected":false},"author":5,"featured_media":0,"parent":0,"menu_order":0,"comment_status":"closed","ping_status":"closed","template":"","meta":{"_monsterinsights_skip_tracking":false,"_monsterinsights_sitenote_active":false,"_monsterinsights_sitenote_note":"","_monsterinsights_sitenote_category":0,"footnotes":""},"class_list":["post-21654","page","type-page","status-publish","hentry"],"aioseo_notices":[],"_links":{"self":[{"href":"https:\/\/elite2you.com\/hr\/wp-json\/wp\/v2\/pages\/21654","targetHints":{"allow":["GET"]}}],"collection":[{"href":"https:\/\/elite2you.com\/hr\/wp-json\/wp\/v2\/pages"}],"about":[{"href":"https:\/\/elite2you.com\/hr\/wp-json\/wp\/v2\/types\/page"}],"author":[{"embeddable":true,"href":"https:\/\/elite2you.com\/hr\/wp-json\/wp\/v2\/users\/5"}],"replies":[{"embeddable":true,"href":"https:\/\/elite2you.com\/hr\/wp-json\/wp\/v2\/comments?post=21654"}],"version-history":[{"count":0,"href":"https:\/\/elite2you.com\/hr\/wp-json\/wp\/v2\/pages\/21654\/revisions"}],"wp:attachment":[{"href":"https:\/\/elite2you.com\/hr\/wp-json\/wp\/v2\/media?parent=21654"}],"curies":[{"name":"wp","href":"https:\/\/api.w.org\/{rel}","templated":true}]}}