{"id":21656,"date":"2025-06-26T19:09:44","date_gmt":"2025-06-26T19:09:44","guid":{"rendered":"https:\/\/elite2you.com\/usluga-treniranja\/"},"modified":"2025-08-23T19:00:26","modified_gmt":"2025-08-23T19:00:26","slug":"usluge-coachinga","status":"publish","type":"page","link":"https:\/\/elite2you.com\/hr\/usluge-coachinga\/","title":{"rendered":"Usluge coachinga"},"content":{"rendered":"<div class=\"wpb-content-wrapper\"><p>[vc_row][vc_column][vc_column_text css=\"\"]<\/p>\n<h2 style=\"text-align: center;\" data-start=\"257\" data-end=\"330\">Podr\u0161ka za dono\u0161enje odluka prije sklapanja ugovora<\/h2>\n<p>&nbsp;<\/p>\n<h3 data-start=\"332\" data-end=\"378\">Samo naprijed ako si stvarno ozbiljan\/ozbiljna!<\/h3>\n<p data-start=\"380\" data-end=\"608\">Ako ste ve\u0107 zavr\u0161ili po\u010detni te\u010daj Elite2You Academy i niste postigli ocjenu &#8220;Pro\u0161ao\" ili &#8220;Izvrsno pro\u0161ao\" ili jo\u0161 niste potpisali ugovor, imate mogu\u0107nost kori\u0161tenja personalizirane usluge coachinga.<\/p>\n<p data-start=\"610\" data-end=\"703\">Ovaj je program stvoren kako bi pru\u017eio ciljanu, prakti\u010dnu podr\u0161ku onima koji:<\/p>\n<ul data-start=\"705\" data-end=\"854\">\n<li data-start=\"705\" data-end=\"754\">\n<p data-start=\"707\" data-end=\"754\">jo\u0161 nisu potpuno sigurni u budu\u0107nost,<\/p>\n<\/li>\n<li data-start=\"755\" data-end=\"854\">\n<p data-start=\"757\" data-end=\"854\">ili su postigli izvanredne rezultate i spremni su zapo\u010deti profesionalnu karijeru modelinga.<\/p>\n<\/li>\n<\/ul>\n<hr data-start=\"856\" data-end=\"859\">\n<h3 data-start=\"861\" data-end=\"890\">\u0160to zna\u010di ovaj kou\u010ding?<\/h3>\n<p data-start=\"892\" data-end=\"1127\">\ud83d\udca1 <strong data-start=\"895\" data-end=\"923\">1. Interes<\/strong><br data-start=\"923\" data-end=\"926\">Prvi koraci su uvijek najte\u017ei. Zato vam menad\u017eerski tim Elite2You sada nudi priliku za daljnji razvoj uz coaching po satu ili fiksnu mjese\u010dnu podr\u0161ku.<\/p>\n<p data-start=\"1129\" data-end=\"1140\"><strong data-start=\"1129\" data-end=\"1140\">Mogu\u0107nosti:<\/strong><\/p>\n<ul data-start=\"1141\" data-end=\"1414\">\n<li data-start=\"1141\" data-end=\"1256\">\n<p data-start=\"1143\" data-end=\"1256\"><strong data-start=\"1143\" data-end=\"1164\">Coaching po satu<\/strong> \u2013 25 USD \/ sat<br data-start=\"1182\" data-end=\"1185\">Odabrani redatelj \u0107e vam pru\u017eiti personalizirane savjete.<\/p>\n<\/li>\n<li data-start=\"1257\" data-end=\"1414\">\n<p data-start=\"1259\" data-end=\"1414\"><strong data-start=\"1259\" data-end=\"1283\">Mjese\u010dni paket coachinga<\/strong> \u2013&nbsp; 250 USD\/ mjese\u010dno<br data-start=\"1301\" data-end=\"1304\">Intenzivna podr\u0161ka putem ekskluzivne Telegram grupe, s brzim vremenom odgovora i stalnom prisutno\u0161\u0107u.<\/p>\n<\/li>\n<\/ul>\n<p data-start=\"1416\" data-end=\"1499\"><strong data-start=\"1416\" data-end=\"1426\">Narud\u017eba:<\/strong> Fotografiranje, Izrada sadr\u017eaja, Osobni brending, Priprema za ispite.<\/p>\n<hr data-start=\"1501\" data-end=\"1504\">\n<p data-start=\"1506\" data-end=\"1562\">\ud83d\udc8e <strong data-start=\"1509\" data-end=\"1542\">2. \u017delja \u2013 \u017delja za pobolj\u0161anjem<\/strong><br data-start=\"1542\" data-end=\"1545\">Tijekom treniranja:<\/p>\n<ul data-start=\"1564\" data-end=\"1720\">\n<li data-start=\"1564\" data-end=\"1596\">\n<p data-start=\"1566\" data-end=\"1596\">otkrijte vlastite snage,<\/p>\n<\/li>\n<li data-start=\"1597\" data-end=\"1651\">\n<p data-start=\"1599\" data-end=\"1651\">razumijete kako se va\u0161a baza pratitelja gradi svjesno,<\/p>\n<\/li>\n<li data-start=\"1652\" data-end=\"1720\">\n<p data-start=\"1654\" data-end=\"1720\">Pripremit \u0107ete se za ispit, gdje mo\u017eete stajati na vratima sljede\u0107e razine.<\/p>\n<\/li>\n<\/ul>\n<p data-start=\"1722\" data-end=\"1870\">Ovo nije samo prakti\u010dno vodstvo \u2013 to je i oblikovanje na\u010dina razmi\u0161ljanja. Na\u0161 je cilj da ne budete samo dobri, ve\u0107 i svjesni i jaki.<\/p>\n<hr data-start=\"1872\" data-end=\"1875\">\n<p data-start=\"1877\" data-end=\"2010\">\ud83d\ude80 <strong data-start=\"1880\" data-end=\"1909\">3. Akcija \u2013 Podignite razinu!<\/strong><br data-start=\"1909\" data-end=\"1912\">Ako vas i va\u0161 mentor smatra spremnima, mo\u017ee vas preporu\u010diti za predugovorni ispit.<\/p>\n<p data-start=\"2012\" data-end=\"2032\">Ako je ispit uspje\u0161an:<\/p>\n<ul data-start=\"2034\" data-end=\"2252\">\n<li data-start=\"2034\" data-end=\"2124\">\n<p data-start=\"2036\" data-end=\"2124\">Po\u010dinje tromjese\u010dni probni ugovor: agencija upravlja, a vi samo stvarate.<\/p>\n<\/li>\n<li data-start=\"2125\" data-end=\"2173\">\n<p data-start=\"2127\" data-end=\"2173\">Pregledat \u0107emo va\u0161e rezultate na kraju probnog razdoblja.<\/p>\n<\/li>\n<li data-start=\"2174\" data-end=\"2252\">\n<p data-start=\"2176\" data-end=\"2252\">Ako dobro radite, imate priliku za jednogodi\u0161nji ugovor o upravljanju.<\/p>\n<\/li>\n<\/ul>\n<p data-start=\"2254\" data-end=\"2379\">Ako ponovno ne polo\u017eite ispit, vratit \u0107ete se u ciklus treniranja \u2013 dok ne budete spremni za sljede\u0107i korak.<\/p>\n<hr data-start=\"2381\" data-end=\"2384\">\n<h3 data-start=\"2386\" data-end=\"2408\">\ud83c\udfaf Kome ga preporu\u010dujemo?<\/h3>\n<ul data-start=\"2410\" data-end=\"2710\">\n<li data-start=\"2410\" data-end=\"2478\">\n<p data-start=\"2412\" data-end=\"2478\">Oni koji jo\u0161 nisu odlu\u010dili o svojoj budu\u0107nosti nakon zavr\u0161etka Akademije<\/p>\n<\/li>\n<li data-start=\"2479\" data-end=\"2547\">\n<p data-start=\"2481\" data-end=\"2547\">Oni koji su postigli izvanredne rezultate i \u017eele brz po\u010detak karijere<\/p>\n<\/li>\n<li data-start=\"2548\" data-end=\"2642\">\n<p data-start=\"2550\" data-end=\"2642\">Oni koji \u017eele dobiti ocjenu Prolaz ili Izvrstan na sljede\u0107em ispitu<\/p>\n<\/li>\n<li data-start=\"2643\" data-end=\"2710\">\n<p data-start=\"2645\" data-end=\"2710\">Oni koji \u017eele samostalno napredovati, ali uz sigurno mentorstvo<\/p>\n<\/li>\n<\/ul>\n<hr data-start=\"2712\" data-end=\"2715\">\n<h2 data-start=\"2717\" data-end=\"2757\">\ud83d\udcf2 Naru\u010dite uslugu coachinga<\/h2>\n<ol data-start=\"2759\" data-end=\"2949\">\n<li data-start=\"2759\" data-end=\"2805\">\n<p data-start=\"2762\" data-end=\"2805\">Odaberite paket po satu ili mjese\u010dno<\/p>\n<\/li>\n<li data-start=\"2806\" data-end=\"2834\">\n<p data-start=\"2809\" data-end=\"2834\">Odaberite svog mentora<\/p>\n<\/li>\n<li data-start=\"2835\" data-end=\"2892\">\n<p data-start=\"2838\" data-end=\"2892\">Rezervirajte termin ili se pridru\u017eite zatvorenoj grupi<\/p>\n<\/li>\n<li data-start=\"2893\" data-end=\"2949\">\n<p data-start=\"2896\" data-end=\"2949\">Podignite svoju karijeru na vi\u0161u razinu \u2013 uz znanje, podr\u0161ku i samopouzdanje<\/p>\n<\/li>\n<\/ol>\n<p>[\/vc_column_text][\/vc_column][\/vc_row][vc_row][vc_column][vc_cta h2=\"\u017delite li se prijaviti?\" h4=\"Ako je tako, ovdje platite svoju naknadu za treniranje\" txt_align=\"center\"]<\/p>\n<div style=\"text-align: center; margin-top: 40px;\"><a style=\"display: inline-block; background-color: #e0b645; color: white; padding: 16px 36px; font-size: 18px; font-weight: bold; border-radius: 40px; text-decoration: none; box-shadow: 0 4px 12px rgba(0, 0, 0, 0.2); transition: background-color 0.3s ease;\" href=\"https:\/\/elite2you.com\/hr\/trgovina-2\/\" target=\"_blank\" rel=\"noopener\"><br \/>\n\ud83d\udce9 Prijavite se za coaching<br \/>\n<\/a><\/div>\n<p>[\/vc_cta][\/vc_column][\/vc_row][vc_row][vc_column][vc_cta h2=\"Jeste li platili naknadu za treniranje?\" h4=\"Ako je tako, rezervirajte termin ovdje\" txt_align=\"center\"]<!-- Calendly inline widget begin --><\/p>\n<div class=\"calendly-inline-widget\" style=\"min-width: 320px; height: 700px;\" data-url=\"https:\/\/calendly.com\/elite2you-hungary\/30min\"><\/div>\n<p><script type=\"text\/javascript\" src=\"https:\/\/assets.calendly.com\/assets\/external\/widget.js\" async=\"\"><\/script><br \/>\n<!-- Calendly inline widget end -->[\/vc_cta][\/vc_column][\/vc_row]<\/p>\n<\/div>","protected":false},"excerpt":{"rendered":"<p>[vc_row][vc_column][vc_column_text css=\"\"] Podr\u0161ka za dono\u0161enje odluka prije sklapanja ugovora &nbsp; Samo naprijed ako si stvarno ozbiljan\/ozbiljna! Ako ste ve\u0107 zavr\u0161ili &hellip; <a href=\"https:\/\/elite2you.com\/hr\/usluge-coachinga\/\" class=\"more-link\">Continue reading <span class=\"screen-reader-text\">Usluge coachinga<\/span><\/a><\/p>\n","protected":false},"author":5,"featured_media":0,"parent":0,"menu_order":0,"comment_status":"closed","ping_status":"closed","template":"","meta":{"_monsterinsights_skip_tracking":false,"_monsterinsights_sitenote_active":false,"_monsterinsights_sitenote_note":"","_monsterinsights_sitenote_category":0,"footnotes":""},"class_list":["post-21656","page","type-page","status-publish","hentry"],"_links":{"self":[{"href":"https:\/\/elite2you.com\/hr\/wp-json\/wp\/v2\/pages\/21656","targetHints":{"allow":["GET"]}}],"collection":[{"href":"https:\/\/elite2you.com\/hr\/wp-json\/wp\/v2\/pages"}],"about":[{"href":"https:\/\/elite2you.com\/hr\/wp-json\/wp\/v2\/types\/page"}],"author":[{"embeddable":true,"href":"https:\/\/elite2you.com\/hr\/wp-json\/wp\/v2\/users\/5"}],"replies":[{"embeddable":true,"href":"https:\/\/elite2you.com\/hr\/wp-json\/wp\/v2\/comments?post=21656"}],"version-history":[{"count":14,"href":"https:\/\/elite2you.com\/hr\/wp-json\/wp\/v2\/pages\/21656\/revisions"}],"predecessor-version":[{"id":22440,"href":"https:\/\/elite2you.com\/hr\/wp-json\/wp\/v2\/pages\/21656\/revisions\/22440"}],"wp:attachment":[{"href":"https:\/\/elite2you.com\/hr\/wp-json\/wp\/v2\/media?parent=21656"}],"curies":[{"name":"wp","href":"https:\/\/api.w.org\/{rel}","templated":true}]}}