{"id":21667,"date":"2025-06-26T18:51:33","date_gmt":"2025-06-26T18:51:33","guid":{"rendered":"https:\/\/elite2you.com\/program-mentorstva\/"},"modified":"2025-08-16T19:14:42","modified_gmt":"2025-08-16T19:14:42","slug":"mentorski-program","status":"publish","type":"page","link":"https:\/\/elite2you.com\/hr\/mentorski-program\/","title":{"rendered":"Mentorski program"},"content":{"rendered":"<div class=\"wpb-content-wrapper\"><p>[vc_row][vc_column][vc_column_text]<strong data-redactor-tag=\"strong\">Sljede\u0107a razina \u2013 ako se \u017eelite razvijati ne samo profesionalno, ve\u0107 i osobno.<\/strong><\/p>\n<p>Tijekom coachinga, nau\u010dit \u0107emo vas kako izra\u0111ivati \u200b\u200bsadr\u017eaj, komunicirati s pretplatnicima, odre\u0111ivati \u200b\u200bcijene i pozicionirati se u online svijetu. Ovo je strukturirana, mjese\u010dna profesionalna obuka \u2013 ali to su samo osnove.<\/p>\n<p>Mentorski program otvoren je za one koji su ve\u0107 zavr\u0161ili te\u010daj, pro\u0161li program coachinga i spremni su za prelazak na novu razinu: personalizirano, intenzivnije razvojno putovanje.<\/p>\n<hr \/>\n<h3>Kome se preporu\u010duje mentorski program?<\/h3>\n<p data-start=\"179\" data-end=\"284\">Mentorski program stvorili smo za one koji \u017eele ne samo u\u010diti \u2013 ve\u0107 <em data-start=\"265\" data-end=\"283\">se i istinski razvijati<\/em> .<\/p>\n<p data-start=\"286\" data-end=\"555\">Preporu\u010dujemo ga svima onima koji<br data-start=\"307\" data-end=\"310\" \/>\ud83d\udd39 oni koji jo\u0161 nisu potpisali ugovor s agencijom,<br data-start=\"366\" data-end=\"369\" \/>\ud83d\udd39 a tako\u0111er i za one koji su ve\u0107 \u010dlanovi agencije i grade svoje online karijere \u2013<br data-start=\"463\" data-end=\"466\" \/>ali osje\u0107aju potrebu da idu jo\u0161 dublje i izvuku vi\u0161e iz sebe.<\/p>\n<p data-start=\"557\" data-end=\"796\">Uvjeti za upis su isti u svim slu\u010dajevima:<br data-start=\"600\" data-end=\"603\" \/>\ud83d\udcd8 Prvo zavr\u0161ite akademski program,<br data-start=\"647\" data-end=\"650\" \/>\ud83c\udf93 zatim sudjelujte u usluzi coachinga,<br data-start=\"698\" data-end=\"701\" \/>a ako i tamo <em data-start=\"714\" data-end=\"736\">izvrsno radite<\/em> \u2013 tada ve\u0107 ispunjavate uvjete za pridru\u017eivanje mentorskom programu.<\/p>\n<p data-start=\"798\" data-end=\"998\">Mentorski program namijenjen je onima koji, dok ih vodi agencija, ne \u017eele sjediti skr\u0161tenih ruku, ve\u0107 \u017eele svjesno i iznutra postati ja\u010di, samopouzdaniji i fokusiraniji.<\/p>\n<hr \/>\n<h3>\u0160to dobivate u Mentorskom programu?<\/h3>\n<h4>\ud83d\udc65 Izravan pristup vi\u0161im menad\u017eerima<\/h4>\n<p>Pridru\u017eit \u0107ete se zatvorenoj, ekskluzivnoj grupi u kojoj \u0107ete raditi s me\u0111unarodnim direktorima. Oni \u0107e vam ne samo pru\u017eiti profesionalno vodstvo, ve\u0107 \u0107e vam svojim iskustvom i strategijama pomo\u0107i i u postizanju ve\u0107ih ciljeva.<\/p>\n<h4>\ud83d\udc8e Razvoj na\u010dina razmi\u0161ljanja<\/h4>\n<p>Jedan od najva\u017enijih elemenata mentorskog programa je unutarnja transformacija. Ne radi se samo o tome &#8220;\u0161to objavljivati?\", ve\u0107 i o tome kako razmi\u0161ljate o sebi, svom brendu, svojoj budu\u0107nosti i novcu.<\/p>\n<h4>\ud83e\udde0 Razvoj osobnosti<\/h4>\n<p>Samopouzdanje, disciplina, odlu\u010dnost, identitet. To se ne mo\u017ee nau\u010diti preko no\u0107i \u2013 ali se mo\u017ee ste\u0107i uz dobrog mentora. U mentorskom programu mo\u017eete postati osoba na kojoj se mo\u017ee izgraditi ozbiljna karijera.<\/p>\n<h4>\ud83d\uddfa\ufe0f Postavljanje i postizanje ciljeva<\/h4>\n<p>Va\u0161i mentori vam ne samo poma\u017eu u postavljanju ciljeva, ve\u0107 i postavljaju pitanja, daju povratne informacije i motiviraju vas na napredak. Ovo nije samo teorija \u2013 to je kontinuirano, podr\u017eavaju\u0107e razvojno okru\u017eenje.<\/p>\n<hr \/>\n<h3>\u0160to ka\u017eu vo\u0111e?<\/h3>\n<blockquote><p><em>\u201eOvaj program vam omogu\u0107uje pristup cijelom vode\u0107em timu \u2013 ljudima koji su izgradili ovaj sustav. Nije rije\u010d samo o posebnoj stvari koju dobivate \u2013 to je mjesto u koje ulazite s ovim mentorskim programom. Zakora\u010dite u drugi svijet i osje\u0107ate se kao da ni\u0161ta vi\u0161e nikada ne\u0107e biti isto. Jer na\u0161 cilj nije biti korak ispred vas \u2013 cilj je da idete naprijed.\u201c <\/em><br \/>\n\u2013 G\u00e1bor, osniva\u010d i izvr\u0161ni direktor Elite2You<\/p><\/blockquote>\n<blockquote><p><em>\u201eVe\u0107ina ljudi pita: \u0161to trebam u\u010diniti da bih bio uspje\u0161an? Ali pravo pitanje je: \u0161to treba\u0161 postati da bi se mogao nositi s uspjehom? Program mentorstva ne samo da ti daje odgovore, ve\u0107 ti i dr\u017ei ogledalo \u2013 da vidi\u0161 tko si zapravo. Tu po\u010dinje razvoj, ne savjetima, ve\u0107 razumijevanjem sebe.\u201c <\/em><br \/>\n\u2013 Karmen, suosniva\u010dica Elite2You<\/p><\/blockquote>\n<blockquote><p><em>\u201eSvaki dan u operativnom radu vidim tko samo tra\u017ei informacije \u2013 a tko se stvarno \u017eeli promijeniti. Program mentorstva nije samo jo\u0161 jedan kurikulum. To je prava odsko\u010dna daska. Ovdje vas ne u\u010dimo samo kako se organizirati, donositi odluke i i\u0107i naprijed \u2013 ve\u0107 i kako ostati fokusiran \u010dak i kada stvari postanu te\u0161ke. Ovaj program vam ne samo poma\u017ee da ne\u0161to postignete \u2013 on vas u\u010di i kako da ne izgubite ono \u0161to ste ve\u0107 postigli.\u201c <\/em><br \/>\n\u2013 Szilvia, glavna operativna direktorica tvrtke Elite2You<\/p><\/blockquote>\n<p>[\/vc_column_text][vc_empty_space][\/vc_column][\/vc_row][vc_row][vc_column][vc_cta h2=\"\u017delite li se prijaviti?\" h4=\"Ako je tako, platite programsku naknadu sada ovdje:\" txt_align=\"center\"]<\/p>\n<style>\n  \/* Csak ezen az oldalon kapcsolja ki az overlayt *\/<br \/>  #side-nav-overlay {<br \/>    display: none !important;<br \/>    pointer-events: none !important;<br \/>  }<br \/><\/style>\n<div style=\"text-align: center; margin-top: 40px; position: relative; z-index: 9999;\"><a style=\"display: inline-block; background-color: #e0b645; color: white; padding: 16px 36px; font-size: 18px; font-weight: bold; border-radius: 40px; text-decoration: none; box-shadow: 0 4px 12px rgba(0, 0, 0, 0.2); transition: background-color 0.3s ease; z-index: 9999; position: relative;\" href=\"https:\/\/elite2you.com\/hr\/trgovina-2\/\" target=\"_blank\" rel=\"noopener\"><br \/>\n\ud83d\udce9 Prijavljujem se za mentorski program<br \/>\n<\/a><\/div>\n<p>[\/vc_cta][\/vc_column][\/vc_row][vc_row][vc_column][vc_cta h2=\"Jeste li platili \u010dlanarinu za program?\" h4=\"Ako je tako, dogovorite sastanak kako biste razgovarali o mentorskom programu.\" txt_align=\"center\"]<!-- Calendly inline widget begin --><\/p>\n<div class=\"calendly-inline-widget\" style=\"min-width: 320px; height: 700px;\" data-url=\"https:\/\/calendly.com\/elite2you-modelagency\/mentorprogramra-jelentkezes-egyeztetese-meeting\"><\/div>\n<p><script type=\"text\/javascript\" src=\"https:\/\/assets.calendly.com\/assets\/external\/widget.js\" async=\"\"><\/script><br \/>\n<!-- Calendly inline widget end -->[\/vc_cta][\/vc_column][\/vc_row]<\/p>\n<\/div>","protected":false},"excerpt":{"rendered":"<p>[vc_row][vc_column][vc_column_text]Sljede\u0107a razina \u2013 ako se \u017eelite razvijati ne samo profesionalno, ve\u0107 i osobno. Tijekom coachinga, nau\u010dit \u0107emo vas kako izra\u0111ivati &hellip; <a href=\"https:\/\/elite2you.com\/hr\/mentorski-program\/\" class=\"more-link\">Continue reading <span class=\"screen-reader-text\">Mentorski program<\/span><\/a><\/p>\n","protected":false},"author":5,"featured_media":21410,"parent":0,"menu_order":0,"comment_status":"closed","ping_status":"closed","template":"","meta":{"_monsterinsights_skip_tracking":false,"_monsterinsights_sitenote_active":false,"_monsterinsights_sitenote_note":"","_monsterinsights_sitenote_category":0,"footnotes":""},"class_list":["post-21667","page","type-page","status-publish","has-post-thumbnail","hentry"],"_links":{"self":[{"href":"https:\/\/elite2you.com\/hr\/wp-json\/wp\/v2\/pages\/21667","targetHints":{"allow":["GET"]}}],"collection":[{"href":"https:\/\/elite2you.com\/hr\/wp-json\/wp\/v2\/pages"}],"about":[{"href":"https:\/\/elite2you.com\/hr\/wp-json\/wp\/v2\/types\/page"}],"author":[{"embeddable":true,"href":"https:\/\/elite2you.com\/hr\/wp-json\/wp\/v2\/users\/5"}],"replies":[{"embeddable":true,"href":"https:\/\/elite2you.com\/hr\/wp-json\/wp\/v2\/comments?post=21667"}],"version-history":[{"count":3,"href":"https:\/\/elite2you.com\/hr\/wp-json\/wp\/v2\/pages\/21667\/revisions"}],"predecessor-version":[{"id":22217,"href":"https:\/\/elite2you.com\/hr\/wp-json\/wp\/v2\/pages\/21667\/revisions\/22217"}],"wp:featuredmedia":[{"embeddable":true,"href":"https:\/\/elite2you.com\/hr\/wp-json\/wp\/v2\/media\/21410"}],"wp:attachment":[{"href":"https:\/\/elite2you.com\/hr\/wp-json\/wp\/v2\/media?parent=21667"}],"curies":[{"name":"wp","href":"https:\/\/api.w.org\/{rel}","templated":true}]}}