{"id":21689,"date":"2025-06-10T15:16:31","date_gmt":"2025-06-10T15:16:31","guid":{"rendered":"https:\/\/elite2you.com\/profesionalna-razina\/"},"modified":"2025-08-23T20:33:32","modified_gmt":"2025-08-23T20:33:32","slug":"profesionalna-razina","status":"publish","type":"page","link":"https:\/\/elite2you.com\/hr\/profesionalna-razina\/","title":{"rendered":"3. Profesionalna razina"},"content":{"rendered":"<div class=\"wpb-content-wrapper\"><p>[vc_row][vc_column][vc_column_text]<\/p>\n<p data-start=\"202\" data-end=\"464\"><strong data-start=\"202\" data-end=\"246\">Jeste li dosegli 100.000 dolara mjese\u010dnog prihoda?<\/strong><br data-start=\"246\" data-end=\"249\"> Tada po\u010dinje pravi proboj \u2013 u\u0161li ste u <strong data-start=\"299\" data-end=\"316\">profesionalnu razinu<\/strong> na Elite2You Akademiji, gdje va\u0161e znanje ne zna\u010di samo ulazak u svijet digitalnog modelinga, ve\u0107 i stabilnu karijeru i trajnu financijsku neovisnost.<\/p>\n<p data-start=\"466\" data-end=\"665\">Ova razina je za one koji vi\u0161e nisu po\u010detnici, ali jo\u0161 nisu bili u sredi\u0161tu pozornosti. Za one koji su ve\u0107 izgradili temelje i sada rade sa strategijom, konceptom i zamahom kako bi dosegli vlastiti vrhunac.<\/p>\n<hr data-start=\"667\" data-end=\"670\">\n<h2 data-start=\"672\" data-end=\"695\">\ud83c\udfaf Uvjeti za upis<\/h2>\n<p data-start=\"697\" data-end=\"752\">Za ulazak na profesionalnu razinu potrebna su dva uvjeta:<\/p>\n<ul data-start=\"754\" data-end=\"937\">\n<li data-start=\"754\" data-end=\"831\">\n<p data-start=\"756\" data-end=\"831\"><strong data-start=\"756\" data-end=\"829\">Morate ostvariti bruto prihod od najmanje 100.000 USD mjese\u010dno<\/strong><\/p>\n<\/li>\n<li data-start=\"832\" data-end=\"937\">\n<p data-start=\"834\" data-end=\"937\"><strong data-start=\"834\" data-end=\"893\">Kupili ste i zavr\u0161ili profesionalni te\u010daj<\/strong><\/p>\n<\/li>\n<\/ul>\n<hr data-start=\"1080\" data-end=\"1083\">\n<h2 data-start=\"1085\" data-end=\"1120\">\ud83d\udcda \u0160to u\u010dite na profesionalnom te\u010daju?<\/h2>\n<p data-start=\"1122\" data-end=\"1295\">Profi te\u010daj vi\u0161e ne podu\u010dava osnove \u2013 <strong data-start=\"1167\" data-end=\"1264\">ovdje se fokusiramo na strate\u0161ko razmi\u0161ljanje, izgradnju brenda i poslovno pozicioniranje.<\/strong> Ovaj te\u010daj \u0107e vam pomo\u0107i:<\/p>\n<ul data-start=\"1297\" data-end=\"1456\">\n<li data-start=\"1297\" data-end=\"1337\">\n<p data-start=\"1299\" data-end=\"1337\">Nemojte samo objavljivati, izgradite kampanju<\/p>\n<\/li>\n<li data-start=\"1338\" data-end=\"1404\">\n<p data-start=\"1340\" data-end=\"1404\">Ne samo stvarajte sadr\u017eaj, prodajte ga \u2013 sa stilom i u\u010dinkovito<\/p>\n<\/li>\n<li data-start=\"1405\" data-end=\"1456\">\n<p data-start=\"1407\" data-end=\"1456\">Ne budi samo model, budi lider svog brenda<\/p>\n<\/li>\n<\/ul>\n<p data-start=\"1458\" data-end=\"1479\">Glavni moduli te\u010daja:<\/p>\n<h3 data-start=\"1481\" data-end=\"1518\">1. Strategija i pozicioniranje robne marke<\/h3>\n<ul data-start=\"1519\" data-end=\"1658\">\n<li data-start=\"1519\" data-end=\"1573\">\n<p data-start=\"1521\" data-end=\"1573\">Kako se \u010dinite nezaboravnim u o\u010dima svojih pratitelja?<\/p>\n<\/li>\n<li data-start=\"1574\" data-end=\"1611\">\n<p data-start=\"1576\" data-end=\"1611\">Stvaranje vlastitog \u201eprepoznatljivog stila\u201c<\/p>\n<\/li>\n<li data-start=\"1612\" data-end=\"1658\">\n<p data-start=\"1614\" data-end=\"1658\">Izgradnja lojalnosti obo\u017eavatelja na temelju psihologije<\/p>\n<\/li>\n<\/ul>\n<h3 data-start=\"1660\" data-end=\"1689\">2. Napredna produkcija sadr\u017eaja<\/h3>\n<ul data-start=\"1690\" data-end=\"1833\">\n<li data-start=\"1690\" data-end=\"1722\">\n<p data-start=\"1692\" data-end=\"1722\">Vrhunsko vizualno pripovijedanje<\/p>\n<\/li>\n<li data-start=\"1723\" data-end=\"1776\">\n<p data-start=\"1725\" data-end=\"1776\">Razvoj naprednih koncepata za video i fotografiju<\/p>\n<\/li>\n<li data-start=\"1777\" data-end=\"1833\">\n<p data-start=\"1779\" data-end=\"1833\">Umjetni\u010dka erotika \u2013 sna\u017ean, a opet ukusan sadr\u017eaj<\/p>\n<\/li>\n<\/ul>\n<h3 data-start=\"1835\" data-end=\"1882\">3. Financijska osvije\u0161tenost i izgradnja poslovanja<\/h3>\n<ul data-start=\"1883\" data-end=\"2055\">\n<li data-start=\"1883\" data-end=\"1950\">\n<p data-start=\"1885\" data-end=\"1950\">Kako ugraditi prihod u odr\u017eivi poslovni model?<\/p>\n<\/li>\n<li data-start=\"1951\" data-end=\"2002\">\n<p data-start=\"1953\" data-end=\"2002\">Odabir dodatnih poslovnih oblika i optimizacija poreza<\/p>\n<\/li>\n<li data-start=\"2003\" data-end=\"2055\">\n<p data-start=\"2005\" data-end=\"2055\">Izgradnja diverzificiranog izvora prihoda<\/p>\n<\/li>\n<\/ul>\n<h3 data-start=\"2057\" data-end=\"2093\">4. Upravljanje publikom i prodaja<\/h3>\n<ul data-start=\"2094\" data-end=\"2244\">\n<li data-start=\"2094\" data-end=\"2133\">\n<p data-start=\"2096\" data-end=\"2133\">Tehnike dodatne prodaje i strukture kampanja<\/p>\n<\/li>\n<li data-start=\"2134\" data-end=\"2187\">\n<p data-start=\"2136\" data-end=\"2187\">Automatizirani sustavi za maksimiziranje prihoda<\/p>\n<\/li>\n<li data-start=\"2188\" data-end=\"2244\">\n<p data-start=\"2190\" data-end=\"2244\">Sustav vjernosti, privatni kanali, ekskluzivne ponude<\/p>\n<\/li>\n<\/ul>\n<h3 data-start=\"2246\" data-end=\"2290\">5. Osobni brend, odnosi s javno\u0161\u0107u i prisutnost u medijima<\/h3>\n<ul data-start=\"2291\" data-end=\"2417\">\n<li data-start=\"2291\" data-end=\"2318\">\n<p data-start=\"2293\" data-end=\"2318\">Kako postati influencer?<\/p>\n<\/li>\n<li data-start=\"2319\" data-end=\"2368\">\n<p data-start=\"2321\" data-end=\"2368\">Upravljanje priop\u0107enjima za medije, podcastima, intervjuima<\/p>\n<\/li>\n<li data-start=\"2369\" data-end=\"2417\">\n<p data-start=\"2371\" data-end=\"2417\">Izgradnja brenda na TikToku, Instagramu, YouTubeu<\/p>\n<\/li>\n<\/ul>\n<hr data-start=\"2419\" data-end=\"2422\">\n<h2 data-start=\"2424\" data-end=\"2455\">\ud83c\udf81 \u0160to dobivate na ovoj razini?<\/h2>\n<p data-start=\"2457\" data-end=\"2605\">Pro razina je spoj luksuza i poslovne svijesti. Ono \u0161to sada dobivate nije samo usluga \u2013 <strong data-start=\"2563\" data-end=\"2604\">to je alat za va\u0161 daljnji rast<\/strong> :<\/p>\n<ul data-start=\"2607\" data-end=\"3015\">\n<li data-start=\"2607\" data-end=\"2673\">\n<p data-start=\"2609\" data-end=\"2673\"><strong data-start=\"2609\" data-end=\"2634\">Digitalni asistent<\/strong> \u2013 \u200b\u200bkoji poma\u017ee s tjednim planiranjem sadr\u017eaja<\/p>\n<\/li>\n<li data-start=\"2674\" data-end=\"2738\">\n<p data-start=\"2676\" data-end=\"2738\"><strong data-start=\"2676\" data-end=\"2706\">Osobni savjetnik za kampanju<\/strong> \u2013 2 konzultacije mjese\u010dno<\/p>\n<\/li>\n<li data-start=\"2739\" data-end=\"2798\">\n<p data-start=\"2741\" data-end=\"2798\"><strong data-start=\"2741\" data-end=\"2781\">Potpora za fotografiranje (do 1000 USD)<\/strong> \u2013 jednom godi\u0161nje<\/p>\n<\/li>\n<li data-start=\"2799\" data-end=\"2869\">\n<p data-start=\"2801\" data-end=\"2869\"><strong data-start=\"2801\" data-end=\"2824\">VIP obuka za sadr\u017eaj<\/strong> \u2013 kroz radionice i ekskluzivne materijale<\/p>\n<\/li>\n<li data-start=\"2870\" data-end=\"2943\">\n<p data-start=\"2872\" data-end=\"2943\"><strong data-start=\"2872\" data-end=\"2904\">Mentorstvo kreativnog direktora<\/strong> \u2013 poma\u017ee vam oblikovati va\u0161 vizualni svijet<\/p>\n<\/li>\n<li data-start=\"2944\" data-end=\"3015\">\n<p data-start=\"2946\" data-end=\"3015\"><strong data-start=\"2946\" data-end=\"2991\">Povoljan nastup na platformi Models2You<\/strong> \u2013 s me\u0111unarodnom preporukom<\/p>\n<\/li>\n<\/ul>\n<hr data-start=\"3017\" data-end=\"3020\">\n<h2 data-start=\"3022\" data-end=\"3060\">\ud83d\udd01 Odluka je tvoja \u2013 \u0161to dalje?<\/h2>\n<p data-start=\"3062\" data-end=\"3223\">Odr\u017eavanje Pro razine <strong data-start=\"3087\" data-end=\"3108\">je pravi izazov.<\/strong> Cilj: ostvariti 100.000 USD mjese\u010dnog prihoda iznova i iznova <strong data-start=\"3116\" data-end=\"3154\">tijekom najmanje 3 uzastopna mjeseca<\/strong> . Ako uspijete:<\/p>\n<p data-start=\"3225\" data-end=\"3300\">\ud83c\udf89 <strong data-start=\"3228\" data-end=\"3300\">Dobit \u0107ete nagrade koje se dodjeljuju isklju\u010divo na ovoj razini:<\/strong><\/p>\n<ul data-start=\"3301\" data-end=\"3456\">\n<li data-start=\"3301\" data-end=\"3360\">\n<p data-start=\"3303\" data-end=\"3360\">Luksuzni poklon paket (\u0161minka, parfem, dizajnerski dodaci)<\/p>\n<\/li>\n<li data-start=\"3361\" data-end=\"3415\">\n<p data-start=\"3363\" data-end=\"3415\">VIP usluge ljepote (frizer, stilist, wellness)<\/p>\n<\/li>\n<li data-start=\"3416\" data-end=\"3456\">\n<p data-start=\"3418\" data-end=\"3456\">Poklon putovanja u zemlji ili inozemstvu<\/p>\n<\/li>\n<\/ul>\n<hr data-start=\"3458\" data-end=\"3461\">\n<h2 data-start=\"3463\" data-end=\"3502\">\u23e9 \u017delite li se jo\u0161 br\u017ee razvijati?<\/h2>\n<p data-start=\"3504\" data-end=\"3641\">Ako u prvom mjesecu ostvarite prihod od 100.000 USD, <strong data-start=\"3565\" data-end=\"3641\">imate priliku prijaviti se za napredovanje na Elite razinu.<\/strong><\/p>\n<p data-start=\"3643\" data-end=\"3773\">Va\u017eno: ako odaberete ovo, <strong data-start=\"3669\" data-end=\"3709\">odre\u0107i \u0107ete se nagrada profesionalne razine,<\/strong> ali <strong data-start=\"3721\" data-end=\"3773\">\u0107ete zauzvrat dobiti sve ekskluzivne pogodnosti elitne razine.<\/strong><\/p>\n<p data-start=\"3775\" data-end=\"3949\">Odluka je va\u0161a. Ho\u0107ete li ostati na Pro razini i skupljati nagrade? Ili \u0107ete prije\u0107i na sljede\u0107u razinu i zapo\u010deti svoje putovanje do <strong data-start=\"3913\" data-end=\"3948\">vrhunca digitalnog luksuza<\/strong> ?<\/p>\n<hr data-start=\"3951\" data-end=\"3954\">\n<h2 data-start=\"3956\" data-end=\"4004\">\ud83d\udce2 Poruka budu\u0107im Pro modelima<\/h2>\n<blockquote data-start=\"4006\" data-end=\"4227\">\n<p data-start=\"4008\" data-end=\"4227\">100.000 dolara nije san \u2013 to je stvar strategije.<br data-start=\"4060\" data-end=\"4063\"> Uspjeh ne ovisi o sre\u0107i, ve\u0107 o pripremi.<br data-start=\"4121\" data-end=\"4124\"> Sadr\u017eaj koji stvarate samo je dio onoga \u0161to predstavljate.<br data-start=\"4192\" data-end=\"4195\"> Prava razlika je u tebi.<\/p>\n<\/blockquote>\n<hr data-start=\"4229\" data-end=\"4232\">\n<h2 data-start=\"4234\" data-end=\"4257\">\ud83d\udd13 Sljede\u0107i korak<\/h2>\n<p data-start=\"4259\" data-end=\"4516\">Ako ste stigli dovde, dokazali ste da mo\u017eete vi\u0161e od ve\u0107ine. Sada dolazi ono \u0161to rijetki iskuse: luksuzan na\u010din \u017eivota, liderski status i mo\u0107 va\u0161eg osobnog brenda.<\/p>\n<p data-start=\"4518\" data-end=\"4580\"><strong data-start=\"4518\" data-end=\"4580\">Dobrodo\u0161li na Pro razinu. Odavde je samo uzbrdo. <\/strong><\/p>\n<p>[\/vc_column_text][\/vc_column][\/vc_row][vc_row][vc_column][vc_empty_space][vc_column_text]<\/p>\n<h2 style=\"text-align: center; margin-bottom: 30px;\">\u0160to odmah dobivate \u2013 i \u0161to mo\u017eete posti\u0107i<\/h2>\n<p>[\/vc_column_text][\/vc_column][\/vc_row][vc_row][vc_column width=\"1\/2&#8243;][vc_column_text css=\"\"]<\/p>\n<div style=\"border: 3px solid #e91e63; border-radius: 12px; padding: 25px; background-color: #fff0f5;\">\n<div style=\"background-color: #f9f9f9; padding: 30px; border-radius: 10px; border: 1px solid #ddd; text-align: left !important;\">\n<h3>\ud83d\udc51 Profesionalni te\u010daj<\/h3>\n<h2 style=\"color: #e91e63;\">9.990 USD<\/h2>\n<p style=\"font-weight: bold;\">Magistarski studij za one koji se \u017eele istaknuti iz mase ne samo kao modeli, ve\u0107 i kao brendovi.<\/p>\n<p><!-- Szakmai modulok --><\/p>\n<div style=\"margin-top: 25px; padding: 20px; background-color: #ffffff; border-left: 4px solid #e91e63;\">\n<h4>\ud83d\udcd8 Napredni profesionalni moduli:<\/h4>\n<ul style=\"list-style: none; padding-left: 0; font-size: 14.5px;\">\n<li>\u2705 Napredne tehnike poziranja (kreativni koncepti)<\/li>\n<li>\u2705 Visokokvalitetno stiliziranje i izgradnja lika<\/li>\n<li>\u2705 Tematska fotografiranja (luksuzna, igranje uloga, ikoni\u010dni stilovi)<\/li>\n<li>\u2705 Napredna monta\u017ea videa i produkcija sadr\u017eaja<\/li>\n<li>\u2705 Optimizacija me\u0111unarodnih platformi<\/li>\n<\/ul>\n<\/div>\n<p><!-- \u00c9letm\u00f3d \u00e9s szem\u00e9lyes fejleszt\u00e9s --><\/p>\n<div style=\"margin-top: 30px; padding: 20px; background-color: #fcfcfc; border-left: 4px solid #00bcd4;\">\n<h4>\ud83c\udf3f Napredni na\u010din \u017eivota i samorazvoj:<\/h4>\n<ul style=\"list-style: none; padding-left: 0; font-size: 14.5px;\">\n<li>\u2705 Visoka razina razvoja samopouzdanja<\/li>\n<li>\u2705 Upravljanje stresom, tehnike protiv izgaranja<\/li>\n<li>\u2705 Osobni brend u na\u010dinu \u017eivota (pona\u0161anje, dru\u0161tvena uloga)<\/li>\n<li>\u2705 Upravljanje vremenom na profesionalnoj razini<\/li>\n<\/ul>\n<\/div>\n<p><!-- \u00dczleti & m\u00e1rka\u00e9p\u00edt\u00e9si modulok --><\/p>\n<div style=\"margin-top: 30px; padding: 20px; background-color: #f6fff4; border-left: 4px solid #4caf50;\">\n<h4>\ud83d\udcbc Profesionalna poslovna i brending obuka:<\/h4>\n<ul style=\"list-style: none; padding-left: 0; font-size: 14.5px;\">\n<li>\u2705 Izgradnja va\u0161eg osobnog brenda od A do \u017d<\/li>\n<li>\u2705 Upravljanje odnosima s javno\u0161\u0107u i priop\u0107enjima za medije<\/li>\n<li>\u2705 Pravna za\u0161tita na me\u0111unarodnoj razini<\/li>\n<li>\u2705 Investicijski fondovi, financijski planovi otporni na budu\u0107nost<\/li>\n<li>\u2705 Upravljajte vlastitim asistentom<\/li>\n<li>\u2705 Vlastita web trgovina i razvoj proizvoda<\/li>\n<\/ul>\n<\/div>\n<p><!-- Gomb --><\/p>\n<div style=\"margin-top: 30px;\"><a style=\"background-color: #e91e63; color: white; padding: 12px 28px; border-radius: 6px; font-size: 16px; text-decoration: none; font-weight: bold;\" href=\"https:\/\/elite2you.com\/hr\/profesionalna-razina\/\" target=\"_blank\" rel=\"noopener\">Kupit \u0107u to!<\/a><\/div>\n<\/div>\n<\/div>\n<p>[\/vc_column_text][\/vc_column][vc_column width=\"1\/2&#8243;][vc_column_text]<\/p>\n<div style=\"background-color: #f9f9f9; padding: 30px; border-radius: 16px; font-family: sans-serif; max-width: 900px; margin: 0 auto;\">\n<h2 style=\"color: #e36db0; text-align: center;\">\ud83d\udc8e 3. Profesionalna razina<\/h2>\n<p style=\"font-size: 16px; line-height: 1.6; text-align: center;\">Dostigli ste profesionalnu razinu, \u0161to zna\u010di da ste dosegli vrhunac svoje Elite2You modeling karijere. Ovdje niste samo uspje\u0161ni \u2013 ve\u0107 i postavljate primjer. Va\u0161 brend je postao vrijednost sam po sebi, a sada imate pristup uslugama, vezama i nagradama kojima je malo tko prije imao pristup.<\/p>\n<h3 style=\"color: #444; margin-top: 30px;\">\ud83c\udfaf \u0160to nudimo na ovoj razini:<\/h3>\n<ul style=\"line-height: 1.8; padding-left: 20px;\">\n<li>Osobni brend menad\u017eer i voditelj kampanje<\/li>\n<li>Me\u0111unarodna strategija sadr\u017eaja i planiranje kampanje<\/li>\n<li>Sudjelovanje u ekskluzivnim VIP doga\u0111ajima<\/li>\n<li>Luksuzna fotografiranja, video projekti i rad s profesionalnom ekipom<\/li>\n<li>Tjedni sastanci s va\u0161im timom najvi\u0161eg menad\u017ementa<\/li>\n<li>Financijsko, pravno i savjetovanje o razvoju poslovanja<\/li>\n<\/ul>\n<ul style=\"line-height: 1.8; padding-left: 20px;\"><\/ul>\n<h3 style=\"color: #444; margin-top: 30px;\">\ud83d\udcb5 Koliki prihod mo\u017eete o\u010dekivati \u200b\u200bna profesionalnoj razini?<\/h3>\n<p style=\"line-height: 1.6;\">Ovaj status zahtijeva <strong>minimalni bruto mjese\u010dni prihod od 100.000 USD<\/strong> . Nagrade i prilike povezane s profesionalnom razinom ostaju aktivne ako ovu razinu odr\u017eavate najmanje 3 mjeseca.<\/p>\n<h3 style=\"color: #444; margin-top: 30px;\">\ud83d\udcca Podaci o prihodima:<\/h3>\n<ul style=\"line-height: 1.8; padding-left: 20px;\">\n<li>Platforma <strong>OnlyFans<\/strong> i dalje uzima proviziju od 20%, ali zbog na\u0161e pregovara\u010dke mo\u0107i dostupni su personalizirani popusti<\/li>\n<li>Va\u0161a financijska struktura je prilagodljiva \u2013 mo\u017eete zatra\u017eiti korporativne ili privatne isplate, s optimiziranim oporezivanjem<\/li>\n<li>Mo\u017eemo vam \u010dak kreirati i <strong>ekskluzivne ponude sadr\u017eaja<\/strong> na platformi <strong>Elite2Fans<\/strong> .<\/li>\n<\/ul>\n<h3 style=\"color: #444; margin-top: 30px;\">\ud83d\ude80 Cilj:<\/h3>\n<p style=\"line-height: 1.6;\">\u0160to br\u017ee ostvarite svoj prvi prihod od 250.000 USD, gdje mo\u017eete odlu\u010diti ho\u0107ete li prije\u0107i na Elite razinu ili ostati na Professional razini, te odr\u017eavajte prihod iznad 250.000 USD tri mjeseca, uz koje \u0107ete automatski primati <strong>na\u0161e ekskluzivne poklone, a \u010dekaju vas i dodatne premium usluge i dodatne mogu\u0107nosti<\/strong> .<\/p>\n<\/div>\n<p>[\/vc_column_text][\/vc_column][\/vc_row][vc_row][vc_column][vc_cta h2=\"Ne zaboravi!\"]<\/p>\n<p data-start=\"187\" data-end=\"260\"><strong data-start=\"190\" data-end=\"260\">Ve\u0107 si postavio temelje. Sada je vrijeme za vi\u0161u razinu. <\/strong><\/p>\n<p data-start=\"262\" data-end=\"416\">Ovaj te\u010daj nije za one koji tek zapo\u010dinju svoje putovanje.<br data-start=\"317\" data-end=\"320\"> Ovo je za one <strong data-start=\"337\" data-end=\"415\">koji su ve\u0107 daleko do\u0161li \u2013 i sada \u017eele biti me\u0111u najboljima<\/strong> .<\/p>\n<p data-start=\"418\" data-end=\"555\">Ve\u0107 zna\u0161 kako svijet funkcionira. Pitanje vi\u0161e nije &#8220;mo\u017ee\u0161 li to u\u010diniti\", ve\u0107 <strong data-start=\"519\" data-end=\"554\">koliko profesionalno to \u017eeli\u0161 u\u010diniti<\/strong> .<\/p>\n<p data-start=\"557\" data-end=\"714\">\ud83d\udca5 Ovo nije osnovni te\u010daj. Ovo je sustav za one koji <strong data-start=\"613\" data-end=\"640\">sebe shva\u0107aju ozbiljno<\/strong> . Za one koji ne \u017eele samo izgledati \u2013 ve\u0107 <strong data-start=\"683\" data-end=\"713\">dominirati vlastitim tr\u017ei\u0161tem<\/strong> .<\/p>\n<p data-start=\"716\" data-end=\"849\">\u2705 Ovdje ne dobivate samo alate \u2013 dobivate prednost.<br data-start=\"763\" data-end=\"766\"> \u2705 Ne smjernice \u2013 ve\u0107 strategija.<br data-start=\"802\" data-end=\"805\"> \u2705 Ne \u017eeli\u0161 biti dobar \u2013 <strong data-start=\"829\" data-end=\"848\">\u017eeli\u0161 biti najbolji<\/strong> .<\/p>\n<p data-start=\"851\" data-end=\"950\">Mo\u017eete si to priu\u0161titi sada. Pa <strong data-start=\"885\" data-end=\"897\">za\u0161to ne biste<\/strong> dobili ono o \u010demu drugi mogu samo sanjati?<\/p>\n<p data-start=\"952\" data-end=\"1050\" data-is-last-node=\"\" data-is-only-node=\"\">\ud83d\udc49  <strong><a href=\"https:\/\/elite2you.com\/hr\/profesionalna-razina\/\" target=\"_blank\" rel=\"noopener\">Kupite te\u010daj odmah \u2013 jer postati najbolji ne doga\u0111a se slu\u010dajno. To je stvar svjesne odluke. <\/a><\/strong><\/p>\n<p>[\/vc_cta][\/vc_column][\/vc_row][vc_row][vc_column][vc_column_text]<\/p>\n<div style=\"border: 3px solid #e91e63; border-radius: 12px; padding: 25px; background-color: #fff4fa;\">\n<div style=\"padding: 10px 0 5px 0;\">\n<h3 style=\"margin-top: 0;\">\ud83d\udc51 <strong>Program profesionalnih nagra\u0111ivanja<\/strong><\/h3>\n<p><strong>Ako zavr\u0161ite Pro te\u010daj i ostvarite bruto mjese\u010dni prihod od 100.000 USD tijekom najmanje 3 mjeseca, imat \u0107ete pravo na sljede\u0107e ekskluzivne premium pogodnosti:<\/strong><\/div>\n<p><!-- Alap aj\u00e1nd\u00e9kcsomag --><\/p>\n<div style=\"padding: 20px; background-color: #ffffff; border-left: 4px solid #e91e63; margin-top: 20px; border-radius: 6px;\">\n<h4>\ud83c\udf81 OSNOVNI POKLON PAKET:<\/h4>\n<ul style=\"list-style: none; padding-left: 0; font-size: 15px;\">\n<li>\u2705 Besplatno fotografiranje portfelja (za napredovanje)<\/li>\n<li>\u2705 Potpuni po\u010detni paket za vlog<\/li>\n<li>\u2705 Besplatan izbor iz web trgovine (donje rublje, nakit, modni dodaci)*<\/li>\n<\/ul>\n<\/div>\n<p><!-- \u00dczleti t\u00e1mogat\u00e1s --><\/p>\n<div style=\"padding: 20px; background-color: #ffffff; border-left: 4px solid #4caf50; margin-top: 20px; border-radius: 6px;\">\n<h4>\ud83d\udcca POSLOVNA PODR\u0160KA:<\/h4>\n<ul style=\"list-style: none; padding-left: 0; font-size: 15px;\">\n<li>\u2705 Izgradnja i struktura profesionalnog profila<\/li>\n<li>\u2705 Upravljanje dru\u0161tvenim mre\u017eama i strategija sadr\u017eaja<\/li>\n<li>\u2705 Upravljanje odnosima s klijentima i komunikacija s obo\u017eavateljima<\/li>\n<li>\u2705 Izgradnja i razvoj brenda<\/li>\n<li>\u2705 Svakodnevni kontakt i mentorstvo<\/li>\n<li>\u2705 Upravljanje tvrtkom, zgrada tvrtke s potpunom administracijom<\/li>\n<li>\u2705 Usluga sjedi\u0161ta i slu\u017ebena korespondencija<\/li>\n<li>\u2705 Upravljanje bankovnim ra\u010dunima i financijska administracija<\/li>\n<li>\u2705 Ra\u010dunovodstvo, optimizacija poreza i povrati<\/li>\n<\/ul>\n<\/div>\n<p><!-- Biztons\u00e1g & Eg\u00e9szs\u00e9g --><\/p>\n<div style=\"padding: 20px; background-color: #ffffff; border-left: 4px solid #03a9f4; margin-top: 20px; border-radius: 6px;\">\n<h4>\ud83d\udca0 ZDRAVLJE I SIGURNOST:<\/h4>\n<ul style=\"list-style: none; padding-left: 0; font-size: 15px;\">\n<li>\u2705 Zdravstveno i \u017eivotno osiguranje s administracijom<\/li>\n<li>\u2705 Platite svoj mjese\u010dni telefonski ra\u010dun*<\/li>\n<li>\u2705 Potpuno pla\u0107anje auto osiguranja<\/li>\n<\/ul>\n<\/div>\n<p><!-- Beauty & Lifestyle --><\/p>\n<div style=\"padding: 20px; background-color: #ffffff; border-left: 4px solid #ff9800; margin-top: 20px; border-radius: 6px;\">\n<h4>\ud83d\udc85 LJEPOTA I STIL \u017dIVOTA:<\/h4>\n<ul style=\"list-style: none; padding-left: 0; font-size: 15px;\">\n<li>\u2705 Frizerski i kozmeti\u010dki salon 3\u00d7\/tjedno<\/li>\n<li>\u2705 Ru\u017e za usne izra\u0111en samo za vas<\/li>\n<li>\u2705 Manikura i pedikura jednom tjedno<\/li>\n<\/ul>\n<\/div>\n<p><!-- Exkluz\u00edv esem\u00e9nyek & k\u00e9pz\u00e9sek --><\/p>\n<div style=\"padding: 20px; background-color: #ffffff; border-left: 4px solid #9c27b0; margin-top: 20px; border-radius: 6px;\">\n<h4>\ud83c\udf93 DOGA\u0110ANJA I TRENINGI:<\/h4>\n<ul style=\"list-style: none; padding-left: 0; font-size: 15px;\">\n<li>\u2705 Poziv na Tjedan mode u New Yorku<\/li>\n<li>\u2705 3\u00d7 Festivalske ulaznice (za 2 osobe)<\/li>\n<li>\u2705 3\u00d7 Wellness vikend (za 2 osobe)<\/li>\n<li>\u2705 Specijalisti\u010dka obuka za modele (gluma\u010dke tehnike, ogla\u0161avanje i specijalizacija za modne revije)<\/li>\n<li>\u2705 1 pla\u0107eni jezi\u010dni te\u010daj \u2013 engleski, njema\u010dki, francuski, ma\u0111arski, talijanski, \u0161panjolski<\/li>\n<li>\u2705 1 besplatno golo fotografiranje<\/li>\n<\/ul>\n<\/div>\n<p><!-- Utaz\u00e1s & Technol\u00f3gia --><\/p>\n<div style=\"padding: 20px; background-color: #ffffff; border-left: 4px solid #3f51b5; margin-top: 20px; border-radius: 6px;\">\n<h4>\u2708\ufe0f TEHNOLOGIJA I PUTOVANJA:<\/h4>\n<ul style=\"list-style: none; padding-left: 0; font-size: 15px;\">\n<li>\u2705 2 slu\u017ebena automobila<\/li>\n<li>\u2705 Najnoviji mobitel svake godine<\/li>\n<li>\u2705 2 krstarenja godi\u0161nje (za 2 osobe)<\/li>\n<li>\u2705 2\u00d72 tjedna odmora s punim pansionom za 2 osobe (Azija, Afrika, Ju\u017ena Amerika, Sjeverna Amerika, Europa)<\/li>\n<\/ul>\n<\/div>\n<p><!-- P\u00e9nz\u00fcgyi extra --><\/p>\n<div style=\"padding: 20px; background-color: #ffffff; border-left: 4px solid #009688; margin-top: 20px; border-radius: 6px;\">\n<h4>\ud83d\udcb3 FINANCIJSKI DODATAK:<\/h4>\n<ul style=\"list-style: none; padding-left: 0; font-size: 15px;\">\n<li>\u2705 Diverzificirani izvor prihoda \u2013 upravljano 3 projekta pasivnog prihoda<\/li>\n<li><strong>\u2705 Elite2You kreditna kartica<\/strong> \u2013 do 25.000 USD mjese\u010dno<\/li>\n<\/ul>\n<\/div>\n<\/div>\n<p>[\/vc_column_text][\/vc_column][\/vc_row][vc_row][vc_column][vc_column_text]<!-- GOMB --><\/p>\n<div style=\"text-align: center; margin-top: 30px;\"><a style=\"display: inline-block; background-color: #9c27b0; color: white; padding: 14px 32px; font-size: 16px; font-weight: 600; border-radius: 8px; text-decoration: none; box-shadow: 0 4px 12px rgba(0,0,0,0.15); transition: background-color 0.3s ease;\" href=\"https:\/\/elite2you.com\/hr\/profesionalna-razina\/\" target=\"_blank\" rel=\"noopener\"><br \/>\nKupite profesionalni te\u010daj odmah!<br \/>\n<\/a><\/div>\n<p>[\/vc_column_text][\/vc_column][\/vc_row]<\/p>\n<\/div>","protected":false},"excerpt":{"rendered":"<p>[vc_row][vc_column][vc_column_text] Jeste li dosegli 100.000 dolara mjese\u010dnog prihoda? Tada po\u010dinje pravi proboj \u2013 u\u0161li ste u profesionalnu razinu na Elite2You &hellip; <a href=\"https:\/\/elite2you.com\/hr\/profesionalna-razina\/\" class=\"more-link\">Continue reading <span class=\"screen-reader-text\">3. Profesionalna razina<\/span><\/a><\/p>\n","protected":false},"author":5,"featured_media":0,"parent":0,"menu_order":0,"comment_status":"closed","ping_status":"closed","template":"","meta":{"_monsterinsights_skip_tracking":false,"_monsterinsights_sitenote_active":false,"_monsterinsights_sitenote_note":"","_monsterinsights_sitenote_category":0,"footnotes":""},"class_list":["post-21689","page","type-page","status-publish","hentry"],"_links":{"self":[{"href":"https:\/\/elite2you.com\/hr\/wp-json\/wp\/v2\/pages\/21689","targetHints":{"allow":["GET"]}}],"collection":[{"href":"https:\/\/elite2you.com\/hr\/wp-json\/wp\/v2\/pages"}],"about":[{"href":"https:\/\/elite2you.com\/hr\/wp-json\/wp\/v2\/types\/page"}],"author":[{"embeddable":true,"href":"https:\/\/elite2you.com\/hr\/wp-json\/wp\/v2\/users\/5"}],"replies":[{"embeddable":true,"href":"https:\/\/elite2you.com\/hr\/wp-json\/wp\/v2\/comments?post=21689"}],"version-history":[{"count":13,"href":"https:\/\/elite2you.com\/hr\/wp-json\/wp\/v2\/pages\/21689\/revisions"}],"predecessor-version":[{"id":22470,"href":"https:\/\/elite2you.com\/hr\/wp-json\/wp\/v2\/pages\/21689\/revisions\/22470"}],"wp:attachment":[{"href":"https:\/\/elite2you.com\/hr\/wp-json\/wp\/v2\/media?parent=21689"}],"curies":[{"name":"wp","href":"https:\/\/api.w.org\/{rel}","templated":true}]}}