{"id":21710,"date":"2025-06-10T15:17:14","date_gmt":"2025-06-10T15:17:14","guid":{"rendered":"https:\/\/elite2you.com\/elitna-razina\/"},"modified":"2025-08-23T20:54:55","modified_gmt":"2025-08-23T20:54:55","slug":"elitna-razina","status":"publish","type":"page","link":"https:\/\/elite2you.com\/hr\/elitna-razina\/","title":{"rendered":"Elitna razina"},"content":{"rendered":"<div class=\"wpb-content-wrapper\"><p>[vc_row][vc_column][vc_cta h2=\"\ud83c\udf89 \u010cestitamo! U\u0161li ste u elitu.\" txt_align=\"center\"]<\/p>\n<p data-start=\"261\" data-end=\"506\"><strong data-start=\"286\" data-end=\"304\">Ve\u0107 si postigla<\/strong> ono o \u010demu mnogi sanjaju: izgradila si stabilnu, neovisnu i visoko profitabilnu karijeru digitalnog modelinga, <strong data-start=\"390\" data-end=\"419\">vi\u0161e nisi samo model<\/strong> , ve\u0107 <strong data-start=\"427\" data-end=\"450\">digitalni brend<\/strong> . Ne prati\u0161 druge \u2013 sada <strong data-start=\"487\" data-end=\"505\">oni prate tebe<\/strong> .<\/p>\n<p data-start=\"508\" data-end=\"659\">Elite razina je najvi\u0161i korak Elite2You sustava. Ovdje vi\u0161e ne u\u010dite osnove, ve\u0107 radite na vrhu \u2013 <strong data-start=\"624\" data-end=\"658\">na najsjajnijoj verziji sebe<\/strong> .<\/p>\n<hr data-start=\"661\" data-end=\"664\" \/>\n<p>[\/vc_cta][\/vc_column][\/vc_row][vc_row][vc_column width=\"1\/2&#8243;][vc_cta h2=\"\ud83c\udfc1 Uvjeti za prijavu\"]<\/p>\n<p data-start=\"691\" data-end=\"767\">Za napredovanje na Elite razinu morate ispunjavati sljede\u0107e kriterije:<\/p>\n<ul data-start=\"769\" data-end=\"845\">\n<li data-start=\"769\" data-end=\"845\">\n<p data-start=\"771\" data-end=\"845\"><strong data-start=\"771\" data-end=\"845\">Morate ostvariti bruto prihod od najmanje 250.000 USD mjese\u010dno<\/strong><\/p>\n<\/li>\n<\/ul>\n<p data-start=\"847\" data-end=\"1039\">To nije rezultat sre\u0107e, ve\u0107 strategije, svijesti, upornosti i kreativnosti.<br data-start=\"938\" data-end=\"941\" \/>Ako uspijete, automatski \u0107ete <strong data-start=\"971\" data-end=\"999\">u\u0107i u Elite razinu<\/strong> i zapo\u010det \u0107e novo doba u va\u0161em \u017eivotu.<\/p>\n<hr data-start=\"1041\" data-end=\"1044\" \/>\n<p>[\/vc_cta][\/vc_column][vc_column width=\"1\/2&#8243;][vc_single_image image=\"20151&#8243; img_size=\"full\" alignment=\"right\" css_animation=\"bounceInRight\"][\/vc_column][\/vc_row][vc_row][vc_column][vc_cta h2=\"\ud83c\udfaf Cilj: Odr\u017eati, rasti, dominirati\"]<\/p>\n<p data-start=\"1090\" data-end=\"1254\">Na elitnoj razini nije dovoljno do\u0107i do vrha \u2013 <strong data-start=\"1135\" data-end=\"1158\">morate ga i odr\u017eati<\/strong> .<br data-start=\"1159\" data-end=\"1162\" \/>Izazov:<br data-start=\"1172\" data-end=\"1175\" \/>\u2705 dosegnuti razinu od 250.000 USD <strong data-start=\"1177\" data-end=\"1219\">tijekom najmanje tri uzastopna mjeseca<\/strong> .<\/p>\n<p data-start=\"1256\" data-end=\"1392\">Ova razina se odnosi na osiguranje dugoro\u010dnog uspjeha: <strong data-start=\"1300\" data-end=\"1351\">stabilizaciju brenda, maksimiziranje prihoda<\/strong> i pripremu za potpunu promjenu na\u010dina \u017eivota.<\/p>\n<hr data-start=\"1394\" data-end=\"1397\" \/>\n<p>[\/vc_cta][\/vc_column][\/vc_row][vc_row][vc_column][vc_cta h2=\"\ud83c\udf81 \u0160to dobivate kao Elite \u010dlan?\"]<\/p>\n<p data-start=\"1431\" data-end=\"1553\">Elite razina je <strong data-start=\"1449\" data-end=\"1471\">razina \u017eivotnog stila<\/strong> . Ovdje ne samo da dobivate savjete, ve\u0107 <strong data-start=\"1513\" data-end=\"1552\">cijeli tim radi za vas<\/strong> .<\/p>\n<h3 data-start=\"1555\" data-end=\"1587\">\ud83d\udc65 Potpuni menad\u017eerski tim<\/h3>\n<ul data-start=\"1588\" data-end=\"1725\">\n<li data-start=\"1588\" data-end=\"1634\">\n<p data-start=\"1590\" data-end=\"1634\">Personalizirani <strong data-start=\"1590\" data-end=\"1617\">tim od 10 stru\u010dnjaka<\/strong><\/p>\n<\/li>\n<li data-start=\"1635\" data-end=\"1725\">\n<p data-start=\"1637\" data-end=\"1725\">Produkcija sadr\u017eaja, upravljanje kampanjama, upravljanje publikom, prodaja \u2013 koordiniramo sve<\/p>\n<\/li>\n<\/ul>\n<p>[\/vc_cta][\/vc_column][\/vc_row][vc_row][vc_column][vc_cta h2=\"\ud83d\udcbc Privatno osoblje\"]<\/p>\n<h3 data-start=\"1727\" data-end=\"1754\"><\/h3>\n<ul data-start=\"1755\" data-end=\"1963\">\n<li data-start=\"1755\" data-end=\"1822\">\n<p data-start=\"1757\" data-end=\"1822\"><strong data-start=\"1757\" data-end=\"1790\">Osobni asistent s punim radnim vremenom<\/strong> \u2013 va\u0161 \u0107e svaki dan te\u0107i glatko<\/p>\n<\/li>\n<li data-start=\"1823\" data-end=\"1889\">\n<p data-start=\"1825\" data-end=\"1889\"><strong data-start=\"1825\" data-end=\"1842\">Osobni trener<\/strong> \u2013 koji vam poma\u017ee da odr\u017eite svoj fit izgled<\/p>\n<\/li>\n<li data-start=\"1890\" data-end=\"1963\">\n<p data-start=\"1892\" data-end=\"1963\"><strong data-start=\"1892\" data-end=\"1910\">Osobni voza\u010d<\/strong> \u2013 da vas svugdje odveze sigurno i sa stilom<\/p>\n<\/li>\n<\/ul>\n<h3 data-start=\"1965\" data-end=\"1994\">\ud83d\udc84 Podr\u0161ka za luksuzni na\u010din \u017eivota<\/h3>\n<ul data-start=\"1995\" data-end=\"2167\">\n<li data-start=\"1995\" data-end=\"2054\">\n<p data-start=\"1997\" data-end=\"2054\"><strong data-start=\"1997\" data-end=\"2026\">Stilist, frizer, viza\u017eist<\/strong> \u2013 rade isklju\u010divo s vama<\/p>\n<\/li>\n<li data-start=\"2055\" data-end=\"2126\">\n<p data-start=\"2057\" data-end=\"2126\"><strong data-start=\"2057\" data-end=\"2083\">Dizajnerski poklon paket<\/strong> godi\u0161nje (odje\u0107a, nakit, parfem, modni dodaci)<\/p>\n<\/li>\n<li data-start=\"2127\" data-end=\"2167\">\n<p data-start=\"2129\" data-end=\"2167\"><strong data-start=\"2129\" data-end=\"2167\">Pretplata na wellness vikend i spa<\/strong><\/p>\n<\/li>\n<\/ul>\n<p>[\/vc_cta][\/vc_column][\/vc_row][vc_row][vc_column][vc_cta h2=\"\ud83c\udf0d Prilika za ambasadora brenda\"]<\/p>\n<h3 data-start=\"2169\" data-end=\"2201\"><\/h3>\n<ul data-start=\"2202\" data-end=\"2438\">\n<li data-start=\"2202\" data-end=\"2352\">\n<p data-start=\"2204\" data-end=\"2352\"><strong data-start=\"2204\" data-end=\"2230\">Program za vrhunski menad\u017ement<\/strong> \u2013 \u200b\u200bako trajno odr\u017eavate elitnu razinu, imat \u0107ete priliku sudjelovati u izgradnji brenda <strong data-start=\"2292\" data-end=\"2323\">kao globalni ambasador brenda<\/strong><\/p>\n<\/li>\n<li data-start=\"2353\" data-end=\"2438\">\n<p data-start=\"2355\" data-end=\"2438\">Javni nastupi, nastupi u tisku, predstavljanje na me\u0111unarodnim doga\u0111ajima<\/p>\n<\/li>\n<\/ul>\n<hr data-start=\"2440\" data-end=\"2443\" \/>\n<p>[\/vc_cta][\/vc_column][\/vc_row][vc_row][vc_column][vc_cta h2=\"\ud83d\udcda Ekskluzivni paket edukacije i razvoja\"]<\/p>\n<h3 data-start=\"2445\" data-end=\"2490\"><\/h3>\n<p data-start=\"2492\" data-end=\"2573\">Na elitnoj razini potrebne su nove vrste znanja: <strong data-start=\"2540\" data-end=\"2572\">poslovna, financijska, strate\u0161ka<\/strong> .<\/p>\n<ul data-start=\"2575\" data-end=\"2878\">\n<li data-start=\"2575\" data-end=\"2646\">\n<p data-start=\"2577\" data-end=\"2646\"><strong data-start=\"2577\" data-end=\"2607\">Paket privatnih konzultacija<\/strong> \u2013 4 sesije mjese\u010dno, individualno savjetovanje<\/p>\n<\/li>\n<li data-start=\"2647\" data-end=\"2716\">\n<p data-start=\"2649\" data-end=\"2716\"><strong data-start=\"2649\" data-end=\"2672\">Investicijska obuka<\/strong> \u2013 kako mudro ulo\u017eiti svoj prihod?<\/p>\n<\/li>\n<li data-start=\"2717\" data-end=\"2800\">\n<p data-start=\"2719\" data-end=\"2800\"><strong data-start=\"2719\" data-end=\"2780\">Razvoj vlastitih proizvoda (npr. parfemi, kolekcija nakita, NFT)<\/strong> \u2013 pro\u0161irenje brenda<\/p>\n<\/li>\n<li data-start=\"2801\" data-end=\"2878\">\n<p data-start=\"2803\" data-end=\"2878\"><strong data-start=\"2803\" data-end=\"2836\">Ekskluzivni PR i medijski coaching<\/strong> \u2013 TV, podcast, ogla\u0161avanje na TikToku, PR \u010dlanci<\/p>\n<\/li>\n<\/ul>\n<hr data-start=\"2880\" data-end=\"2883\" \/>\n<p>[\/vc_cta][\/vc_column][\/vc_row][vc_row][vc_column][vc_cta h2=\"\ud83c\udfc6 Alternativa: krenite dalje nakon prvog mjeseca\"]<\/p>\n<p data-start=\"2940\" data-end=\"3024\">Ako u prvom mjesecu ostvarite prihod od 250.000 USD, mo\u017eete se odlu\u010diti i za:<\/p>\n<p data-start=\"3026\" data-end=\"3118\"><strong data-start=\"3026\" data-end=\"3118\">\ud83d\udd13 Unaprijed se prijavljujete za potvrdu Elite statusa i kre\u0107ete na putovanje Top Managementa.<\/strong><\/p>\n<p data-start=\"3120\" data-end=\"3137\">U ovom slu\u010daju:<\/p>\n<ul data-start=\"3138\" data-end=\"3313\">\n<li data-start=\"3138\" data-end=\"3186\">\n<p data-start=\"3140\" data-end=\"3186\">Odri\u010de\u0161 se <strong data-start=\"3165\" data-end=\"3186\">luksuznih darova<\/strong> elitne razine<\/p>\n<\/li>\n<li data-start=\"3187\" data-end=\"3313\">\n<p data-start=\"3189\" data-end=\"3313\">Ali mo\u017eete odmah u\u0107i u <strong data-start=\"3213\" data-end=\"3252\">globalni sustav ambasadora brenda<\/strong> , gdje ne samo da zara\u0111ujete novac \u2013 ve\u0107 i <strong data-start=\"3289\" data-end=\"3313\">oblikujete industriju<\/strong><\/p>\n<\/li>\n<\/ul>\n<hr data-start=\"3315\" data-end=\"3318\" \/>\n<p>[\/vc_cta][\/vc_column][\/vc_row][vc_row][vc_column][vc_cta h2=\"\ud83d\udd04 \u0160to je Program za vrhunski menad\u017ement?\"]<\/p>\n<p data-start=\"3356\" data-end=\"3420\">Ovo je ekskluzivni program, samo uz pozivnicu, za one koji:<\/p>\n<ul data-start=\"3422\" data-end=\"3564\">\n<li data-start=\"3422\" data-end=\"3484\">\n<p data-start=\"3424\" data-end=\"3484\"><strong data-start=\"3424\" data-end=\"3484\">Odr\u017eavajte Elite status 3 mjeseca zaredom<\/strong><\/p>\n<\/li>\n<li data-start=\"3485\" data-end=\"3564\">\n<p data-start=\"3487\" data-end=\"3564\">Ili <strong data-start=\"3513\" data-end=\"3564\">imaju uvjerljiv portfolio i iskustvo<\/strong> u prvom mjesecu<\/p>\n<\/li>\n<\/ul>\n<p data-start=\"3566\" data-end=\"3613\">Program ima za cilj osigurati da modeli elitne razine:<\/p>\n<ul data-start=\"3615\" data-end=\"3857\">\n<li data-start=\"3615\" data-end=\"3664\">\n<p data-start=\"3617\" data-end=\"3664\">Tako\u0111er mogu u\u0107i u sustav <strong data-start=\"3617\" data-end=\"3634\">kao investitori<\/strong><\/p>\n<\/li>\n<li data-start=\"3665\" data-end=\"3729\">\n<p data-start=\"3667\" data-end=\"3729\"><strong data-start=\"3673\" data-end=\"3699\">Izgradite vlastitu poslovnu bazu<\/strong> (brend, proizvod, usluga)<\/p>\n<\/li>\n<li data-start=\"3730\" data-end=\"3800\">\n<p data-start=\"3732\" data-end=\"3800\"><strong data-start=\"3732\" data-end=\"3763\">Postanite me\u0111unarodna lica<\/strong> \u2013 na globalnim platformama i doga\u0111ajima<\/p>\n<\/li>\n<li data-start=\"3801\" data-end=\"3857\">\n<p data-start=\"3803\" data-end=\"3857\"><strong data-start=\"3803\" data-end=\"3857\">U\u010destvujte u novim projektima Elite2You-a<\/strong><\/p>\n<\/li>\n<\/ul>\n<hr data-start=\"3859\" data-end=\"3862\" \/>\n<p>[\/vc_cta][\/vc_column][\/vc_row][vc_row][vc_column][vc_cta h2=\"\ud83d\udcac \u0160to ka\u017eu oni koji su ve\u0107 ovdje?\"]<\/p>\n<h3 data-start=\"3864\" data-end=\"3909\"><\/h3>\n<blockquote data-start=\"3911\" data-end=\"4102\">\n<p data-start=\"3913\" data-end=\"4102\">\u201eElita je stil \u017eivota. Budim se ujutro s timom iza svake minute mog \u017eivota. Ne prilago\u0111avam se svijetu \u2013 svijet se prilago\u0111ava meni.\u201c<br data-start=\"4070\" data-end=\"4073\" \/>\u2013 <strong data-start=\"4077\" data-end=\"4102\">No\u00e9mi, ambasadorica brenda<\/strong><\/p>\n<\/blockquote>\n<blockquote data-start=\"4104\" data-end=\"4280\">\n<p data-start=\"4106\" data-end=\"4280\">\u201eTo je vi\u0161e od novca. To je samopouzdanje, presti\u017e i kona\u010dno ne\u0161to \u0161to se stvarno ti\u010de mene. To je to\u010dka u kojoj vi\u0161e nije pitanje je li se isplatilo po\u010deti.\u201c<br data-start=\"4250\" data-end=\"4253\" \/>\u2013 <strong data-start=\"4257\" data-end=\"4280\">Laura, elitni model<\/strong><\/p>\n<\/blockquote>\n<hr data-start=\"4282\" data-end=\"4285\" \/>\n<p>[\/vc_cta][\/vc_column][\/vc_row][vc_row][vc_column][vc_cta h2=\"\ud83e\udde0 Filozofija iza razine\"]<\/p>\n<p data-start=\"4320\" data-end=\"4488\">Elitna razina nije &#8220;kruna\", ve\u0107 <strong data-start=\"4361\" data-end=\"4378\">nova odgovornost<\/strong> . Vi postavljate primjer, utirete put i ostavljate naslje\u0111e.<br data-start=\"4427\" data-end=\"4430\" \/><strong data-start=\"4438\" data-end=\"4487\">Nije dovoljno samo dobro nastupiti ovdje \u2013 potrebno je i inspirirati<\/strong> .<\/p>\n<p data-start=\"4490\" data-end=\"4576\">Ova razina <strong data-start=\"4501\" data-end=\"4576\">je razina zrelog razmi\u0161ljanja, upornosti, zahtjevnosti i samokontrole.<\/strong><\/p>\n<hr data-start=\"4578\" data-end=\"4581\" \/>\n<p>[\/vc_cta][\/vc_column][\/vc_row][vc_row][vc_column width=\"2\/3&#8243;][vc_cta h2=\"\ud83d\udc8e Poruka za tebe\"]<\/p>\n<h3 data-start=\"4583\" data-end=\"4601\"><\/h3>\n<blockquote data-start=\"4603\" data-end=\"4798\">\n<p data-start=\"4605\" data-end=\"4798\">Ako ste sada ovdje, ve\u0107 znate: uspjeh nije slu\u010dajan.<br data-start=\"4655\" data-end=\"4658\" \/>Nije bilo lako do\u0107i tamo \u2013 ali sada znate <strong data-start=\"4704\" data-end=\"4732\">kako tamo ostati.<\/strong><br data-start=\"4732\" data-end=\"4735\" \/>Nemoj se samo uspore\u0111ivati \u200b\u200bs drugima.<br data-start=\"4771\" data-end=\"4774\" \/>Budi novi standard.<\/p>\n<\/blockquote>\n<hr data-start=\"4800\" data-end=\"4803\" \/>\n<p>[\/vc_cta][\/vc_column][vc_column width=\"1\/3&#8243;][vc_single_image image=\"20154&#8243; img_size=\"medium\" alignment=\"center\" css_animation=\"bounceInRight\"][\/vc_column][\/vc_row][vc_row][vc_column][vc_cta h2=\"\ud83d\ude80 \u0160to je sljede\u0107e?\"]<\/p>\n<p data-start=\"4834\" data-end=\"5034\">Sljede\u0107i cilj: <strong data-start=\"4851\" data-end=\"4897\">odr\u017eati Elite status 3 mjeseca.<\/strong><br data-start=\"4897\" data-end=\"4900\" \/>Podr\u017eavamo to svaki dan.<br data-start=\"4931\" data-end=\"4934\" \/>Ako uspijete, <strong data-start=\"4949\" data-end=\"4991\">otvorit \u0107e vam se put do toga da postanete ambasador brenda<\/strong> i mo\u017eete zapo\u010deti potpunu promjenu na\u010dina \u017eivota.<\/p>\n<p data-start=\"5036\" data-end=\"5154\">\ud83d\udcbc Elitna razina nije samo stvar prihoda \u2013 <strong data-start=\"5072\" data-end=\"5085\">to je na\u010din \u017eivota<\/strong> .<br data-start=\"5086\" data-end=\"5089\" \/>\ud83c\udf93 Ne samo model \u2013 <strong data-start=\"5109\" data-end=\"5119\">vo\u0111a<\/strong> .<br data-start=\"5120\" data-end=\"5123\" \/>\ud83d\udc8e Ne samo poklon \u2013 <strong data-start=\"5142\" data-end=\"5153\">naslje\u0111e<\/strong> .<\/p>\n<p data-start=\"5156\" data-end=\"5239\"><strong data-start=\"5156\" data-end=\"5239\">Dobrodo\u0161li na elitnu razinu. Odavde se ne morate osvrtati \u2013 ve\u0107 trebate i\u0107i naprijed. <\/strong><\/p>\n<p>[\/vc_cta][\/vc_column][\/vc_row][vc_row][vc_column][vc_empty_space][\/vc_column][\/vc_row][vc_row][vc_column][vc_column_text css=\"\"]<\/p>\n<div style=\"background-color: #f4f1ee; padding: 40px; border-radius: 16px; font-family: sans-serif;\">\n<h2 style=\"color: #8d6e63; text-align: center; font-size: 28px; margin-bottom: 20px;\">\ud83d\udd31 4. elitna razina<\/h2>\n<p style=\"font-size: 16px; line-height: 1.7; text-align: center; max-width: 1000px; margin: 0 auto;\">U\u0161li ste u Elite razinu \u2013 vrhunac <strong>va\u0161e Elite2You karijere digitalnog modelinga<\/strong> . Ova razina nagra\u0111uje iznimne performanse, dugoro\u010dnu predanost i apsolutno luksuzan na\u010din \u017eivota. Samo oni koji, nakon \u0161to dosegnu Elite razinu,<br \/>\n<strong>odr\u017eavati mjese\u010dni bruto prihod ve\u0107i od 250.000 USD tijekom najmanje 3 mjeseca<\/strong> i izvanredno predstavljati vrijednosti i brend agencije.<\/p>\n<div style=\"margin-top: 40px;\">\n<h3 style=\"color: #444;\">\ud83d\udc51 \u0160to zna\u010di Elitna razina?<\/h3>\n<ul style=\"line-height: 1.8; padding-left: 20px;\">\n<li>Ulaz u zatvoreni elitni klub modela, dostupan samo uz pozivnicu<\/li>\n<li>Liderski status u oblikovanju imid\u017ea brenda<\/li>\n<li>Mogu\u0107nost sudjelovanja u me\u0111unarodnim kampanjama i ekskluzivnim kastingima<\/li>\n<li>Posve\u0107eni asistent i osobni brend menad\u017eer<\/li>\n<li>Sudjelovanje u godi\u0161njem luksuznom odmoru Elite2You<\/li>\n<\/ul>\n<\/div>\n<div style=\"margin-top: 40px;\">\n<h3 style=\"color: #444;\">\ud83c\udf81 Dodatne pogodnosti i bonus pokloni:<\/h3>\n<ul style=\"line-height: 1.8; padding-left: 20px;\">\n<li>Limitirano izdanje poklon paketa za svaku godi\u0161njicu<\/li>\n<li>VIP putovanja (npr. Dubai, Bali, Monako \u2013 svi tro\u0161kovi uklju\u010deni)<\/li>\n<li>Ekskluzivna fotografiranja s vrhunskim me\u0111unarodnim fotografima<\/li>\n<li>Va\u0161 osobni stilist i tim ljepote<\/li>\n<li>2 dizajnerske kolekcije odje\u0107e godi\u0161nje kao poklon (od marki po va\u0161em izboru)<\/li>\n<li>Privatni wellness vikendi \u2013 s personaliziranim paketom regeneracije<\/li>\n<\/ul>\n<\/div>\n<div style=\"margin-top: 40px;\">\n<h3 style=\"color: #444;\">\ud83d\udcbc Financijske i poslovne pogodnosti:<\/h3>\n<ul style=\"line-height: 1.8; padding-left: 20px;\">\n<li>Daljnje \u0161irenje vlastitog poslovanja: mogu\u0107nost licenciranja robne marke<\/li>\n<li>Kontinuirano financijsko mentorstvo i savjeti o upravljanju imovinom<\/li>\n<li><strong>Ekskluzivna Elite2You crna kreditna kartica \u2013 s limitom od 50.000 USD \/ mjese\u010dno<\/strong><\/li>\n<li>Avansna pla\u0107anja \u2013 ne morate \u010dekati do kraja obra\u010duna<\/li>\n<\/ul>\n<\/div>\n<div style=\"margin-top: 40px;\">\n<h3 style=\"color: #444;\">\ud83c\udf0d Me\u0111unarodna prisutnost i odnosi s javno\u0161\u0107u:<\/h3>\n<ul style=\"line-height: 1.8; padding-left: 20px;\">\n<li>Redovito pojavljivanje u me\u0111unarodnim \u010dasopisima (Elle, Forbes, Vogue)<\/li>\n<li>Vlastiti PR tim i voditelj odnosa s javno\u0161\u0107u<\/li>\n<li>Pozivnice za zatvorene profesionalne doga\u0111aje, doga\u0111aje s crvenim tepihom<\/li>\n<li>Intervjui, nastupi u podcastima, prilike za javni nastup<\/li>\n<\/ul>\n<\/div>\n<div style=\"margin-top: 40px;\">\n<h3 style=\"color: #444;\">\u2696\ufe0f O\u010dekivanja na elitnoj razini:<\/h3>\n<ul style=\"line-height: 1.8; padding-left: 20px;\">\n<li>Mjese\u010dni prihod ve\u0107i od 250.000 USD tijekom najmanje 3 mjeseca neprekidno<\/li>\n<li>Visokokvalitetna produkcija sadr\u017eaja koja odgovara va\u0161em brendu<\/li>\n<li>Aktivno sudjelovanje u strategiji brenda agencije<\/li>\n<li>Eti\u010dna, inspirativna i uzorna online prisutnost<\/li>\n<\/ul>\n<\/div>\n<div style=\"margin-top: 40px;\">\n<h3 style=\"color: #444;\">\ud83d\ude80 Va\u0161a misija na elitnoj razini:<\/h3>\n<p style=\"line-height: 1.7;\">Na elitnoj razini niste samo model \u2013 <strong>vi ste inspirativni uzor, ambasador brenda i vo\u0111a<\/strong> . Cilj je ste\u0107i me\u0111unarodno <strong>priznanje i autoritet<\/strong> te izgraditi stil \u017eivota koji je motiviraju\u0107i i ostvariv san za druge. Ovdje va\u0161e putovanje postaje legendarno \u2013 kao vode\u0107i model Elite2You.<\/p>\n<\/div>\n<\/div>\n<p>[\/vc_column_text][\/vc_column][\/vc_row][vc_row][vc_column][vc_column_text]<!-- GOMB --><\/p>\n<div style=\"text-align: center; margin-top: 30px;\"><a style=\"display: inline-block; background-color: #9c27b0; color: white; padding: 14px 32px; font-size: 16px; font-weight: 600; border-radius: 8px; text-decoration: none; box-shadow: 0 4px 12px rgba(0,0,0,0.15); transition: background-color 0.3s ease;\" href=\"https:\/\/forms.gle\/i1cSvQBmoRFt7Scq5\" target=\"_blank\" rel=\"noopener\"><br \/>\nOvo je moj put! Ulazim u elitnu razinu!<br \/>\n<\/a><\/div>\n<p>[\/vc_column_text][\/vc_column][\/vc_row][vc_row][vc_column][vc_raw_html css=\"\"]JTNDJTIxLS0lMjBLb25mZXR0aSUyMEpTJTIwYmV0JUMzJUI2bHQlQzMlQTlzZSUyMC0tJTNFJTBEJTBBJTNDc2NyaXB0JTIwc3JjJTNEJTIyaHR0cHMlM0ElMkYlMkZjZG4uanNkZWxpdnIubmV0JTJGbnBtJTJGY2FudmFzLWNvbmZldHRpJTQwMS42LjAlMkZkaXN0JTJGY29uZmV0dGkuYnJvd3Nlci5taW4uanMlMjIlM0UlM0MlMkZzY3JpcHQlM0UlMEQlMEElMEQlMEElM0NzY3JpcHQlM0UlMEQlMEElMjAlMjBkb2N1bWVudC5hZGRFdmVudExpc3RlbmVyJTI4JTI3RE9NQ29udGVudExvYWRlZCUyNyUyQyUyMGZ1bmN0aW9uJTIwJTI4JTI5JTIwJTdCJTBEJTBBJTIwJTIwJTIwJTIwJTJGJTJGJTIwRnVzc29uJTIwYSUyMG1hZ3lhciUyQyUyMGFuZ29sJTIwJUMzJUE5cyUyMGhvcnYlQzMlQTF0JTIwb2xkYWxvbiUyMGlzJTBEJTBBJTIwJTIwJTIwJTIwY29uc3QlMjB0cmlnZ2VycyUyMCUzRCUyMCU1QiUyNyUyRmVsaXRlLXN6aW50JTI3JTJDJTIwJTI3JTJGZWxpdGUtbGV2ZWwlMkYlMjclMkMlMjAlMjclMkZlbGl0bmEtcmF6aW5hJTJGJTI3JTVEJTNCJTBEJTBBJTIwJTIwJTIwJTIwY29uc3QlMjBoaXQlMjAlM0QlMjB0cmlnZ2Vycy5zb21lJTI4dCUyMCUzRCUzRSUyMHdpbmRvdy5sb2NhdGlvbi5ocmVmLmluY2x1ZGVzJTI4dCUyOSUyOSUzQiUwRCUwQSUwRCUwQSUyMCUyMCUyMCUyMGlmJTIwJTI4aGl0JTI5JTIwJTdCJTBEJTBBJTIwJTIwJTIwJTIwJTIwJTIwY29uZmV0dGklMjglN0IlMEQlMEElMjAlMjAlMjAlMjAlMjAlMjAlMjAlMjBwYXJ0aWNsZUNvdW50JTNBJTIwMjAwJTJDJTBEJTBBJTIwJTIwJTIwJTIwJTIwJTIwJTIwJTIwc3ByZWFkJTNBJTIwMTAwJTJDJTBEJTBBJTIwJTIwJTIwJTIwJTIwJTIwJTIwJTIwb3JpZ2luJTNBJTIwJTdCJTIweSUzQSUyMDAuNiUyMCU3RCUwRCUwQSUyMCUyMCUyMCUyMCUyMCUyMCU3RCUyOSUzQiUwRCUwQSUwRCUwQSUyMCUyMCUyMCUyMCUyMCUyMGNvbnN0JTIwZHVyYXRpb24lMjAlM0QlMjA1MDAwJTNCJTBEJTBBJTIwJTIwJTIwJTIwJTIwJTIwY29uc3QlMjBlbmQlMjAlM0QlMjBEYXRlLm5vdyUyOCUyOSUyMCUyQiUyMGR1cmF0aW9uJTNCJTBEJTBBJTBEJTBBJTIwJTIwJTIwJTIwJTIwJTIwJTI4ZnVuY3Rpb24lMjBmcmFtZSUyOCUyOSUyMCU3QiUwRCUwQSUyMCUyMCUyMCUyMCUyMCUyMCUyMCUyMGNvbmZldHRpJTI4JTdCJTBEJTBBJTIwJTIwJTIwJTIwJTIwJTIwJTIwJTIwJTIwJTIwcGFydGljbGVDb3VudCUzQSUyMDQlMkMlMEQlMEElMjAlMjAlMjAlMjAlMjAlMjAlMjAlMjAlMjAlMjBhbmdsZSUzQSUyMDYwJTJDJTBEJTBBJTIwJTIwJTIwJTIwJTIwJTIwJTIwJTIwJTIwJTIwc3ByZWFkJTNBJTIwNTUlMkMlMEQlMEElMjAlMjAlMjAlMjAlMjAlMjAlMjAlMjAlMjAlMjBvcmlnaW4lM0ElMjAlN0IlMjB4JTNBJTIwMCUyMCU3RCUwRCUwQSUyMCUyMCUyMCUyMCUyMCUyMCUyMCUyMCU3RCUyOSUzQiUwRCUwQSUyMCUyMCUyMCUyMCUyMCUyMCUyMCUyMGNvbmZldHRpJTI4JTdCJTBEJTBBJTIwJTIwJTIwJTIwJTIwJTIwJTIwJTIwJTIwJTIwcGFydGljbGVDb3VudCUzQSUyMDQlMkMlMEQlMEElMjAlMjAlMjAlMjAlMjAlMjAlMjAlMjAlMjAlMjBhbmdsZSUzQSUyMDEyMCUyQyUwRCUwQSUyMCUyMCUyMCUyMCUyMCUyMCUyMCUyMCUyMCUyMHNwcmVhZCUzQSUyMDU1JTJDJTBEJTBBJTIwJTIwJTIwJTIwJTIwJTIwJTIwJTIwJTIwJTIwb3JpZ2luJTNBJTIwJTdCJTIweCUzQSUyMDElMjAlN0QlMEQlMEElMjAlMjAlMjAlMjAlMjAlMjAlMjAlMjAlN0QlMjklM0IlMEQlMEElMEQlMEElMjAlMjAlMjAlMjAlMjAlMjAlMjAlMjBpZiUyMCUyOERhdGUubm93JTI4JTI5JTIwJTNDJTIwZW5kJTI5JTIwJTdCJTBEJTBBJTIwJTIwJTIwJTIwJTIwJTIwJTIwJTIwJTIwJTIwcmVxdWVzdEFuaW1hdGlvbkZyYW1lJTI4ZnJhbWUlMjklM0IlMEQlMEElMjAlMjAlMjAlMjAlMjAlMjAlMjAlMjAlN0QlMEQlMEElMjAlMjAlMjAlMjAlMjAlMjAlN0QlMjklMjglMjklM0IlMEQlMEElMjAlMjAlMjAlMjAlN0QlMEQlMEElMjAlMjAlN0QlMjklM0IlMEQlMEElM0MlMkZzY3JpcHQlM0UlMEQlMEE=[\/vc_raw_html][\/vc_column][\/vc_row]<\/p>\n<\/div>","protected":false},"excerpt":{"rendered":"<p>[vc_row][vc_column][vc_cta h2=\"\ud83c\udf89 \u010cestitamo! U\u0161li ste u elitu.\" txt_align=\"center\"] Ve\u0107 si postigla ono o \u010demu mnogi sanjaju: izgradila si stabilnu, neovisnu &hellip; <a href=\"https:\/\/elite2you.com\/hr\/elitna-razina\/\" class=\"more-link\">Continue reading <span class=\"screen-reader-text\">Elitna razina<\/span><\/a><\/p>\n","protected":false},"author":5,"featured_media":0,"parent":0,"menu_order":0,"comment_status":"closed","ping_status":"closed","template":"","meta":{"_monsterinsights_skip_tracking":false,"_monsterinsights_sitenote_active":false,"_monsterinsights_sitenote_note":"","_monsterinsights_sitenote_category":0,"footnotes":""},"class_list":["post-21710","page","type-page","status-publish","hentry"],"_links":{"self":[{"href":"https:\/\/elite2you.com\/hr\/wp-json\/wp\/v2\/pages\/21710","targetHints":{"allow":["GET"]}}],"collection":[{"href":"https:\/\/elite2you.com\/hr\/wp-json\/wp\/v2\/pages"}],"about":[{"href":"https:\/\/elite2you.com\/hr\/wp-json\/wp\/v2\/types\/page"}],"author":[{"embeddable":true,"href":"https:\/\/elite2you.com\/hr\/wp-json\/wp\/v2\/users\/5"}],"replies":[{"embeddable":true,"href":"https:\/\/elite2you.com\/hr\/wp-json\/wp\/v2\/comments?post=21710"}],"version-history":[{"count":4,"href":"https:\/\/elite2you.com\/hr\/wp-json\/wp\/v2\/pages\/21710\/revisions"}],"predecessor-version":[{"id":22479,"href":"https:\/\/elite2you.com\/hr\/wp-json\/wp\/v2\/pages\/21710\/revisions\/22479"}],"wp:attachment":[{"href":"https:\/\/elite2you.com\/hr\/wp-json\/wp\/v2\/media?parent=21710"}],"curies":[{"name":"wp","href":"https:\/\/api.w.org\/{rel}","templated":true}]}}