{"id":21736,"date":"2024-06-07T19:14:24","date_gmt":"2024-06-07T19:14:24","guid":{"rendered":"https:\/\/elite2you.com\/opci-uvjeti-koristenja\/"},"modified":"2025-07-09T22:41:04","modified_gmt":"2025-07-09T22:41:04","slug":"opci-uvjeti-koristenja","status":"publish","type":"page","link":"https:\/\/elite2you.com\/hr\/opci-uvjeti-koristenja\/","title":{"rendered":"Op\u0107i uvjeti kori\u0161tenja"},"content":{"rendered":"<div class=\"wpb-content-wrapper\"><p>[vc_row][vc_column][vc_column_text]<\/p>\n<p data-pm-slice=\"1 1 []\"><strong>Op\u0107i uvjeti i odredbe<\/strong><\/p>\n<p><strong>Datum stupanja na snagu: 14. travnja 2024. <\/strong><\/p>\n<p>Molimo pa\u017eljivo pro\u010ditajte ove Uvjete i odredbe (\u201eUvjeti\u201c) prije kori\u0161tenja web stranice ili usluga agencije Elite2You Digital Model Agency. Pristupom i kori\u0161tenjem web stranice pristajete na ove uvjete i odredbe. Ako se ne sla\u017eete s uvjetima i odredbama, molimo vas da ne koristite na\u0161u web stranicu ili usluge.  <\/p>\n<div>\n<hr>\n<\/div>\n<h3><strong>1. Usluge<\/strong><\/h3>\n<p><strong>Agencija za digitalnu modu Elite2You<\/strong> specijalizirana je za upravljanje kreatorima online sadr\u017eaja i influencerima. Na\u0161e usluge uklju\u010duju, ali nisu ograni\u010dene na: <\/p>\n<ul data-spread=\"false\">\n<li>Posredovanje i upravljanje modelima i influencerima<\/li>\n<li>Priprema ugovora<\/li>\n<li>Organiziranje digitalnih kampanja<\/li>\n<li>Marketin\u0161ke i PR usluge<\/li>\n<\/ul>\n<p>Dostupnost Usluga mo\u017ee se periodi\u010dno mijenjati i Elite2You zadr\u017eava pravo izmjene ili ukidanja istih u bilo kojem trenutku.<\/p>\n<div>\n<hr>\n<\/div>\n<h3><strong>2. Registracija i odgovornost korisnika<\/strong><\/h3>\n<p>Za potpuno kori\u0161tenje usluga mo\u017ee biti potrebna registracija. Podaci navedeni tijekom registracije moraju biti to\u010dni, potpuni i a\u017eurni. Korisnik je odgovoran za sigurnost i a\u017eurnost navedenih podataka.  <\/p>\n<p>Korisnik nije ovla\u0161ten za:<\/p>\n<ul data-spread=\"false\">\n<li>Pru\u017eanje la\u017enih ili obmanjuju\u0107ih informacija<\/li>\n<li>Neovla\u0161teni pristup podacima drugih osoba<\/li>\n<li>Kori\u0161tenje web stranice za ilegalne aktivnosti<\/li>\n<\/ul>\n<p>Elite2You zadr\u017eava pravo ukinuti ili suspendirati korisni\u010dke ra\u010dune koji kr\u0161e ove uvjete.<\/p>\n<div>\n<hr>\n<\/div>\n<h3><strong>3. Zaklju\u010divanje ugovora i uvjeti pla\u0107anja<\/strong><\/h3>\n<p>Za odre\u0111ene usluge potreban je ugovor i pla\u0107anje naknade. Uvjeti pla\u0107anja uklju\u010deni su pojedina\u010dno u svaki ugovor. <\/p>\n<p>Korisnik se sla\u017ee da:<\/p>\n<ul data-spread=\"false\">\n<li>Pla\u0107anja vr\u0161i na vrijeme<\/li>\n<li>Povrat naknada mogu\u0107 je samo prema uvjetima pojedina\u010dnih ugovora.<\/li>\n<\/ul>\n<div>\n<hr>\n<\/div>\n<h3><strong>4. Za\u0161tita i sigurnost podataka<\/strong><\/h3>\n<p>Elite2You po\u0161tuje osobne podatke svojih korisnika, \u0161to je detaljno opisano u <strong>Pravilima o privatnosti<\/strong> . Koristimo odgovaraju\u0107e tehni\u010dke i organizacijske mjere kako bismo osigurali sigurnost podataka. <\/p>\n<div>\n<hr>\n<\/div>\n<h3><strong>5. Odricanje od odgovornosti<\/strong><\/h3>\n<p>Elite2You nije odgovoran za:<\/p>\n<ul data-spread=\"false\">\n<li>Za privremenu nedostupnost usluga<\/li>\n<li>Za \u0161tete uzrokovane tre\u0107im osobama<\/li>\n<li>Za zloupotrebu korisnika<\/li>\n<\/ul>\n<div>\n<hr>\n<\/div>\n<h3><strong>6. Izmjene i pridr\u017eavanje prava<\/strong><\/h3>\n<p>Elite2You zadr\u017eava pravo izmjene ovih Uvjeta u bilo kojem trenutku. Promjene \u0107e biti objavljene na web stranici. <\/p>\n<div>\n<hr>\n<\/div>\n<h3><strong>7. Kontakt<\/strong><\/h3>\n<p>Ako imate bilo kakvih pitanja, molimo kontaktirajte nas:<\/p>\n<p><strong>E-po\u0161ta:<\/strong> <a>info@elite2you.com<\/a><br \/>\n<strong>Telefon:<\/strong> +(36) 70-723-87-11<\/p>\n<p>Ovi <strong>Op\u0107i uvjeti<\/strong> slu\u017ee kao osnova za pravni odnos izme\u0111u agencije za digitalne modele Elite2You i njezinih korisnika.[\/vc_column_text][\/vc_column][\/vc_row]<\/p>\n<\/div>","protected":false},"excerpt":{"rendered":"<p>[vc_row][vc_column][vc_column_text] Op\u0107i uvjeti i odredbe Datum stupanja na snagu: 14. travnja 2024. Molimo pa\u017eljivo pro\u010ditajte ove Uvjete i odredbe (\u201eUvjeti\u201c) &hellip; <a href=\"https:\/\/elite2you.com\/hr\/opci-uvjeti-koristenja\/\" class=\"more-link\">Continue reading <span class=\"screen-reader-text\">Op\u0107i uvjeti kori\u0161tenja<\/span><\/a><\/p>\n","protected":false},"author":5,"featured_media":0,"parent":0,"menu_order":0,"comment_status":"closed","ping_status":"closed","template":"","meta":{"_monsterinsights_skip_tracking":false,"_monsterinsights_sitenote_active":false,"_monsterinsights_sitenote_note":"","_monsterinsights_sitenote_category":0,"footnotes":""},"class_list":["post-21736","page","type-page","status-publish","hentry"],"_links":{"self":[{"href":"https:\/\/elite2you.com\/hr\/wp-json\/wp\/v2\/pages\/21736","targetHints":{"allow":["GET"]}}],"collection":[{"href":"https:\/\/elite2you.com\/hr\/wp-json\/wp\/v2\/pages"}],"about":[{"href":"https:\/\/elite2you.com\/hr\/wp-json\/wp\/v2\/types\/page"}],"author":[{"embeddable":true,"href":"https:\/\/elite2you.com\/hr\/wp-json\/wp\/v2\/users\/5"}],"replies":[{"embeddable":true,"href":"https:\/\/elite2you.com\/hr\/wp-json\/wp\/v2\/comments?post=21736"}],"version-history":[{"count":6,"href":"https:\/\/elite2you.com\/hr\/wp-json\/wp\/v2\/pages\/21736\/revisions"}],"predecessor-version":[{"id":21746,"href":"https:\/\/elite2you.com\/hr\/wp-json\/wp\/v2\/pages\/21736\/revisions\/21746"}],"wp:attachment":[{"href":"https:\/\/elite2you.com\/hr\/wp-json\/wp\/v2\/media?parent=21736"}],"curies":[{"name":"wp","href":"https:\/\/api.w.org\/{rel}","templated":true}]}}