{"id":21744,"date":"2015-08-20T15:58:27","date_gmt":"2015-08-20T15:58:27","guid":{"rendered":"https:\/\/elite2you.com\/budi-i-ti-model-model\/"},"modified":"2025-08-16T18:16:40","modified_gmt":"2025-08-16T18:16:40","slug":"budi-i-ti-model-model","status":"publish","type":"page","link":"https:\/\/elite2you.com\/hr\/budi-i-ti-model-model\/","title":{"rendered":"Postani model"},"content":{"rendered":"<div class=\"wpb-content-wrapper\"><p>[vc_row][vc_column][vc_column_text]<\/p>\n<h3 class=\"\" style=\"text-align: center;\" data-start=\"341\" data-end=\"400\">Otkrijte novu dimenziju svoje karijere digitalnog modelinga na Onlyfans\/Elite2Fans!<\/h3>\n<ul>\n<li data-start=\"404\" data-end=\"605\">Jeste li umorni od toga da sve morate rje\u0161avati sami?<\/li>\n<\/ul>\n<ul>\n<li data-start=\"404\" data-end=\"605\"><strong>\u017delite li zapo\u010deti vlastitu karijeru na OnlyFansu<\/strong> , ali ne znate kako zapo\u010deti?<\/li>\n<\/ul>\n<ul>\n<li data-start=\"404\" data-end=\"605\">Ili ste ve\u0107 aktivni, ali <strong>vam nedostaje stru\u010dna podr\u0161ka?<\/strong><\/li>\n<\/ul>\n<p class=\"\" data-start=\"607\" data-end=\"826\"><strong data-start=\"610\" data-end=\"623\">Elite2You<\/strong> nije prosje\u010dna agencija za upravljanje Onlyfansima. Nudimo <strong data-start=\"666\" data-end=\"708\">kompletan program digitalne karijere<\/strong> za one koji \u017eele dugoro\u010dno, sigurno i profesionalno izgraditi vlastitu karijeru u stvaranju sadr\u017eaja na Onlyfansima.<\/p>\n<hr class=\"\" data-start=\"1390\" data-end=\"1393\" \/>\n<h3 class=\"\" data-start=\"1395\" data-end=\"1417\">\ud83c\udfaf Kome ga preporu\u010dujemo?<\/h3>\n<ul data-start=\"1419\" data-end=\"1758\">\n<li class=\"\" data-start=\"1419\" data-end=\"1504\">\n<p class=\"\" data-start=\"1421\" data-end=\"1504\">Za potpune po\u010detnike koji \u017eele zapo\u010deti <strong data-start=\"1446\" data-end=\"1479\">na siguran i diskretan na\u010din<\/strong> .<\/p>\n<\/li>\n<li class=\"\" data-start=\"1505\" data-end=\"1571\">\n<p class=\"\" data-start=\"1507\" data-end=\"1571\">Za aktivne kreatore sadr\u017eaja koji \u017eele <strong data-start=\"1551\" data-end=\"1568\">podi\u0107i svoje vje\u0161tine na vi\u0161u razinu<\/strong> .<\/p>\n<\/li>\n<li class=\"\" data-start=\"1572\" data-end=\"1665\">\n<p class=\"\" data-start=\"1574\" data-end=\"1665\">Za one koji <strong data-start=\"1591\" data-end=\"1637\">se \u017eele usredoto\u010diti samo na sadr\u017eaj<\/strong> , a ostalo prepustiti nama.<\/p>\n<\/li>\n<li class=\"\" data-start=\"1666\" data-end=\"1758\">\n<p class=\"\" data-start=\"1668\" data-end=\"1758\">Oni koji planiraju dugoro\u010dno i \u017eele sura\u0111ivati \u200b\u200bsa <strong data-start=\"1704\" data-end=\"1736\">stabilnim i transparentnim partnerom<\/strong> .<\/p>\n<\/li>\n<li data-start=\"1666\" data-end=\"1758\">Oni koji <strong>\u017eele zaraditi jo\u0161 vi\u0161e novca<\/strong><\/li>\n<\/ul>\n<hr class=\"\" data-start=\"1760\" data-end=\"1763\" \/>\n<h3 class=\"\" data-start=\"1765\" data-end=\"1818\">\ud83d\ude80 Ljestvica karijere: Student \u2192 Po\u010detnik \u2192 Napredni \u2192 Profesionalac<\/h3>\n<p class=\"\" data-start=\"1820\" data-end=\"1990\">Na\u0161 jedinstveni program karijere vodi vas korak po korak na tom putu. S nama <strong data-start=\"1890\" data-end=\"1933\">ne\u0107ete biti samo model \u2013 izgradit \u0107ete brend<\/strong> , a istovremeno \u0107ete primati financijsku, pravnu i obrazovnu podr\u0161ku.<\/p>\n<p class=\"\" data-start=\"1992\" data-end=\"2048\"><strong data-start=\"1992\" data-end=\"2048\">Uspjeh ne ovisi o slu\u010daju \u2013 ovisi o strategiji.<\/strong><\/p>\n<hr class=\"\" data-start=\"2050\" data-end=\"2053\" \/>\n<h3 class=\"\" data-start=\"2055\" data-end=\"2119\">\ud83d\udce9 Prijavite se odmah \u2013 prvi razgovor je potpuno besplatan!<\/h3>\n<p class=\"\" data-start=\"2121\" data-end=\"2254\">Ne name\u0107emo vam ugovor. Prvo razgovaramo. Upoznajemo va\u0161e ciljeve, va\u0161a ograni\u010denja i <strong data-start=\"2219\" data-end=\"2253\">kako vam stvarno mo\u017eemo pomo\u0107i<\/strong> .<\/p>\n<p class=\"\" data-start=\"2256\" data-end=\"2323\">\ud83d\udc49 Ispunite prijavnicu ispod i u\u0111ite u svijet Elite2You!<\/p>\n<h3><\/h3>\n<h3>Tra\u017eimo:<\/h3>\n<ul>\n<li>\u017denski modeli: 18-45 godina, 150-210 cm visine<\/li>\n<\/ul>\n<p>&nbsp;<\/p>\n<h2>Ispunite obrazac:<\/h2>\n<p>[\/vc_column_text][\/vc_column][\/vc_row][vc_row css=\".vc_custom_1751149147947{background-color: #d1d1d1 !important;}\"][vc_column]\n<div class=\"wpcf7 no-js\" id=\"wpcf7-f21776-o1\" lang=\"hr\" dir=\"ltr\" data-wpcf7-id=\"21776\">\n<div class=\"screen-reader-response\"><p role=\"status\" aria-live=\"polite\" aria-atomic=\"true\"><\/p> <ul><\/ul><\/div>\n<form action=\"\/hr\/wp-json\/wp\/v2\/pages\/21744#wpcf7-f21776-o1\" method=\"post\" class=\"wpcf7-form init\" aria-label=\"Kontakt obrazac\" enctype=\"multipart\/form-data\" novalidate=\"novalidate\" data-status=\"init\">\n<fieldset class=\"hidden-fields-container\"><input type=\"hidden\" name=\"_wpcf7\" value=\"21776\" \/><input type=\"hidden\" name=\"_wpcf7_version\" value=\"6.1.5\" \/><input type=\"hidden\" name=\"_wpcf7_locale\" value=\"hr\" \/><input type=\"hidden\" name=\"_wpcf7_unit_tag\" value=\"wpcf7-f21776-o1\" \/><input type=\"hidden\" name=\"_wpcf7_container_post\" value=\"0\" \/><input type=\"hidden\" name=\"_wpcf7_posted_data_hash\" value=\"\" \/>\n<\/fieldset>\n<div class=\"divider hidden\">\n<\/div>\n<h3>Osobni podaci\n<\/h3>\n<div class=\"row\">\n\t<div class=\"col s12 m6\">\n\t\t<p><span class=\"wpcf7-form-control-wrap\" data-name=\"first_name\"><input size=\"40\" maxlength=\"400\" class=\"wpcf7-form-control wpcf7-text wpcf7-validates-as-required\" aria-required=\"true\" aria-invalid=\"false\" placeholder=\"Va\u0161e prezime\" value=\"\" type=\"text\" name=\"first_name\" \/><\/span>\n\t\t<\/p>\n\t<\/div>\n\t<div class=\"col s12 m6\">\n\t\t<p><span class=\"wpcf7-form-control-wrap\" data-name=\"last_name\"><input size=\"40\" maxlength=\"400\" class=\"wpcf7-form-control wpcf7-text wpcf7-validates-as-required\" aria-required=\"true\" aria-invalid=\"false\" placeholder=\"Va\u0161e prezime\" value=\"\" type=\"text\" name=\"last_name\" \/><\/span>\n\t\t<\/p>\n\t<\/div>\n<\/div>\n<div class=\"row\">\n\t<div class=\"col s12 m6\">\n\t\t<p><span class=\"wpcf7-form-control-wrap\" data-name=\"rezervirano\"><input size=\"40\" maxlength=\"400\" class=\"wpcf7-form-control wpcf7-text wpcf7-validates-as-required\" aria-required=\"true\" aria-invalid=\"false\" value=\"Tvoje godine\" type=\"text\" name=\"rezervirano\" \/><\/span>\n\t\t<\/p>\n\t<\/div>\n\t<div class=\"col s12 m6\">\n\t\t<p><span class=\"wpcf7-form-control-wrap\" data-name=\"spol\"><select class=\"wpcf7-form-control wpcf7-select wpcf7-validates-as-required\" aria-required=\"true\" aria-invalid=\"false\" name=\"spol\"><option value=\"Spol\">Spol<\/option><option value=\"\u010covjek\">\u010covjek<\/option><option value=\"\u017dena\">\u017dena<\/option><\/select><\/span>\n\t\t<\/p>\n\t<\/div>\n<\/div>\n<div class=\"row\">\n\t<div class=\"col s12 m6\">\n\t\t<p><span class=\"wpcf7-form-control-wrap\" data-name=\"rezervirano\"><input size=\"40\" maxlength=\"400\" class=\"wpcf7-form-control wpcf7-text wpcf7-validates-as-required\" aria-required=\"true\" aria-invalid=\"false\" value=\"Va\u0161e dr\u017eavljanstvo\" type=\"text\" name=\"rezervirano\" \/><\/span>\n\t\t<\/p>\n\t<\/div>\n\t<div class=\"col s12 m6\">\n\t\t<p><span class=\"wpcf7-form-control-wrap\" data-name=\"jezici\"><input size=\"40\" maxlength=\"400\" class=\"wpcf7-form-control wpcf7-text wpcf7-validates-as-required\" aria-required=\"true\" aria-invalid=\"false\" value=\"Va\u0161 materinji jezik\" type=\"text\" name=\"jezici\" \/><\/span>\n\t\t<\/p>\n\t<\/div>\n<\/div>\n<div class=\"divider hidden\">\n<\/div>\n<h3>Kontaktni podaci\n<\/h3>\n<div class=\"row\">\n\t<div class=\"col s12 m6\">\n\t\t<p>[email* rezervirano mjesto za e-po\u0161tu \"Va\u0161a adresa e-po\u0161te\"]\n\t\t<\/p>\n\t<\/div>\n\t<div class=\"col s12 m6\">\n\t\t<p>[s rezerviranim mjestom za telefon wpmlcf7-8*]<br \/>\nVa\u0161 broj telefona<br \/>\n[\/wpmlcf7-8-tel]\n\t\t<\/p>\n\t<\/div>\n<\/div>\n<div class=\"row\">\n\t<div class=\"col s12 m6\">\n\t\t<p><span class=\"wpcf7-form-control-wrap\" data-name=\"rezervirano\"><input size=\"40\" maxlength=\"400\" class=\"wpcf7-form-control wpcf7-text wpcf7-validates-as-required\" aria-required=\"true\" aria-invalid=\"false\" value=\"Grad u kojem \u017eivite\" type=\"text\" name=\"rezervirano\" \/><\/span>\n\t\t<\/p>\n\t<\/div>\n\t<div class=\"col s12 m6\">\n\t\t<p>[text* rezervirano mjesto za dr\u017eavu \"Zemlja u kojoj \u017eivite\"]\n\t\t<\/p>\n\t<\/div>\n<\/div>\n<div class=\"row\">\n\t<div class=\"col s12 m6\">\n\t\t<p><span class=\"wpcf7-form-control-wrap\" data-name=\"website\"><input size=\"40\" maxlength=\"400\" class=\"wpcf7-form-control wpcf7-text\" aria-invalid=\"false\" placeholder=\"Va\u0161a web stranica\" value=\"\" type=\"text\" name=\"website\" \/><\/span>\n\t\t<\/p>\n\t<\/div>\n\t<div class=\"col s12 m6\">\n\t\t<p><span class=\"wpcf7-form-control-wrap\" data-name=\"rezervirano\"><input size=\"40\" maxlength=\"400\" class=\"wpcf7-form-control wpcf7-text wpcf7-validates-as-required\" aria-required=\"true\" aria-invalid=\"false\" value=\"@facebook\" type=\"text\" name=\"rezervirano\" \/><\/span>\n\t\t<\/p>\n\t<\/div>\n<\/div>\n<div class=\"row\">\n\t<div class=\"col s12 m6\">\n\t\t<p><span class=\"wpcf7-form-control-wrap\" data-name=\"rezervirano\"><input size=\"40\" maxlength=\"400\" class=\"wpcf7-form-control wpcf7-text wpcf7-validates-as-required\" aria-required=\"true\" aria-invalid=\"false\" value=\"@instagram\" type=\"text\" name=\"rezervirano\" \/><\/span>\n\t\t<\/p>\n\t<\/div>\n\t<div class=\"col s12 m6\">\n\t\t<p><span class=\"wpcf7-form-control-wrap\" data-name=\"onlyfans\"><input size=\"40\" maxlength=\"400\" class=\"wpcf7-form-control wpcf7-text\" aria-invalid=\"false\" placeholder=\"@onlyfans\" value=\"\" type=\"text\" name=\"onlyfans\" \/><\/span>\n\t\t<\/p>\n\t<\/div>\n<\/div>\n<div class=\"divider hidden\">\n<\/div>\n<h3>Informacije o modeliranju\n<\/h3>\n<div class=\"row\">\n\t<div class=\"col s12 m6\">\n\t\t<p><span class=\"wpcf7-form-control-wrap\" data-name=\"rezervirano\"><input size=\"40\" maxlength=\"400\" class=\"wpcf7-form-control wpcf7-text wpcf7-validates-as-required\" aria-required=\"true\" aria-invalid=\"false\" value=\"Va\u0161a visina, cm\" type=\"text\" name=\"rezervirano\" \/><\/span>\n\t\t<\/p>\n\t<\/div>\n\t<div class=\"col s12 m6\">\n\t\t<p>[text* rezervirano mjesto za te\u017einu \"Va\u0161a te\u017eina, kg\"]\n\t\t<\/p>\n\t<\/div>\n<\/div>\n<div class=\"row\">\n\t<div class=\"col s12 m6\">\n\t\t<p><span class=\"wpcf7-form-control-wrap\" data-name=\"hair_lenght\"><select class=\"wpcf7-form-control wpcf7-select wpcf7-validates-as-required\" aria-required=\"true\" aria-invalid=\"false\" name=\"hair_lenght\"><option value=\"Duljina kose\">Duljina kose<\/option><option value=\"\u0106elav\">\u0106elav<\/option><option value=\"Kratak\">Kratak<\/option><option value=\"Srednji\">Srednji<\/option><option value=\"Dugo\">Dugo<\/option><\/select><\/span>\n\t\t<\/p>\n\t<\/div>\n\t<div class=\"col s12 m6\">\n\t\t<p><span class=\"wpcf7-form-control-wrap\" data-name=\"hair_color\"><select class=\"wpcf7-form-control wpcf7-select wpcf7-validates-as-required\" aria-required=\"true\" aria-invalid=\"false\" name=\"hair_color\"><option value=\"Boja kose\">Boja kose<\/option><option value=\"Plavu\u0161a\">Plavu\u0161a<\/option><option value=\"Crvena\">Crvena<\/option><option value=\"Sme\u0111a\">Sme\u0111a<\/option><option value=\"Plavo sme\u0111a\">Plavo sme\u0111a<\/option><option value=\"Crna\">Crna<\/option><\/select><\/span>\n\t\t<\/p>\n\t<\/div>\n<\/div>\n<div class=\"row\">\n\t<div class=\"col s12 m6\">\n\t\t<p><span class=\"wpcf7-form-control-wrap\" data-name=\"wearing_glasses\"><select class=\"wpcf7-form-control wpcf7-select wpcf7-validates-as-required\" aria-required=\"true\" aria-invalid=\"false\" name=\"wearing_glasses\"><option value=\"Nosite li nao\u010dale?\">Nosite li nao\u010dale?<\/option><option value=\"Da\">Da<\/option><option value=\"Ne\">Ne<\/option><option value=\"Kontaktne le\u0107e\">Kontaktne le\u0107e<\/option><\/select><\/span>\n\t\t<\/p>\n\t<\/div>\n\t<div class=\"col s12 m6\">\n\t\t<p><span class=\"wpcf7-form-control-wrap\" data-name=\"eye_color\"><select class=\"wpcf7-form-control wpcf7-select wpcf7-validates-as-required\" aria-required=\"true\" aria-invalid=\"false\" name=\"eye_color\"><option value=\"Boja tvojih o\u010diju\">Boja tvojih o\u010diju<\/option><option value=\"Plava\">Plava<\/option><option value=\"Sme\u0111a\">Sme\u0111a<\/option><option value=\"Siva\">Siva<\/option><option value=\"Zelena\">Zelena<\/option><option value=\"Crna\">Crna<\/option><\/select><\/span>\n\t\t<\/p>\n\t<\/div>\n<\/div>\n<div class=\"divider hidden\">\n<\/div>\n<div class=\"divider hidden\">\n<\/div>\n<h3 style=\"color: #fff; text-align: center;\">Molimo vas da prenesete barem jednu sliku i maksimalno jednu minutu kratkog videa sebe\n<\/h3>\n<div class=\"file-upload-container\">\n\t<div class=\"file-upload-box\">\n\t\t<h3>Fotografije (.jpg) i videozapisi (.mp4)\n\t\t<\/h3>\n\t\t<div class=\"row\">\n\t\t\t<div class=\"col s12 m6\">\n\t\t\t\t<p><label class=\"required-label\">Fotografija (.jpg)<\/label><br \/>\n<span class=\"wpcf7-form-control-wrap\" data-name=\"photos\"><input size=\"40\" class=\"wpcf7-form-control wpcf7-file wpcf7-validates-as-required\" accept=\".jpg\" aria-required=\"true\" aria-invalid=\"false\" type=\"file\" name=\"photos\" \/><\/span>\n\t\t\t\t<\/p>\n\t\t\t<\/div>\n\t\t\t<div class=\"col s12 m6\">\n\t\t\t\t<p><label class=\"required-label\">Videozapis (.mp4)<\/label><br \/>\n<span class=\"wpcf7-form-control-wrap\" data-name=\"videos\"><input size=\"40\" class=\"wpcf7-form-control wpcf7-file wpcf7-validates-as-required\" accept=\".mp4\" aria-required=\"true\" aria-invalid=\"false\" type=\"file\" name=\"videos\" \/><\/span>\n\t\t\t\t<\/p>\n\t\t\t<\/div>\n\t\t<\/div>\n\t<\/div>\n<\/div>\n<div class=\"divider hidden\">\n<\/div>\n<div class=\"divider hidden\">\n<\/div>\n<h3>Biografija\n<\/h3>\n<div class=\"row\">\n\t<div class=\"col s12\">\n\t\t<p><span class=\"wpcf7-form-control-wrap\" data-name=\"rezervirano\"><textarea cols=\"40\" rows=\"10\" maxlength=\"2000\" class=\"wpcf7-form-control wpcf7-textarea wpcf7-validates-as-required\" aria-required=\"true\" aria-invalid=\"false\" name=\"rezervirano\">Molimo vas da nam ka\u017eete ne\u0161to o sebi kako bismo vas bolje upoznali. Recite nam gdje ste \u010duli za nas, za\u0161to se prijavljujete kod nas i koji su va\u0161i ciljevi.<\/textarea><\/span>\n\t\t<\/p>\n\t<\/div>\n<\/div>\n<p class=\"center-align\"><input class=\"wpcf7-form-control wpcf7-submit has-spinner btn\" type=\"submit\" value=\"Poslati\" \/>\n<\/p><div class=\"wpcf7-response-output\" aria-hidden=\"true\"><\/div>\n<\/form>\n<\/div>\n[\/vc_column][\/vc_row][vc_row][vc_column][vc_column_text]<\/p>\n<p style=\"text-align: center;\">Kontaktirat \u0107emo vas sljede\u0107i dan nakon slanja obrasca.<\/p>\n<p>[\/vc_column_text][\/vc_column][\/vc_row]<\/p>\n<\/div>","protected":false},"excerpt":{"rendered":"<p>[vc_row][vc_column][vc_column_text] Otkrijte novu dimenziju svoje karijere digitalnog modelinga na Onlyfans\/Elite2Fans! Jeste li umorni od toga da sve morate rje\u0161avati sami? &hellip; <a href=\"https:\/\/elite2you.com\/hr\/budi-i-ti-model-model\/\" class=\"more-link\">Continue reading <span class=\"screen-reader-text\">Postani model<\/span><\/a><\/p>\n","protected":false},"author":5,"featured_media":0,"parent":0,"menu_order":0,"comment_status":"closed","ping_status":"closed","template":"","meta":{"_monsterinsights_skip_tracking":false,"_monsterinsights_sitenote_active":false,"_monsterinsights_sitenote_note":"","_monsterinsights_sitenote_category":0,"footnotes":""},"class_list":["post-21744","page","type-page","status-publish","hentry"],"_links":{"self":[{"href":"https:\/\/elite2you.com\/hr\/wp-json\/wp\/v2\/pages\/21744","targetHints":{"allow":["GET"]}}],"collection":[{"href":"https:\/\/elite2you.com\/hr\/wp-json\/wp\/v2\/pages"}],"about":[{"href":"https:\/\/elite2you.com\/hr\/wp-json\/wp\/v2\/types\/page"}],"author":[{"embeddable":true,"href":"https:\/\/elite2you.com\/hr\/wp-json\/wp\/v2\/users\/5"}],"replies":[{"embeddable":true,"href":"https:\/\/elite2you.com\/hr\/wp-json\/wp\/v2\/comments?post=21744"}],"version-history":[{"count":2,"href":"https:\/\/elite2you.com\/hr\/wp-json\/wp\/v2\/pages\/21744\/revisions"}],"predecessor-version":[{"id":22207,"href":"https:\/\/elite2you.com\/hr\/wp-json\/wp\/v2\/pages\/21744\/revisions\/22207"}],"wp:attachment":[{"href":"https:\/\/elite2you.com\/hr\/wp-json\/wp\/v2\/media?parent=21744"}],"curies":[{"name":"wp","href":"https:\/\/api.w.org\/{rel}","templated":true}]}}