{"id":21754,"date":"2025-04-05T13:48:59","date_gmt":"2025-04-05T13:48:59","guid":{"rendered":"https:\/\/elite2you.com\/elitni-sustav\/"},"modified":"2025-08-23T21:18:10","modified_gmt":"2025-08-23T21:18:10","slug":"elitni-sustav","status":"publish","type":"page","link":"https:\/\/elite2you.com\/hr\/elitni-sustav\/","title":{"rendered":"2. Elitni sustav"},"content":{"rendered":"<div class=\"wpb-content-wrapper\"><p>[vc_row][vc_column][vc_column_text css=\"\"]<\/p>\n<h1 style=\"text-align: center;\">Predstavljamo Elite sustav<\/h1>\n<p style=\"text-align: center;\" data-pm-slice=\"1 1 []\"><strong>Elite2You Elite sustav<\/strong> je korak-po-korak proces koji vam poma\u017ee da sigurno i svjesno izgradite svoj put do toga da postanete digitalna Bo\u017eica \u2013 bilo na platformi za pretplatu poput OnlyFans, Elite2Fans ili bilo koje druge sli\u010dne platforme.<\/p>\n<p style=\"text-align: center;\">Ovaj sustav vas ne podr\u017eava samo na po\u010detku: imate financijsku podr\u0161ku, pravnu za\u0161titu, profesionalno upravljanje i blisku zajednicu iza sebe. Mo\u017eete ra\u010dunati na nas u svakom koraku \u2013 bez obzira jeste li po\u010detnik ili napredni korisnik.<\/p>\n<p style=\"text-align: center;\"><strong>Digitalna modna agencija Elite2You<\/strong> nije prosje\u010dna tvrtka za upravljanje OnlyFans. Stvorili smo zaseban, ekskluzivni sustav \u2013 <strong>Elite System<\/strong> , koji smo izgradili kako bismo na\u0161im modelima omogu\u0107ili rad na najvi\u0161oj mogu\u0107oj razini, uz maksimalnu sigurnost i luksuznu podr\u0161ku.<\/p>\n<p style=\"text-align: center;\">Ovaj <strong>ekosustav<\/strong> koji smo izgradili je slo\u017een, ali jednostavan za razumijevanje. Vodi vas korak po korak kroz putovanje \u2013 od va\u0161e prve prijave do postajanja me\u0111unarodnim online modelom.<\/p>\n<p style=\"text-align: center;\">Ali kako vam <strong>Elite2Youov Elite sustav<\/strong> poma\u017ee u izgradnji uspje\u0161ne karijere na OnlyFansu?<\/p>\n<p>&nbsp;<\/p>\n<div>\n<hr>\n<\/div>\n<h3><\/h3>\n<h3><u>1. Primjena i odabir<\/u><\/h3>\n<p data-pm-slice=\"1 3 []\">Prvi korak je online prijava, gdje mo\u017eemo saznati vi\u0161e o va\u0161im motivacijama, ciljevima i \u0161to tra\u017eite u svijetu digitalnog modeliranja.<\/p>\n<ul>\n<li>Prijavite se na ovom linku: <strong><a href=\"https:\/\/elite2you.com\/hr\/budi-i-ti-model-model\/\" target=\"_blank\" rel=\"noopener\">Prijavi se<\/a><\/strong><\/li>\n<li>Na\u0161 stru\u010dni tim \u0107e procijeniti va\u0161u prijavu.<\/li>\n<li><strong><a href=\"https:\/\/elite2you.com\/hr\/prijemni-ispit\/\" target=\"_blank\" rel=\"noopener\">Ispunit \u0107ete online test<\/a><\/strong> kako bismo vas i va\u0161e potrebe mogli bolje upoznati.<\/li>\n<li>Video chat \u0107e utvrditi mo\u017eete li se pridru\u017eiti ( <strong><a href=\"https:\/\/calendly.com\/elite2you-hungary\/30min\" target=\"_blank\" rel=\"noopener\">rezervirajte termin ovdje<\/a><\/strong> )<\/li>\n<li>Upisuje\u0161 se u <strong><a href=\"https:\/\/elite2you.com\/hr\/akademija\/\" target=\"_blank\" rel=\"noopener\">Elite2You akademiju<\/a> ,<\/strong> gdje \u0107e\u0161 nau\u010diti osnove online modelinga.<\/li>\n<\/ul>\n<p>[\/vc_column_text][\/vc_column][\/vc_row][vc_row][vc_column][vc_empty_space][\/vc_column][\/vc_row][vc_row][vc_column][vc_column_text]<\/p>\n<h3><u>2. Trening u Akademiji Elite2You<\/u><\/h3>\n<p>Na\u0161 program obuke sastoji se od najmanje 16 predmeta, koji pokrivaju kreiranje sadr\u017eaja, fotografiju, \u0161minkanje, njegu kose, stiliziranje i pravila poziranja, odr\u017eavanje zdravlja, bonton, marketing, prodaju, oporezivanje, pravnu pozadinu, psiholo\u0161ke temelje i samoupravljanje.<\/p>\n<blockquote>\n<p><strong>Oblici nastavnih materijala:<\/strong><\/p>\n<\/blockquote>\n<ul>\n<li>\n<blockquote>\n<p><em>Profesionalne e-knjige<\/em><\/p>\n<\/blockquote>\n<\/li>\n<li>\n<blockquote>\n<p><em>Audio materijali (treningi nalik podcastima)<\/em><\/p>\n<\/blockquote>\n<\/li>\n<li>\n<blockquote>\n<p><em>Video tutorijali<\/em><\/p>\n<\/blockquote>\n<\/li>\n<li>\n<blockquote>\n<p><em>Prakti\u010dni vodi\u010di, vje\u017ebe<\/em><\/p>\n<\/blockquote>\n<\/li>\n<\/ul>\n<p>&nbsp;<\/p>\n<p><strong>Detalji te\u010daja i informacije o ispitu:<\/strong><\/p>\n<p>Na\u0161i instruktori pru\u017eaju <strong>2 besplatne konzultacije u trajanju od 1 sata<\/strong> tijekom te\u010daja kako bi razgovarali o svim va\u0161im pitanjima. Ako ne\u0161to nije jasno ili nije razumljivo u gradivu te\u010daja, ove konzultacije \u0107e vam pomo\u0107i da razjasnite stvari s instruktorom zadane teme.<\/p>\n<p><strong>Ispit<\/strong> je rok za polaganje <strong>31. dana<\/strong> nakon kupnje te\u010daja, osim ako ne padne vikendom ili praznikom.<br \/>\n<strong>Jednokratna naknada za ispit<\/strong> uklju\u010dena je u cijenu te\u010daja, tako da nema zasebne naknade za ispit.<\/p>\n<p><em><strong>Va\u017eno!<\/strong> Ako propustite dan ispita, <strong>morat \u0107ete ponovno platiti ispitnu naknadu svakom instruktoru<\/strong> . Molimo vas da se raspitate kod instruktora doti\u010dnog predmeta o to\u010dnom iznosu ispitne naknade. <\/em><\/p>\n<p>&nbsp;<\/p>\n<h3 style=\"text-align: center;\"><strong>Nakon uspje\u0161no polo\u017eenog ispita, dobit \u0107ete potvrdu o priznanju od na\u0161e Akademije.<\/strong><\/h3>\n<p>&nbsp;<\/p>\n<ol>\n<li>\n<p data-start=\"292\" data-end=\"649\"><strong data-start=\"292\" data-end=\"401\">Nakon uspje\u0161no polo\u017eenog ispita \u2013<\/strong> odnosno, ako niste pali <strong data-start=\"292\" data-end=\"401\">\u2013 dobit \u0107ete potvrdu o priznanju od na\u0161e Akademije.<\/strong><br data-start=\"401\" data-end=\"404\" \/>Ovaj certifikat dodjeljuje se svim modelima koji su zavr\u0161ili obuku i ispunili osnovne uvjete, \u010dak i ako su ispit zavr\u0161ili s najni\u017eom ocjenom (na primjer, &#8220;Zadovoljavaju\u0107e\").<\/p>\n<\/li>\n<li>\n<p data-start=\"292\" data-end=\"649\"><strong data-start=\"651\" data-end=\"751\">S va\u0161im certifikatom mo\u017eete odlu\u010diti samostalno graditi vlastiti brend.<\/strong> To tako\u0111er zna\u010di da ste spremni stvoriti vlastitu zajednicu obo\u017eavatelja na <strong><a href=\"https:\/\/elite2fans.com\/\" target=\"_blank\" rel=\"noopener\">Elite2Fans<\/a><\/strong> ! Zamislite da gradite zajednicu koja je strastvena prema vama, podr\u017eava vas i doprinosi rastu va\u0161e karijere!<\/p>\n<\/li>\n<li>\n<p data-start=\"292\" data-end=\"649\"><strong>Me\u0111utim, ako \u017eelite potpisati jednogodi\u0161nji ugovor s agencijom,<\/strong> morate ispuniti sljede\u0107e uvjete:<\/p>\n<\/li>\n<\/ol>\n<ul>\n<li style=\"list-style-type: none;\">\n<ul data-start=\"668\" data-end=\"1209\">\n<li data-start=\"668\" data-end=\"805\">\n<p data-start=\"670\" data-end=\"805\"><strong data-start=\"670\" data-end=\"732\">Ako na ispitu postignete ocjenu &#8220;Prolaz\" ili &#8220;Izvrstan\"<\/strong> , odmah \u0107ete imati pravo na jednogodi\u0161nji ugovor s agencijom.<\/p>\n<\/li>\n<li data-start=\"806\" data-end=\"1209\">\n<p data-start=\"808\" data-end=\"1209\"><strong data-start=\"808\" data-end=\"844\">Ako je va\u0161 rezultat ispod ovog<\/strong> , jo\u0161 ne nudimo dugoro\u010dnu suradnju. U tom slu\u010daju, morat \u0107ete pro\u0107i kroz tri koraka: <strong>Interes-\u017delja-Akcija<\/strong> kako biste postigli jednogodi\u0161nji ugovor.<\/p>\n<\/li>\n<\/ul>\n<\/li>\n<\/ul>\n<p>[\/vc_column_text][vc_column_text css=\"\"]<\/p>\n<div style=\"background-color: #f5f5f5; padding: 20px; border-radius: 8px;\">\n<ol>\n<li><strong>Interesi:<\/strong> <span>Znamo da prvi koraci mogu biti zastra\u0161uju\u0107i, stoga vam nudimo profesionalnu mentorsku podr\u0161ku. Kao dio na\u0161e usluge coachinga po satu, za samo&nbsp; 25 USD \/ sat , iskusni direktor pomo\u0107i \u0107e vam u razvoju personaliziranim savjetima i prakti\u010dnim vodstvom. <strong><a href=\"https:\/\/elite2you.com\/hr\/store\/\" target=\"_blank\" rel=\"noopener\">Platite satnicu,<\/a><\/strong> odaberite kojeg trenera \u017eelite zatra\u017eiti pomo\u0107 i odmah mo\u017eete osigurati termin. \u2013 Ako \u017eelite jo\u0161 intenzivniju podr\u0161ku, odaberite na\u0161 mjese\u010dni paket coachinga za&nbsp; 250 USD \/ mjesec, za koji vam pru\u017eamo kontinuiranu i neposrednu pomo\u0107 putem ekskluzivne Telegram grupe. Metoda je ovdje ista: <strong><a href=\"https:\/\/elite2you.com\/hr\/store\/\" target=\"_blank\" rel=\"noopener\">Platite mjese\u010dnu mentorsku naknadu,<\/a><\/strong> odaberite kojeg trenera \u017eelite zatra\u017eiti pomo\u0107 i odmah mo\u017eete osigurati trenera koji \u0107e vam biti na raspolaganju tijekom cijelog mjeseca. Op\u0107i redoslijed je sljede\u0107i: Fotografiranje, Produkcija sadr\u017eaja, Mentorstvo. Usluga coachinga mo\u017ee se koristiti neograni\u010den broj mjeseci. Prilikom kori\u0161tenja na\u0161e mjese\u010dne usluge coachinga, stvaramo zasebnu Telegram grupu za model, za trenutni i brzi pristup usluzi coachinga. <\/span><\/li>\n<li><strong>\u017delja:<\/strong> S ovim mentorstvom ne samo da mo\u017eete br\u017ee i u\u010dinkovitije izgraditi svoju zajednicu, ve\u0107 mo\u017eete i saznati vi\u0161e o vlastitim snagama i otkriti gdje le\u017ei va\u0161 najve\u0107i potencijal. Zapo\u010dnite odmah i vidimo koje nevjerojatne rezultate mo\u017eete posti\u0107i zajedno!<\/li>\n<li><strong>Akcija:<\/strong> Kada se osje\u0107ate spremni i va\u0161 mentor potvrdi da ispunjavate sva o\u010dekivanja i da obavljate izvrstan posao, mo\u017eete ga zamoliti da vas preporu\u010di za ispit. *Ako na ovom novom ispitu postignete ocjenu &#8220;Prolaz\" ili &#8220;Izvrstan\", imat \u0107ete pravo na tromjese\u010dni probni ugovor. Ovo tromjese\u010dno razdoblje daje vam priliku da malo predahnete: agencija \u0107e u potpunosti preuzeti upravlja\u010dke zadatke od vas, istovremeno poku\u0161avaju\u0107i izvu\u0107i maksimum iz baze pratitelja koju ste do sada izgradili. Na kraju probnog razdoblja usporedit \u0107emo va\u0161e prethodne rezultate s brojkama koje je proizvela agencija. Ako agencija nije uspjela posti\u0107i bolje rezultate od vas, mo\u017eda bi bilo vrijedno nastaviti samostalno graditi svoj brend. Me\u0111utim, ako brojke i statistike agencije poka\u017eu zna\u010dajno pobolj\u0161anje tijekom tri mjeseca, imat \u0107ete priliku potpisati dugoro\u010dniji, jednogodi\u0161nji ugovor. U tom slu\u010daju preuzet \u0107emo potpuno upravljanje od dana potpisivanja ugovora, a tijekom trajanja ugovora bit \u0107ete odgovorni samo za tjedne zadatke produkcije sadr\u017eaja.<\/li>\n<\/ol>\n<p>* Ako ponovno ne polo\u017eite ispit ili va\u0161 ispitni zadatak ne bude ocijenjen s &#8220;Prolaz\", morat \u0107ete ponovno pro\u0107i kroz korake <strong>Interes \u2013 \u017delja \u2013 Akcija<\/strong> kako biste postigli uspjeh. Morat \u0107ete prolaziti kroz ovaj proces iznova i iznova dok uspje\u0161no ne postignete razinu &#8220;Prolaz\". <strong data-start=\"645\" data-end=\"723\">Nakon \u0161to se to dogodi, imat \u0107ete priliku potpisati svoj prvi jednogodi\u0161nji ugovor.<\/strong><\/p>\n<ul><\/ul>\n<\/div>\n<p>[\/vc_column_text][\/vc_column][\/vc_row][vc_row][vc_column][vc_empty_space][\/vc_column][\/vc_row][vc_row][vc_column][vc_separator color=\"custom\" accent_color=\"#dd9933&#8243;][\/vc_column][\/vc_row][vc_row][vc_column width=\"2\/3&#8243;][vc_column_text]<\/p>\n<h3>4. Struktura profesionalnih direktora<\/h3>\n<p>To je ono \u0161to Elite2You \u010dini zaista ELITNIM. S jednogodi\u0161njim ugovorom, na\u0161e modele podr\u017eava vi\u0161e od 30 direktora koji upravljaju cijelim na\u0161im operativnim sustavom i bave se svim aspektima \u017eivota modela.<\/p>\n<ul>\n<li><strong>Voditelj odnosa s klijentima<\/strong> kontaktirat \u0107e vas nakon va\u0161e prijave. On\/ona \u0107e vas voditi kroz cijeli sustav na\u0161e agencije. Elite sustav.<\/li>\n<li><strong>Regionalni direktor<\/strong> bit \u0107e va\u0161 neposredni nadre\u0111eni i mentor.<\/li>\n<li>Tjedno \u0107ete dobivati \u200b\u200bplanove strategije sadr\u017eaja <strong>od direktora sadr\u017eaja<\/strong> i morate stvarati sadr\u017eaj na temelju njegovih uputa. Bit \u0107ete s njim u kontaktu tjedno.<\/li>\n<li><strong>Direktor fotografije<\/strong> pregledat \u0107e va\u0161e tjedne prijave, a vi, direktor sadr\u017eaja, regionalni direktor i direktor fotografije sastat \u0107ete se tjedno online kako biste razgovarali o tome \u0161to ste nau\u010dili na akademiji. Ako prijava nije na razini, mo\u017eete razgovarati o pogre\u0161kama i kako ih ispraviti.<\/li>\n<li><strong>Menad\u017eeri za marketing, dru\u0161tvene medije, produkciju, online prisutnost, ugled i tehnologiju<\/strong> pomo\u0107i \u0107e vam u daljnjem razvoju.<\/li>\n<li><strong>Pravni direktor<\/strong> pomo\u0107i \u0107e vam s pravnim i svim privatnim pravnim pitanjima va\u0161e tvrtke. (Kod nas tako\u0111er dobivate vlastitog, besplatnog odvjetnika)<\/li>\n<li><strong>Direktor za unutarnje odnose<\/strong> pomo\u0107i \u0107e vam da rije\u0161ite obiteljske probleme i odnose.<\/li>\n<li><strong>Ravnatelj obrazovanja<\/strong> pomo\u0107i \u0107e vam odabrati najbolje dodatne predmete i zapo\u010deti va\u0161e putovanje prema daljnjem obrazovanju.<\/li>\n<li><strong>Direktori za razvoj, upravljanje rizicima i financijski direktori<\/strong> poma\u017eu vam da shvatite kako funkcioniraju financijska tr\u017ei\u0161ta<\/li>\n<li><strong>Direktor za raznolikost i uklju\u010divost<\/strong> pomo\u0107i \u0107e vam stvoriti pravo radno okru\u017eenje za vas<\/li>\n<li><strong>Direktor za naknade<\/strong> pomo\u0107i \u0107e vam da na vrijeme primite sve darove i pogodnosti od nas.<\/li>\n<li>A <strong>direktor diversifikacije<\/strong> pomo\u0107i \u0107e vam da razvijete tri razli\u010dita poslovna oblika kako biste ostvarili svoj pasivni prihod.<\/li>\n<\/ul>\n<p><strong>Kao \u0161to vidite, na\u0161 je cilj da upoznate sve, izgradite nove odnose i budete dio samodostatne zajednice ljudi koji su tu samo da vam pomognu u postizanju va\u0161ih ciljeva. To je ono \u0161to zapravo zna\u010di biti Elita. <\/strong>[\/vc_column_text][\/vc_column][vc_column width=\"1\/3&#8243;][vc_empty_space height=\"120px\"][vc_single_image image=\"18558&#8243; img_size=\"full\" alignment=\"right\"][\/vc_column][\/vc_row][vc_row][vc_column][vc_separator color=\"custom\" accent_color=\"#dd9933&#8243;][\/vc_column][\/vc_row][vc_row][vc_column][vc_column_text]<\/p>\n<h3>5. Izvanredan sustav beneficija<\/h3>\n<p><span>Nakon \u0161to ispunite uvjete za po\u010detni\u010dku, naprednu ili profesionalnu razinu, dobit \u0107ete sljede\u0107e poklone:<\/span><\/p>\n<p><strong>1.)<\/strong> O\u010dekuje vas <strong>ekskluzivni<\/strong> <em><strong>paket dobrodo\u0161lice:<\/strong><\/em><\/p>\n<p>\u2728 Besplatno profesionalno fotografiranje portfolija \u2013 jer je emisija o vama<br data-start=\"307\" data-end=\"310\" \/>\ud83c\udfa5 Po\u010detni paket za vlog kao poklon \u2013 za po\u010detak produkcije sadr\u017eaja sa stilom<br data-start=\"388\" data-end=\"391\" \/>\ud83d\udc8b Mo\u017eete besplatno birati izme\u0111u na\u0161eg donjeg rublja i cool dodataka <strong><a href=\"https:\/\/eroticwardrobe.com\/\" target=\"_blank\" rel=\"noopener\">u na\u0161oj web trgovini<\/a><\/strong>[\/vc_column_text][\/vc_column][\/vc_row][vc_row][vc_column][vc_column_text]<strong>2.)<\/strong> <em><strong>Kod nas je 54% va\u0161eg prihoda va\u0161e.<\/strong><\/em><\/p>\n<p><strong>3.)<\/strong> <em><strong>Automatski \u0107ete primiti pozivnicu za na\u0161e odabrane doga\u0111aje.<\/strong><\/em><\/p>\n<p><strong>4.)<\/strong> <em><strong>Osim toga, svaki model mo\u017ee napredovati na vi\u0161u razinu i dobivati \u200b\u200bsve ve\u0107e razine besplatnih pogodnosti kako napreduje.<\/strong><\/em><br \/>\nNakon \u0161to ispunite uvjete za po\u010detni\u010dku, naprednu ili profesionalnu razinu, dobit \u0107ete i sljede\u0107e poklone:[\/vc_column_text][\/vc_column][\/vc_row][vc_row][vc_column width=\"1\/3&#8243;]<div class=\"price-table\"><h4>Po\u010detna razina<\/h4><h3>Elite2You<\/h3><ul>\n\n<li>1 Besplatno fotografiranje portfelja za vas<\/li>\n<li>1 po\u010detni paket za vlog<\/li>\n<li>Mo\u017eete birati besplatno iz na\u0161e web trgovine*<\/li>\n<li>Osnivanje tvrtke za vas<\/li>\n<li>Besplatna usluga sjedi\u0161ta<\/li>\n<li>Upravljanje bankovnim ra\u010dunima<\/li>\n<li>Ra\u010dunovodstvo za va\u0161u tvrtku<\/li>\n<li>Optimizacija poreza za vas i va\u0161u tvrtku<\/li>\n<li>Zdravstveno i \u017eivotno osiguranje za vas<\/li>\n<li>Frizer i kozmeti\u010dki salon jednom tjedno<\/li>\n<li>Ru\u017e za usne po mjeri samo za vas<\/li>\n<li>Manikura i pedikura jednom tjedno<\/li>\n<li>Doma\u0107ica jednom tjedno<\/li>\n<li>Poziv na Tjedan mode u Milanu<\/li>\n<li>Festivalska ulaznica za dvije osobe<\/li>\n<li>1 wellness vikend za 2 osobe<\/li>\n<li>Besplatni te\u010daj erotskog plesa<\/li>\n<li>Besplatni te\u010daj erotske masa\u017ee<\/li>\n<li>1 besplatna gola fotografija<\/li>\n<li>Pla\u0107amo va\u0161 telefonski ra\u010dun mjese\u010dno*<\/li>\n<li>Pla\u0107amo osiguranje va\u0161eg automobila.<\/li>\n<li>\u2013<\/li>\n<li>\u2013<\/li>\n<li>\u2013<\/li>\n<li>\u2013<\/li>\n<li>\u2013<\/li>\n<li>\u2013<\/li>\n<li>\u2013<\/li>\n<li>Nudimo Elite2You kreditnu karticu s mjese\u010dnim ograni\u010denjem potro\u0161nje od 250 dolara.<\/li>\n\n<\/ul><p><a href=\"https:\/\/elite2you.com\/hr\/budi-i-ti-model-model\/\" class=\"btn\" target=\"_blank\">To \u017eelim<\/a><\/p><\/div>[\/vc_column][vc_column width=\"1\/3&#8243;]<div class=\"price-table\"><h4>Napredna razina<\/h4><h3>Elite2You<\/h3><ul>\n\n<li>1 Besplatno fotografiranje portfelja za vas<\/li>\n<li>1 po\u010detni paket za vlog<\/li>\n<li>Mo\u017eete birati besplatno iz na\u0161e web trgovine*<\/li>\n<li>Upravljanje poslovanjem za vas<\/li>\n<li>Besplatna usluga sjedi\u0161ta<\/li>\n<li>Upravljanje bankovnim ra\u010dunima<\/li>\n<li>Ra\u010dunovodstvo za va\u0161u tvrtku<\/li>\n<li>Optimizacija poreza za vas i va\u0161u tvrtku<\/li>\n<li>Zdravstveno i \u017eivotno osiguranje za vas<\/li>\n<li>Frizer i kozmeti\u010dki salon 2x tjedno<\/li>\n<li>Ru\u017e za usne po mjeri samo za vas<\/li>\n<li>Manikura i pedikura jednom tjedno<\/li>\n<li>Doma\u0107ica\/doma\u0107in 2x tjedno<\/li>\n<li>Poziv na Tjedan mode u Parizu<\/li>\n<li>Festivalska ulaznica za dvije osobe \/ 2x<\/li>\n<li>2 wellness vikenda za 2 osobe<\/li>\n<li>Besplatni te\u010daj komunikacije i odnosa s javno\u0161\u0107u<\/li>\n<li>1 jezi\u010dni te\u010daj koji ste odabrali<\/li>\n<li>1 besplatna gola fotografija<\/li>\n<li>Pla\u0107amo cijeli va\u0161 telefonski ra\u010dun svaki mjesec*<\/li>\n<li>Pla\u0107amo osiguranje va\u0161eg automobila.<\/li>\n<li>1 slu\u017ebeni automobil za vas<\/li>\n<li>Najnoviji mobitel svake godine<\/li>\n<li>1 krstarenje za 2 osobe \/ godi\u0161nje<\/li>\n<li>1 x 2 tjedna odmora za 2 osobe \/ godi\u0161nje<\/li>\n<li>\u2013<\/li>\n<li>\u2013<\/li>\n<li>\u2013<\/li>\n<li>Nudimo Elite2You kreditnu karticu s mjese\u010dnim ograni\u010denjem potro\u0161nje od 2500 dolara.<\/li>\n\n<\/ul><p><a href=\"https:\/\/elite2you.com\/hr\/budi-i-ti-model-model\/\" class=\"btn\" target=\"_blank\">To \u017eelim<\/a><\/p><\/div>[\/vc_column][vc_column width=\"1\/3&#8243;]<div class=\"price-table\"><h4>Profesionalna razina<\/h4><h3>Elite2You<\/h3><ul>\n\n<li>1 Besplatno fotografiranje portfelja za vas<\/li>\n<li>1 po\u010detni paket za vlog<\/li>\n<li>Mo\u017eete birati besplatno iz na\u0161e web trgovine*<\/li>\n<li>Upravljanje poslovanjem za vas<\/li>\n<li>Besplatna usluga sjedi\u0161ta<\/li>\n<li>Upravljanje bankovnim ra\u010dunima<\/li>\n<li>Ra\u010dunovodstvo za va\u0161u tvrtku<\/li>\n<li>Optimizacija poreza za vas i va\u0161u tvrtku<\/li>\n<li>Zdravstveno i \u017eivotno osiguranje za vas<\/li>\n<li>Frizer i kozmeti\u010dki salon 3x tjedno<\/li>\n<li>Ru\u017e za usne po mjeri samo za vas<\/li>\n<li>Manikura i pedikura jednom tjedno<\/li>\n<li>Doma\u0107ica svaki dan<\/li>\n<li>Poziv na Tjedan mode u New Yorku<\/li>\n<li>3 festivalske ulaznice \u2013 za dvije osobe<\/li>\n<li>3 wellness vikenda za 2 osobe<\/li>\n<li>Obuka za posebne modele<\/li>\n<li>1 jezi\u010dni te\u010daj koji ste odabrali<\/li>\n<li>1 besplatna gola fotografija<\/li>\n<li>Pla\u0107amo cijeli va\u0161 telefonski ra\u010dun svaki mjesec*<\/li>\n<li>Pla\u0107amo osiguranje va\u0161eg automobila.<\/li>\n<li>2 slu\u017ebena automobila za vas<\/li>\n<li>Najnoviji mobitel svake godine<\/li>\n<li>2 krstarenja (za 2 osobe) \/ godi\u0161nje<\/li>\n<li>2x dvotjedni odmor za 2 osobe godi\u0161nje<\/li>\n<li>Izgradnja raznolikog izvora prihoda!!! (Izgra\u0111ujemo i upravljamo s 3 razli\u010dita pasivna izvora prihoda za vas kako biste mogli imati prihod i iz drugih izvora)<\/li>\n<li>Nudimo Elite2You kreditnu karticu s mjese\u010dnim ograni\u010denjem potro\u0161nje do 25.000 USD.<\/li>\n\n<\/ul><p><a href=\"https:\/\/elite2you.com\/hr\/budi-i-ti-model-model\/\" class=\"btn\" target=\"_blank\">To \u017eelim<\/a><\/p><\/div>[\/vc_column][\/vc_row][vc_row][vc_column][vc_empty_space][\/vc_column][\/vc_row][vc_row][vc_column][vc_empty_space height=\"80px\"][\/vc_column][\/vc_row][vc_row][vc_column][vc_separator color=\"custom\" accent_color=\"#dd9933&#8243;][\/vc_column][\/vc_row][vc_row][vc_column width=\"1\/2&#8243;][vc_empty_space height=\"50px\"][vc_column_text]<\/p>\n<h3>6. Kontinuirana prisutnost zajednice<\/h3>\n<p><strong>Mjese\u010dni sastanci, interne obuke, ekskluzivni doga\u0111aji, dani modela.<\/strong> Automatski \u0107ete biti pozvani na na\u0161e doga\u0111aje, koji su ujedno i doga\u0111aji za izgradnju tima.<\/p>\n<p><strong>Mo\u017eete bolje upoznati tim s kojim radite na prvoj liniji, mo\u017eete upoznati backend tim, a mo\u017eete upoznati i druge doma\u0107e i me\u0111unarodne modele koji tek po\u010dinju, koji su na istoj razini kao i vi, ili \u010dak one koji su ve\u0107 dugo na profesionalnoj razini.<\/strong>[\/vc_column_text][\/vc_column][vc_column width=\"1\/2&#8243;][vc_single_image image=\"18545&#8243; img_size=\"Full\" alignment=\"right\" style=\"vc_box_rounded\" css_animation=\"bounceInRight\"][\/vc_column][\/vc_row][vc_row][vc_column][vc_empty_space height=\"80px\"][\/vc_column][\/vc_row][vc_row][vc_column][vc_column_text]<\/p>\n<h3 style=\"text-align: center;\"><strong>Na\u0161i doga\u0111aji uklju\u010duju, ali nisu ograni\u010deni na, sljede\u0107e:<\/strong><\/h3>\n<p>[\/vc_column_text][\/vc_column][\/vc_row][vc_row][vc_column width=\"1\/2&#8243;][vc_column_text]<\/p>\n<ul>\n<li>Potraga za blagom\/detektivska igra (u urbanom ili \u0161umskom okru\u017eenju)<\/li>\n<li>Soba za bijeg<\/li>\n<li>Paintball ili laser tag<\/li>\n<li>Sportski dan \/ prvenstvo tvrtke (nogomet, odbojka, stolni tenis)<\/li>\n<li>Kuglanje ili karting<\/li>\n<\/ul>\n<p>&nbsp;<\/p>\n<ul>\n<li>Timsko kuhanje \/ natjecanje u kuhanju (npr. kuhanje u kotli\u0107u, ro\u0161tilj)<\/li>\n<li class=\"\" data-start=\"642\" data-end=\"684\">Vo\u017enja ko\u010dijom + stol za seoske goste<\/li>\n<li class=\"\" data-start=\"642\" data-end=\"684\">Degustacija vina \/ posjet podrumu<\/li>\n<\/ul>\n<div><\/div>\n<p>[\/vc_column_text][\/vc_column][vc_column width=\"1\/2&#8243;][vc_column_text]<\/p>\n<ul>\n<li>Zajedni\u010dka radionica (npr. keramika, slikanje, izrada koktela)<\/li>\n<li>Kviz tvrtke (npr. \u201eTko \u0161to zna?\u201c, ve\u010der kviza)<\/li>\n<li>Dan filmskog do\u017eivljaja \u2013 snimanje vlastite reklame<\/li>\n<li>Ve\u010der dru\u0161tvenih igara \/ Maraton aktivnosti<\/li>\n<li>Iskustvo virtualne stvarnosti (VR)<\/li>\n<\/ul>\n<p>&nbsp;<\/p>\n<ul>\n<li>Online kviz natjecanje ili online soba za bijeg<\/li>\n<li>Dijeljena Spotify playlista + reprodukcija glazbe<\/li>\n<li>Igra &#8220;Klikni na kolegu\" \u2013 izazov za upoznavanje<\/li>\n<li>Karaoke ve\u010der<\/li>\n<li>Koktel party s DJ-em<\/li>\n<li>sve\u010dana dodjela nagrada ili dodjela nagrada za kraj godine<\/li>\n<\/ul>\n<div><\/div>\n<p>[\/vc_column_text][\/vc_column][\/vc_row][vc_row][vc_column][vc_separator color=\"custom\" accent_color=\"#dd9933&#8243;][\/vc_column][\/vc_row][vc_row][vc_column][vc_cta h2=\"<\/p>\n<h3>\ud83d\udc49 Jeste li spremni pridru\u017eiti se Elite sustavu?<\/h3>\n<p>\" css=\"\"]<\/p>\n<h3>Registrirajte se kao model na linku ispod:<\/h3>\n<p><strong><a href=\"https:\/\/elite2you.com\/hr\/budi-i-ti-model-model\/\" target=\"_blank\" rel=\"noopener\">Pridru\u017eite se sada i postanite dio najkompleksnije digitalne modeling agencije na svijetu!<\/a><\/strong>[\/vc_cta][\/vc_column][\/vc_row][vc_row][vc_column][vc_cta h2=\"Jeste li se ve\u0107 registrirali na na\u0161oj stranici?\" h4=\"Onda do\u0111ite i rezervirajte 30-minutni online termin ovdje:\"]<!-- Calendly inline widget begin --><\/p>\n<div class=\"calendly-inline-widget\" style=\"min-width: 320px; height: 700px;\" data-url=\"https:\/\/calendly.com\/elite2you-hungary\/30min\"><\/div>\n<p><script type=\"text\/javascript\" src=\"https:\/\/assets.calendly.com\/assets\/external\/widget.js\" async=\"\"><\/script><br \/>\n<!-- Calendly inline widget end -->[\/vc_cta][\/vc_column][\/vc_row][vc_row][vc_column][vc_cta h2=\"Jeste li ve\u0107 rezervirali termin kod nas online?\" css=\"\"]<\/p>\n<p style=\"text-align: center;\">Onda do\u0111i i upoznaj se<\/p>\n<h2 style=\"text-align: center;\"><a href=\"https:\/\/elite2you.com\/hr\/elitne-razine\/\" target=\"_blank\" rel=\"noopener\"><u>Stepenice elitne uspje\u0161nosti ovdje<\/u><\/a><\/h2>\n<p>[\/vc_cta][\/vc_column][\/vc_row]<\/p>\n<\/div>","protected":false},"excerpt":{"rendered":"<p>[vc_row][vc_column][vc_column_text css=\"\"] Predstavljamo Elite sustav Elite2You Elite sustav je korak-po-korak proces koji vam poma\u017ee da sigurno i svjesno izgradite svoj &hellip; <a href=\"https:\/\/elite2you.com\/hr\/elitni-sustav\/\" class=\"more-link\">Continue reading <span class=\"screen-reader-text\">2. Elitni sustav<\/span><\/a><\/p>\n","protected":false},"author":5,"featured_media":0,"parent":0,"menu_order":0,"comment_status":"closed","ping_status":"closed","template":"","meta":{"_monsterinsights_skip_tracking":false,"_monsterinsights_sitenote_active":false,"_monsterinsights_sitenote_note":"","_monsterinsights_sitenote_category":0,"footnotes":""},"class_list":["post-21754","page","type-page","status-publish","hentry"],"_links":{"self":[{"href":"https:\/\/elite2you.com\/hr\/wp-json\/wp\/v2\/pages\/21754","targetHints":{"allow":["GET"]}}],"collection":[{"href":"https:\/\/elite2you.com\/hr\/wp-json\/wp\/v2\/pages"}],"about":[{"href":"https:\/\/elite2you.com\/hr\/wp-json\/wp\/v2\/types\/page"}],"author":[{"embeddable":true,"href":"https:\/\/elite2you.com\/hr\/wp-json\/wp\/v2\/users\/5"}],"replies":[{"embeddable":true,"href":"https:\/\/elite2you.com\/hr\/wp-json\/wp\/v2\/comments?post=21754"}],"version-history":[{"count":11,"href":"https:\/\/elite2you.com\/hr\/wp-json\/wp\/v2\/pages\/21754\/revisions"}],"predecessor-version":[{"id":22485,"href":"https:\/\/elite2you.com\/hr\/wp-json\/wp\/v2\/pages\/21754\/revisions\/22485"}],"wp:attachment":[{"href":"https:\/\/elite2you.com\/hr\/wp-json\/wp\/v2\/media?parent=21754"}],"curies":[{"name":"wp","href":"https:\/\/api.w.org\/{rel}","templated":true}]}}