{"id":21758,"date":"2025-03-20T17:48:25","date_gmt":"2025-03-20T17:48:25","guid":{"rendered":"https:\/\/elite2you.com\/izjava-o-riziku\/"},"modified":"2025-03-20T17:48:25","modified_gmt":"2025-03-20T17:48:25","slug":"izjava-o-riziku","status":"publish","type":"page","link":"https:\/\/elite2you.com\/hr\/izjava-o-riziku\/","title":{"rendered":"Izjava o riziku"},"content":{"rendered":"<h2 class=\"\" data-start=\"242\" data-end=\"301\"><strong data-start=\"248\" data-end=\"301\">Izjava o riziku \u2013 Model agencija Elite2You<\/strong><\/h2>\n<p class=\"\" data-start=\"303\" data-end=\"328\"><strong data-start=\"303\" data-end=\"328\">Izjava o riziku<\/strong><\/p>\n<p class=\"\" data-start=\"330\" data-end=\"503\">Kao korisnik, ovime izjavljujem da je moje sudjelovanje u programu i uslugama agencije Elite2You Model u potpunosti na moju vlastitu diskreciju i odgovornost.<\/p>\n<p class=\"\" data-start=\"505\" data-end=\"799\">Razumijem da mogu\u0107nosti izgradnje karijere u modelingu koje pru\u017ea Elite2You \u2013 posebno digitalno modeliranje, upravljanje OnlyFansom, prisutnost na dru\u0161tvenim mre\u017eama i stvaranje online sadr\u017eaja \u2013 mogu uklju\u010divati \u200b\u200bjedinstvenu i javnu izlo\u017eenost, kao i financijske i pravne rizike.<\/p>\n<p data-start=\"801\" data-end=\"818\">\n<p class=\"\" data-start=\"801\" data-end=\"818\"><strong>Izjavljujem da:<\/strong><\/p>\n<ul data-start=\"819\" data-end=\"1789\">\n<li class=\"\" data-start=\"819\" data-end=\"880\">\n<p class=\"\" data-start=\"821\" data-end=\"880\">Imam vi\u0161e od 18 godina i fizi\u010dka sam osoba s poslovnom sposobno\u0161\u0107u;<\/p>\n<\/li>\n<li class=\"\" data-start=\"881\" data-end=\"1033\">\n<p class=\"\" data-start=\"883\" data-end=\"1033\">Razumio\/la sam prirodu karijere digitalnog modelinga, proces stvaranja i objavljivanja sadr\u017eaja te potencijalne posljedice javne prisutnosti;<\/p>\n<\/li>\n<li class=\"\" data-start=\"1034\" data-end=\"1284\">\n<p class=\"\" data-start=\"1036\" data-end=\"1284\">Svjestan\/svjesna sam da se mogu\u0107nosti generiranja prihoda mogu razlikovati od pojedinca do pojedinca i da uspjeh nije zajam\u010den, jer uvelike ovisi o mojoj vlastitoj aktivnosti, marketin\u0161kim naporima, kvaliteti stvaranja mog sadr\u017eaja i interesu moje ciljane publike;<\/p>\n<\/li>\n<li class=\"\" data-start=\"1285\" data-end=\"1482\">\n<p class=\"\" data-start=\"1287\" data-end=\"1482\">Prilikom sudjelovanja na digitalnim platformama (npr. Elite2Fans, OnlyFans, TikTok, Instagram, Telegram itd.), uvjeti kori\u0161tenja, smjernice zajednice i zakoni doti\u010dne zemlje su obvezuju\u0107i;<\/p>\n<\/li>\n<li class=\"\" data-start=\"1483\" data-end=\"1668\">\n<p class=\"\" data-start=\"1485\" data-end=\"1668\">Elite2You ni na koji na\u010din nije odgovoran za zlouporabu sadr\u017eaja koji objavljujem, bilo kakvo kr\u0161enje autorskih prava tre\u0107ih strana ili bilo kakav incident za\u0161tite podataka;<\/p>\n<\/li>\n<li class=\"\" data-start=\"1669\" data-end=\"1789\">\n<p class=\"\" data-start=\"1671\" data-end=\"1789\">Tako\u0111er priznajem rizik mogu\u0107ih kulturnih, pravnih ili jezi\u010dnih razlika koje proizlaze iz me\u0111unarodne suradnje.<\/p>\n<\/li>\n<\/ul>\n<p data-start=\"1791\" data-end=\"1816\">\n<p class=\"\" data-start=\"1791\" data-end=\"1816\"><strong>Nadalje izjavljujem da:<\/strong><\/p>\n<ul data-start=\"1817\" data-end=\"2191\">\n<li class=\"\" data-start=\"1817\" data-end=\"1946\">\n<p class=\"\" data-start=\"1819\" data-end=\"1946\">Sa svim edukativnim i stru\u010dnim materijalima koje mi dostavi Elite2You postupat \u0107u povjerljivo i ne\u0107u ih proslje\u0111ivati \u200b\u200btre\u0107im stranama;<\/p>\n<\/li>\n<li class=\"\" data-start=\"1947\" data-end=\"2101\">\n<p class=\"\" data-start=\"1949\" data-end=\"2101\">Usluge mentorstva, promocije i upravljanja koje pru\u017ea Elite2You koristim isklju\u010divo u svrhu vlastitog razvoja i karijere;<\/p>\n<\/li>\n<li class=\"\" data-start=\"2102\" data-end=\"2191\">\n<p class=\"\" data-start=\"2104\" data-end=\"2191\">Prihva\u0107am Uvjete kori\u0161tenja i Pravila o privatnosti tvrtke Elite2You.<\/p>\n<\/li>\n<\/ul>\n<p class=\"\" data-start=\"2193\" data-end=\"2361\">U znak priznanja gore navedenog, izjavljujem da svoje sudjelovanje u uslugama modne agencije Elite2You zapo\u010dinjem odgovorno, svjesno i dobrovoljno.<\/p>\n<p data-start=\"2193\" data-end=\"2361\">\u2014<\/p>\n<p>Informacije na web stranici su samo u informativne svrhe.<\/p>\n<p>Agencija za digitalne modele Elite2You nije odgovorna za to\u010dnost, potpunost ili pravovremenost sadr\u017eaja.<\/p>\n<p>Korisnici koriste ovdje prikazane informacije na vlastitu odgovornost, a Elite2You Digital Model Agency ne preuzima nikakvu odgovornost za bilo kakve izravne ili neizravne \u0161tetne posljedice koje mogu nastati kori\u0161tenjem web stranice.<\/p>\n<div><\/div>\n","protected":false},"excerpt":{"rendered":"<p>Izjava o riziku \u2013 Model agencija Elite2You Izjava o riziku Kao korisnik, ovime izjavljujem da je moje sudjelovanje u programu &hellip; <a href=\"https:\/\/elite2you.com\/hr\/izjava-o-riziku\/\" class=\"more-link\">Continue reading <span class=\"screen-reader-text\">Izjava o riziku<\/span><\/a><\/p>\n","protected":false},"author":5,"featured_media":0,"parent":0,"menu_order":0,"comment_status":"closed","ping_status":"closed","template":"","meta":{"_monsterinsights_skip_tracking":false,"_monsterinsights_sitenote_active":false,"_monsterinsights_sitenote_note":"","_monsterinsights_sitenote_category":0,"footnotes":""},"class_list":["post-21758","page","type-page","status-publish","hentry"],"_links":{"self":[{"href":"https:\/\/elite2you.com\/hr\/wp-json\/wp\/v2\/pages\/21758","targetHints":{"allow":["GET"]}}],"collection":[{"href":"https:\/\/elite2you.com\/hr\/wp-json\/wp\/v2\/pages"}],"about":[{"href":"https:\/\/elite2you.com\/hr\/wp-json\/wp\/v2\/types\/page"}],"author":[{"embeddable":true,"href":"https:\/\/elite2you.com\/hr\/wp-json\/wp\/v2\/users\/5"}],"replies":[{"embeddable":true,"href":"https:\/\/elite2you.com\/hr\/wp-json\/wp\/v2\/comments?post=21758"}],"version-history":[{"count":0,"href":"https:\/\/elite2you.com\/hr\/wp-json\/wp\/v2\/pages\/21758\/revisions"}],"wp:attachment":[{"href":"https:\/\/elite2you.com\/hr\/wp-json\/wp\/v2\/media?parent=21758"}],"curies":[{"name":"wp","href":"https:\/\/api.w.org\/{rel}","templated":true}]}}