{"id":21891,"date":"2025-07-02T23:32:40","date_gmt":"2025-07-02T23:32:40","guid":{"rendered":"https:\/\/elite2you.com\/informacije-o-placanju-i-dostavi\/"},"modified":"2025-07-02T23:32:40","modified_gmt":"2025-07-02T23:32:40","slug":"informacije-o-placanju-i-dostavi","status":"publish","type":"page","link":"https:\/\/elite2you.com\/hr\/informacije-o-placanju-i-dostavi\/","title":{"rendered":"Informacije o pla\u0107anju i dostavi"},"content":{"rendered":"<h3 data-start=\"247\" data-end=\"272\">1. <strong data-start=\"254\" data-end=\"272\">Na\u010dini pla\u0107anja<\/strong><\/h3>\n<p data-start=\"274\" data-end=\"359\">Na web stranici Elite2You Academy dostupne su sljede\u0107e mogu\u0107nosti pla\u0107anja:<\/p>\n<h4 data-start=\"361\" data-end=\"397\">Za ma\u0111arske kupce:<\/h4>\n<ul data-start=\"398\" data-end=\"523\">\n<li data-start=\"398\" data-end=\"419\">\n<p data-start=\"400\" data-end=\"419\"><strong data-start=\"400\" data-end=\"413\">SimplePay<\/strong> (OTP)<\/p>\n<\/li>\n<li data-start=\"420\" data-end=\"432\">\n<p data-start=\"422\" data-end=\"432\"><strong data-start=\"422\" data-end=\"432\">Baryon<\/strong><\/p>\n<\/li>\n<li data-start=\"433\" data-end=\"477\">\n<p data-start=\"435\" data-end=\"477\"><strong data-start=\"435\" data-end=\"458\">Pla\u0107anje bankovnom karticom<\/strong> (Visa, Mastercard)<\/p>\n<\/li>\n<li data-start=\"478\" data-end=\"523\">\n<p data-start=\"480\" data-end=\"523\"><strong data-start=\"480\" data-end=\"498\">Bankovni prijenos<\/strong> \u2013 uz prethodni dogovor<\/p>\n<\/li>\n<\/ul>\n<h4 data-start=\"525\" data-end=\"558\">Za me\u0111unarodne kupce:<\/h4>\n<ul data-start=\"559\" data-end=\"584\">\n<li data-start=\"559\" data-end=\"571\">\n<p data-start=\"561\" data-end=\"571\"><strong data-start=\"561\" data-end=\"571\">Pruga<\/strong><\/p>\n<\/li>\n<li data-start=\"572\" data-end=\"584\">\n<p data-start=\"574\" data-end=\"584\"><strong data-start=\"574\" data-end=\"584\">PayPal<\/strong><\/p>\n<\/li>\n<\/ul>\n<p data-start=\"586\" data-end=\"751\">Pla\u0107anje se vr\u0161i putem sigurnog sustava za\u0161ti\u0107enog SSL enkripcijom. Podatke obra\u0111uju pru\u017eatelji usluga, Elite2You ne pohranjuje nikakve podatke o bankovnim karticama. <\/p>\n<hr data-start=\"753\" data-end=\"756\">\n<h3 data-start=\"758\" data-end=\"811\">2. <strong data-start=\"765\" data-end=\"811\">Isporuka proizvoda (digitalna isporuka)<\/strong><\/h3>\n<p data-start=\"813\" data-end=\"893\">Svi te\u010dajevi i materijali za obuku u Elite2You Akademiji dostupni su digitalno.<\/p>\n<ul data-start=\"895\" data-end=\"1368\">\n<li data-start=\"895\" data-end=\"985\">\n<p data-start=\"897\" data-end=\"985\">Nakon uplate, kupac automatski dobiva pristup kupljenom te\u010daju.<\/p>\n<\/li>\n<li data-start=\"986\" data-end=\"1098\">\n<p data-start=\"988\" data-end=\"1098\">Pristup je osiguran u potvrdi e-po\u0161tom i u odjeljku Moj ra\u010dun.&gt; Mo\u017eete ga prona\u0107i u izborniku Moji te\u010dajevi.<\/p>\n<\/li>\n<li data-start=\"1099\" data-end=\"1221\">\n<p data-start=\"1101\" data-end=\"1221\">Pregledavanje materijala te\u010daja mo\u017ee biti vremenski ograni\u010deno, \u0161to je nazna\u010deno u opisu odre\u0111enog te\u010daja (npr. pristup od 30 dana).<\/p>\n<\/li>\n<li data-start=\"1222\" data-end=\"1368\">\n<p data-start=\"1224\" data-end=\"1368\">Te\u010dajevi su dostupni online u obliku videa, audiozapisa, PDF-a za preuzimanje ili interaktivnih lekcija \u2013 nema fizi\u010dke dostave.<\/p>\n<\/li>\n<\/ul>\n<hr data-start=\"1370\" data-end=\"1373\">\n<h3 data-start=\"1375\" data-end=\"1395\">3. <strong data-start=\"1382\" data-end=\"1395\">Naplata<\/strong><\/h3>\n<p data-start=\"1397\" data-end=\"1496\">Za svaku kupnju generirat \u0107e se elektroni\u010dki ra\u010dun i poslati na navedenu adresu e-po\u0161te.<\/p>\n<p data-start=\"1498\" data-end=\"1554\">Fakturiranje se vr\u0161i kao legalno registrirano poduze\u0107e:<\/p>\n<blockquote data-start=\"1555\" data-end=\"1667\">\n<p data-start=\"1557\" data-end=\"1667\"><strong data-start=\"1557\" data-end=\"1575\">Elite2You d.o.o.<\/strong><br data-start=\"1575\" data-end=\"1578\">Poslovni park Sugar Mill 293, Oakhurst Avenue, Leeds, LS117HL, Ujedinjeno Kraljevstvo<br data-start=\"1611\" data-end=\"1614\"> Broj tvrtke u Ujedinjenom Kraljevstvu:<span> <\/span>15645991<br data-start=\"1643\" data-end=\"1646\"><\/p>\n<\/blockquote>\n<hr data-start=\"1669\" data-end=\"1672\">\n<h3 data-start=\"1674\" data-end=\"1722\">4. <strong data-start=\"1681\" data-end=\"1722\">Obro\u010dna pla\u0107anja i individualni planovi<\/strong><\/h3>\n<p data-start=\"1724\" data-end=\"1954\">Za neke te\u010dajeve mogu\u0107e je i pla\u0107anje u obrocima, uz zaseban ugovor. Informacije o tome uvijek su navedene u opisu te\u010daja. Obveza pla\u0107anja u obrocima ima pravni u\u010dinak i ne mo\u017ee se prekinuti nakon \u0161to te\u010daj zapo\u010dne.  <\/p>\n<hr data-start=\"1956\" data-end=\"1959\">\n<h3 data-start=\"1961\" data-end=\"1993\">5. <strong data-start=\"1968\" data-end=\"1993\">Kontakt i pomo\u0107<\/strong><\/h3>\n<p data-start=\"1995\" data-end=\"2072\">Ako imate bilo kakvih tehni\u010dkih problema ili problema s pla\u0107anjem, molimo kontaktirajte nas:<\/p>\n<p data-start=\"2074\" data-end=\"2188\">\ud83d\udce7 <strong data-start=\"2077\" data-end=\"2087\">E-po\u0161ta:<\/strong> <a class=\"cursor-pointer\" rel=\"noopener\" data-start=\"2088\" data-end=\"2106\">info@elite2you.com<\/a><br data-start=\"2106\" data-end=\"2109\"> \ud83d\udcde <strong data-start=\"2112\" data-end=\"2124\">Telefon:<\/strong> +36 70 723 8711<br data-start=\"2140\" data-end=\"2143\"> \ud83d\udcac <strong>Telegram:<\/strong> ispod izbornika za kontakt<\/p>\n<hr data-start=\"2190\" data-end=\"2193\">\n<p data-start=\"2195\" data-end=\"2452\"><strong data-start=\"2195\" data-end=\"2213\">\ud83d\udd10 Napomena:<\/strong> Pravila pla\u0107anja i pristupa detaljno su opisana u Op\u0107im uvjetima i <a class=\"cursor-pointer\" target=\"_new\" rel=\"noopener\" data-start=\"2363\" data-end=\"2438\">Uvjetima kori\u0161tenja<\/a> .<\/p>\n","protected":false},"excerpt":{"rendered":"<p>1. Na\u010dini pla\u0107anja Na web stranici Elite2You Academy dostupne su sljede\u0107e mogu\u0107nosti pla\u0107anja: Za ma\u0111arske kupce: SimplePay (OTP) Baryon Pla\u0107anje &hellip; <a href=\"https:\/\/elite2you.com\/hr\/informacije-o-placanju-i-dostavi\/\" class=\"more-link\">Continue reading <span class=\"screen-reader-text\">Informacije o pla\u0107anju i dostavi<\/span><\/a><\/p>\n","protected":false},"author":5,"featured_media":0,"parent":0,"menu_order":0,"comment_status":"closed","ping_status":"closed","template":"","meta":{"_monsterinsights_skip_tracking":false,"_monsterinsights_sitenote_active":false,"_monsterinsights_sitenote_note":"","_monsterinsights_sitenote_category":0,"footnotes":""},"class_list":["post-21891","page","type-page","status-publish","hentry"],"_links":{"self":[{"href":"https:\/\/elite2you.com\/hr\/wp-json\/wp\/v2\/pages\/21891","targetHints":{"allow":["GET"]}}],"collection":[{"href":"https:\/\/elite2you.com\/hr\/wp-json\/wp\/v2\/pages"}],"about":[{"href":"https:\/\/elite2you.com\/hr\/wp-json\/wp\/v2\/types\/page"}],"author":[{"embeddable":true,"href":"https:\/\/elite2you.com\/hr\/wp-json\/wp\/v2\/users\/5"}],"replies":[{"embeddable":true,"href":"https:\/\/elite2you.com\/hr\/wp-json\/wp\/v2\/comments?post=21891"}],"version-history":[{"count":0,"href":"https:\/\/elite2you.com\/hr\/wp-json\/wp\/v2\/pages\/21891\/revisions"}],"wp:attachment":[{"href":"https:\/\/elite2you.com\/hr\/wp-json\/wp\/v2\/media?parent=21891"}],"curies":[{"name":"wp","href":"https:\/\/api.w.org\/{rel}","templated":true}]}}