{"id":21895,"date":"2025-07-02T23:24:38","date_gmt":"2025-07-02T23:24:38","guid":{"rendered":"https:\/\/elite2you.com\/izjava-o-povlacenju\/"},"modified":"2025-07-02T23:24:38","modified_gmt":"2025-07-02T23:24:38","slug":"izjava-o-povlacenju","status":"publish","type":"page","link":"https:\/\/elite2you.com\/hr\/izjava-o-povlacenju\/","title":{"rendered":"Izjava o povla\u010denju"},"content":{"rendered":"<h2 data-start=\"287\" data-end=\"345\">Ostvarivanje prava na odustajanje od ugovora \u2013 Informacije i izjava<\/h2>\n<h3 data-start=\"347\" data-end=\"398\">1. <strong data-start=\"354\" data-end=\"398\">Pravo na odustajanje od kupnje digitalnih proizvoda<\/strong><\/h3>\n<p data-start=\"400\" data-end=\"534\"><strong>Kupac op\u0107enito ima pravo na odustajanje od kupnje u roku od 14 dana u skladu s Vladinom uredbom 45\/2014. (II. 26.) \u2013 uz sljede\u0107e iznimke:   <\/strong><\/p>\n<blockquote data-start=\"536\" data-end=\"811\">\n<p data-start=\"538\" data-end=\"811\"><strong data-start=\"538\" data-end=\"549\">Va\u017eno:<\/strong> Kupac gubi pravo na odustanak od kupnje ako se prodaja odnosi na digitalni sadr\u017eaj i preuzimanje ili pristup je ve\u0107 zapo\u010delo, uz njegov prethodni izri\u010diti pristanak i istovremenom izjavom da time gubi pravo na odustanak od kupnje.<\/p>\n<\/blockquote>\n<p data-start=\"813\" data-end=\"1010\">Te\u010dajevi, tutorijali i pretplate koje nudi Elite2You Academy smatraju se digitalnim sadr\u017eajem, stoga se pravo na odustajanje od kupnje ne mo\u017ee ostvariti u slu\u010daju neposrednog pristupa nakon kupnje.<\/p>\n<hr data-start=\"1012\" data-end=\"1015\">\n<h3 data-start=\"1017\" data-end=\"1067\">2. <strong data-start=\"1024\" data-end=\"1067\">Povla\u010denje u iznimnim slu\u010dajevima<\/strong><\/h3>\n<p data-start=\"1069\" data-end=\"1273\">U iznimnim okolnostima (npr. tehni\u010dka pogre\u0161ka, slu\u010dajno dvostruko pla\u0107anje), Operater mo\u017ee vratiti naknadu na pravi\u010dnoj osnovi \u2013 u roku od najvi\u0161e 3 radna dana nakon kupnje.<\/p>\n<hr data-start=\"1275\" data-end=\"1278\">\n<h3 data-start=\"1280\" data-end=\"1347\">3. <strong data-start=\"1287\" data-end=\"1347\">Primjer obrasca za odustajanje od kupnje (za kupnje u papirnatom obliku)<\/strong><\/h3>\n<blockquote data-start=\"1349\" data-end=\"1832\">\n<p data-start=\"1351\" data-end=\"1450\"><strong data-start=\"1351\" data-end=\"1363\">Primatelj:<\/strong><br data-start=\"1363\" data-end=\"1366\">Digitalna agencija za modele Elite2You<br data-start=\"1382\" data-end=\"1385\"> Sredi\u0161nja po\u0161tanska adresa: 293 Sugar Mill Business Park, Oakhurst Avenue, Leeds, LS117HL, Ujedinjeno Kraljevstvo<br data-start=\"1418\" data-end=\"1421\"> E-po\u0161ta: <a class=\"cursor-pointer\" rel=\"noopener\" data-start=\"1430\" data-end=\"1448\">info@elite2you.com<\/a><\/p>\n<p data-start=\"1457\" data-end=\"1512\"><strong data-start=\"1457\" data-end=\"1472\">Izjavljujem<\/strong> da odustajem od sljede\u0107eg ugovora:<\/p>\n<p data-start=\"1519\" data-end=\"1746\">Naziv proizvoda: ________________________<br data-start=\"1563\" data-end=\"1566\"> Datum narud\u017ebe: ________________________<br data-start=\"1609\" data-end=\"1612\"> Ime kupca: ________________________<br data-start=\"1652\" data-end=\"1655\"> Adresa kupca: ________________________<br data-start=\"1695\" data-end=\"1698\"> E-mail adresa kupca: ________________________<\/p>\n<p data-start=\"1753\" data-end=\"1832\">Datum: ________________________<br data-start=\"1784\" data-end=\"1787\"> Potpis (na papiru): ________________________<\/p>\n<\/blockquote>\n<hr data-start=\"1834\" data-end=\"1837\">\n<h3 data-start=\"1839\" data-end=\"1875\">4. <strong data-start=\"1846\" data-end=\"1875\">Dostupnost dokumenata<\/strong><\/h3>\n<p data-start=\"1877\" data-end=\"2006\">Potpuna <strong data-start=\"1886\" data-end=\"1925\">izjava i informacije o odustajanju<\/strong> mogu se preuzeti u PDF formatu ili automatski kopirati na e-po\u0161tu kupca.<\/p>\n","protected":false},"excerpt":{"rendered":"<p>Ostvarivanje prava na odustajanje od ugovora \u2013 Informacije i izjava 1. Pravo na odustajanje od kupnje digitalnih proizvoda Kupac op\u0107enito &hellip; <a href=\"https:\/\/elite2you.com\/hr\/izjava-o-povlacenju\/\" class=\"more-link\">Continue reading <span class=\"screen-reader-text\">Izjava o povla\u010denju<\/span><\/a><\/p>\n","protected":false},"author":5,"featured_media":0,"parent":0,"menu_order":0,"comment_status":"closed","ping_status":"closed","template":"","meta":{"_monsterinsights_skip_tracking":false,"_monsterinsights_sitenote_active":false,"_monsterinsights_sitenote_note":"","_monsterinsights_sitenote_category":0,"footnotes":""},"class_list":["post-21895","page","type-page","status-publish","hentry"],"_links":{"self":[{"href":"https:\/\/elite2you.com\/hr\/wp-json\/wp\/v2\/pages\/21895","targetHints":{"allow":["GET"]}}],"collection":[{"href":"https:\/\/elite2you.com\/hr\/wp-json\/wp\/v2\/pages"}],"about":[{"href":"https:\/\/elite2you.com\/hr\/wp-json\/wp\/v2\/types\/page"}],"author":[{"embeddable":true,"href":"https:\/\/elite2you.com\/hr\/wp-json\/wp\/v2\/users\/5"}],"replies":[{"embeddable":true,"href":"https:\/\/elite2you.com\/hr\/wp-json\/wp\/v2\/comments?post=21895"}],"version-history":[{"count":0,"href":"https:\/\/elite2you.com\/hr\/wp-json\/wp\/v2\/pages\/21895\/revisions"}],"wp:attachment":[{"href":"https:\/\/elite2you.com\/hr\/wp-json\/wp\/v2\/media?parent=21895"}],"curies":[{"name":"wp","href":"https:\/\/api.w.org\/{rel}","templated":true}]}}