{"id":21899,"date":"2025-07-02T23:36:14","date_gmt":"2025-07-02T23:36:14","guid":{"rendered":"https:\/\/elite2you.com\/pravna-obavijest\/"},"modified":"2025-07-02T23:36:14","modified_gmt":"2025-07-02T23:36:14","slug":"pravna-obavijest","status":"publish","type":"page","link":"https:\/\/elite2you.com\/hr\/pravna-obavijest\/","title":{"rendered":"Pravna obavijest"},"content":{"rendered":"<h2 data-start=\"191\" data-end=\"237\">Pravna obavijest i ograni\u010denje odgovornosti<\/h2>\n<h3 data-start=\"239\" data-end=\"267\">1. Op\u0107e informacije<\/h3>\n<p data-start=\"269\" data-end=\"573\">Sadr\u017eaj na web stranici Elite2You ( <a class=\"\" href=\"https:\/\/elite2you.com\/hr\/\" target=\"_new\" rel=\"noopener\" data-start=\"294\" data-end=\"316\">https:\/\/elite2you.com\/<\/a> ) \u2013 uklju\u010duju\u0107i pisani tekst, slike, tutorijale, videozapise, cijene, objave na blogu \u2013 slu\u017ei samo u informativne svrhe i ne predstavlja formalnu ponudu, ugovor ili savjet, osim ako nije jasno navedeno.<\/p>\n<p data-start=\"575\" data-end=\"694\">Informacije na web stranici podlo\u017ene su promjenama u bilo kojem trenutku i ne odgovaramo za bilo kakve neto\u010dnosti.<\/p>\n<hr data-start=\"696\" data-end=\"699\">\n<h3 data-start=\"701\" data-end=\"727\">2. Odricanje od odgovornosti<\/h3>\n<p data-start=\"729\" data-end=\"799\">Elite2You ni u kojem slu\u010daju nije odgovoran za sljede\u0107e:<\/p>\n<ul data-start=\"801\" data-end=\"1163\">\n<li data-start=\"801\" data-end=\"872\">\n<p data-start=\"803\" data-end=\"872\">\u0160teta ili propu\u0161tene prilike nastale zbog nedostupnosti web stranice.<\/p>\n<\/li>\n<li data-start=\"873\" data-end=\"965\">\n<p data-start=\"875\" data-end=\"965\">Neizravna ili izravna \u0161teta proiza\u0161la iz kori\u0161tenja te\u010dajeva ili digitalnog sadr\u017eaja.<\/p>\n<\/li>\n<li data-start=\"966\" data-end=\"1076\">\n<p data-start=\"968\" data-end=\"1076\">Neugodnosti koje proizlaze iz rada ili pogre\u0161ke tre\u0107e strane (npr. pru\u017eatelja platnih usluga, partnerske platforme).<\/p>\n<\/li>\n<li data-start=\"1077\" data-end=\"1163\">\n<p data-start=\"1079\" data-end=\"1163\">Posljedice koje proizlaze iz vlastitih odluka, pogre\u0161aka ili propusta korisnika.<\/p>\n<\/li>\n<\/ul>\n<hr data-start=\"1165\" data-end=\"1168\">\n<h3 data-start=\"1170\" data-end=\"1217\">3. Zdravstvena i psiholo\u0161ka odgovornost<\/h3>\n<p data-start=\"1219\" data-end=\"1371\">Elite2Youovi obrazovni materijali, digitalni te\u010dajevi i usluge coachinga ne predstavljaju psiholo\u0161ke, zdravstvene ili financijske savjete.<\/p>\n<p data-start=\"1373\" data-end=\"1627\">Sudionici primjenjuju sve savjete na vlastitu odgovornost. Posebno je va\u017eno da svatko procijeni savjete vezane uz samorazvoj, karijeru modelinga ili stvaranje online sadr\u017eaja u skladu s vlastitom \u017eivotnom situacijom i okolnostima. <\/p>\n<hr data-start=\"1629\" data-end=\"1632\">\n<h3 data-start=\"1634\" data-end=\"1654\">4. Pridr\u017eavanje prava<\/h3>\n<p data-start=\"1656\" data-end=\"1845\">Elite2You zadr\u017eava pravo izmjene ili ukidanja sadr\u017eaja, programa, naknada i uvjeta pristupa dostupnih na web stranici u bilo kojem trenutku bez prethodne najave.<\/p>\n<p data-start=\"1847\" data-end=\"1920\">Slike i primjeri prikazani na web stranici slu\u017ee samo u ilustrativne svrhe.<\/p>\n<hr data-start=\"1922\" data-end=\"1925\">\n<h3 data-start=\"1927\" data-end=\"1947\">5. Autorska prava<\/h3>\n<p data-start=\"1949\" data-end=\"2182\">Sav sadr\u017eaj na ovoj web stranici vlasni\u0161tvo je ili licenciran od strane Elite2You i za\u0161ti\u0107en je autorskim pravima. Bilo kakvo kopiranje, distribucija ili kori\u0161tenje sadr\u017eaja zabranjeno je bez pismenog dopu\u0161tenja Elite2You. <\/p>\n<hr data-start=\"2184\" data-end=\"2187\">\n<h3 data-start=\"2189\" data-end=\"2205\">6. Kontakt<\/h3>\n<p data-start=\"2207\" data-end=\"2316\">Ako imate bilo kakvih pitanja o ovoj pravnoj obavijesti, mo\u017eete nas kontaktirati na sljede\u0107e kontakt podatke:<\/p>\n<p data-start=\"2318\" data-end=\"2384\">\ud83d\udce7 <strong data-start=\"2321\" data-end=\"2331\">E-po\u0161ta:<\/strong> <a class=\"cursor-pointer\" rel=\"noopener\" data-start=\"2332\" data-end=\"2350\">info@elite2you.com<\/a><br data-start=\"2350\" data-end=\"2353\"> \ud83d\udcde <strong data-start=\"2356\" data-end=\"2368\">Telefon:<\/strong> +36 70 723 8711<\/p>\n","protected":false},"excerpt":{"rendered":"<p>Pravna obavijest i ograni\u010denje odgovornosti 1. Op\u0107e informacije Sadr\u017eaj na web stranici Elite2You ( https:\/\/elite2you.com\/ ) \u2013 uklju\u010duju\u0107i pisani tekst, &hellip; <a href=\"https:\/\/elite2you.com\/hr\/pravna-obavijest\/\" class=\"more-link\">Continue reading <span class=\"screen-reader-text\">Pravna obavijest<\/span><\/a><\/p>\n","protected":false},"author":5,"featured_media":0,"parent":0,"menu_order":0,"comment_status":"closed","ping_status":"closed","template":"","meta":{"_monsterinsights_skip_tracking":false,"_monsterinsights_sitenote_active":false,"_monsterinsights_sitenote_note":"","_monsterinsights_sitenote_category":0,"footnotes":""},"class_list":["post-21899","page","type-page","status-publish","hentry"],"_links":{"self":[{"href":"https:\/\/elite2you.com\/hr\/wp-json\/wp\/v2\/pages\/21899","targetHints":{"allow":["GET"]}}],"collection":[{"href":"https:\/\/elite2you.com\/hr\/wp-json\/wp\/v2\/pages"}],"about":[{"href":"https:\/\/elite2you.com\/hr\/wp-json\/wp\/v2\/types\/page"}],"author":[{"embeddable":true,"href":"https:\/\/elite2you.com\/hr\/wp-json\/wp\/v2\/users\/5"}],"replies":[{"embeddable":true,"href":"https:\/\/elite2you.com\/hr\/wp-json\/wp\/v2\/comments?post=21899"}],"version-history":[{"count":0,"href":"https:\/\/elite2you.com\/hr\/wp-json\/wp\/v2\/pages\/21899\/revisions"}],"wp:attachment":[{"href":"https:\/\/elite2you.com\/hr\/wp-json\/wp\/v2\/media?parent=21899"}],"curies":[{"name":"wp","href":"https:\/\/api.w.org\/{rel}","templated":true}]}}