{"id":22731,"date":"2025-11-08T17:50:34","date_gmt":"2025-11-08T17:50:34","guid":{"rendered":"https:\/\/elite2you.com\/transparentnost\/"},"modified":"2025-11-08T19:28:35","modified_gmt":"2025-11-08T19:28:35","slug":"transparentnost","status":"publish","type":"page","link":"https:\/\/elite2you.com\/hr\/transparentnost\/","title":{"rendered":"Transparentnost"},"content":{"rendered":"<div class=\"wpb-content-wrapper\"><p>[vc_row][vc_column][vc_column_text css=\"\"]<\/p>\n<div class=\"elite2you-transparency\">\n<h3>Umjetni\u010dka imena, korporativne slike i kori\u0161tenje vi\u0161ejezi\u010dnih imena u sustavu Elite2You<\/h3>\n<p>Budu\u0107i da je Elite2You me\u0111unarodna agencija, posluje na vi\u0161e jezika, a direktori su a imena zaposlenika prilago\u0111ena su jezi\u010dnom okru\u017eenju doti\u010dne zemlje, u skladu s me\u0111unarodnom komunikacijom i pravila kojih se pridr\u017eavaju globalni brendovi.<\/p>\n<p>Na primjer, ime pape Franje je Ferenc p\u00e1pa na ma\u0111arskom, Papa Francis u engleskim izvorima, a na hrvatskom je Papa Franjo, sli\u010dno tome, Elite2You koristi jezi\u010dne oblike dane zemlje na svim jezi\u010dnim su\u010deljima. Cilj je u\u010diniti komunikaciju razumljivom, prirodnom i kulturno prikladnom za svakog posjetitelja \u2013<br \/>\nbez obzira \u010dita li netko na\u0161e stranice na ma\u0111arskom, engleskom, hrvatskom ili bilo kojem drugom jeziku.<\/p>\n<h3>Profili slika temeljeni na umjetnoj inteligenciji na Elite2You<\/h3>\n<p>Pojedinci predstavljeni na web stranici Elite2You su stvarni zaposlenici i partneri, no podlije\u017eu za\u0161titi podataka i Iz razloga kiberneti\u010dke sigurnosti, prikazani portreti su slike lica generirane pomo\u0107u umjetne inteligencije, koje su napravljene na temelju fotografija koje su odobrile doti\u010dne osobe.<\/p>\n<p>Odluka ima za cilj za\u0161tititi stvarne ljude od automatske identifikacije putem modernih sustava za prepoznavanje lica i pretra\u017eivanje slika.<br \/>\nprotiv identifikacije. Ove tehnologije sada mogu pratiti stvarne ljude na dru\u0161tvenim mre\u017eama ili u javnim bazama podataka, tako da avatari temeljeni na umjetnoj inteligenciji \u0161tite sigurnost i privatnost tima dok prezentacija je i dalje utemeljena na \u010dinjenicama.<\/p>\n<p>Slike umjetne inteligencije stoga slu\u017ee kao za\u0161titni alat, ne kao zamjena za stvarnu osobu, ali u sigurnom obliku.<br \/>\nprika\u017eite ga u javnom prostoru. Ovo rje\u0161enje omogu\u0107uje da stranica bude ujedna\u010dena, profesionalna i predstaviti elegantnu sliku uz odr\u017eavanje potpune za\u0161tite osobnih podataka.<\/p>\n<p>Ovo rje\u0161enje se posebno odnosi na korporativni dio Elite2You, gdje su organizacijski, obrazovni i predstavljeno je njegovo me\u0111unarodno djelovanje. Na stranicama Elite2Fans i Models2You, s druge strane, naglasak je na stvarnim autenti\u010dna je prezentacija modela i kreatora sadr\u017eaja, tako da se tamo pojavljuju stvarne fotografije, kao osobne Autenti\u010dnost i kreativan izgled su bitni dijelovi sadr\u017eaja.<\/p>\n<p><strong>Sve tri platforme pripadaju istom sustavu, ali svaka je izgra\u0111ena za drugu svrhu:<\/strong><\/p>\n<ul>\n<li><strong>Elite2You<\/strong> predstavlja agenciju i njezinu filozofiju,<\/li>\n<li><strong>Elite2Fans<\/strong> je platforma za gotov sadr\u017eaj i pretplate,<\/li>\n<li>a <strong>Models2You<\/strong> je platforma za predstavljanje me\u0111unarodne mre\u017ee i zajednice modela.<\/li>\n<\/ul>\n<h3>Kori\u0161tenje scenskih imena u kreativnoj industriji<\/h3>\n<p>Na\u0161i modeli, instruktori i osoblje \u010desto su navedeni po umjetni\u010dkom imenu ili imenu lika, kao u ovom slu\u010daju.<br \/>\nTo je odavno uobi\u010dajeno u umjetni\u010dkoj, filmskoj i industriji stvaranja digitalnog sadr\u017eaja. Kori\u0161tenje umjetni\u010dkog imena nije slu\u017ei za obmanjivanje, ali je dio kreativnog samoizra\u017eavanja, izgradnje brenda i me\u0111unarodne komunikacije.<\/p>\n<p><strong>Neki dobro poznati primjeri, bez pretenzija da budu iscrpni:<\/strong><\/p>\n<ul>\n<li><strong>Marilyn Monroe<\/strong> \u2013 izvorno ime Norma Jeane Mortenson<\/li>\n<li><strong>Audrey Hepburn<\/strong> \u2013 izvorno ime Audrey Kathleen Ruston<\/li>\n<li><strong>Tony Curtis<\/strong> \u2013 izvorno ime Bernard Schwartz<\/li>\n<li><strong>Zsazsa G\u00e1bor<\/strong> \u2013 izvorno ime S\u00e1ri G\u00e1bor<\/li>\n<li><strong>Meg Ryan<\/strong> \u2013 izvorno ime Margaret Mary Emily Anne Hyra<\/li>\n<li><strong>Brad Pitt<\/strong> \u2013 izvorno ime William Bradley Pitt<\/li>\n<li><strong>Winona Ryder<\/strong> \u2013 izvorno ime Winona Laura Horowitz<\/li>\n<li><strong>Tom Cruise<\/strong> \u2013 izvorno ime Thomas Cruise Mapother IV<\/li>\n<li><strong>Vin Diesel<\/strong> \u2013 pravo ime Mark Sinclair<\/li>\n<li><strong>Natalie Portman<\/strong> \u2013 izvorno ime Neta-Lee Hershlag<\/li>\n<li><strong>Michael Keaton<\/strong> \u2013 izvorno ime Michael John Douglas<br \/>\n<small>(promjena imena bila je potrebna zbog pravila Screen Actors Guilda, ameri\u010dkog sindikata glumaca,<br \/>\nbudu\u0107i da je ve\u0107 postojao \u010dlan po imenu Michael Douglas)<\/small><\/li>\n<\/ul>\n<p>Kao \u0161to pokazuju gornji primjeri, kori\u0161tenje umjetni\u010dkih imena je ra\u0161ireno i profesionalno prihva\u0107eno diljem svijeta.<br \/>\nMnogi ljudi biraju ime koje je lak\u0161e zapamtiti, ima bolji me\u0111unarodni zvuk ili ima vi\u0161e karaktera, \u0161to poma\u017ee tr\u017ei\u0161no pozicioniranje i dosljednost komunikacije. Umjetnik gr\u010dke, ruske ili bilo koje druge nacionalnosti mo\u017ee mo\u017eete odlu\u010diti odabrati ime koje je lak\u0161e izgovoriti i koje dobro zvu\u010di globalno s marketin\u0161ke i komunikacijske perspektive upotrebe \u2013 ovo nije obmana, ve\u0107 prirodni alat za izgradnju brenda.<\/p>\n<h3>Zna\u010denje i razlog kori\u0161tenja vi\u0161ejezi\u010dnih imena<\/h3>\n<p>Mnoga uobi\u010dajena imena diljem svijeta imaju nacionalne i me\u0111unarodne oblike, koji su prilago\u0111eni lokalnim jezi\u010dnim tradicijama.<br \/>\nispravno kori\u0161tena. Kao \u0161to se imena pape Franje, kralja Karla III. i vojvotkinje Katarine tako\u0111er koriste druga\u010dije u tisku na engleskom, talijanskom ili ma\u0111arskom jeziku, vi\u0161ejezi\u010dne tvrtke su tako\u0111er u me\u0111unarodnom prilago\u0111avaju oblike imena svojoj publici.<\/p>\n<p>U sustavu Elite2You, oblici imena slu\u017ee me\u0111unarodnom razumijevanju i ujedna\u010denoj komunikaciji.<br \/>\nPrilago\u0111avanje ma\u0111arskog imena engleskom ili hrvatskom jezi\u010dnom okru\u017eenju nije obmana, ve\u0107 kulturna i marketin\u0161ko komuniciranje, koje koriste i vode\u0107i svjetski brendovi i institucije. Stoga Mo\u017ee se dogoditi da se imena nekih na\u0161ih kolega pojavljuju druga\u010dije u razli\u010ditim jezi\u010dnim verzijama web stranice \u2013<br \/>\nu svakom slu\u010daju odnose\u0107i se na istu stvarnu osobu.<\/p>\n<h3>Zavr\u0161na misao \u2013 na\u010delo sigurnosti i jedinstva<\/h3>\n<p>Iza Elite2You rje\u0161enja za slike stoji svjesni sustav koji istovremeno slu\u017ei profesionalnost i osobna sigurnost. U slu\u010daju modela, pojavljuju se stvarne slike, ali umjetni\u010dka imena \u2013 To \u0161titi privatnost kreatora, a istovremeno odr\u017eava sadr\u017eaj autenti\u010dnim i stvarnim. Nasuprot tome, za zaposlenike prava imena, ali slike lica temeljene na umjetnoj inteligenciji su vidljive jer je poslovanje agencije transparentno, ali privatni \u017eivot Za\u0161tita je i tamo temeljno na\u010delo.<\/p>\n<p>Ovaj dvojni sustav \u2013 stvarne slike s imenima umjetnika i stvarna imena s ilustriranim portretima \u2013 je svjestan, Stvara ravnote\u017eu izme\u0111u privatnosti i imid\u017ea. Omogu\u0107uje publici da to\u010dno shvati tko igra koju ulogu. u\u010ditava se bez za\u0161tite osobnih podataka ili dru\u0161tvenih profila bilo koga.<\/p>\n<p>Elite2You tako istovremeno \u010duva jedinstvo brenda, sigurnost kolega i osobnu privatnost modela. dostojanstvo.<\/p>\n<\/div>\n<p>[\/vc_column_text][\/vc_column][\/vc_row]<\/p>\n<\/div>","protected":false},"excerpt":{"rendered":"<p>[vc_row][vc_column][vc_column_text css=\"\"] Umjetni\u010dka imena, korporativne slike i kori\u0161tenje vi\u0161ejezi\u010dnih imena u sustavu Elite2You Budu\u0107i da je Elite2You me\u0111unarodna agencija, posluje na vi\u0161e jezika, a direktori su a imena zaposlenika prilago\u0111ena su jezi\u010dnom okru\u017eenju doti\u010dne zemlje, u skladu s me\u0111unarodnom komunikacijom i pravila kojih se pridr\u017eavaju globalni brendovi. Na primjer, ime pape Franje je Ferenc p\u00e1pa &hellip; <a href=\"https:\/\/elite2you.com\/hr\/transparentnost\/\" class=\"more-link\">Continue reading <span class=\"screen-reader-text\">Transparentnost<\/span><\/a><\/p>\n","protected":false},"author":5,"featured_media":0,"parent":0,"menu_order":0,"comment_status":"closed","ping_status":"closed","template":"","meta":{"_monsterinsights_skip_tracking":false,"_monsterinsights_sitenote_active":false,"_monsterinsights_sitenote_note":"","_monsterinsights_sitenote_category":0,"footnotes":""},"class_list":["post-22731","page","type-page","status-publish","hentry"],"aioseo_notices":[],"_links":{"self":[{"href":"https:\/\/elite2you.com\/hr\/wp-json\/wp\/v2\/pages\/22731","targetHints":{"allow":["GET"]}}],"collection":[{"href":"https:\/\/elite2you.com\/hr\/wp-json\/wp\/v2\/pages"}],"about":[{"href":"https:\/\/elite2you.com\/hr\/wp-json\/wp\/v2\/types\/page"}],"author":[{"embeddable":true,"href":"https:\/\/elite2you.com\/hr\/wp-json\/wp\/v2\/users\/5"}],"replies":[{"embeddable":true,"href":"https:\/\/elite2you.com\/hr\/wp-json\/wp\/v2\/comments?post=22731"}],"version-history":[{"count":3,"href":"https:\/\/elite2you.com\/hr\/wp-json\/wp\/v2\/pages\/22731\/revisions"}],"predecessor-version":[{"id":22739,"href":"https:\/\/elite2you.com\/hr\/wp-json\/wp\/v2\/pages\/22731\/revisions\/22739"}],"wp:attachment":[{"href":"https:\/\/elite2you.com\/hr\/wp-json\/wp\/v2\/media?parent=22731"}],"curies":[{"name":"wp","href":"https:\/\/api.w.org\/{rel}","templated":true}]}}