{"id":21780,"date":"2016-06-15T10:37:43","date_gmt":"2016-06-15T10:37:43","guid":{"rendered":"https:\/\/elite2you.com\/models\/regina-vega\/"},"modified":"2016-06-15T10:37:43","modified_gmt":"2016-06-15T10:37:43","slug":"regina-vega","status":"publish","type":"product","link":"https:\/\/elite2you.com\/hr\/proizvod\/regina-vega\/","title":{"rendered":"Regina Vega"},"content":{"rendered":"<p>Pozdrav! Ja sam Regina Vega i \u017eeljela bih s vama podijeliti svoje putovanje u svijetu modelinga. <\/p>\n<p>Moje djetinjstvo nije bilo lako; odrastao sam u skromnim okolnostima gdje je svaki dan bio izazov. Moji latinski korijeni oduvijek su mi davali snagu i ispunjavali me ponosom. Bogatstvo i raznolikost moje kulture inspirirali su me da slijedim svoje snove i poka\u017eem svijetu odakle dolazim.  <\/p>\n<p>Moja strast prema modelingu zapo\u010dela je u mladosti. Napornim radom i uporno\u0161\u0107u uspjela sam posti\u0107i to\u010dku u kojoj danas ne samo da radim kao model, ve\u0107 sam i aktivno prisutna na platformi Elite2Fans, gdje dijelim ekskluzivni sadr\u017eaj sa svojim pratiteljima. <\/p>\n<p>Ni\u0161ta od ovoga ne bi bilo mogu\u0107e bez stranice za pretra\u017eivanje modela Elite2You. Ova agencija mi je ne samo dala priliku da razvijem svoj talent, ve\u0107 mi je pru\u017eala i kontinuiranu podr\u0161ku i edukaciju tijekom cijele karijere. A platforma Elite2Fans mi omogu\u0107uje odr\u017eavanje izravnog kontakta sa svojim obo\u017eavateljima i dijeljenje svakodnevnog \u017eivota s njima.  <\/p>\n<p>Ponosan\/na sam odakle dolazim i zahvalan\/na sam onima koji su vjerovali u mene. Nadam se da \u0107e moja pri\u010da inspirirati sve one koji imaju sli\u010dne snove. Zapamtite, upornost i strast se uvijek isplate!  <\/p>\n","protected":false},"excerpt":{"rendered":"<p>Pozdrav! Ja sam Regina Vega i \u017eeljela bih s vama podijeliti svoje putovanje u svijetu modelinga. <\/p>\n<p>Moje djetinjstvo nije bilo lako; odrastao sam u skromnim okolnostima gdje je svaki dan bio izazov. Moji latinski korijeni oduvijek su mi davali snagu i ispunjavali me ponosom. Bogatstvo i raznolikost moje kulture inspirirali su me da slijedim svoje snove i poka\u017eem svijetu odakle dolazim.  <\/p>\n<p>Moja <strong>mjese\u010dna pretplata<\/strong> <strong>na Elite2Fans<\/strong> : 9,99 USD\/mjese\u010dno<\/p>\n","protected":false},"featured_media":20710,"template":"","meta":{"_monsterinsights_skip_tracking":false,"_monsterinsights_sitenote_active":false,"_monsterinsights_sitenote_note":"","_monsterinsights_sitenote_category":0},"product_brand":[],"product_cat":[806],"product_tag":[810,814,808,812],"class_list":{"0":"post-21780","1":"product","2":"type-product","3":"status-publish","4":"has-post-thumbnail","6":"product_cat-zene","7":"product_tag-latinski","8":"product_tag-mlad","9":"product_tag-smeda","10":"product_tag-zena","12":"first","13":"instock","14":"featured","15":"shipping-taxable","16":"product-type-simple"},"_links":{"self":[{"href":"https:\/\/elite2you.com\/hr\/wp-json\/wp\/v2\/product\/21780","targetHints":{"allow":["GET"]}}],"collection":[{"href":"https:\/\/elite2you.com\/hr\/wp-json\/wp\/v2\/product"}],"about":[{"href":"https:\/\/elite2you.com\/hr\/wp-json\/wp\/v2\/types\/product"}],"wp:featuredmedia":[{"embeddable":true,"href":"https:\/\/elite2you.com\/hr\/wp-json\/wp\/v2\/media\/20710"}],"wp:attachment":[{"href":"https:\/\/elite2you.com\/hr\/wp-json\/wp\/v2\/media?parent=21780"}],"wp:term":[{"taxonomy":"product_brand","embeddable":true,"href":"https:\/\/elite2you.com\/hr\/wp-json\/wp\/v2\/product_brand?post=21780"},{"taxonomy":"product_cat","embeddable":true,"href":"https:\/\/elite2you.com\/hr\/wp-json\/wp\/v2\/product_cat?post=21780"},{"taxonomy":"product_tag","embeddable":true,"href":"https:\/\/elite2you.com\/hr\/wp-json\/wp\/v2\/product_tag?post=21780"}],"curies":[{"name":"wp","href":"https:\/\/api.w.org\/{rel}","templated":true}]}}