{"id":21783,"date":"2016-06-15T10:17:08","date_gmt":"2016-06-15T10:17:08","guid":{"rendered":"https:\/\/elite2you.com\/models\/marilyn-jacobs\/"},"modified":"2016-06-15T10:17:08","modified_gmt":"2016-06-15T10:17:08","slug":"marilyn-jacobs","status":"publish","type":"product","link":"https:\/\/elite2you.com\/hr\/proizvod\/marilyn-jacobs\/","title":{"rendered":"Marilyn Jacobs"},"content":{"rendered":"<p>Bok! Ja sam Marilyn Jacobs, to je moje umjetni\u010dko ime, a modeling za mene nije samo posao, to je na\u010din \u017eivota. <\/p>\n<p>Karijeru sam zapo\u010dela kao fotomodel i tijekom godina stekla sam puno iskustva u modnim snimanjima, modnim pistama i kampanjama. Danas ne samo da radim kao model, ve\u0107 se osje\u0107am kao kod ku\u0107e i u svijetu OnlyFansa, gdje stvaram ekskluzivni sadr\u017eaj za svoje pratitelje. <\/p>\n<p>Ako \u017eelite ste\u0107i ime u svijetu modelinga ili ste zainteresirani za karijeru modelinga na OnlyFansu, do\u0161li ste na pravo mjesto! Ova modna agencija vam mo\u017ee puno pomo\u0107i u va\u0161em razvoju, bilo da se radi o karijeri fotomodela ili stvaranju online sadr\u017eaja. Tako\u0111er vjerujem da su pravilna podr\u0161ka i edukacija klju\u010dni za uspjeh u ovom podru\u010dju.  <\/p>\n<p>Manekenstvo zahtijeva svestranost i predanost. Uvijek se trudim biti u najboljoj formi za svako fotografiranje i projekt \u2013 bilo da se radi o modnom editorijalu, reklamnoj kampanji ili \u010dak kreativnom online sadr\u017eaju. <\/p>\n<p>Stranica Elite2Fans je puno bolja od stranice Onlyfans jer je jeftinija! Dok Onlyfans uzima 20% svih mojih prihoda, stranica dru\u0161tvene mre\u017ee ove agencije tra\u017ei samo 16%. Znam da to na prvu nije puno \u2013 kao po\u010detnik to ni ne primijetite \u2013 ali kada ve\u0107 zara\u0111ujete 10.000 dolara mjese\u010dno, to zna\u010di da u\u0161tedite 400 dolara svaki mjesec.  <\/p>\n<p>Zna\u0161 na \u0161to potro\u0161iti tih 400 dolara, to ne moram obja\u0161njavati. \u0160to vi\u0161e zaradim i \u0161to vi\u0161e mogu u\u0161tedjeti, to mi vi\u0161e novca ostaje u d\u017eepu. To mi je sada jako va\u017eno, s obzirom na to da ne znam koliko dugo mogu raditi ovu vrstu posla, ali \u017eelim to iskoristiti maksimalno dok mogu.  <\/p>\n<p>To me motivira da dam sve od sebe na svakom fotografiranju.<\/p>\n","protected":false},"excerpt":{"rendered":"<p>Manekenstvo za mene nije samo posao, to je strast. Volim otkrivati \u200b\u200bnova lica, raspolo\u017eenja i stilove pred kamerom. I svaki moj korak na pisti pri\u010da pri\u010du \u2013 tra\u017eim savr\u0161enu harmoniju elegancije, samopouzdanja i \u017eenstvenosti.  <\/p>\n<p>Moja <strong>mjese\u010dna pretplata<\/strong> <strong>na Elite2Fans<\/strong> : 9,99 USD\/mjese\u010dno<\/p>\n","protected":false},"featured_media":1995,"template":"","meta":{"_monsterinsights_skip_tracking":false,"_monsterinsights_sitenote_active":false,"_monsterinsights_sitenote_note":"","_monsterinsights_sitenote_category":0},"product_brand":[],"product_cat":[806],"product_tag":[836,835,814,834,812],"class_list":{"0":"post-21783","1":"product","2":"type-product","3":"status-publish","4":"has-post-thumbnail","6":"product_cat-zene","7":"product_tag-bijela","8":"product_tag-bijele-rase","9":"product_tag-mlad","10":"product_tag-plavusa","11":"product_tag-zena","13":"first","14":"instock","15":"featured","16":"shipping-taxable","17":"product-type-simple"},"_links":{"self":[{"href":"https:\/\/elite2you.com\/hr\/wp-json\/wp\/v2\/product\/21783","targetHints":{"allow":["GET"]}}],"collection":[{"href":"https:\/\/elite2you.com\/hr\/wp-json\/wp\/v2\/product"}],"about":[{"href":"https:\/\/elite2you.com\/hr\/wp-json\/wp\/v2\/types\/product"}],"wp:featuredmedia":[{"embeddable":true,"href":"https:\/\/elite2you.com\/hr\/wp-json\/wp\/v2\/media\/1995"}],"wp:attachment":[{"href":"https:\/\/elite2you.com\/hr\/wp-json\/wp\/v2\/media?parent=21783"}],"wp:term":[{"taxonomy":"product_brand","embeddable":true,"href":"https:\/\/elite2you.com\/hr\/wp-json\/wp\/v2\/product_brand?post=21783"},{"taxonomy":"product_cat","embeddable":true,"href":"https:\/\/elite2you.com\/hr\/wp-json\/wp\/v2\/product_cat?post=21783"},{"taxonomy":"product_tag","embeddable":true,"href":"https:\/\/elite2you.com\/hr\/wp-json\/wp\/v2\/product_tag?post=21783"}],"curies":[{"name":"wp","href":"https:\/\/api.w.org\/{rel}","templated":true}]}}