{"id":21784,"date":"2016-06-15T10:27:13","date_gmt":"2016-06-15T10:27:13","guid":{"rendered":"https:\/\/elite2you.com\/models\/colleen-rose\/"},"modified":"2016-06-15T10:27:13","modified_gmt":"2016-06-15T10:27:13","slug":"colleen-rose","status":"publish","type":"product","link":"https:\/\/elite2you.com\/hr\/proizvod\/colleen-rose\/","title":{"rendered":"Colleen Rose"},"content":{"rendered":"<p data-start=\"0\" data-end=\"85\"><strong data-start=\"0\" data-end=\"80\">Bok, ja sam Colleen Rose i dobrodo\u0161la na moju slu\u017ebenu stranicu!<\/strong> \ud83d\udc96<\/p>\n<p data-start=\"87\" data-end=\"358\">Manekenstvo je oduvijek bila moja strast i ponosna sam \u0161to mogu ra\u0161iriti krila kao \u010dlanica profesionalnog tima <strong data-start=\"161\" data-end=\"174\">u Elite2You<\/strong> . Agencija mi ne pru\u017ea samo najbolje prilike, ve\u0107 i zajednicu u kojoj zaista mogu biti svoja! <\/p>\n<p data-start=\"360\" data-end=\"552\">Ako \u017eelite zaviriti iza kulisa, vidjeti ekskluzivni sadr\u017eaj o meni i razviti istinski osobnu vezu sa mnom, <strong data-start=\"500\" data-end=\"548\">pridru\u017eite mi se na Elite2Fans!<\/strong> \u2728<\/p>\n<p data-start=\"554\" data-end=\"820\"><strong data-start=\"554\" data-end=\"585\">Za\u0161to biste se trebali pridru\u017eiti?<\/strong><br data-start=\"585\" data-end=\"588\"> \ud83d\udc8b <strong data-start=\"591\" data-end=\"617\">100% ekskluzivni sadr\u017eaj<\/strong> \u2013 samo ovdje, ne\u0107ete ga na\u0107i nigdje drugdje!<br data-start=\"653\" data-end=\"656\"> \ud83d\udcac <strong data-start=\"659\" data-end=\"688\">Izravan kontakt sa mnom<\/strong> \u2013 poruke, interakcija i posebna iznena\u0111enja!<br data-start=\"740\" data-end=\"743\"> \ud83c\udfa5 <strong data-start=\"746\" data-end=\"782\">Fotografije i videozapisi vrhunske kvalitete<\/strong> \u2013 najbolji sadr\u017eaj, samo za vas!<\/p>\n<p data-start=\"822\" data-end=\"956\"><strong data-start=\"826\" data-end=\"847\">Sve se ovdje vrti oko mene<\/strong> \u2013 i oko vas koji podr\u017eavate moj rad! \ud83d\udc95 Pridru\u017eite se sada i budite dio ovog posebnog svijeta! <\/p>\n<p data-start=\"958\" data-end=\"1034\">\u27a1 <strong data-start=\"960\" data-end=\"1032\"><a href=\"https:\/\/elite2fans.com\/\" target=\"_new\" rel=\"noopener\" data-start=\"962\" data-end=\"1030\">Posjetite moju Elite2Fans stranicu odmah!<\/a><\/strong><\/p>\n<p data-start=\"1036\" data-end=\"1075\">Jedva \u010dekam da te vidim tamo!<\/p>\n","protected":false},"excerpt":{"rendered":"<p data-start=\"0\" data-end=\"85\"><strong data-start=\"0\" data-end=\"80\">Bok, ja sam Colleen Rose i dobrodo\u0161la na moju slu\u017ebenu stranicu!<\/strong> \ud83d\udc96<\/p>\n<p data-start=\"87\" data-end=\"358\">Manekenstvo je oduvijek bila moja strast i ponosna sam \u0161to mogu ra\u0161iriti krila kao \u010dlanica profesionalnog tima <strong data-start=\"161\" data-end=\"174\">u Elite2You<\/strong> . Agencija mi ne pru\u017ea samo najbolje prilike, ve\u0107 i zajednicu u kojoj zaista mogu biti svoja! <\/p>\n<p data-start=\"87\" data-end=\"358\">Moja <strong>mjese\u010dna pretplata<\/strong> <strong>na Elite2Fans<\/strong> : 8,99 USD\/mjese\u010dno<\/p>\n","protected":false},"featured_media":2001,"template":"","meta":{"_monsterinsights_skip_tracking":false,"_monsterinsights_sitenote_active":false,"_monsterinsights_sitenote_note":"","_monsterinsights_sitenote_category":0},"product_brand":[],"product_cat":[806],"product_tag":[836,810,814,808,812],"class_list":{"0":"post-21784","1":"product","2":"type-product","3":"status-publish","4":"has-post-thumbnail","6":"product_cat-zene","7":"product_tag-bijela","8":"product_tag-latinski","9":"product_tag-mlad","10":"product_tag-smeda","11":"product_tag-zena","13":"first","14":"instock","15":"featured","16":"shipping-taxable","17":"product-type-simple"},"_links":{"self":[{"href":"https:\/\/elite2you.com\/hr\/wp-json\/wp\/v2\/product\/21784","targetHints":{"allow":["GET"]}}],"collection":[{"href":"https:\/\/elite2you.com\/hr\/wp-json\/wp\/v2\/product"}],"about":[{"href":"https:\/\/elite2you.com\/hr\/wp-json\/wp\/v2\/types\/product"}],"wp:featuredmedia":[{"embeddable":true,"href":"https:\/\/elite2you.com\/hr\/wp-json\/wp\/v2\/media\/2001"}],"wp:attachment":[{"href":"https:\/\/elite2you.com\/hr\/wp-json\/wp\/v2\/media?parent=21784"}],"wp:term":[{"taxonomy":"product_brand","embeddable":true,"href":"https:\/\/elite2you.com\/hr\/wp-json\/wp\/v2\/product_brand?post=21784"},{"taxonomy":"product_cat","embeddable":true,"href":"https:\/\/elite2you.com\/hr\/wp-json\/wp\/v2\/product_cat?post=21784"},{"taxonomy":"product_tag","embeddable":true,"href":"https:\/\/elite2you.com\/hr\/wp-json\/wp\/v2\/product_tag?post=21784"}],"curies":[{"name":"wp","href":"https:\/\/api.w.org\/{rel}","templated":true}]}}