{"id":21788,"date":"2016-06-15T10:06:59","date_gmt":"2016-06-15T10:06:59","guid":{"rendered":"https:\/\/elite2you.com\/models\/martha-wallace\/"},"modified":"2016-06-15T10:06:59","modified_gmt":"2016-06-15T10:06:59","slug":"martha-wallace","status":"publish","type":"product","link":"https:\/\/elite2you.com\/hr\/proizvod\/martha-wallace\/","title":{"rendered":"Martha Wallace"},"content":{"rendered":"<p data-start=\"0\" data-end=\"86\"><strong data-start=\"0\" data-end=\"81\">Bok, ja sam Marta Wallace i drago mi je \u0161to vas mogu pozdraviti na svojoj slu\u017ebenoj stranici!<\/strong> \ud83d\udc96<\/p>\n<p data-start=\"88\" data-end=\"460\">Moja pri\u010da je jedinstvena i uzbudljiva \u2013 <strong data-start=\"126\" data-end=\"181\">ro\u0111ena sam u Njema\u010dkoj, odrasla u Ma\u0111arskoj<\/strong> , a strast prema modi odvela me <strong data-start=\"217\" data-end=\"246\">u Italiju i London<\/strong> , gdje sam hodala na nekoliko poznatih modnih revija. Modna pista je oduvijek bila jedno od mojih omiljenih mjesta, jer tamo zaista mogu pokazati svoju individualnost, stil i energiju koju osje\u0107am prema modi. <\/p>\n<p data-start=\"462\" data-end=\"763\">Manekenstvo za mene nije samo posao, ve\u0107 <strong data-start=\"507\" data-end=\"545\">samoizra\u017eavanje, umjetnost i sloboda<\/strong> . Dobro uhva\u0107en trenutak, prekrasna fotografija ili ekskluzivni video mogu re\u0107i vi\u0161e od bilo kojih rije\u010di. Zato sam odlu\u010dila <strong data-start=\"673\" data-end=\"760\">pokazati jo\u0161 vi\u0161e sebe onima koji istinski cijene i podr\u017eavaju moj rad<\/strong> .  <\/p>\n<h3 data-start=\"765\" data-end=\"818\"><strong data-start=\"769\" data-end=\"816\">\ud83d\udd25 Otvaram novo poglavlje na Elite2Fans! \ud83d\udd25<\/strong><\/h3>\n<p data-start=\"819\" data-end=\"1022\">Prije sam bio na <strong data-start=\"831\" data-end=\"846\">OnlyFans<\/strong> i bilo je to fantasti\u010dno iskustvo, ali <strong data-start=\"901\" data-end=\"1020\">sada sam pre\u0161ao na Elite2Fans jer ovdje mogu ponuditi svojim obo\u017eavateljima puno vi\u0161e i mogu sam vi\u0161e zaraditi!<\/strong><\/p>\n<p data-start=\"1024\" data-end=\"1178\">Ovdje <strong data-start=\"1028\" data-end=\"1100\">dijelim ekskluzivni sadr\u017eaj koji ne\u0107ete vidjeti nigdje drugdje<\/strong> , i to je jedina platforma na kojoj <strong data-start=\"1135\" data-end=\"1175\">se mo\u017eete izravno povezati sa mnom<\/strong> .<\/p>\n<p data-start=\"1180\" data-end=\"1618\">\ud83d\udc83 <strong data-start=\"1183\" data-end=\"1225\">\u0160to mo\u017eete prona\u0107i kod mene na Elite2Fans?<\/strong><br data-start=\"1225\" data-end=\"1228\"> \u2714 <strong data-start=\"1230\" data-end=\"1263\">100% ekskluzivne fotografije i videozapisi<\/strong> \u2013 vrhunska kvaliteta, jedinstveni sadr\u017eaj koji ne\u0107ete vidjeti nigdje drugdje.<br data-start=\"1331\" data-end=\"1334\"> \u2714 <strong data-start=\"1336\" data-end=\"1357\">Prava interakcija<\/strong> \u2013 ovdje ne samo da mo\u017eete pratiti, ve\u0107 mo\u017eemo i razgovarati!<br data-start=\"1418\" data-end=\"1421\"> \u2714 <strong data-start=\"1423\" data-end=\"1459\">Snimke iz mog svakodnevnog \u017eivota<\/strong> \u2013 iza kamera, putovanja, iskustva iza pozornice i mnoge druge zanimljive stvari.<br data-start=\"1531\" data-end=\"1534\"> \u2714 <strong data-start=\"1536\" data-end=\"1575\" data-is-only-node=\"\">Senzualna i glamurozna fotografiranja<\/strong> \u2013 pokazat \u0107u vam svoju najbolju stranu!<\/p>\n<p data-start=\"1620\" data-end=\"1832\"><strong data-start=\"1620\" data-end=\"1746\">Elite2Fans je platforma na kojoj istinski mogu raditi za obo\u017eavatelje i gdje mi se mo\u017eete puno vi\u0161e pribli\u017eiti.<\/strong> Ovdje <strong data-start=\"1751\" data-end=\"1830\">ne samo da mo\u017eete podr\u017eati moj rad, ve\u0107 i biti dio potpuno novog iskustva!<\/strong><\/p>\n<p data-start=\"1834\" data-end=\"1903\">\u2728 <strong data-start=\"1836\" data-end=\"1899\">Pridru\u017eite se sada i postanite dio ovog posebnog svijeta!<\/strong><\/p>\n","protected":false},"excerpt":{"rendered":"<p data-start=\"0\" data-end=\"86\"><strong data-start=\"0\" data-end=\"81\">Bok, ja sam Marta Wallace i drago mi je \u0161to vas mogu pozdraviti na svojoj slu\u017ebenoj stranici!<\/strong> \ud83d\udc96<\/p>\n<p data-start=\"88\" data-end=\"460\">Moja pri\u010da je jedinstvena i uzbudljiva \u2013 <strong data-start=\"126\" data-end=\"181\">ro\u0111ena sam u Njema\u010dkoj, odrasla u Ma\u0111arskoj<\/strong> , a strast prema modi odvela me <strong data-start=\"217\" data-end=\"246\">u Italiju i London<\/strong> , gdje sam hodala na nekoliko poznatih modnih revija. Modna pista je oduvijek bila jedno od mojih omiljenih mjesta, jer tamo zaista mogu pokazati svoju individualnost, stil i energiju koju osje\u0107am prema modi. <\/p>\n<p data-start=\"88\" data-end=\"460\">Moja <strong>mjese\u010dna pretplata na<\/strong> <strong>Elite2Fans<\/strong> : 14,99 USD\/mjese\u010dno<\/p>\n","protected":false},"featured_media":20680,"template":"","meta":{"_monsterinsights_skip_tracking":false,"_monsterinsights_sitenote_active":false,"_monsterinsights_sitenote_note":"","_monsterinsights_sitenote_category":0},"product_brand":[],"product_cat":[806],"product_tag":[836,835,814,834,812],"class_list":{"0":"post-21788","1":"product","2":"type-product","3":"status-publish","4":"has-post-thumbnail","6":"product_cat-zene","7":"product_tag-bijela","8":"product_tag-bijele-rase","9":"product_tag-mlad","10":"product_tag-plavusa","11":"product_tag-zena","13":"first","14":"instock","15":"featured","16":"shipping-taxable","17":"product-type-simple"},"_links":{"self":[{"href":"https:\/\/elite2you.com\/hr\/wp-json\/wp\/v2\/product\/21788","targetHints":{"allow":["GET"]}}],"collection":[{"href":"https:\/\/elite2you.com\/hr\/wp-json\/wp\/v2\/product"}],"about":[{"href":"https:\/\/elite2you.com\/hr\/wp-json\/wp\/v2\/types\/product"}],"wp:featuredmedia":[{"embeddable":true,"href":"https:\/\/elite2you.com\/hr\/wp-json\/wp\/v2\/media\/20680"}],"wp:attachment":[{"href":"https:\/\/elite2you.com\/hr\/wp-json\/wp\/v2\/media?parent=21788"}],"wp:term":[{"taxonomy":"product_brand","embeddable":true,"href":"https:\/\/elite2you.com\/hr\/wp-json\/wp\/v2\/product_brand?post=21788"},{"taxonomy":"product_cat","embeddable":true,"href":"https:\/\/elite2you.com\/hr\/wp-json\/wp\/v2\/product_cat?post=21788"},{"taxonomy":"product_tag","embeddable":true,"href":"https:\/\/elite2you.com\/hr\/wp-json\/wp\/v2\/product_tag?post=21788"}],"curies":[{"name":"wp","href":"https:\/\/api.w.org\/{rel}","templated":true}]}}