{"id":21790,"date":"2016-06-15T09:39:07","date_gmt":"2016-06-15T09:39:07","guid":{"rendered":"https:\/\/elite2you.com\/models\/janis-harper\/"},"modified":"2016-06-15T09:39:07","modified_gmt":"2016-06-15T09:39:07","slug":"janis-harper","status":"publish","type":"product","link":"https:\/\/elite2you.com\/hr\/proizvod\/janis-harper\/","title":{"rendered":"Janis Harper"},"content":{"rendered":"<p data-start=\"0\" data-end=\"85\"><strong data-start=\"0\" data-end=\"80\">Bok, ja sam Janis Harper i drago mi je \u0161to vas mogu pozdraviti na svojoj slu\u017ebenoj stranici!<\/strong> \ud83d\udc96<\/p>\n<p data-start=\"87\" data-end=\"454\">Manekenstvo je oduvijek bila moja strast. Za mene to nije samo posao, ve\u0107 na\u010din \u017eivota u kojem se mogu potpuno slobodno izraziti.   <strong data-start=\"236\" data-end=\"311\">Volim modu, ljepotu i sve oblike umjetni\u010dkog izra\u017eavanja.<\/strong>  Za mene je stajati pred kamerom kao ulazak u potpuno novi svijet \u2013 svaka poza, pogled i pokret pri\u010daju pri\u010du.<\/p>\n<p data-start=\"456\" data-end=\"810\">Radila sam u razli\u010ditim dijelovima svijeta \u2013 sudjelovala sam <strong data-start=\"499\" data-end=\"559\">u fotografiranjima, modnim revijama i ekskluzivnim doga\u0111ajima<\/strong> , \u0161to me neprestano inspirira i motivira da uvijek izazivam samu sebe. Vjerujem da ljepota nije samo izgled, ve\u0107 i energija i sjaj koji nosimo sa sobom svaki dan. <\/p>\n<h3 data-start=\"812\" data-end=\"874\"><strong data-start=\"816\" data-end=\"872\">\ud83d\udc8e Tra\u017eite druge lijepe i talentirane modele? \ud83d\udc8e<\/strong><\/h3>\n<p data-start=\"875\" data-end=\"1151\">Ako \u017eelite otkriti prekrasne i samouvjerene modele poput mene, posjetite <strong data-start=\"964\" data-end=\"1004\"><a href=\"https:\/\/models2you.com\" target=\"_new\" rel=\"noopener\" data-start=\"966\" data-end=\"1002\">Models2You<\/a><\/strong> ! Ova platforma <strong data-start=\"1028\" data-end=\"1076\">okuplja najbolje modele na jednom mjestu<\/strong> , tako da lako mo\u017eete prona\u0107i svoje favorite i povezati se s njima. <\/p>\n<h3 data-start=\"1153\" data-end=\"1200\"><strong data-start=\"1157\" data-end=\"1198\">\ud83d\udd25 Novi po\u010detak na Elite2Fans! \ud83d\udd25<\/strong><\/h3>\n<p data-start=\"1201\" data-end=\"1504\">Ve\u0107 neko vrijeme sam aktivan na dru\u0161tvenim mre\u017eama, ali <strong data-start=\"1253\" data-end=\"1283\">sam pre\u0161ao na Elite2Fans<\/strong> kako bih svoj odnos s obo\u017eavateljima podigao na potpuno novu razinu. Ova platforma mi pru\u017ea priliku <strong data-start=\"1394\" data-end=\"1502\">da s vama dijelim uistinu osoban i ekskluzivan sadr\u017eaj koji ne\u0107ete prona\u0107i nigdje drugdje!<\/strong> <\/p>\n<p data-start=\"1506\" data-end=\"2015\">\ud83d\udcf8 <strong data-start=\"1509\" data-end=\"1549\">\u0160to mo\u017eete prona\u0107i na mojoj Elite2Fans stranici?<\/strong><br data-start=\"1549\" data-end=\"1552\"> \u2714 <strong data-start=\"1554\" data-end=\"1581\">100% ekskluzivan sadr\u017eaj<\/strong> \u2013 pa\u017eljivo odabrane, vrhunske fotografije i videozapisi koje ne\u0107ete vidjeti nigdje drugdje.<br data-start=\"1669\" data-end=\"1672\"> \u2714 <strong data-start=\"1674\" data-end=\"1703\">Izravan kontakt sa mnom<\/strong> \u2013 ovdje mo\u017eemo razgovarati, razmjenjivati \u200b\u200bporuke i komunicirati.<br data-start=\"1783\" data-end=\"1786\"> \u2714 <strong data-start=\"1788\" data-end=\"1824\">Snimke iz mog svakodnevnog \u017eivota<\/strong> \u2013 zavirite iza kulisa, u moja fotografiranja, putovanja i stvarni \u017eivot.<br data-start=\"1916\" data-end=\"1919\"> \u2714 <strong data-start=\"1921\" data-end=\"1952\">Senzualan i glamurozan sadr\u017eaj<\/strong> \u2013 elegancija, \u017eenstvenost i senzualnost u posebnom ruhu.<\/p>\n<h3 data-start=\"2017\" data-end=\"2050\"><strong data-start=\"2021\" data-end=\"2048\">\ud83d\udc96 Za\u0161to Elite2Fans?<\/strong><\/h3>\n<p data-start=\"2051\" data-end=\"2371\">Odabrao\/la sam ovu platformu jer <strong data-start=\"2097\" data-end=\"2137\">se sve vrti oko mene i mojih obo\u017eavatelja!<\/strong> <strong data-start=\"2142\" data-end=\"2255\">Nema cenzure, nema ograni\u010denja i mogu biti u izravnom kontaktu s onima koji istinski cijene moj rad<\/strong> . Osim toga, ovdje <strong data-start=\"2270\" data-end=\"2304\">mogu zaraditi puno vi\u0161e<\/strong> , tako da mogu stvarati jo\u0161 bolji i ekskluzivniji sadr\u017eaj za vas! <\/p>\n<p data-start=\"2373\" data-end=\"2471\">\ud83d\udcab <strong data-start=\"2376\" data-end=\"2466\">Ako mi se \u017eeli\u0161 stvarno pribli\u017eiti, pridru\u017ei se mojoj Elite2Fans zajednici odmah!<\/strong> \ud83d\udcab<\/p>\n<p data-start=\"2473\" data-end=\"2567\">\u27a1 <strong data-start=\"2475\" data-end=\"2565\"><a href=\"https:\/\/elite2fans.com\/\" target=\"_new\" rel=\"noopener\" data-start=\"2477\" data-end=\"2563\">Kliknite ovdje i budite dio ovog posebnog iskustva!<\/a><\/strong><\/p>\n<p data-start=\"2569\" data-end=\"2658\" data-is-last-node=\"\" data-is-only-node=\"\">Jako sam uzbu\u0111en \u0161to \u0107emo zajedno izgraditi ovaj ekskluzivni svijet! \u010cekat \u0107u te tamo! <\/p>\n","protected":false},"excerpt":{"rendered":"<p data-start=\"0\" data-end=\"85\"><strong data-start=\"0\" data-end=\"80\">Bok, ja sam Janis Harper i drago mi je \u0161to vas mogu pozdraviti na svojoj slu\u017ebenoj stranici!<\/strong> \ud83d\udc96<\/p>\n<p data-start=\"87\" data-end=\"454\">Manekenstvo je oduvijek bila moja strast. Za mene to nije samo posao, ve\u0107 na\u010din \u017eivota u kojem se mogu potpuno slobodno izraziti.   <strong data-start=\"236\" data-end=\"311\">Volim modu, ljepotu i sve oblike umjetni\u010dkog izra\u017eavanja.<\/strong>  Za mene je stajati pred kamerom kao ulazak u potpuno novi svijet \u2013 svaka poza, pogled i pokret pri\u010daju pri\u010du.<\/p>\n<p data-start=\"87\" data-end=\"454\">Moja <strong>mjese\u010dna pretplata na<\/strong> <strong>Elite2Fans<\/strong> : 12,99 USD\/mjese\u010dno<\/p>\n","protected":false},"featured_media":1989,"template":"","meta":{"_monsterinsights_skip_tracking":false,"_monsterinsights_sitenote_active":false,"_monsterinsights_sitenote_note":"","_monsterinsights_sitenote_category":0},"product_brand":[],"product_cat":[806],"product_tag":[836,835,854,814,812],"class_list":{"0":"post-21790","1":"product","2":"type-product","3":"status-publish","4":"has-post-thumbnail","6":"product_cat-zene","7":"product_tag-bijela","8":"product_tag-bijele-rase","9":"product_tag-crna-kosa","10":"product_tag-mlad","11":"product_tag-zena","13":"first","14":"instock","15":"featured","16":"shipping-taxable","17":"product-type-simple"},"_links":{"self":[{"href":"https:\/\/elite2you.com\/hr\/wp-json\/wp\/v2\/product\/21790","targetHints":{"allow":["GET"]}}],"collection":[{"href":"https:\/\/elite2you.com\/hr\/wp-json\/wp\/v2\/product"}],"about":[{"href":"https:\/\/elite2you.com\/hr\/wp-json\/wp\/v2\/types\/product"}],"wp:featuredmedia":[{"embeddable":true,"href":"https:\/\/elite2you.com\/hr\/wp-json\/wp\/v2\/media\/1989"}],"wp:attachment":[{"href":"https:\/\/elite2you.com\/hr\/wp-json\/wp\/v2\/media?parent=21790"}],"wp:term":[{"taxonomy":"product_brand","embeddable":true,"href":"https:\/\/elite2you.com\/hr\/wp-json\/wp\/v2\/product_brand?post=21790"},{"taxonomy":"product_cat","embeddable":true,"href":"https:\/\/elite2you.com\/hr\/wp-json\/wp\/v2\/product_cat?post=21790"},{"taxonomy":"product_tag","embeddable":true,"href":"https:\/\/elite2you.com\/hr\/wp-json\/wp\/v2\/product_tag?post=21790"}],"curies":[{"name":"wp","href":"https:\/\/api.w.org\/{rel}","templated":true}]}}