{"id":21792,"date":"2016-04-29T12:27:54","date_gmt":"2016-04-29T12:27:54","guid":{"rendered":"https:\/\/elite2you.com\/models\/evelyn-foster\/"},"modified":"2016-04-29T12:27:54","modified_gmt":"2016-04-29T12:27:54","slug":"evelyn-foster","status":"publish","type":"product","link":"https:\/\/elite2you.com\/hr\/proizvod\/evelyn-foster\/","title":{"rendered":"Evelyn Foster"},"content":{"rendered":"<p data-start=\"0\" data-end=\"78\"><strong data-start=\"0\" data-end=\"73\">Bok, ja sam Evelyn Foster i dobrodo\u0161li na moju slu\u017ebenu stranicu!<\/strong> \ud83d\udc96<\/p>\n<p data-start=\"80\" data-end=\"561\"><strong data-start=\"80\" data-end=\"112\">Moja pri\u010da nije obi\u010dna.<\/strong>  Ro\u0111en sam i \u017eivim u Engleskoj, ali moja obiteljska povijest se\u017ee mnogo dalje u pro\u0161lost.  <strong data-start=\"206\" data-end=\"329\">Moji roditelji su iz Ju\u017ene Afrike i preselili su se u Englesku tijekom apartheida kako bi si izgradili bolji \u017eivot.<\/strong>  Moja majka je izvrsna kuharica, a moj otac je radio kao voza\u010d kamiona kako bi prehranio na\u0161u obitelj. Uvijek su naporno radili i nau\u010dili me da se borim za svoje snove \u2013 i to je upravo ono \u0161to radim. <\/p>\n<h3 data-start=\"563\" data-end=\"615\"><strong data-start=\"567\" data-end=\"613\">\ud83e\uddb7 Stomatolo\u0161ki fakultet i veliko otkri\u0107e<\/strong><\/h3>\n<p data-start=\"616\" data-end=\"959\">U mladosti sam odlu\u010dila <strong data-start=\"644\" data-end=\"663\">postati stomatolog<\/strong> i upisala sam se na sveu\u010dili\u0161te kako bih ostvarila taj san. Ali usput sam shvatila da postoji jo\u0161 ne\u0161to \u0161to ne \u017eelim izgubiti: <strong data-start=\"794\" data-end=\"844\">svoju ljepotu i slobodu samoizra\u017eavanja.<\/strong> Nisam htjela godinama \u017eivjeti unutar zidova sterilne ordinacije dok druga strana mene ostaje neiskori\u0161tena. <\/p>\n<p data-start=\"961\" data-end=\"1415\">Zato <strong data-start=\"967\" data-end=\"1003\">sam pokrenula OnlyFans ra\u010dun<\/strong> gdje <strong data-start=\"1010\" data-end=\"1036\">podu\u010davam golu jogu<\/strong> . Za mene je harmonija tijela i du\u0161e oduvijek bila va\u017ena i shvatila sam da postoji mnogo ljudi koji \u017eele u\u010diti od mene. Brzo sam postala uspje\u0161na na OnlyFansu i sve vi\u0161e ljudi mi se pridru\u017eivalo. Ali najva\u017enije od svega, <strong data-start=\"1261\" data-end=\"1413\">to je postalo sredstvo za ostvarenje mog najve\u0107eg sna: otvoriti vlastiti restoran za svoju majku, kako bi kona\u010dno mogla svijetu pokazati svoj talent.<\/strong>   <\/p>\n<h3 data-start=\"1417\" data-end=\"1475\"><strong data-start=\"1421\" data-end=\"1473\">\ud83d\udd25 Elite2Fans \u2013 nova razina prema uspjehu! \ud83d\udd25<\/strong><\/h3>\n<p data-start=\"1476\" data-end=\"1810\">Kako je moja zajednica rasla, <strong data-start=\"1515\" data-end=\"1555\">otkrila sam platformu Elite2Fans<\/strong> i shvatila da <strong data-start=\"1575\" data-end=\"1657\">imam jo\u0161 vi\u0161e slobode i da mogu zaraditi vi\u0161e nego na OnlyFansu<\/strong> . Stoga sam odlu\u010dila <strong data-start=\"1683\" data-end=\"1713\">uzeti pauzu od fakulteta<\/strong> i <strong data-start=\"1718\" data-end=\"1765\">punom parom se baciti u ovu novu avanturu<\/strong> kako bih ostvarila restoran svoje mame. <\/p>\n<h3 data-start=\"1812\" data-end=\"1860\"><strong data-start=\"1816\" data-end=\"1858\">\ud83d\udcf8 \u0160to mo\u017eete prona\u0107i na Elite2Fans?<\/strong><\/h3>\n<p data-start=\"1861\" data-end=\"2287\">\u2714 <strong data-start=\"1863\" data-end=\"1889\">100% ekskluzivni sadr\u017eaj<\/strong> \u2013 gola joga, fotografije i videozapisi vrhunske kvalitete koje ne\u0107ete vidjeti nigdje drugdje.<br data-start=\"1971\" data-end=\"1974\"> \u2714 <strong data-start=\"1976\" data-end=\"1997\">Prava interakcija<\/strong> \u2013 ovdje me mo\u017eete izravno kontaktirati, mo\u017eemo razgovarati i mo\u017eete mi poslati poruku.<br data-start=\"2083\" data-end=\"2086\"> \u2714 <strong data-start=\"2088\" data-end=\"2124\">Kratke fotografije iz moje svakodnevice<\/strong> \u2013 dobijte uvid u moj \u017eivot, treninge i putovanja.<br data-start=\"2194\" data-end=\"2197\"> \u2714 <strong data-start=\"2199\" data-end=\"2230\">Senzualan i glamurozan sadr\u017eaj<\/strong> \u2013 \u017eenstven, senzualan i umjetni\u010dki sadr\u017eaj u jedinstvenom stilu.<\/p>\n<h3 data-start=\"2289\" data-end=\"2357\"><strong data-start=\"2293\" data-end=\"2355\">\ud83d\udc8e Otkrijte druge prekrasne i talentirane modele! \ud83d\udc8e<\/strong><\/h3>\n<p data-start=\"2358\" data-end=\"2643\">Ako \u017eelite vidjeti koji drugi sjajni modeli rade na ovoj platformi, posjetite <strong data-start=\"2452\" data-end=\"2492\"><a href=\"https:\/\/models2you.com\" target=\"_new\" rel=\"noopener\" data-start=\"2454\" data-end=\"2490\">Models2You<\/a><\/strong> ! <strong data-start=\"2502\" data-end=\"2572\">Ova platforma okuplja najljep\u0161e i najtalentiranije modele<\/strong> kako biste lako mogli prona\u0107i i povezati se sa svojim favoritima.<\/p>\n<p data-start=\"2645\" data-end=\"2767\">\ud83d\udcab <strong data-start=\"2648\" data-end=\"2762\">Ako \u017eeli\u0161 podr\u017eati moje putovanje i zbli\u017eiti se sa mnom, pridru\u017ei se mojoj Elite2Fans zajednici odmah!<\/strong> \ud83d\udcab<\/p>\n<p data-start=\"2769\" data-end=\"2863\">\u27a1 <strong data-start=\"2771\" data-end=\"2861\"><a href=\"https:\/\/elite2fans.com\/\" target=\"_new\" rel=\"noopener\" data-start=\"2773\" data-end=\"2859\">Kliknite ovdje i budite dio ovog posebnog iskustva!<\/a><\/strong><\/p>\n<p data-start=\"2865\" data-end=\"2967\" data-is-last-node=\"\" data-is-only-node=\"\">Ovo nije samo moja pri\u010da \u2013 sada <strong data-start=\"2901\" data-end=\"2950\">zajedno s tobom pi\u0161emo sljede\u0107e poglavlje!<\/strong> \u010cekat \u0107u te tamo! \ud83d\ude18 \ud83d\udc95 <\/p>\n","protected":false},"excerpt":{"rendered":"<p data-start=\"0\" data-end=\"78\"><strong data-start=\"0\" data-end=\"73\">Bok, ja sam Evelyn Foster i dobrodo\u0161li na moju slu\u017ebenu stranicu!<\/strong> \ud83d\udc96<\/p>\n<p data-start=\"80\" data-end=\"561\"><strong data-start=\"80\" data-end=\"112\">Moja pri\u010da nije obi\u010dna.<\/strong>  Ro\u0111en sam i \u017eivim u Engleskoj, ali moja obiteljska povijest se\u017ee mnogo dalje u pro\u0161lost.  <strong data-start=\"206\" data-end=\"329\">Moji roditelji su iz Ju\u017ene Afrike i preselili su se u Englesku tijekom apartheida kako bi si izgradili bolji \u017eivot.<\/strong>  Moja majka je izvrsna kuharica, a moj otac je radio kao voza\u010d kamiona kako bi prehranio na\u0161u obitelj. Uvijek su naporno radili i nau\u010dili me da se borim za svoje snove \u2013 i to je upravo ono \u0161to radim. <\/p>\n<p data-start=\"80\" data-end=\"561\">Moja <strong>mjese\u010dna pretplata<\/strong> <strong>na Elite2Fans<\/strong> : 9,99 USD\/mjese\u010dno<\/p>\n","protected":false},"featured_media":1773,"template":"","meta":{"_monsterinsights_skip_tracking":false,"_monsterinsights_sitenote_active":false,"_monsterinsights_sitenote_note":"","_monsterinsights_sitenote_category":0},"product_brand":[],"product_cat":[806],"product_tag":[871,836,854,814,812],"class_list":{"0":"post-21792","1":"product","2":"type-product","3":"status-publish","4":"has-post-thumbnail","6":"product_cat-zene","7":"product_tag-azijski","8":"product_tag-bijela","9":"product_tag-crna-kosa","10":"product_tag-mlad","11":"product_tag-zena","13":"first","14":"instock","15":"featured","16":"shipping-taxable","17":"product-type-simple"},"_links":{"self":[{"href":"https:\/\/elite2you.com\/hr\/wp-json\/wp\/v2\/product\/21792","targetHints":{"allow":["GET"]}}],"collection":[{"href":"https:\/\/elite2you.com\/hr\/wp-json\/wp\/v2\/product"}],"about":[{"href":"https:\/\/elite2you.com\/hr\/wp-json\/wp\/v2\/types\/product"}],"wp:featuredmedia":[{"embeddable":true,"href":"https:\/\/elite2you.com\/hr\/wp-json\/wp\/v2\/media\/1773"}],"wp:attachment":[{"href":"https:\/\/elite2you.com\/hr\/wp-json\/wp\/v2\/media?parent=21792"}],"wp:term":[{"taxonomy":"product_brand","embeddable":true,"href":"https:\/\/elite2you.com\/hr\/wp-json\/wp\/v2\/product_brand?post=21792"},{"taxonomy":"product_cat","embeddable":true,"href":"https:\/\/elite2you.com\/hr\/wp-json\/wp\/v2\/product_cat?post=21792"},{"taxonomy":"product_tag","embeddable":true,"href":"https:\/\/elite2you.com\/hr\/wp-json\/wp\/v2\/product_tag?post=21792"}],"curies":[{"name":"wp","href":"https:\/\/api.w.org\/{rel}","templated":true}]}}