{"id":21797,"date":"2016-04-29T10:50:29","date_gmt":"2016-04-29T10:50:29","guid":{"rendered":"https:\/\/elite2you.com\/models\/katrina-douglas\/"},"modified":"2016-04-29T10:50:29","modified_gmt":"2016-04-29T10:50:29","slug":"katrina-douglas","status":"publish","type":"product","link":"https:\/\/elite2you.com\/hr\/proizvod\/katrina-douglas\/","title":{"rendered":"Katrina Douglas"},"content":{"rendered":"<p data-start=\"0\" data-end=\"80\"><strong data-start=\"0\" data-end=\"75\">Bok, ja sam Katrina Douglas i dobrodo\u0161la na moju slu\u017ebenu stranicu!<\/strong> \ud83d\udc96<\/p>\n<p data-start=\"82\" data-end=\"499\">Ro\u0111ena sam u Rusiji, ali trenutno <strong data-start=\"120\" data-end=\"143\">\u017eivim<\/strong> u Americi, gdje se kona\u010dno mogu u potpunosti posvetiti svojoj strasti, manekenstvu. Ljepota, elegancija i samoizra\u017eavanje oduvijek su igrali sredi\u0161nju ulogu u mom \u017eivotu.   <strong data-start=\"324\" data-end=\"497\">Za mene stajanje pred kamerom nije samo poza ili dobro komponirana slika, ve\u0107 osje\u0107aj, pri\u010da koju pri\u010dam svakim pokretom i pogledom.<\/strong><\/p>\n<p data-start=\"501\" data-end=\"918\">Moje putovanje me odvelo na mnoga mjesta, a svako fotografiranje, modni doga\u0111aj ili projekt otvorio je novo poglavlje za mene. Tijekom godina kontinuirano sam oblikovala vlastiti stil i nau\u010dila kako najbolje prenijeti energiju i sjaj koji iz mene izvire.   <strong data-start=\"777\" data-end=\"916\">Manekenstvo za mene nije samo posao \u2013 to je na\u010din \u017eivota u kojem se moja \u017eenstvenost i kreativnost mogu razviti u svoj svojoj slavi.<\/strong><\/p>\n<h3 data-start=\"920\" data-end=\"982\"><strong data-start=\"924\" data-end=\"980\">\ud83d\udc8e Moj ekskluzivni sadr\u017eaj je sada na Elite2Fans! \ud83d\udc8e<\/strong><\/h3>\n<p data-start=\"983\" data-end=\"1328\">Ako mi se zaista \u017eeli\u0161 pribli\u017eiti, upoznati pravu mene i zaviriti iza kulisa, <strong data-start=\"1107\" data-end=\"1132\">do\u0161ao si na pravo mjesto!<\/strong> Od sada <strong data-start=\"1171\" data-end=\"1207\">\u0107u sav svoj ekskluzivni sadr\u017eaj dijeliti na Elite2Fans<\/strong> , gdje mo\u017ee\u0161 vidjeti jo\u0161 intimnije, osobnije i posebnije trenutke mene koje ne\u0107e\u0161 prona\u0107i nigdje drugdje.<\/p>\n<h3 data-start=\"1330\" data-end=\"1381\"><strong data-start=\"1334\" data-end=\"1379\">\ud83d\udcf8 \u0160to mo\u017eete prona\u0107i kod mene na Elite2Fans?<\/strong><\/h3>\n<p data-start=\"1382\" data-end=\"1835\">\u2714 <strong data-start=\"1384\" data-end=\"1410\">100% ekskluzivan sadr\u017eaj<\/strong> \u2013 jedinstvene, vrhunske fotografije i videozapisi koje ne\u0107ete vidjeti nigdje drugdje.<br data-start=\"1485\" data-end=\"1488\"> \u2714 <strong data-start=\"1490\" data-end=\"1511\">Prava interakcija<\/strong> \u2013 ovdje mo\u017eemo zapravo razgovarati, razmjenjivati \u200b\u200bporuke i biti u izravnom kontaktu sa mnom.<br data-start=\"1605\" data-end=\"1608\"> \u2714 <strong data-start=\"1610\" data-end=\"1642\">Trenuci iza kulisa<\/strong> \u2013 dobijte uvid u moj svakodnevni \u017eivot, moju fotografiju, moja putovanja i moj \u017eivot.<br data-start=\"1732\" data-end=\"1735\"> \u2714 <strong data-start=\"1737\" data-end=\"1768\">Senzualan i glamurozan sadr\u017eaj<\/strong> \u2013 senzualni, elegantni i o\u010daravaju\u0107i trenuci u jedinstvenom stilu.<\/p>\n<h3 data-start=\"1837\" data-end=\"1873\"><strong data-start=\"1841\" data-end=\"1871\">\ud83d\udd25 Za\u0161to Elite2Fans? \ud83d\udd25<\/strong><\/h3>\n<p data-start=\"1874\" data-end=\"2184\">Dugo sam tra\u017eio savr\u0161enu platformu na kojoj <strong data-start=\"1922\" data-end=\"2005\">mogu istinski biti svoj i izravnije se povezati sa svojim pratiteljima<\/strong> . <strong data-start=\"2010\" data-end=\"2024\">Elite2Fans<\/strong> je najbolji izbor za mene jer <strong data-start=\"2066\" data-end=\"2181\">nema cenzure, nema ograni\u010denja i zaista mogu dijeliti svoj sadr\u017eaj s onima koji cijene moj rad<\/strong> . <\/p>\n<p data-start=\"2186\" data-end=\"2370\">Osim toga, <strong data-start=\"2195\" data-end=\"2256\">ovdje mogu zaraditi puno vi\u0161e nego na bilo kojoj drugoj platformi<\/strong> , tako da mogu posvetiti jo\u0161 vi\u0161e vremena i energije pru\u017eanju zaista posebnog i ekskluzivnog sadr\u017eaja!<\/p>\n<h3 data-start=\"2372\" data-end=\"2434\"><strong data-start=\"2376\" data-end=\"2432\">\ud83d\udd0d Tra\u017eite druge lijepe i talentirane modele? \ud83d\udd0d<\/strong><\/h3>\n<p data-start=\"2435\" data-end=\"2707\">Ako \u017eelite <strong data-start=\"2448\" data-end=\"2499\">otkriti nevjerojatne modele poput mene<\/strong> , posjetite <strong data-start=\"2521\" data-end=\"2561\"><a href=\"https:\/\/models2you.com\" target=\"_new\" rel=\"noopener\" data-start=\"2523\" data-end=\"2559\">Models2You<\/a><\/strong> ! Ova platforma okuplja najljep\u0161e modele na jednom mjestu kako biste lako mogli prona\u0107i svoje favorite i povezati se s njima. <\/p>\n<p data-start=\"2709\" data-end=\"2822\">\ud83d\udcab <strong data-start=\"2712\" data-end=\"2817\">Ako \u017eeli\u0161 istra\u017eiti moj svijet i stvarno mi se pribli\u017eiti, pridru\u017ei se Elite2Fans odmah!<\/strong> \ud83d\udcab<\/p>\n<p data-start=\"2824\" data-end=\"2918\">\u27a1 <strong data-start=\"2826\" data-end=\"2916\"><a href=\"https:\/\/elite2fans.com\/\" target=\"_new\" rel=\"noopener\" data-start=\"2828\" data-end=\"2914\">Kliknite ovdje i budite dio ovog posebnog iskustva!<\/a><\/strong><\/p>\n<p data-start=\"2920\" data-end=\"3005\" data-is-last-node=\"\" data-is-only-node=\"\">Jako sam uzbu\u0111ena \u0161to \u0107emo zajedno izgraditi ovaj ekskluzivni svijet! \u010cekat \u0107u te tamo! \ud83d\ude18 \ud83d\udc95  <\/p>\n","protected":false},"excerpt":{"rendered":"<p data-start=\"0\" data-end=\"80\"><strong data-start=\"0\" data-end=\"75\">Bok, ja sam Katrina Douglas i dobrodo\u0161la na moju slu\u017ebenu stranicu!<\/strong> \ud83d\udc96<\/p>\n<p data-start=\"82\" data-end=\"499\">Ro\u0111ena sam u Rusiji, ali trenutno <strong data-start=\"120\" data-end=\"143\">\u017eivim<\/strong> u Americi, gdje se kona\u010dno mogu u potpunosti posvetiti svojoj strasti, manekenstvu. Ljepota, elegancija i samoizra\u017eavanje oduvijek su igrali sredi\u0161nju ulogu u mom \u017eivotu.   <strong data-start=\"324\" data-end=\"497\">Za mene stajanje pred kamerom nije samo poza ili dobro komponirana slika, ve\u0107 osje\u0107aj, pri\u010da koju pri\u010dam svakim pokretom i pogledom.<\/strong><\/p>\n<p data-start=\"82\" data-end=\"499\">Moja <strong>mjese\u010dna pretplata na<\/strong> <strong>Elite2Fans<\/strong> : 13,99 USD\/mjese\u010dno<\/p>\n","protected":false},"featured_media":1774,"template":"","meta":{"_monsterinsights_skip_tracking":false,"_monsterinsights_sitenote_active":false,"_monsterinsights_sitenote_note":"","_monsterinsights_sitenote_category":0},"product_brand":[],"product_cat":[806],"product_tag":[871,836,854,814,812],"class_list":{"0":"post-21797","1":"product","2":"type-product","3":"status-publish","4":"has-post-thumbnail","6":"product_cat-zene","7":"product_tag-azijski","8":"product_tag-bijela","9":"product_tag-crna-kosa","10":"product_tag-mlad","11":"product_tag-zena","13":"first","14":"instock","15":"featured","16":"shipping-taxable","17":"product-type-simple"},"_links":{"self":[{"href":"https:\/\/elite2you.com\/hr\/wp-json\/wp\/v2\/product\/21797","targetHints":{"allow":["GET"]}}],"collection":[{"href":"https:\/\/elite2you.com\/hr\/wp-json\/wp\/v2\/product"}],"about":[{"href":"https:\/\/elite2you.com\/hr\/wp-json\/wp\/v2\/types\/product"}],"wp:featuredmedia":[{"embeddable":true,"href":"https:\/\/elite2you.com\/hr\/wp-json\/wp\/v2\/media\/1774"}],"wp:attachment":[{"href":"https:\/\/elite2you.com\/hr\/wp-json\/wp\/v2\/media?parent=21797"}],"wp:term":[{"taxonomy":"product_brand","embeddable":true,"href":"https:\/\/elite2you.com\/hr\/wp-json\/wp\/v2\/product_brand?post=21797"},{"taxonomy":"product_cat","embeddable":true,"href":"https:\/\/elite2you.com\/hr\/wp-json\/wp\/v2\/product_cat?post=21797"},{"taxonomy":"product_tag","embeddable":true,"href":"https:\/\/elite2you.com\/hr\/wp-json\/wp\/v2\/product_tag?post=21797"}],"curies":[{"name":"wp","href":"https:\/\/api.w.org\/{rel}","templated":true}]}}