{"id":21798,"date":"2016-04-29T12:30:41","date_gmt":"2016-04-29T12:30:41","guid":{"rendered":"https:\/\/elite2you.com\/models\/zenevski-parkovi\/"},"modified":"2016-04-29T12:30:41","modified_gmt":"2016-04-29T12:30:41","slug":"zenevski-parkovi","status":"publish","type":"product","link":"https:\/\/elite2you.com\/hr\/proizvod\/zenevski-parkovi\/","title":{"rendered":"\u017denevski parkovi"},"content":{"rendered":"<p data-start=\"0\" data-end=\"85\"><strong data-start=\"0\" data-end=\"80\">Bok, ja sam Geneva Parks i drago mi je \u0161to vas mogu pozdraviti na svojoj slu\u017ebenoj stranici!<\/strong> \ud83d\udc96<\/p>\n<p data-start=\"87\" data-end=\"322\">Za mnoge je manekenstvo profesija. Za mene je to bilo <strong data-start=\"132\" data-end=\"154\">putovanje koje mi je promijenilo \u017eivot<\/strong> \u2013 pri\u010da koja me odvela s ulica malog ameri\u010dkog grada u sredi\u0161te pozornosti. <strong data-start=\"241\" data-end=\"320\">Ro\u0111ena sam i odrasla u Americi, ali moj put nije uvijek bio jasan.<\/strong> <\/p>\n<p data-start=\"324\" data-end=\"565\">Kao dijete, uvijek sam bio ekscentrik \u2013 privla\u010dio me svijet knjiga i umjetnosti, a radije sam dr\u017eao kameru nego je imao ispred sebe.  <strong data-start=\"467\" data-end=\"563\">Nisam sanjala o manekenskoj karijeri sve dok mi slu\u010dajni susret nije promijenio \u017eivot.<\/strong><\/p>\n<p data-start=\"567\" data-end=\"843\">Jednog dana, fotograf me primijetio u kafi\u0107u. Nakon kratkog razgovora, pozvao me na probno snimanje. <strong data-start=\"672\" data-end=\"779\">U po\u010detku je bilo \u010dudno biti pred kamerom \u2013 ali \u010dim se prvi bljesak oglasio, dogodilo se ne\u0161to posebno.<\/strong> Shvatio sam da <strong data-start=\"795\" data-end=\"840\">je ovo mjesto gdje zaista mogu biti svoj<\/strong> . <\/p>\n<p data-start=\"845\" data-end=\"1138\">Od tada se sve promijenilo. <strong data-start=\"882\" data-end=\"930\">Modne piste, ekskluzivna fotografiranja, modni \u010dasopisi\u2026<\/strong> sve se doga\u0111alo tako brzo da ponekad ni sama nisam mogla vjerovati da je sudbina napravila takav zaokret. <strong data-start=\"1028\" data-end=\"1136\">Tada sam shvatila da pred kamerom nisam samo lice \u2013 ve\u0107 pri\u010da, osje\u0107aj, poruka.<\/strong><\/p>\n<h3 data-start=\"1140\" data-end=\"1197\"><strong data-start=\"1144\" data-end=\"1195\">\ud83d\udd25 Novo poglavlje po\u010dinje na Elite2Fans! \ud83d\udd25<\/strong><\/h3>\n<p data-start=\"1198\" data-end=\"1446\">Dugo sam tra\u017eio platformu gdje <strong data-start=\"1251\" data-end=\"1401\">mogu imati stvarnu kontrolu, gdje mogu podijeliti svoju pri\u010du, svoje trenutke i gdje mogu biti u izravnom kontaktu s onima koji me istinski cijene.<\/strong> <strong data-start=\"1402\" data-end=\"1444\">Zato sam odabrao Elite2Fans!<\/strong><\/p>\n<h3 data-start=\"1448\" data-end=\"1496\"><strong data-start=\"1452\" data-end=\"1494\">\ud83d\udcf8 \u0160to mo\u017eete prona\u0107i na Elite2Fans?<\/strong><\/h3>\n<p data-start=\"1497\" data-end=\"1954\">\u2714 <strong data-start=\"1499\" data-end=\"1525\">100% ekskluzivan sadr\u017eaj<\/strong> \u2013 jedinstvene, vrhunske fotografije i videozapisi koje ne\u0107ete vidjeti nigdje drugdje.<br data-start=\"1600\" data-end=\"1603\"> \u2714 <strong data-start=\"1605\" data-end=\"1626\">Prava interakcija<\/strong> \u2013 ovdje ne samo da mo\u017eete pratiti, ve\u0107 mo\u017eemo i razgovarati, razmjenjivati \u200b\u200bporuke i stvarno se povezati.<br data-start=\"1730\" data-end=\"1733\"> \u2714 <strong data-start=\"1735\" data-end=\"1767\">Trenuci iza kulisa<\/strong> \u2013 dobijte uvid u moj svakodnevni \u017eivot, moju fotografiju, moja putovanja i moj \u017eivot.<br data-start=\"1857\" data-end=\"1860\"> \u2714 <strong data-start=\"1862\" data-end=\"1893\">Senzualan i glamurozan sadr\u017eaj<\/strong> \u2013 senzualni, \u017eenstveni i sofisticirani trenuci u jedinstvenom stilu.<\/p>\n<h3 data-start=\"1956\" data-end=\"2024\"><strong data-start=\"1960\" data-end=\"2022\">\ud83d\udc8e Otkrijte druge prekrasne i talentirane modele! \ud83d\udc8e<\/strong><\/h3>\n<p data-start=\"2025\" data-end=\"2310\">Ako \u017eelite vidjeti koji drugi sjajni modeli rade na ovoj platformi, posjetite <strong data-start=\"2119\" data-end=\"2159\"><a href=\"https:\/\/models2you.com\" target=\"_new\" rel=\"noopener\" data-start=\"2121\" data-end=\"2157\">Models2You<\/a><\/strong> ! <strong data-start=\"2169\" data-end=\"2239\">Ova platforma okuplja najljep\u0161e i najtalentiranije modele<\/strong> kako biste lako mogli prona\u0107i i povezati se sa svojim favoritima.<\/p>\n<p data-start=\"2312\" data-end=\"2435\">\ud83d\udcab <strong data-start=\"2315\" data-end=\"2430\">Ako me \u017eelite otkriti i pristupiti ekskluzivnom sadr\u017eaju, pridru\u017eite se mojoj Elite2Fans zajednici odmah!<\/strong> \ud83d\udcab<\/p>\n<p data-start=\"2437\" data-end=\"2531\">\u27a1 <strong data-start=\"2439\" data-end=\"2529\"><a href=\"https:\/\/elite2fans.com\/\" target=\"_new\" rel=\"noopener\" data-start=\"2441\" data-end=\"2527\">Kliknite ovdje i budite dio ovog posebnog iskustva!<\/a><\/strong><\/p>\n<p data-start=\"2533\" data-end=\"2622\" data-is-last-node=\"\" data-is-only-node=\"\">Ovo je moja pri\u010da \u2013 a sada napi\u0161imo zajedno sljede\u0107e poglavlje! \u010cekat \u0107u te tamo! \ud83d\ude18 \ud83d\udc95  <\/p>\n","protected":false},"excerpt":{"rendered":"<p data-start=\"0\" data-end=\"85\"><strong data-start=\"0\" data-end=\"80\">Bok, ja sam Geneva Parks i drago mi je \u0161to vas mogu pozdraviti na svojoj slu\u017ebenoj stranici!<\/strong> \ud83d\udc96<\/p>\n<p data-start=\"87\" data-end=\"322\">Za mnoge je manekenstvo profesija. Za mene je to bilo <strong data-start=\"132\" data-end=\"154\">putovanje koje mi je promijenilo \u017eivot<\/strong> \u2013 pri\u010da koja me odvela s ulica malog ameri\u010dkog grada u sredi\u0161te pozornosti. <strong data-start=\"241\" data-end=\"320\">Ro\u0111ena sam i odrasla u Americi, ali moj put nije uvijek bio jasan.<\/strong> <\/p>\n<p data-start=\"87\" data-end=\"322\">Moja <strong>mjese\u010dna pretplata<\/strong> <strong>na Elite2Fans<\/strong> : 9,99 USD\/mjese\u010dno<\/p>\n","protected":false},"featured_media":1772,"template":"","meta":{"_monsterinsights_skip_tracking":false,"_monsterinsights_sitenote_active":false,"_monsterinsights_sitenote_note":"","_monsterinsights_sitenote_category":0},"product_brand":[],"product_cat":[806],"product_tag":[871,836,854,814,812],"class_list":{"0":"post-21798","1":"product","2":"type-product","3":"status-publish","4":"has-post-thumbnail","6":"product_cat-zene","7":"product_tag-azijski","8":"product_tag-bijela","9":"product_tag-crna-kosa","10":"product_tag-mlad","11":"product_tag-zena","13":"first","14":"instock","15":"featured","16":"shipping-taxable","17":"product-type-simple"},"_links":{"self":[{"href":"https:\/\/elite2you.com\/hr\/wp-json\/wp\/v2\/product\/21798","targetHints":{"allow":["GET"]}}],"collection":[{"href":"https:\/\/elite2you.com\/hr\/wp-json\/wp\/v2\/product"}],"about":[{"href":"https:\/\/elite2you.com\/hr\/wp-json\/wp\/v2\/types\/product"}],"wp:featuredmedia":[{"embeddable":true,"href":"https:\/\/elite2you.com\/hr\/wp-json\/wp\/v2\/media\/1772"}],"wp:attachment":[{"href":"https:\/\/elite2you.com\/hr\/wp-json\/wp\/v2\/media?parent=21798"}],"wp:term":[{"taxonomy":"product_brand","embeddable":true,"href":"https:\/\/elite2you.com\/hr\/wp-json\/wp\/v2\/product_brand?post=21798"},{"taxonomy":"product_cat","embeddable":true,"href":"https:\/\/elite2you.com\/hr\/wp-json\/wp\/v2\/product_cat?post=21798"},{"taxonomy":"product_tag","embeddable":true,"href":"https:\/\/elite2you.com\/hr\/wp-json\/wp\/v2\/product_tag?post=21798"}],"curies":[{"name":"wp","href":"https:\/\/api.w.org\/{rel}","templated":true}]}}