{"id":21800,"date":"2016-04-29T10:37:44","date_gmt":"2016-04-29T10:37:44","guid":{"rendered":"https:\/\/elite2you.com\/models\/dean-ora\/"},"modified":"2016-04-29T10:37:44","modified_gmt":"2016-04-29T10:37:44","slug":"dean-ora","status":"publish","type":"product","link":"https:\/\/elite2you.com\/hr\/proizvod\/dean-ora\/","title":{"rendered":"Dean Ora"},"content":{"rendered":"<p data-start=\"0\" data-end=\"50\"><strong data-start=\"0\" data-end=\"48\">\ud83d\udd25 Ora Dean \u2013 Bo\u017eica zavo\u0111enja ratnika \ud83d\udd25<\/strong><\/p>\n<p data-start=\"52\" data-end=\"162\"><strong data-start=\"52\" data-end=\"155\">Bok, ja sam Ora Dean, ali mnogi me znaju kao Ora Kwan \u2013 i dobrodo\u0161li na moju slu\u017ebenu stranicu!<\/strong>  \ud83e\udd4b \ud83d\udc8b<\/p>\n<p data-start=\"164\" data-end=\"264\"><strong data-start=\"164\" data-end=\"262\">U mom svijetu, snaga i senzualnost nisu suprotnosti \u2013 one postoje u savr\u0161enom skladu.<\/strong><\/p>\n<p data-start=\"266\" data-end=\"579\">Odrastao sam na ulicama Seula, u svijetu gdje je pre\u017eivljavanje <strong data-start=\"329\" data-end=\"366\">zahtijevalo upornost, disciplinu i snagu<\/strong> . Moja majka je rano umrla, pa <strong data-start=\"397\" data-end=\"447\">me je odgajao otac, majstor borila\u010dkih vje\u0161tina<\/strong> . Nau\u010dio me ne samo tehnikama borbe, ve\u0107 i da <strong data-start=\"514\" data-end=\"576\">je kontrola nad tijelom i umom klju\u010d istinske mo\u0107i<\/strong> .  <\/p>\n<p data-start=\"581\" data-end=\"905\">Tako\u0111er sam u mladosti otkrio jo\u0161 jedan svijet \u2013 <strong data-start=\"627\" data-end=\"657\">feti\u0161 i BDSM subkulturu<\/strong> , gdje sam shvatio da <strong data-start=\"679\" data-end=\"777\">postoji dublja veza izme\u0111u discipline borila\u010dkih vje\u0161tina i svijeta feti\u0161a nego \u0161to bi itko pomislio<\/strong> . Oba <strong data-start=\"792\" data-end=\"846\">se odnose na dominaciju, kontrolu i samoizra\u017eavanje<\/strong> \u2013 a ja kombiniram ta dva svijeta u vlastitoj umjetnosti. <\/p>\n<h3 data-start=\"907\" data-end=\"945\"><strong data-start=\"911\" data-end=\"943\">\ud83d\udd25 Od ratnice do zavodnice \ud83d\udd25<\/strong><\/h3>\n<p data-start=\"946\" data-end=\"1258\">Nisam prosje\u010dni model. <strong data-start=\"980\" data-end=\"1038\">Moje tijelo je moje oru\u017eje, a va\u0161e \u017eelje su moja meta.<\/strong> Moji pokreti nisu samo senzualni \u2013 oni zra\u010de snagom, dominacijom i neovisno\u0161\u0107u. <strong data-start=\"1123\" data-end=\"1192\">Ponovno sam ro\u0111en na sjeci\u0161tu borila\u010dkih vje\u0161tina i erotike,<\/strong> u obliku koji je istovremeno zadivljuju\u0107i i nepredvidljiv.<\/p>\n<h3 data-start=\"1260\" data-end=\"1310\"><strong data-start=\"1264\" data-end=\"1308\">\ud83d\udc83 Spoj borila\u010dkih vje\u0161tina i feti\u0161 erotike<\/strong><\/h3>\n<p data-start=\"1311\" data-end=\"1756\">\u2714 <strong data-start=\"1313\" data-end=\"1334\">Ratni\u010dka dominacija<\/strong> \u2013 Moji pokreti izra\u017eavaju snagu i kontrolu.<br data-start=\"1381\" data-end=\"1384\"> \u2714 <strong data-start=\"1386\" data-end=\"1405\">Feti\u0161 estetika<\/strong> \u2013 Jedinstvena kombinacija lateksa, ko\u017ee, uniformi za borila\u010dke vje\u0161tine, maski i feti\u0161 dodataka.<br data-start=\"1496\" data-end=\"1499\"> \u2714 <strong data-start=\"1501\" data-end=\"1528\">Senzualni borbeni pokreti<\/strong> \u2013 Nagla\u0161avanje fleksibilnosti, snage i dinamike tijela podi\u017ee erotiku na novu razinu.<br data-start=\"1632\" data-end=\"1635\"> \u2714 <strong data-start=\"1637\" data-end=\"1660\">Slavim \u017eensku mo\u0107<\/strong> \u2013 U svim svojim sadr\u017eajima predstavljam ravnote\u017eu \u017eenske dominacije, neovisnosti i seksualnosti.<\/p>\n<h3 data-start=\"1758\" data-end=\"1794\"><strong data-start=\"1762\" data-end=\"1792\">\ud83d\udd25 Za\u0161to Elite2Fans? \ud83d\udd25<\/strong><\/h3>\n<p data-start=\"1795\" data-end=\"1988\">Po\u010deo sam na OnlyFans, ali <strong data-start=\"1819\" data-end=\"1875\">na Elite2Fans kona\u010dno mogu pokazati svoje pravo ja<\/strong> . Ovdje <strong data-start=\"1881\" data-end=\"1903\">nema ograni\u010denja<\/strong> i mogu zaraditi jo\u0161 vi\u0161e grade\u0107i vlastiti put prema vlastitim pravilima. <\/p>\n<h3 data-start=\"1990\" data-end=\"2038\"><strong data-start=\"1994\" data-end=\"2036\">\ud83d\udcf8 \u0160to mo\u017eete prona\u0107i na Elite2Fans?<\/strong><\/h3>\n<p data-start=\"2039\" data-end=\"2451\">\u2714 <strong data-start=\"2041\" data-end=\"2081\">Serija fotografija borila\u010dkih vje\u0161tina i feti\u0161a<\/strong> \u2013 jedinstvena mje\u0161avina borila\u010dkih poza i feti\u0161 mode.<br data-start=\"2136\" data-end=\"2139\"> \u2714 <strong data-start=\"2141\" data-end=\"2189\">Senzualni videozapisi s pokretima borila\u010dkih vje\u0161tina<\/strong> \u2013 fleksibilnost, snaga i dominacija jezikom erotike.<br data-start=\"2242\" data-end=\"2245\"> \u2714 <strong data-start=\"2247\" data-end=\"2271\">Interaktivni sadr\u017eaj<\/strong> \u2013 pitanja i odgovori, jedinstveni videozapisi, savjeti za trening i vodi\u010di za feti\u0161e.<br data-start=\"2339\" data-end=\"2342\"> \u2714 <strong data-start=\"2344\" data-end=\"2374\">Igre igranja uloga s feti\u0161 tematikom<\/strong> \u2013 uzbudljiva kombinacija elemenata dominacije, podlo\u017enosti i borila\u010dkih vje\u0161tina.<\/p>\n<h3 data-start=\"2453\" data-end=\"2495\"><strong data-start=\"2457\" data-end=\"2493\">\ud83d\udc8e Za\u0161to je Ora Dean posebna? \ud83d\udc8e<\/strong><\/h3>\n<p data-start=\"2496\" data-end=\"2885\">\u27a1 <strong data-start=\"2498\" data-end=\"2519\">Jedinstvena kombinacija<\/strong> \u2013 Spoj borila\u010dkih vje\u0161tina i feti\u0161 erotike rijedak je i uzbudljiv oblik umjetnosti.<br data-start=\"2598\" data-end=\"2601\"> \u27a1 <strong data-start=\"2603\" data-end=\"2629\">Autenti\u010dna pozadinska pri\u010da<\/strong> \u2013 Ratnik koji se probio vlastitom snagom i odabrao potpuno jedinstven put.<br data-start=\"2722\" data-end=\"2725\"> \u27a1 <strong data-start=\"2727\" data-end=\"2759\">Slavim snagu i seksualnost<\/strong> \u2013 ne samo zavodim, ve\u0107 i inspiriram, jer <strong data-start=\"2806\" data-end=\"2883\">\u017eenska snaga i senzualnost mogu postojati istovremeno, a ja to i dokazujem.<\/strong><\/p>\n<h3 data-start=\"2887\" data-end=\"2939\"><strong data-start=\"2891\" data-end=\"2937\">\ud83d\udd0d Jeste li znati\u017eeljni o drugim jedinstvenim modelima? \ud83d\udd0d<\/strong><\/h3>\n<p data-start=\"2940\" data-end=\"3131\">Ako ste zainteresirani za <strong data-start=\"2954\" data-end=\"2989\">posebne i jedinstvene modele<\/strong> , posjetite <strong data-start=\"3005\" data-end=\"3045\"><a href=\"https:\/\/models2you.com\" target=\"_new\" rel=\"noopener\" data-start=\"3007\" data-end=\"3043\">Models2You<\/a><\/strong> ! <strong data-start=\"3055\" data-end=\"3129\">Ovdje mo\u017eete prona\u0107i najja\u010de i najsenzualnije likove na jednom mjestu.<\/strong><\/p>\n<p data-start=\"3133\" data-end=\"3243\">\ud83d\udcab <strong data-start=\"3136\" data-end=\"3238\">Pridru\u017ei mi se na Elite2Fans i u\u0111i u svijet u kojem borba i zavo\u0111enje postaju jedno.<\/strong> \ud83d\udcab<\/p>\n<p data-start=\"3245\" data-end=\"3313\">\u27a1 <strong data-start=\"3247\" data-end=\"3311\"><a href=\"https:\/\/elite2fans.com\/\" target=\"_new\" rel=\"noopener\" data-start=\"3249\" data-end=\"3309\">Kliknite ovdje i osjetite moju mo\u0107!<\/a><\/strong><\/p>\n<p data-start=\"3315\" data-end=\"3370\" data-is-last-node=\"\" data-is-only-node=\"\">Ne samo da se borim \u2013 <strong data-start=\"3338\" data-end=\"3355\">ja vladam.<\/strong> \u010cekam te. \ud83e\udd4b \ud83d\udd25 \ud83d\udc8b <\/p>\n","protected":false},"excerpt":{"rendered":"<p data-start=\"0\" data-end=\"50\"><strong data-start=\"0\" data-end=\"48\">\ud83d\udd25 Ora Dean \u2013 Bo\u017eica zavo\u0111enja ratnika \ud83d\udd25<\/strong><\/p>\n<p data-start=\"52\" data-end=\"162\"><strong data-start=\"52\" data-end=\"155\">Bok, ja sam Ora Dean, ali mnogi me znaju kao Ora Kwan \u2013 i dobrodo\u0161li na moju slu\u017ebenu stranicu!<\/strong>  \ud83e\udd4b \ud83d\udc8b<\/p>\n<p data-start=\"164\" data-end=\"264\"><strong data-start=\"164\" data-end=\"262\">U mom svijetu, snaga i senzualnost nisu suprotnosti \u2013 one postoje u savr\u0161enom skladu.<\/strong><\/p>\n<p data-start=\"266\" data-end=\"579\">Odrastao sam na ulicama Seula, u svijetu gdje je pre\u017eivljavanje <strong data-start=\"329\" data-end=\"366\">zahtijevalo upornost, disciplinu i snagu<\/strong> . Moja majka je rano umrla, pa <strong data-start=\"397\" data-end=\"447\">me je odgajao otac, majstor borila\u010dkih vje\u0161tina<\/strong> . Nau\u010dio me ne samo tehnikama borbe, ve\u0107 i da <strong data-start=\"514\" data-end=\"576\">je kontrola nad tijelom i umom klju\u010d istinske mo\u0107i<\/strong> .  <\/p>\n<p data-start=\"266\" data-end=\"579\">Moja <strong>mjese\u010dna pretplata na<\/strong> <strong>Elite2Fans<\/strong> : 17,99 USD\/mjese\u010dno<\/p>\n","protected":false},"featured_media":1775,"template":"","meta":{"_monsterinsights_skip_tracking":false,"_monsterinsights_sitenote_active":false,"_monsterinsights_sitenote_note":"","_monsterinsights_sitenote_category":0},"product_brand":[],"product_cat":[806],"product_tag":[871,836,854,814,812],"class_list":{"0":"post-21800","1":"product","2":"type-product","3":"status-publish","4":"has-post-thumbnail","6":"product_cat-zene","7":"product_tag-azijski","8":"product_tag-bijela","9":"product_tag-crna-kosa","10":"product_tag-mlad","11":"product_tag-zena","13":"first","14":"instock","15":"featured","16":"shipping-taxable","17":"product-type-simple"},"_links":{"self":[{"href":"https:\/\/elite2you.com\/hr\/wp-json\/wp\/v2\/product\/21800","targetHints":{"allow":["GET"]}}],"collection":[{"href":"https:\/\/elite2you.com\/hr\/wp-json\/wp\/v2\/product"}],"about":[{"href":"https:\/\/elite2you.com\/hr\/wp-json\/wp\/v2\/types\/product"}],"wp:featuredmedia":[{"embeddable":true,"href":"https:\/\/elite2you.com\/hr\/wp-json\/wp\/v2\/media\/1775"}],"wp:attachment":[{"href":"https:\/\/elite2you.com\/hr\/wp-json\/wp\/v2\/media?parent=21800"}],"wp:term":[{"taxonomy":"product_brand","embeddable":true,"href":"https:\/\/elite2you.com\/hr\/wp-json\/wp\/v2\/product_brand?post=21800"},{"taxonomy":"product_cat","embeddable":true,"href":"https:\/\/elite2you.com\/hr\/wp-json\/wp\/v2\/product_cat?post=21800"},{"taxonomy":"product_tag","embeddable":true,"href":"https:\/\/elite2you.com\/hr\/wp-json\/wp\/v2\/product_tag?post=21800"}],"curies":[{"name":"wp","href":"https:\/\/api.w.org\/{rel}","templated":true}]}}